{"id":2,"date":"2018-04-05T12:39:11","date_gmt":"2018-04-05T10:39:11","guid":{"rendered":""},"modified":"2018-06-07T09:43:01","modified_gmt":"2018-06-07T07:43:01","slug":"impressum","status":"publish","type":"page","link":"https:\/\/blogs.fu-berlin.de\/ber\/impressum\/","title":{"rendered":"Impressum"},"content":{"rendered":"<p>Freie Universit\u00e4t Berlin, Department of Management<\/p>\n<p>Lehrveranstaltung \u201eProjektmanagement\u201c<br \/>\nProf. Dr. Timo Braun &amp; Dr. Stephan Bohn<\/p>\n<p>Boltzmannstr. 20<br \/>\n14195 Berlin<br \/>\nTel: +49 (030) 838- 61667<br \/>\nhttp:\/\/www.wiwiss.fu-berlin.de\/fachbereich\/bwl\/management\/braun\/lehre\/Lehrangebot\/index.html<\/p>\n<p>Dienstanbieter:<br \/>\nFreie Universit\u00e4t Berlin, vertreten durch den\u00a0<a href=\"http:\/\/www.fu-berlin.de\/einrichtungen\/organe\/praesidium\/praesident\/index.html\">Pr\u00e4sidenten<\/a>.<br \/>\nAnschrift:<br \/>\nFreie Universit\u00e4t Berlin<br \/>\nPr\u00e4sidium<br \/>\nKaiserswerther Str. 16\/18<br \/>\n14195 Berlin<\/p>\n<p>Umsatzsteueridentifikationsnummer:<br \/>\nDE 811304768<\/p>\n<p>Inhaltliche Verantwortung nach \u00a7 55 RfStV:<br \/>\nProf. Dr. Timo Braun<br \/>\nBoltzmannstr. 20<br \/>\n14195 Berlin<br \/>\nTel.: +49 30 838 61667<br \/>\nE-Mail: timo.braun@fu-berlin.de<\/p>\n<p>Rechtsform:<br \/>\nDie Freie Universit\u00e4t Berlin ist eine K\u00f6rperschaft des \u00f6ffentlichen Rechts gem. \u00a7\u00a7 1 und 2 Berliner Hochschulgesetz (BerlHG). Das Webangebot der Freien Universit\u00e4t Berlin unterliegt dem geltenden\u00a0<a href=\"http:\/\/www.fu-berlin.de\/redaktion\/copyright\/index.html\">Urheberrecht<\/a>. Beachten Sie bitte auch unseren\u00a0<a href=\"http:\/\/www.fu-berlin.de\/redaktion\/disclaimer\/index.html\">Haftungsausschluss\/Disclaimer.<\/a><br \/>\nAufsichtsbeh\u00f6rde<br \/>\nAufsichtsbeh\u00f6rde ist die nach \u00a7 89 BerlHG zust\u00e4ndige Berliner Senatsverwaltung f\u00fcr Bildung, Wissenschaft und Forschung.<\/p>\n","protected":false},"excerpt":{"rendered":"<p>Freie Universit\u00e4t Berlin, Department of Management Lehrveranstaltung \u201eProjektmanagement\u201c Prof. Dr. Timo Braun &amp; Dr. Stephan Bohn Boltzmannstr. 20 14195 Berlin Tel: +49 (030) 838- 61667 http:\/\/www.wiwiss.fu-berlin.de\/fachbereich\/bwl\/management\/braun\/lehre\/Lehrangebot\/index.html Dienstanbieter: Freie Universit\u00e4t Berlin, vertreten durch den\u00a0Pr\u00e4sidenten. Anschrift: Freie Universit\u00e4t Berlin Pr\u00e4sidium Kaiserswerther Str. 16\/18 14195 Berlin Umsatzsteueridentifikationsnummer: DE 811304768 Inhaltliche Verantwortung nach \u00a7 55 RfStV: Prof. Dr. Timo &hellip; <a href=\"https:\/\/blogs.fu-berlin.de\/ber\/impressum\/\" class=\"more-link\"><span class=\"screen-reader-text\">\u201eImpressum\u201c<\/span> weiterlesen<\/a><\/p>\n","protected":false},"author":3294,"featured_media":0,"parent":0,"menu_order":0,"comment_status":"open","ping_status":"open","template":"","meta":{"footnotes":""},"class_list":["post-2","page","type-page","status-publish","hentry"],"_links":{"self":[{"href":"https:\/\/blogs.fu-berlin.de\/ber\/wp-json\/wp\/v2\/pages\/2","targetHints":{"allow":["GET"]}}],"collection":[{"href":"https:\/\/blogs.fu-berlin.de\/ber\/wp-json\/wp\/v2\/pages"}],"about":[{"href":"https:\/\/blogs.fu-berlin.de\/ber\/wp-json\/wp\/v2\/types\/page"}],"author":[{"embeddable":true,"href":"https:\/\/blogs.fu-berlin.de\/ber\/wp-json\/wp\/v2\/users\/3294"}],"replies":[{"embeddable":true,"href":"https:\/\/blogs.fu-berlin.de\/ber\/wp-json\/wp\/v2\/comments?post=2"}],"version-history":[{"count":6,"href":"https:\/\/blogs.fu-berlin.de\/ber\/wp-json\/wp\/v2\/pages\/2\/revisions"}],"predecessor-version":[{"id":405,"href":"https:\/\/blogs.fu-berlin.de\/ber\/wp-json\/wp\/v2\/pages\/2\/revisions\/405"}],"wp:attachment":[{"href":"https:\/\/blogs.fu-berlin.de\/ber\/wp-json\/wp\/v2\/media?parent=2"}],"curies":[{"name":"wp","href":"https:\/\/api.w.org\/{rel}","templated":true}]}}