{"id":495,"date":"2018-06-08T11:36:31","date_gmt":"2018-06-08T09:36:31","guid":{"rendered":"https:\/\/blogs.fu-berlin.de\/ber\/?page_id=495"},"modified":"2018-06-11T13:02:06","modified_gmt":"2018-06-11T11:02:06","slug":"beitraege","status":"publish","type":"page","link":"https:\/\/blogs.fu-berlin.de\/ber\/beitraege\/","title":{"rendered":"Beitr\u00e4ge"},"content":{"rendered":"<h3>Suchen Sie hier Beitr\u00e4ge nach Kategorien:<\/h3>\n<ul>\n<li><a href=\"https:\/\/blogs.fu-berlin.de\/ber\/category\/allgemein\/\">Allgemein<\/a><\/li>\n<li><a href=\"https:\/\/blogs.fu-berlin.de\/ber\/category\/bundesweite-medien\/\">Bundesweite Medien<\/a><\/li>\n<li><a href=\"https:\/\/blogs.fu-berlin.de\/ber\/category\/buergerinitiativen\/\">B\u00fcrgerinitiativen<\/a><\/li>\n<li><a href=\"https:\/\/blogs.fu-berlin.de\/ber\/category\/change-requests-durch-stakeholder\/\">Change-Requests durch Stakeholder<\/a><\/li>\n<li><a href=\"https:\/\/blogs.fu-berlin.de\/ber\/category\/lokale-medien\/\">Lokale Medien<\/a><\/li>\n<li class=\"cat-item cat-item-222223\"><a href=\"https:\/\/blogs.fu-berlin.de\/ber\/category\/fluggesellschaften\/\">Fluggesellschaften<\/a><\/li>\n<li><a href=\"https:\/\/blogs.fu-berlin.de\/ber\/category\/politische-parteien-cdu-und-fdp\/\">Politische Parteien: CDU und FDP<\/a><\/li>\n<li class=\"cat-item cat-item-220970\"><a href=\"https:\/\/blogs.fu-berlin.de\/ber\/category\/politische-parteien-gruene-und-piraten\/\">Politische Parteien: Gr\u00fcne und Piraten<\/a><\/li>\n<li class=\"cat-item cat-item-220406\"><a href=\"https:\/\/blogs.fu-berlin.de\/ber\/category\/politische-parteien-spd-und-die-linke\/\">Politische Parteien: SPD und Die Linke<\/a><\/li>\n<li class=\"cat-item cat-item-220177\"><a href=\"https:\/\/blogs.fu-berlin.de\/ber\/category\/technische-fehler-und-stakeholdereinfluss\/\">Technische Fehler und Stakeholdereinfluss<\/a><\/li>\n<\/ul>\n<p>Sonst k\u00f6nnen Sie Beitr\u00e4ge gezielt in der Suchbox oben rechts suchen.<\/p>\n","protected":false},"excerpt":{"rendered":"<p>Suchen Sie hier Beitr\u00e4ge nach Kategorien: Allgemein Bundesweite Medien B\u00fcrgerinitiativen Change-Requests durch Stakeholder Lokale Medien Fluggesellschaften Politische Parteien: CDU und FDP Politische Parteien: Gr\u00fcne und Piraten Politische Parteien: SPD und Die Linke Technische Fehler und Stakeholdereinfluss Sonst k\u00f6nnen Sie Beitr\u00e4ge gezielt in der Suchbox oben rechts suchen.<\/p>\n","protected":false},"author":3328,"featured_media":0,"parent":0,"menu_order":0,"comment_status":"closed","ping_status":"closed","template":"","meta":{"footnotes":""},"class_list":["post-495","page","type-page","status-publish","hentry"],"_links":{"self":[{"href":"https:\/\/blogs.fu-berlin.de\/ber\/wp-json\/wp\/v2\/pages\/495","targetHints":{"allow":["GET"]}}],"collection":[{"href":"https:\/\/blogs.fu-berlin.de\/ber\/wp-json\/wp\/v2\/pages"}],"about":[{"href":"https:\/\/blogs.fu-berlin.de\/ber\/wp-json\/wp\/v2\/types\/page"}],"author":[{"embeddable":true,"href":"https:\/\/blogs.fu-berlin.de\/ber\/wp-json\/wp\/v2\/users\/3328"}],"replies":[{"embeddable":true,"href":"https:\/\/blogs.fu-berlin.de\/ber\/wp-json\/wp\/v2\/comments?post=495"}],"version-history":[{"count":2,"href":"https:\/\/blogs.fu-berlin.de\/ber\/wp-json\/wp\/v2\/pages\/495\/revisions"}],"predecessor-version":[{"id":536,"href":"https:\/\/blogs.fu-berlin.de\/ber\/wp-json\/wp\/v2\/pages\/495\/revisions\/536"}],"wp:attachment":[{"href":"https:\/\/blogs.fu-berlin.de\/ber\/wp-json\/wp\/v2\/media?parent=495"}],"curies":[{"name":"wp","href":"https:\/\/api.w.org\/{rel}","templated":true}]}}