{"id":83,"date":"2017-10-19T14:39:10","date_gmt":"2017-10-19T12:39:10","guid":{"rendered":"https:\/\/blogs.fu-berlin.de\/berufsperspektivenlai\/?page_id=83"},"modified":"2019-07-18T11:04:14","modified_gmt":"2019-07-18T09:04:14","slug":"links","status":"publish","type":"page","link":"https:\/\/blogs.fu-berlin.de\/berufsperspektivenlai\/links\/","title":{"rendered":"Links"},"content":{"rendered":"<p><strong>Jobb\u00f6rsen und Praktikumsb\u00f6rsen:<\/strong><\/p>\n<p>Jobs und Praktika f\u00fcr Studierende des LAIs: <a href=\"https:\/\/www.lai.fu-berlin.de\/studium\/master\/050-Job-_und_Praktikumsboerse\/index.html\">https:\/\/www.lai.fu-berlin.de\/studium\/master\/050-Job-_und_Praktikumsboerse\/index.html<\/a><\/p>\n<p>FU Stellenanzeiger: <a href=\"https:\/\/www.fu-berlin.de\/service\/stellen\/index.html\">https:\/\/www.fu-berlin.de\/service\/stellen\/index.html<\/a><\/p>\n<p><strong>Kulturarbeit\/Trabalho cultural<\/strong><\/p>\n<p>Instituto Goethe Brasil. Dispon\u00edvel em: <a href=\"https:\/\/www.goethe.de\/ins\/br\/de\/sta\/sap\/ueb\/kar\/pra.html\">https:\/\/www.goethe.de\/ins\/br\/de\/sta\/sap\/ueb\/kar\/pra.html<\/a><\/p>\n<p>Projeto PASCH. Dispon\u00edvel em: <a href=\"https:\/\/blog.pasch-net.de\/paschnobrasil\/\">https:\/\/blog.pasch-net.de\/paschnobrasil\/<\/a><\/p>\n<p>Bolsas de Estudo DAAD. Dispon\u00edvel em: <a href=\"https:\/\/www.daad.de\/ausland\/studieren\/stipendium\/de\/70-stipendien-finden-und-bewerben\/?detail=57085132\">https:\/\/www.daad.de\/ausland\/studieren\/stipendium\/de\/70-stipendien-finden-und-bewerben\/?detail=57085132<\/a><\/p>\n<p><strong>Politische Bildung:<\/strong><\/p>\n<p>Tr\u00e4ger politischer Bildung in Berlin: <a href=\"https:\/\/www.berlin.de\/politische-bildung\/politikportal\/traeger-politischer-bildung\/\">https:\/\/www.berlin.de\/politische-bildung\/politikportal\/traeger-politischer-bildung\/<\/a><\/p>\n<p>Engagement Global: <a href=\"https:\/\/www.engagement-global.de\/\">www.engagement-global.de<\/a><\/p>\n<p>ICJA: <a href=\"http:\/\/icja.de\">www.icja.de<\/a><\/p>\n<p>Globales Lernen: <a href=\"http:\/\/globaleslernen.de\">www.globaleslernen.de<\/a><\/p>\n<p>Glokal e.V.: <a href=\"http:\/\/glokal.org\">www.glokal.org<\/a><\/p>\n<p>Ph\u00f6nix e.V.: <a href=\"http:\/\/phoenix-ev.org\">www.phoenix-ev.org<\/a><\/p>\n<p><strong>Promotion\/Doctorado<\/strong><\/p>\n<p>Goethe Institut; Deutsch-Bolivianische IHK 2016: GU\u00ccA. Estudiar en Alemania. https:\/\/www.goethe.de\/resources\/files\/pdf93\/gua&#8212;estudiar-en-alemania.pdf.<\/p>\n<p>1. Fundaciones de partidos pol\u00edticos y sindicatos:<\/p>\n<ul>\n<li>Friedrich-Ebert-Stiftung (SPD): <a href=\"https:\/\/www.fes.de\/de\/\">https:\/\/www.fes.de\/de\/<\/a><\/li>\n<li>Friedrich-Naumann-Stiftung (FDP): <a href=\"https:\/\/www.freiheit.org\/\">https:\/\/www.freiheit.org\/<\/a><\/li>\n<li>Heinrich-B\u00f6ll-Stiftung (Die Gr\u00fcnen): <a href=\"https:\/\/www.boell.de\/\">https:\/\/www.boell.de\/<\/a><\/li>\n<li>Konrad-Adenauer-Stiftung (CDU): <a href=\"https:\/\/www.kas.de\/\">https:\/\/www.kas.de\/<\/a><\/li>\n<li>Hanns-Seidel-Stiftung (CSU): <a href=\"https:\/\/www.hss.de\/\">https:\/\/www.hss.de\/<\/a><\/li>\n<li>Rosa-Luxemburg-Stiftung (Die Linke): <a href=\"https:\/\/www.rosalux.de\/\">https:\/\/www.rosalux.de\/<\/a><\/li>\n<li>Hans-B\u00f6ckler-Stiftung (DGW- Deutsche Gewerkschaftsbund): <a href=\"https:\/\/www.boeckler.de\/index.htm\">https:\/\/www.boeckler.de\/index.htm<\/a><\/li>\n<\/ul>\n<p>2. Fundaciones religiosas:<\/p>\n<ul>\n<li>Cusanuswerk Bisch\u00f6fliche Studienf\u00f6rderung:<a href=\"https:\/\/www.cusanuswerk.de\/startseite.html\"> https:\/\/www.cusanuswerk.de\/startseite.html<\/a><\/li>\n<li>Ernst-Ludwig-Ehrlich- Studienwerk: <a href=\"https:\/\/www.eles-studienwerk.de\/\">https:\/\/www.eles-studienwerk.de\/<\/a><\/li>\n<li>Evangelisches Studienwerk Villigst: <a href=\"https:\/\/www.evstudienwerk.de\/\">https:\/\/www.evstudienwerk.de\/<\/a><\/li>\n<li>Katholischer Akademischer Ausl\u00e4nder-Dienst (KAAD): <a href=\"https:\/\/www.kaad.de\">www.kaad.de<\/a><\/li>\n<\/ul>\n<p>3. Otras fundaciones:<\/p>\n<ul>\n<li>Stiftung der Deutschen Wirtschaft &#8211; Studienf\u00f6rderwerk Klaus Murmann: <a href=\"https:\/\/www.sdw.org\/home\">https:\/\/www.sdw.org\/home<\/a><\/li>\n<li>Studienstiftung des deutschen Volkes: <a href=\"https:\/\/www.studienstiftung.de\/studienfoerderung\/\">https:\/\/www.studienstiftung.de\/studienfoerderung\/<\/a><\/li>\n<li>Deutscher Akademischer Austauschdienst (DAAD): <a href=\"https:\/\/www.daad.de\/de\/\">https:\/\/www.daad.de\/de\/<\/a><\/li>\n<li>Elsa-Neumann-Stipendium des Landes Berlin:<a href=\"https:\/\/www.fu-berlin.de\/sites\/promovieren\/drs\/nachwuchs\/nachwuchs\/nafoeg.html\">\u00a0https:\/\/www.fu-berlin.de\/sites\/promovieren\/drs\/nachwuchs\/nachwuchs\/nafoeg.html<\/a><\/li>\n<\/ul>\n<p><strong>PR &amp; \u00d6ffentlichkeitarbeit<\/strong><\/p>\n<p>Aufflistung von Jobb\u00f6rsen PR: <a href=\"https:\/\/berufsziel-pr.de\/category\/jobangebote\/\">https:\/\/berufsziel-pr.de\/category\/jobangebote\/<\/a><\/p>\n<p>Weiterbildung in der PR: <a href=\"https:\/\/berufsziel-pr.de\/category\/pr-weiterbildung\/\">https:\/\/berufsziel-pr.de\/category\/pr-weiterbildung\/<\/a><\/p>\n<p>Permanente Stellenausschreibung Kommunikation Misereor: <a href=\"https:\/\/www.misereor.de\/ueber-uns\/mitarbeit\/referentin-kommunikation\/\">https:\/\/www.misereor.de\/ueber-uns\/mitarbeit\/referentin-kommunikation\/<\/a><\/p>\n<p><strong>Social Entrepreneurship<\/strong><\/p>\n<p>Kiron:\u00a0 <a href=\"https:\/\/kiron.ngo\/join-our-team\/job-offers\/\">https:\/\/kiron.ngo\/join-our-team\/job-offers\/<\/a><\/p>\n<p>Digital Career Institue: <a href=\"https:\/\/www.digitalcareerinstitute.org\/jobs\/\">https:\/\/www.digitalcareerinstitute.org\/jobs\/<\/a><\/p>\n<p>Finanztip: <a href=\"https:\/\/www.finanztip.de\/jobs\/\">https:\/\/www.finanztip.de\/jobs\/<\/a><\/p>\n<p>&nbsp;<\/p>\n","protected":false},"excerpt":{"rendered":"<p>Jobb\u00f6rsen und Praktikumsb\u00f6rsen: Jobs und Praktika f\u00fcr Studierende des LAIs: https:\/\/www.lai.fu-berlin.de\/studium\/master\/050-Job-_und_Praktikumsboerse\/index.html FU Stellenanzeiger: https:\/\/www.fu-berlin.de\/service\/stellen\/index.html Kulturarbeit\/Trabalho cultural Instituto Goethe Brasil. Dispon\u00edvel em: https:\/\/www.goethe.de\/ins\/br\/de\/sta\/sap\/ueb\/kar\/pra.html Projeto PASCH. Dispon\u00edvel em: https:\/\/blog.pasch-net.de\/paschnobrasil\/ Bolsas de Estudo DAAD. Dispon\u00edvel em: https:\/\/www.daad.de\/ausland\/studieren\/stipendium\/de\/70-stipendien-finden-und-bewerben\/?detail=57085132 Politische Bildung: Tr\u00e4ger politischer Bildung in Berlin: https:\/\/www.berlin.de\/politische-bildung\/politikportal\/traeger-politischer-bildung\/ Engagement Global: www.engagement-global.de ICJA: www.icja.de Globales Lernen: www.globaleslernen.de Glokal e.V.: www.glokal.org Ph\u00f6nix e.V.: &hellip; <a href=\"https:\/\/blogs.fu-berlin.de\/berufsperspektivenlai\/links\/\" class=\"more-link\"><span class=\"screen-reader-text\">\u201eLinks\u201c<\/span> weiterlesen<\/a><\/p>\n","protected":false},"author":2820,"featured_media":0,"parent":0,"menu_order":3,"comment_status":"closed","ping_status":"closed","template":"","meta":{"footnotes":""},"class_list":["post-83","page","type-page","status-publish","hentry"],"_links":{"self":[{"href":"https:\/\/blogs.fu-berlin.de\/berufsperspektivenlai\/wp-json\/wp\/v2\/pages\/83","targetHints":{"allow":["GET"]}}],"collection":[{"href":"https:\/\/blogs.fu-berlin.de\/berufsperspektivenlai\/wp-json\/wp\/v2\/pages"}],"about":[{"href":"https:\/\/blogs.fu-berlin.de\/berufsperspektivenlai\/wp-json\/wp\/v2\/types\/page"}],"author":[{"embeddable":true,"href":"https:\/\/blogs.fu-berlin.de\/berufsperspektivenlai\/wp-json\/wp\/v2\/users\/2820"}],"replies":[{"embeddable":true,"href":"https:\/\/blogs.fu-berlin.de\/berufsperspektivenlai\/wp-json\/wp\/v2\/comments?post=83"}],"version-history":[{"count":13,"href":"https:\/\/blogs.fu-berlin.de\/berufsperspektivenlai\/wp-json\/wp\/v2\/pages\/83\/revisions"}],"predecessor-version":[{"id":344,"href":"https:\/\/blogs.fu-berlin.de\/berufsperspektivenlai\/wp-json\/wp\/v2\/pages\/83\/revisions\/344"}],"wp:attachment":[{"href":"https:\/\/blogs.fu-berlin.de\/berufsperspektivenlai\/wp-json\/wp\/v2\/media?parent=83"}],"curies":[{"name":"wp","href":"https:\/\/api.w.org\/{rel}","templated":true}]}}