{"id":6,"date":"2009-02-18T13:53:48","date_gmt":"2009-02-18T12:53:48","guid":{"rendered":"https:\/\/blogs.fu-berlin.de\/bibliotheken\/universitatsbibliothek\/"},"modified":"2024-10-22T14:01:09","modified_gmt":"2024-10-22T13:01:09","slug":"autoren","status":"publish","type":"page","link":"https:\/\/blogs.fu-berlin.de\/bibliotheken\/autoren\/","title":{"rendered":"Wer schreibt hier?"},"content":{"rendered":"\n<p><strong>BIBLIOBLOG <\/strong>ist das Blog der <a href=\"https:\/\/blogs.fu-berlin.de\/bibliotheken\/system\/\">Universit\u00e4tsbibliothek<\/a> (UB) der Freien Universit\u00e4t Berlin. Die redaktionelle Verantwortung hat die Stabsstelle Kommunikation und Marketing der Universit\u00e4tsbibliothek. Kolleg*innen aus unterschiedlichen Abteilungen, Bereichen und Standorten der UB tragen Blog-Artikel bei.<\/p>\n\n\n\n<p>Wir w\u00fcnschen uns eine rege Kommunikation &#8211; also sagen Sie uns gerne Ihre Meinung! Fragen, Anregungen, Anmerkungen und Feedback aller Art k\u00f6nnen Sie uns jederzeit in Form eines Kommentars zu einzelnen Blog-Beitr\u00e4gen hinterlassen. Sie haben einen Vorschlag f\u00fcr einen Blog-Beitrag? <a href=\"mailto:kommunikation@ub.fu-berlin.de\">Schreiben Sie uns eine E-Mail<\/a> oder kontaktieren Sie uns \u00fcber Instagram (<a href=\"https:\/\/www.instagram.com\/biblio_fuberlin\/\" target=\"_blank\" rel=\"noreferrer noopener\">@Biblio_FUBerlin<\/a>)!<\/p>\n\n\n\n<p>Fragen zur Ausleihe, Literaturrecherche etc. richten Sie bitte weiterhin an das <a href=\"mailto:auskunft@ub.fu-berlin.de\">Team Auskunft der UB<\/a>.<\/p>\n\n\n\n<hr class=\"wp-block-separator has-alpha-channel-opacity\" \/>\n\n\n\n<h2 class=\"wp-block-heading\">Die Blogger*innen <\/h2>\n\n\n\n<figure class=\"wp-block-table\"><table><tbody><tr><td>\n<h3>Kerstin Conrad<\/h3>\n<\/td><td>\n<p>Wirtschaftswissenschaftliche Bibliothek<\/p>\n<\/td><\/tr><tr><td><h3>Mario Kowalak<\/h3><\/td><td>Universit\u00e4tsbibliothek, Leitung Abteilung Medienservices <\/td><\/tr><tr><td>\n<h3>Matheo Mareski-Iffl\u00e4nder<\/h3>\n<\/td><td>Universit\u00e4tsbibliothek, Stabsstelle Kommunikation und Marketing<\/td><\/tr><tr><td>\n<h3>Ringo Narewski<\/h3>\n<\/td><td>Universit\u00e4tsbibliothek, Stellv. Leitung Abteilung Medienservices<\/td><\/tr><tr><td> <h3>Christin Pohl<\/h3> <\/td><td>Universit\u00e4tsbibliothek, Abteilung Medienservices<\/td><\/tr><tr><td>\n<h3>Birgit Schlegel<\/h3>\n<\/td><td>Universit\u00e4tsbibliothek, Abteilung Forschungs- und Publikationsservices | Leitung Hochschulschriftenstelle\/Dokumentenserver<\/td><\/tr><tr><td>\n<h3>Marc Spieseke<\/h3>\n<\/td><td>Universit\u00e4tsbibliothek, Stabsstelle Kommunikation und Marketing sowie Team Auskunft &amp; Teaching Library der Zentralbibliothek<\/td><\/tr><tr><td>\n<h3>Alexandra Taplick<\/h3>\n<\/td><td>Universit\u00e4tsbibliothek, Leitung Stabsstelle Kommunikation und Marketing<\/td><\/tr><tr><td>\n<h3>Janet Wagner<\/h3>\n<\/td><td>Universit\u00e4tsbibliothek, Stabsstelle Kommunikation und Marketing<\/td><\/tr><\/tbody><\/table><\/figure>\n","protected":false},"excerpt":{"rendered":"<p>BIBLIOBLOG ist das Blog der Universit\u00e4tsbibliothek (UB) der Freien Universit\u00e4t Berlin. Die redaktionelle Verantwortung hat die Stabsstelle Kommunikation und Marketing der Universit\u00e4tsbibliothek. Kolleg*innen aus unterschiedlichen Abteilungen, Bereichen und Standorten der UB tragen Blog-Artikel bei. Wir w\u00fcnschen uns eine rege Kommunikation &#8211; also sagen Sie uns gerne Ihre Meinung! Fragen, Anregungen, Anmerkungen und Feedback aller Art &hellip; <a href=\"https:\/\/blogs.fu-berlin.de\/bibliotheken\/autoren\/\" class=\"more-link\"><span class=\"screen-reader-text\">\u201eWer schreibt hier?\u201c<\/span> weiterlesen<\/a><\/p>\n","protected":false},"author":5,"featured_media":0,"parent":0,"menu_order":2,"comment_status":"closed","ping_status":"open","template":"","meta":{"footnotes":""},"class_list":["post-6","page","type-page","status-publish","hentry"],"_links":{"self":[{"href":"https:\/\/blogs.fu-berlin.de\/bibliotheken\/wp-json\/wp\/v2\/pages\/6","targetHints":{"allow":["GET"]}}],"collection":[{"href":"https:\/\/blogs.fu-berlin.de\/bibliotheken\/wp-json\/wp\/v2\/pages"}],"about":[{"href":"https:\/\/blogs.fu-berlin.de\/bibliotheken\/wp-json\/wp\/v2\/types\/page"}],"author":[{"embeddable":true,"href":"https:\/\/blogs.fu-berlin.de\/bibliotheken\/wp-json\/wp\/v2\/users\/5"}],"replies":[{"embeddable":true,"href":"https:\/\/blogs.fu-berlin.de\/bibliotheken\/wp-json\/wp\/v2\/comments?post=6"}],"version-history":[{"count":140,"href":"https:\/\/blogs.fu-berlin.de\/bibliotheken\/wp-json\/wp\/v2\/pages\/6\/revisions"}],"predecessor-version":[{"id":33381,"href":"https:\/\/blogs.fu-berlin.de\/bibliotheken\/wp-json\/wp\/v2\/pages\/6\/revisions\/33381"}],"wp:attachment":[{"href":"https:\/\/blogs.fu-berlin.de\/bibliotheken\/wp-json\/wp\/v2\/media?parent=6"}],"curies":[{"name":"wp","href":"https:\/\/api.w.org\/{rel}","templated":true}]}}