{"id":7,"date":"2009-02-18T13:53:57","date_gmt":"2009-02-18T12:53:57","guid":{"rendered":"https:\/\/blogs.fu-berlin.de\/bibliotheken\/fachbibliotheken\/"},"modified":"2026-04-08T16:41:50","modified_gmt":"2026-04-08T15:41:50","slug":"system","status":"publish","type":"page","link":"https:\/\/blogs.fu-berlin.de\/bibliotheken\/system\/","title":{"rendered":"Die Universit\u00e4tsbibliothek"},"content":{"rendered":"\n<p>Die Universit\u00e4tsbibliothek der Freien Universit\u00e4t Berlin z\u00e4hlt zu den gr\u00f6\u00dften in Deutschland. Sie umfasst die Zentralbibliothek in der Garystra\u00dfe, alle Fachbibliotheken und das Universit\u00e4tsarchiv.<\/p>\n\n\n\n<p>Die Universit\u00e4tsbibliothek stellt etwa 7 Mio. Medien (B\u00fccher, E-Books, Zeitschriften, Datenbanken usw.) sowie gut 3.600 Arbeitspl\u00e4tze an 13 Bibliotheksstandorten auf dem Campus zur Verf\u00fcgung. <\/p>\n\n\n\n<ul class=\"wp-block-list\">\n<li><a href=\"https:\/\/www.ub.fu-berlin.de\/\">Website der Universit\u00e4tsbibliothek<\/a><\/li>\n\n\n\n<li>Instagram: <a href=\"https:\/\/www.instagram.com\/ub.fu.berlin\/\" data-type=\"URL\" data-id=\"https:\/\/www.instagram.com\/ub.fu.berlin\/\" target=\"_blank\" rel=\"noreferrer noopener\">@ub.fu.berlin<\/a><\/li>\n\n\n\n<li>LinkedIn: <a href=\"https:\/\/www.linkedin.com\/showcase\/ubfuberlin\" target=\"_blank\" rel=\"noreferrer noopener\">linkedin.com\/showcase\/ubfuberlin<\/a> <\/li>\n<\/ul>\n\n\n\n<hr class=\"wp-block-separator has-alpha-channel-opacity\" \/>\n\n\n\n<p>F\u00fcr die Literaturrecherche steht prim\u00e4r das Bibliotheksportal Primo zur Verf\u00fcgung. Die Browser-Erweiterung &#8222;Lean Library&#8220; vereinfacht den Zugang zu elektronischen Best\u00e4nden der Bibliotheken der Freien Universit\u00e4t.<br>Eine \u00dcbersicht \u00fcber das Datenbankangebot der Universit\u00e4tsbibliothek finden Sie im Datenbankinfosystem (DBIS):<\/p>\n\n\n\n<ul class=\"wp-block-list\">\n<li><a href=\"https:\/\/primo.fu-berlin.de\">Bibliotheksportal Primo<\/a><\/li>\n\n\n\n<li><a href=\"https:\/\/www.fu-berlin.de\/sites\/ub\/literatursuche\/leanlibrary\/index.html\" data-type=\"URL\" data-id=\"https:\/\/www.fu-berlin.de\/sites\/ub\/literatursuche\/leanlibrary\/index.html\" target=\"_blank\" rel=\"noreferrer noopener\">Lean Library an der Freien Universit\u00e4t<\/a><\/li>\n\n\n\n<li><a href=\"https:\/\/dbis.ur.de\/fachliste.php?lett=l&amp;bib_id=fub&amp;colors=31&amp;ocolors=40\">Datenbank-Infosystem (DBIS)<\/a><\/li>\n<\/ul>\n\n\n\n<p>Der Zugang zu f\u00fcr die FU Berlin lizenzierten E-Ressourcen ist aus rechtlichen Gr\u00fcnden auf Rechner im Campusnetz der Freien Universit\u00e4t beschr\u00e4nkt. (vgl.: <a rel=\"noopener\" href=\"https:\/\/www.fu-berlin.de\/sites\/ub\/literatursuche\/zugang\/index.html\" target=\"_blank\">Nutzungsberechtigungen<\/a>). FU-Angeh\u00f6rige k\u00f6nnen sich auch von externen Rechnern eine Verbindung zum Campusnetz einrichten.<\/p>\n\n\n\n<hr class=\"wp-block-separator has-alpha-channel-opacity\" \/>\n","protected":false},"excerpt":{"rendered":"<p>Die Universit\u00e4tsbibliothek der Freien Universit\u00e4t Berlin z\u00e4hlt zu den gr\u00f6\u00dften in Deutschland. Sie umfasst die Zentralbibliothek in der Garystra\u00dfe, alle Fachbibliotheken und das Universit\u00e4tsarchiv. Die Universit\u00e4tsbibliothek stellt etwa 7 Mio. Medien (B\u00fccher, E-Books, Zeitschriften, Datenbanken usw.) sowie gut 3.600 Arbeitspl\u00e4tze an 13 Bibliotheksstandorten auf dem Campus zur Verf\u00fcgung. F\u00fcr die Literaturrecherche steht prim\u00e4r das Bibliotheksportal &hellip; <a href=\"https:\/\/blogs.fu-berlin.de\/bibliotheken\/system\/\" class=\"more-link\"><span class=\"screen-reader-text\">\u201eDie Universit\u00e4tsbibliothek\u201c<\/span> weiterlesen<\/a><\/p>\n","protected":false},"author":5,"featured_media":0,"parent":0,"menu_order":4,"comment_status":"closed","ping_status":"closed","template":"","meta":{"footnotes":""},"class_list":["post-7","page","type-page","status-publish","hentry"],"_links":{"self":[{"href":"https:\/\/blogs.fu-berlin.de\/bibliotheken\/wp-json\/wp\/v2\/pages\/7","targetHints":{"allow":["GET"]}}],"collection":[{"href":"https:\/\/blogs.fu-berlin.de\/bibliotheken\/wp-json\/wp\/v2\/pages"}],"about":[{"href":"https:\/\/blogs.fu-berlin.de\/bibliotheken\/wp-json\/wp\/v2\/types\/page"}],"author":[{"embeddable":true,"href":"https:\/\/blogs.fu-berlin.de\/bibliotheken\/wp-json\/wp\/v2\/users\/5"}],"replies":[{"embeddable":true,"href":"https:\/\/blogs.fu-berlin.de\/bibliotheken\/wp-json\/wp\/v2\/comments?post=7"}],"version-history":[{"count":36,"href":"https:\/\/blogs.fu-berlin.de\/bibliotheken\/wp-json\/wp\/v2\/pages\/7\/revisions"}],"predecessor-version":[{"id":34768,"href":"https:\/\/blogs.fu-berlin.de\/bibliotheken\/wp-json\/wp\/v2\/pages\/7\/revisions\/34768"}],"wp:attachment":[{"href":"https:\/\/blogs.fu-berlin.de\/bibliotheken\/wp-json\/wp\/v2\/media?parent=7"}],"curies":[{"name":"wp","href":"https:\/\/api.w.org\/{rel}","templated":true}]}}