{"id":8,"date":"2009-02-18T13:54:07","date_gmt":"2009-02-18T12:54:07","guid":{"rendered":"https:\/\/blogs.fu-berlin.de\/bibliotheken\/kontaktimpressum\/"},"modified":"2024-07-09T08:32:51","modified_gmt":"2024-07-09T07:32:51","slug":"kontaktimpressum","status":"publish","type":"page","link":"https:\/\/blogs.fu-berlin.de\/bibliotheken\/kontaktimpressum\/","title":{"rendered":"Kontakt\/Impressum"},"content":{"rendered":"<p><strong>Dienstanbieter:<\/strong><br \/>\nUniversit\u00e4tsbibliothek der Freien Universit\u00e4t Berlin, vertreten durch den <a href=\"https:\/\/www.fu-berlin.de\/einrichtungen\/praesidium\/index.html\">Pr\u00e4sidenten der Freien Universit\u00e4t Berlin<\/a><\/p>\n<p><strong>Anschrift, Kontaktdaten:<\/strong><br \/>\nFreie Universit\u00e4t Berlin \u2013 Universit\u00e4tsbibliothek<br \/>\nGarystr. 39<br \/>\n14195 Berlin<br \/>\nTel.: (030) 838-54 224 (Sekretariat)<br \/>\nE-Mail: <a href=\"mailto:kommunikation@ub.fu-berlin.de\">kommunikation@ub.fu-berlin.de<\/a><\/p>\n<p><strong>Umsatzsteueridentifikationsnummer:<\/strong><br \/>\nDE 811304768<\/p>\n<p><strong>Inhaltliche Verantwortung nach \u00a7 55 RfStV:<\/strong><br \/>\nAlexandra Taplick, Freie Universit\u00e4t Berlin, Universit\u00e4tsbibliothek, Leitung Stabsstelle Kommunikation und Marketing (Anschrift wie oben)<\/p>\n<h6>Die Inhalte der Beitr\u00e4ge geben die Meinungen der jeweiligen Autor*innen wieder. Selbiges gilt auch f\u00fcr Kommentare.<\/h6>\n<p><strong>Rechtsform:<\/strong><br \/>\nDie Freie Universit\u00e4t Berlin ist eine K\u00f6rperschaft des \u00f6ffentlichen Rechts gem. \u00a7\u00a7 1 und 2 Berliner Hochschulgesetz (BerlHG).<\/p>\n<p><strong>Haftungshinweis:<\/strong><br \/>\nTrotz sorgf\u00e4ltiger inhaltlicher Kontrolle \u00fcbernehmen wir keine Haftung f\u00fcr die Inhalte externer Links. F\u00fcr den Inhalt der verlinkten Seiten sind ausschlie\u00dflich deren Betreiber verantwortlich.<br \/>\nBeachten Sie bitte auch unseren <a href=\"https:\/\/www.fu-berlin.de\/redaktion\/disclaimer\/index.html\" target=\"_blank\" rel=\"noopener\">Haftungsausschluss\/Disclaimer<\/a>.<\/p>\n","protected":false},"excerpt":{"rendered":"<p>Dienstanbieter: Universit\u00e4tsbibliothek der Freien Universit\u00e4t Berlin, vertreten durch den Pr\u00e4sidenten der Freien Universit\u00e4t Berlin Anschrift, Kontaktdaten: Freie Universit\u00e4t Berlin \u2013 Universit\u00e4tsbibliothek Garystr. 39 14195 Berlin Tel.: (030) 838-54 224 (Sekretariat) E-Mail: kommunikation@ub.fu-berlin.de Umsatzsteueridentifikationsnummer: DE 811304768 Inhaltliche Verantwortung nach \u00a7 55 RfStV: Alexandra Taplick, Freie Universit\u00e4t Berlin, Universit\u00e4tsbibliothek, Leitung Stabsstelle Kommunikation und Marketing (Anschrift wie oben) &hellip; <a href=\"https:\/\/blogs.fu-berlin.de\/bibliotheken\/kontaktimpressum\/\" class=\"more-link\"><span class=\"screen-reader-text\">\u201eKontakt\/Impressum\u201c<\/span> weiterlesen<\/a><\/p>\n","protected":false},"author":5,"featured_media":0,"parent":0,"menu_order":6,"comment_status":"closed","ping_status":"closed","template":"","meta":{"footnotes":""},"class_list":["post-8","page","type-page","status-publish","hentry"],"_links":{"self":[{"href":"https:\/\/blogs.fu-berlin.de\/bibliotheken\/wp-json\/wp\/v2\/pages\/8","targetHints":{"allow":["GET"]}}],"collection":[{"href":"https:\/\/blogs.fu-berlin.de\/bibliotheken\/wp-json\/wp\/v2\/pages"}],"about":[{"href":"https:\/\/blogs.fu-berlin.de\/bibliotheken\/wp-json\/wp\/v2\/types\/page"}],"author":[{"embeddable":true,"href":"https:\/\/blogs.fu-berlin.de\/bibliotheken\/wp-json\/wp\/v2\/users\/5"}],"replies":[{"embeddable":true,"href":"https:\/\/blogs.fu-berlin.de\/bibliotheken\/wp-json\/wp\/v2\/comments?post=8"}],"version-history":[{"count":26,"href":"https:\/\/blogs.fu-berlin.de\/bibliotheken\/wp-json\/wp\/v2\/pages\/8\/revisions"}],"predecessor-version":[{"id":33048,"href":"https:\/\/blogs.fu-berlin.de\/bibliotheken\/wp-json\/wp\/v2\/pages\/8\/revisions\/33048"}],"wp:attachment":[{"href":"https:\/\/blogs.fu-berlin.de\/bibliotheken\/wp-json\/wp\/v2\/media?parent=8"}],"curies":[{"name":"wp","href":"https:\/\/api.w.org\/{rel}","templated":true}]}}