{"id":1191,"date":"2020-09-16T12:36:46","date_gmt":"2020-09-16T10:36:46","guid":{"rendered":"https:\/\/blogs.fu-berlin.de\/campusrun\/?page_id=1191"},"modified":"2020-09-16T13:14:12","modified_gmt":"2020-09-16T11:14:12","slug":"preise","status":"publish","type":"page","link":"https:\/\/blogs.fu-berlin.de\/campusrun\/preise\/","title":{"rendered":"Preise"},"content":{"rendered":"\n<p class=\"has-text-align-center\">..noch eine kleine Motivation f\u00fcr die Wettkampfstrecke gef\u00e4llig? Riskiere hier einen Blick auf unsere Preise der Verlosung und f\u00fcr die Siegerehrung. Da l\u00e4uft es sich doch gleich viel besser!<\/p>\n\n\n\n<div class=\"wp-block-group\"><div class=\"wp-block-group__inner-container is-layout-flow wp-block-group-is-layout-flow\">\n<figure class=\"wp-block-gallery columns-3 is-cropped wp-block-gallery-1 is-layout-flex wp-block-gallery-is-layout-flex\"><ul class=\"blocks-gallery-grid\"><li class=\"blocks-gallery-item\"><figure><img decoding=\"async\" src=\"https:\/\/blogs.fu-berlin.de\/campusrun\/files\/2020\/09\/preise_deca.jpg\" alt=\"\" data-id=\"1198\" data-full-url=\"https:\/\/blogs.fu-berlin.de\/campusrun\/files\/2020\/09\/preise_deca.jpg\" data-link=\"https:\/\/blogs.fu-berlin.de\/campusrun\/preise_deca\/\" class=\"wp-image-1198\" \/><\/figure><\/li><li class=\"blocks-gallery-item\"><figure><img decoding=\"async\" src=\"https:\/\/blogs.fu-berlin.de\/campusrun\/files\/2020\/09\/preise_handtuch.jpg\" alt=\"\" data-id=\"1202\" data-full-url=\"https:\/\/blogs.fu-berlin.de\/campusrun\/files\/2020\/09\/preise_handtuch.jpg\" data-link=\"https:\/\/blogs.fu-berlin.de\/campusrun\/preise_handtuch\/\" class=\"wp-image-1202\" \/><\/figure><\/li><li class=\"blocks-gallery-item\"><figure><img decoding=\"async\" src=\"https:\/\/blogs.fu-berlin.de\/campusrun\/files\/2020\/09\/preise_armband.jpg\" alt=\"\" data-id=\"1193\" data-full-url=\"https:\/\/blogs.fu-berlin.de\/campusrun\/files\/2020\/09\/preise_armband.jpg\" data-link=\"https:\/\/blogs.fu-berlin.de\/campusrun\/preise_armband\/\" class=\"wp-image-1193\" \/><\/figure><\/li><li class=\"blocks-gallery-item\"><figure><img decoding=\"async\" src=\"https:\/\/blogs.fu-berlin.de\/campusrun\/files\/2020\/09\/preise_laufshirt.jpg\" alt=\"\" data-id=\"1203\" data-full-url=\"https:\/\/blogs.fu-berlin.de\/campusrun\/files\/2020\/09\/preise_laufshirt.jpg\" data-link=\"https:\/\/blogs.fu-berlin.de\/campusrun\/preise_laufshirt\/\" class=\"wp-image-1203\" \/><\/figure><\/li><li class=\"blocks-gallery-item\"><figure><img decoding=\"async\" src=\"https:\/\/blogs.fu-berlin.de\/campusrun\/files\/2020\/09\/preise_bbank_set.jpg\" alt=\"\" data-id=\"1197\" data-full-url=\"https:\/\/blogs.fu-berlin.de\/campusrun\/files\/2020\/09\/preise_bbank_set.jpg\" data-link=\"https:\/\/blogs.fu-berlin.de\/campusrun\/preise_bbank_set\/\" class=\"wp-image-1197\" \/><\/figure><\/li><li class=\"blocks-gallery-item\"><figure><img decoding=\"async\" src=\"https:\/\/blogs.fu-berlin.de\/campusrun\/files\/2020\/09\/preise_guerteltasche.jpg\" alt=\"\" data-id=\"1201\" data-full-url=\"https:\/\/blogs.fu-berlin.de\/campusrun\/files\/2020\/09\/preise_guerteltasche.jpg\" data-link=\"https:\/\/blogs.fu-berlin.de\/campusrun\/preise_guerteltasche\/\" class=\"wp-image-1201\" \/><\/figure><\/li><li class=\"blocks-gallery-item\"><figure><img decoding=\"async\" src=\"https:\/\/blogs.fu-berlin.de\/campusrun\/files\/2020\/09\/preise_sweatshirt.jpg\" alt=\"\" data-id=\"1208\" data-full-url=\"https:\/\/blogs.fu-berlin.de\/campusrun\/files\/2020\/09\/preise_sweatshirt.jpg\" data-link=\"https:\/\/blogs.fu-berlin.de\/campusrun\/preise_sweatshirt\/\" class=\"wp-image-1208\" \/><\/figure><\/li><li class=\"blocks-gallery-item\"><figure><img decoding=\"async\" src=\"https:\/\/blogs.fu-berlin.de\/campusrun\/files\/2020\/09\/preise_rucksack.jpg\" alt=\"\" data-id=\"1206\" data-full-url=\"https:\/\/blogs.fu-berlin.de\/campusrun\/files\/2020\/09\/preise_rucksack.jpg\" data-link=\"https:\/\/blogs.fu-berlin.de\/campusrun\/preise_rucksack\/\" class=\"wp-image-1206\" \/><\/figure><\/li><li class=\"blocks-gallery-item\"><figure><img decoding=\"async\" src=\"https:\/\/blogs.fu-berlin.de\/campusrun\/files\/2020\/09\/preise_massagerolle.jpg\" alt=\"\" data-id=\"1204\" data-full-url=\"https:\/\/blogs.fu-berlin.de\/campusrun\/files\/2020\/09\/preise_massagerolle.jpg\" data-link=\"https:\/\/blogs.fu-berlin.de\/campusrun\/preise_massagerolle\/\" class=\"wp-image-1204\" \/><\/figure><\/li><li class=\"blocks-gallery-item\"><figure><img decoding=\"async\" src=\"https:\/\/blogs.fu-berlin.de\/campusrun\/files\/2020\/09\/preise_smartphone_armband.jpg\" alt=\"\" data-id=\"1207\" data-full-url=\"https:\/\/blogs.fu-berlin.de\/campusrun\/files\/2020\/09\/preise_smartphone_armband.jpg\" data-link=\"https:\/\/blogs.fu-berlin.de\/campusrun\/preise_smartphone_armband\/\" class=\"wp-image-1207\" \/><\/figure><\/li><li class=\"blocks-gallery-item\"><figure><img decoding=\"async\" src=\"https:\/\/blogs.fu-berlin.de\/campusrun\/files\/2020\/09\/preise_baender.jpg\" alt=\"\" data-id=\"1196\" data-full-url=\"https:\/\/blogs.fu-berlin.de\/campusrun\/files\/2020\/09\/preise_baender.jpg\" data-link=\"https:\/\/blogs.fu-berlin.de\/campusrun\/preise_baender\/\" class=\"wp-image-1196\" \/><\/figure><\/li><li class=\"blocks-gallery-item\"><figure><img decoding=\"async\" src=\"https:\/\/blogs.fu-berlin.de\/campusrun\/files\/2020\/09\/preise_armbinde.jpg\" alt=\"\" data-id=\"1194\" data-full-url=\"https:\/\/blogs.fu-berlin.de\/campusrun\/files\/2020\/09\/preise_armbinde.jpg\" data-link=\"https:\/\/blogs.fu-berlin.de\/campusrun\/preise_armbinde\/\" class=\"wp-image-1194\" \/><\/figure><\/li><li class=\"blocks-gallery-item\"><figure><img decoding=\"async\" src=\"https:\/\/blogs.fu-berlin.de\/campusrun\/files\/2020\/09\/preise_badetuch.jpg\" alt=\"\" data-id=\"1195\" data-full-url=\"https:\/\/blogs.fu-berlin.de\/campusrun\/files\/2020\/09\/preise_badetuch.jpg\" data-link=\"https:\/\/blogs.fu-berlin.de\/campusrun\/preise_badetuch\/\" class=\"wp-image-1195\" \/><\/figure><\/li><li class=\"blocks-gallery-item\"><figure><img decoding=\"async\" src=\"https:\/\/blogs.fu-berlin.de\/campusrun\/files\/2020\/09\/preise_fueller.jpg\" alt=\"\" data-id=\"1200\" data-full-url=\"https:\/\/blogs.fu-berlin.de\/campusrun\/files\/2020\/09\/preise_fueller.jpg\" data-link=\"https:\/\/blogs.fu-berlin.de\/campusrun\/preise_fueller\/\" class=\"wp-image-1200\" \/><\/figure><\/li><li class=\"blocks-gallery-item\"><figure><img decoding=\"async\" src=\"https:\/\/blogs.fu-berlin.de\/campusrun\/files\/2020\/09\/preise_medaille.jpg\" alt=\"\" data-id=\"1214\" data-full-url=\"https:\/\/blogs.fu-berlin.de\/campusrun\/files\/2020\/09\/preise_medaille.jpg\" data-link=\"https:\/\/blogs.fu-berlin.de\/campusrun\/preise_medaille\/\" class=\"wp-image-1214\" \/><\/figure><\/li><li class=\"blocks-gallery-item\"><figure><img decoding=\"async\" src=\"https:\/\/blogs.fu-berlin.de\/campusrun\/files\/2020\/09\/preise_restaurant.jpg\" alt=\"\" data-id=\"1205\" data-full-url=\"https:\/\/blogs.fu-berlin.de\/campusrun\/files\/2020\/09\/preise_restaurant.jpg\" data-link=\"https:\/\/blogs.fu-berlin.de\/campusrun\/preise_restaurant\/\" class=\"wp-image-1205\" \/><\/figure><\/li><li class=\"blocks-gallery-item\"><figure><img decoding=\"async\" src=\"https:\/\/blogs.fu-berlin.de\/campusrun\/files\/2020\/09\/preise_freistart.jpg\" alt=\"\" data-id=\"1199\" data-full-url=\"https:\/\/blogs.fu-berlin.de\/campusrun\/files\/2020\/09\/preise_freistart.jpg\" data-link=\"https:\/\/blogs.fu-berlin.de\/campusrun\/preise_freistart\/\" class=\"wp-image-1199\" \/><\/figure><\/li><\/ul><\/figure>\n<\/div><\/div>\n\n\n\n<p class=\"has-text-align-center has-medium-font-size\"><strong>Preise f\u00fcr Teamwertung:<\/strong><\/p>\n\n\n\n<p class=\"has-text-align-center\">Unter allen FU-Angeh\u00f6rigen Teams mit mehr als 5 Teilnehmenden verlost die Ernst-Reuter-Gesellschaft insgesamt 1200\u20ac Preisgeld.<\/p>\n\n\n\n<p class=\"has-text-align-center\"><em>Zu FU-Angeh\u00f6rigen geh\u00f6ren alle Studierende, Besch\u00e4ftigte, Alumnis der Freien Universit\u00e4t Berlin sowie ERG-Mitglieder.<\/em><\/p>\n\n\n\n<p><\/p>\n\n\n\n<p class=\"has-text-align-center has-medium-font-size\"><strong>WIR SAGEN DANKE!<\/strong><\/p>\n\n\n\n<p class=\"has-text-align-center\">Wir bedanken uns bei unseren Partnern: BBBank, Studittemps und der Ernst-Reuter-Gesellschaft.<\/p>\n","protected":false},"excerpt":{"rendered":"<p>..noch eine kleine Motivation f\u00fcr die Wettkampfstrecke gef\u00e4llig? Riskiere hier einen Blick auf unsere Preise der Verlosung und f\u00fcr die Siegerehrung. Da l\u00e4uft es sich doch gleich viel besser! Preise f\u00fcr Teamwertung: Unter allen FU-Angeh\u00f6rigen Teams mit mehr als 5 Teilnehmenden verlost die Ernst-Reuter-Gesellschaft insgesamt 1200\u20ac Preisgeld. Zu FU-Angeh\u00f6rigen geh\u00f6ren alle Studierende, Besch\u00e4ftigte, Alumnis der &hellip; <a href=\"https:\/\/blogs.fu-berlin.de\/campusrun\/preise\/\" class=\"more-link\"><span class=\"screen-reader-text\">\u201ePreise\u201c<\/span> weiterlesen<\/a><\/p>\n","protected":false},"author":4131,"featured_media":0,"parent":0,"menu_order":0,"comment_status":"closed","ping_status":"closed","template":"","meta":{"footnotes":""},"class_list":["post-1191","page","type-page","status-publish","hentry"],"_links":{"self":[{"href":"https:\/\/blogs.fu-berlin.de\/campusrun\/wp-json\/wp\/v2\/pages\/1191","targetHints":{"allow":["GET"]}}],"collection":[{"href":"https:\/\/blogs.fu-berlin.de\/campusrun\/wp-json\/wp\/v2\/pages"}],"about":[{"href":"https:\/\/blogs.fu-berlin.de\/campusrun\/wp-json\/wp\/v2\/types\/page"}],"author":[{"embeddable":true,"href":"https:\/\/blogs.fu-berlin.de\/campusrun\/wp-json\/wp\/v2\/users\/4131"}],"replies":[{"embeddable":true,"href":"https:\/\/blogs.fu-berlin.de\/campusrun\/wp-json\/wp\/v2\/comments?post=1191"}],"version-history":[{"count":9,"href":"https:\/\/blogs.fu-berlin.de\/campusrun\/wp-json\/wp\/v2\/pages\/1191\/revisions"}],"predecessor-version":[{"id":1220,"href":"https:\/\/blogs.fu-berlin.de\/campusrun\/wp-json\/wp\/v2\/pages\/1191\/revisions\/1220"}],"wp:attachment":[{"href":"https:\/\/blogs.fu-berlin.de\/campusrun\/wp-json\/wp\/v2\/media?parent=1191"}],"curies":[{"name":"wp","href":"https:\/\/api.w.org\/{rel}","templated":true}]}}