{"id":1568,"date":"2022-02-01T11:30:49","date_gmt":"2022-02-01T10:30:49","guid":{"rendered":"https:\/\/blogs.fu-berlin.de\/campusrun\/?page_id=1568"},"modified":"2026-01-06T13:52:03","modified_gmt":"2026-01-06T12:52:03","slug":"volunteer","status":"publish","type":"page","link":"https:\/\/blogs.fu-berlin.de\/campusrun\/volunteer\/","title":{"rendered":"Volunteer"},"content":{"rendered":"\n<p><strong>Aktueller Aufruf:<\/strong>\u00a0Unterst\u00fctzung f\u00fcr den\u00a0<strong>Campus Run und das Sommerfest am 25.06.2026<\/strong>\u00a0gesucht<strong>.<\/strong><\/p>\n\n\n\n<p>Ob an der Strecke, im Start- Zielbereich oder bei der Verpflegung &#8211; es werden viele H\u00e4nde gebraucht. In diesem Jahr bedanken wir uns bei Dir mit:<\/p>\n\n\n\n<ul class=\"wp-block-list\">\n<li>Upcycling-Sport- oder Kosmetiktasche<\/li>\n\n\n\n<li>einem 50 EUR Gutschein vom UniSport<\/li>\n\n\n\n<li>einer 3-monatigen kostenlosen Mitgliedschaft im Fitnessstudio UniFit<\/li>\n<\/ul>\n\n\n\n<p>Bitte melde Dich f\u00fcr Deinen &#8222;Wunsch-Bereich&#8220; an. Wir versuchen diesen in der Planung zu ber\u00fccksichtigen.<br>Wir bitten um ein Sprachniveau in&nbsp;<strong>Deutsch<\/strong>&nbsp;von mindestens&nbsp;<strong>B1<\/strong>!<\/p>\n\n\n\n<p><a href=\"https:\/\/www.buchsys.de\/fu-berlin\/angebote\/aktueller_zeitraum\/_UniSport_-_Volunteers.html\" target=\"_blank\" rel=\"noreferrer noopener\">&gt;&gt;Anmeldung Volunteer&lt;&lt;<\/a><\/p>\n\n\n\n<p><br>M\u00f6gliche Aufgaben:<\/p>\n\n\n\n<ul class=\"wp-block-list\">\n<li>Anmeldung und Startnummernausgabe\u00a0<\/li>\n\n\n\n<li>Start- und Zielbereich\u00a0<\/li>\n\n\n\n<li>Streckenposten <\/li>\n\n\n\n<li>Kleiderabgabe<\/li>\n\n\n\n<li>Auf- und Abbau<\/li>\n\n\n\n<li>B\u00fchne<\/li>\n\n\n\n<li>Mach mit &#8211; Module<\/li>\n<\/ul>\n\n\n\n<p>Nebenbei erh\u00e4ltst Du exklusive Einblicke in die Vorbereitung sowie Organisation eines Laufevents.&nbsp;Bewirb Dich jetzt und erlebe einen au\u00dfergew\u00f6hnlichen Tag in einer au\u00dfergew\u00f6hnlichen Umgebung.<\/p>\n\n\n\n<p>Wir freuen uns, Dich im Team des UniSports zu haben!<\/p>\n","protected":false},"excerpt":{"rendered":"<p>Aktueller Aufruf:\u00a0Unterst\u00fctzung f\u00fcr den\u00a0Campus Run und das Sommerfest am 25.06.2026\u00a0gesucht. Ob an der Strecke, im Start- Zielbereich oder bei der Verpflegung &#8211; es werden viele H\u00e4nde gebraucht. In diesem Jahr bedanken wir uns bei Dir mit: Bitte melde Dich f\u00fcr Deinen &#8222;Wunsch-Bereich&#8220; an. Wir versuchen diesen in der Planung zu ber\u00fccksichtigen.Wir bitten um ein Sprachniveau &hellip; <a href=\"https:\/\/blogs.fu-berlin.de\/campusrun\/volunteer\/\" class=\"more-link\"><span class=\"screen-reader-text\">\u201eVolunteer\u201c<\/span> weiterlesen<\/a><\/p>\n","protected":false},"author":4131,"featured_media":2718,"parent":0,"menu_order":0,"comment_status":"closed","ping_status":"closed","template":"","meta":{"footnotes":""},"class_list":["post-1568","page","type-page","status-publish","has-post-thumbnail","hentry"],"_links":{"self":[{"href":"https:\/\/blogs.fu-berlin.de\/campusrun\/wp-json\/wp\/v2\/pages\/1568","targetHints":{"allow":["GET"]}}],"collection":[{"href":"https:\/\/blogs.fu-berlin.de\/campusrun\/wp-json\/wp\/v2\/pages"}],"about":[{"href":"https:\/\/blogs.fu-berlin.de\/campusrun\/wp-json\/wp\/v2\/types\/page"}],"author":[{"embeddable":true,"href":"https:\/\/blogs.fu-berlin.de\/campusrun\/wp-json\/wp\/v2\/users\/4131"}],"replies":[{"embeddable":true,"href":"https:\/\/blogs.fu-berlin.de\/campusrun\/wp-json\/wp\/v2\/comments?post=1568"}],"version-history":[{"count":16,"href":"https:\/\/blogs.fu-berlin.de\/campusrun\/wp-json\/wp\/v2\/pages\/1568\/revisions"}],"predecessor-version":[{"id":2736,"href":"https:\/\/blogs.fu-berlin.de\/campusrun\/wp-json\/wp\/v2\/pages\/1568\/revisions\/2736"}],"wp:featuredmedia":[{"embeddable":true,"href":"https:\/\/blogs.fu-berlin.de\/campusrun\/wp-json\/wp\/v2\/media\/2718"}],"wp:attachment":[{"href":"https:\/\/blogs.fu-berlin.de\/campusrun\/wp-json\/wp\/v2\/media?parent=1568"}],"curies":[{"name":"wp","href":"https:\/\/api.w.org\/{rel}","templated":true}]}}