{"id":1725,"date":"2022-06-06T19:35:41","date_gmt":"2022-06-06T17:35:41","guid":{"rendered":"https:\/\/blogs.fu-berlin.de\/campusrun\/?page_id=1725"},"modified":"2026-01-06T12:09:32","modified_gmt":"2026-01-06T11:09:32","slug":"checkliste-vor-dem-lauf-alle-wichtigen-infos","status":"publish","type":"page","link":"https:\/\/blogs.fu-berlin.de\/campusrun\/checkliste-vor-dem-lauf-alle-wichtigen-infos\/","title":{"rendered":"Checkliste vor dem Lauf &#8211; alle wichtigen Infos"},"content":{"rendered":"\n<h2 class=\"wp-block-heading\"><\/h2>\n\n\n\n<h1 class=\"wp-block-heading\">1. Abholung der Startunterlagen<\/h1>\n\n\n\n<p>Damit der Lauftag m\u00f6glichst entspannt f\u00fcr alle Beteiligten verl\u00e4uft, m\u00f6chten wir dringend darum bitten, die Startunterlagen (Startnummer + Laufshirt) bereits vor dem Campus Run abzuholen! <br><br><strong>Abholzeiten:<\/strong><br>22.06. (Mo), 12:00 &#8211; 18:00 Uhr<br>23.06. (Di), 08:00 &#8211; 13:00 Uhr und 14:00 &#8211; 18:00 Uhr<br>24.06. (Mi), 08:00 &#8211; 13:00 Uhr und 14:00 &#8211; 18:00 Uhr<br><br>wo: <a href=\"https:\/\/goo.gl\/maps\/Txct7Q9rKzhN1Me86\" target=\"_blank\" rel=\"noreferrer noopener\">UniSport Gesch\u00e4ftsstelle<\/a><br>K\u00f6nigin-Luise-Stra\u00dfe 47, N\u00e4he Haltestelle Dahlem Dorf<\/p>\n\n\n\n<p><br>F\u00fcr Teams ab 5 Personen k\u00f6nnen die Unterlagen gesammelt abgeholt werden. Bitte hier die Mitl\u00e4ufer*innen entsprechend informieren, damit alle Bescheid wissen und niemand umsonst kommt! Bitte bis zum 21.6. eine Mail an\u00a0<a href=\"mailto:franziska.hessmann@fu-berlin.de\">franziska.hessmann@fu-berlin.de<\/a>\u00a0schicken, damit wir die Unterlagen vorab sortieren. Dann geht es bei der Abholung schneller!<br><br>! Auch eine Abholung der Startunterlagen f\u00fcr andere Personen ist m\u00f6glich, sofern dies im Vorfeld mit der Person abgestimmt ist.<\/p>\n\n\n\n<p><\/p>\n\n\n\n<p><\/p>\n\n\n\n<h1 class=\"wp-block-heading\">2. Zeitplan<\/h1>\n\n\n\n<p>16:00 Uhr&nbsp;&nbsp;&nbsp;&nbsp;&nbsp;&nbsp;&nbsp;&nbsp;&nbsp;Start Sommerfest<br>16:20 Uhr&nbsp;&nbsp;&nbsp;&nbsp;&nbsp;&nbsp;&nbsp;&nbsp;&nbsp;Warm-Up KIDS<br>16:30 Uhr&nbsp;&nbsp;&nbsp;&nbsp;&nbsp;&nbsp;&nbsp;&nbsp;&nbsp;Start KIDS Lauf<br>17:00 Uhr&nbsp;&nbsp;&nbsp;&nbsp;&nbsp;&nbsp;&nbsp;&nbsp;&nbsp;Warm-Up<br>17:15 Uhr&nbsp;&nbsp;&nbsp;&nbsp;&nbsp;&nbsp;&nbsp;&nbsp; &nbsp;Start 2,5 km, 5 km, 7,5 km, 10 km<br><\/p>\n\n\n\n<h1 class=\"wp-block-heading\">3. Streckenverlauf<\/h1>\n\n\n\n<p>Siehe: <a href=\"https:\/\/blogs.fu-berlin.de\/campusrun\/laufrouten\/\">https:\/\/blogs.fu-berlin.de\/campusrun\/laufrouten\/ <\/a><br><em>&gt; es handelt sich um einen Rundkurs, der 1, 2, 3 oder 4 x gelaufen werden muss<br>&gt; alle Teilnehmer*innen gehen gemeinsam an den Start<br>&gt; nach jeder Runde entscheiden die Teilnehmer*innen eigenst\u00e4ndig, ob sie auf der Zielgeraden rechts ins Ziel abbiegen oder links noch eine weitere Runde laufen<br>&gt; die Strecke ist nicht amtlich vermessen und damit <strong>nicht bestenlistentauglich<\/strong><\/em><\/p>\n\n\n\n<h1 class=\"wp-block-heading\">4. Lageplan<\/h1>\n\n\n\n<p>Dem&nbsp;<a rel=\"noreferrer noopener\" href=\"https:\/\/blogs.fu-berlin.de\/campusrun\/files\/2023\/05\/lageplan_spommerfest_cr_2023.jpg\" data-type=\"attachment\" data-id=\"2021\" target=\"_blank\">Lageplan<\/a> k\u00f6nnen Sie alle wichtigen Punkte rund um die Veranstaltung entnehmen.<\/p>\n\n\n\n<p><strong>Anmerkungen zum Lageplan:<\/strong><\/p>\n\n\n\n<p><strong>a) Umkleiden:<\/strong>&nbsp;Es stehen begrenzte Kapazit\u00e4ten f\u00fcr die Umkleiden zur Verf\u00fcgung. Umkleiden werden vor der Silberlaube im neuen Modulbau zur Verf\u00fcgung gestellt. (siehe Lageplan). Falls m\u00f6glich, bitte direkt in Laufkleidung kommen!&nbsp;<strong>&nbsp;<br><br>b) Garderobe:&nbsp;<\/strong>Alle L\u00e4ufer*innen k\u00f6nnen eine Tasche oder einen Rucksack an der Garderobe (siehe Plan) abgeben<strong>.<\/strong>&nbsp;Wer die M\u00f6glichkeit hat, Tasche oder Rucksack anderweitig zu lagern (B\u00fcro oder Schlie\u00dffach), sollte davon Gebrauch machen, um lange Wartezeiten zu vermeiden.<br>Die Garderobe hat von 15 bis 19 Uhr ge\u00f6ffnet. Bis 19 Uhr m\u00fcssen alle Taschen\/R\u00fccks\u00e4cke wieder abgeholt werden!<br><strong>&nbsp;<br>c) Duschen:&nbsp;<\/strong>Aufgrund der hohen Teilnehmer*innenzahl k\u00f6nnen wir leider keine Duschm\u00f6glichkeiten zur Verf\u00fcgung stellen.<br><br><strong>d) WC:<\/strong>&nbsp;Bitte nutzen Sie die zahlreichen \u201e\u00d6rtlichkeiten\u201c in der N\u00e4he des Start-\/Zielbereiches. Sowohl in den Geb\u00e4uden (Fabeckstra\u00dfe, Rost- und Silberlaube, Holzlaube, Modulbau).<br><\/p>\n\n\n\n<h1 class=\"wp-block-heading\">5. Parken\/Anfahrt<\/h1>\n\n\n\n<p>Wir empfehlen die Anreise mit \u00f6ffentlichen Verkehrsmitteln oder dem Fahrrad. Aufgrund von Stra\u00dfensperrungen kann es zu Beeintr\u00e4chtigungen f\u00fcr den Autoverkehr kommen!&nbsp;<br>Die Zufahrten zum Parkdeck \u00fcber die Otto-von-Simson-Stra\u00dfe sind am 25.06. ganzt\u00e4gig gesperrt. Die Ein- und Ausfahrt ist ausschlie\u00dflich \u00fcber die Fabeckstra\u00dfe m\u00f6glich. Zwischen 16 und 18 Uhr ist keinerlei Ausfahrt m\u00f6glich!&nbsp;<\/p>\n\n\n\n<h1 class=\"wp-block-heading\">6. Zeitmessung<\/h1>\n\n\n\n<p>Die Zeitmessung erfolgt mittels Transponder, der auf der Startnummer integriert ist. Mithilfe dieses Chips wird die Nettozeit ermittelt, also die Zeit die jede*r von der Startlinie bis zur Ziellinie ben\u00f6tigt. Es spielt also keine Rolle, wann man die Startlinie \u00fcberquert! Die Nummern auf den Chips haben keinen Bezug zur Startnummer.<\/p>\n\n\n\n<p>Wichtig ist, dass die Startnummer nicht geknickt und mit Sicherheitsnadeln auf der Vorderseite des Laufshirts befestigt wird. Sicherheitsnadeln geben wir zusammen mit den Startnummern aus.<\/p>\n\n\n\n<h1 class=\"wp-block-heading\">7. Ergebnisse<\/h1>\n\n\n\n<p><strong>Ergebnisse und Platzierungen finden alle Teilnehmenden, nach dem Lauf, auf der Webseite unseres Zeitnehmers.<\/strong><\/p>\n\n\n\n<p><a href=\"https:\/\/www.berlin-timing.de\/Campus-Run-Berlin\">https:\/\/www.berlin-timing.de\/Campus-Run-Berlin<\/a><\/p>\n\n\n\n<p>Hinweis:  Durch deine Anmeldung erscheinst du auf der Ergebnisliste unseres Zeitnehmers mit vollem Namen! Nur so kann eine eindeutiges Dokumentieren der Ergebnisse gew\u00e4hrleistet werden.<br><\/p>\n\n\n\n<h1 class=\"wp-block-heading\">8. Siegerehrung und Preise<\/h1>\n\n\n\n<p>Ab ca. 18:30 Uhr findet die Siegerehrung (<strong>anmeldest\u00e4rkste Teams und kreativsten Kost\u00fcme) <\/strong>auf der gro\u00dfen B\u00fchne statt. Wir m\u00f6chten alle L\u00e4ufer*innen herzlich einladen, f\u00fcr einen w\u00fcrdigen Rahmen zu sorgen. <\/p>\n\n\n\n<p>Urkunden und Ergebnisse sind dauerhaft online verf\u00fcgbar (siehe Ergebnisse).<\/p>\n\n\n\n<p><strong>Auch dieses Jahr freuen wir uns wieder, neben dem anmeldest\u00e4rksten Team, auch die kreativsten und lustigsten Kost\u00fcme zu ehren!<\/strong><\/p>\n\n\n\n<p><strong>Es hei\u00dft also: Schmei\u00df dich in Schale und zeige uns deine bunte, kreative Seite!<\/strong><\/p>\n\n\n\n<p><\/p>\n\n\n\n<p><\/p>\n\n\n\n<h1 class=\"wp-block-heading\">9. Sonstiges&nbsp;<\/h1>\n\n\n\n<p><strong>Streckenverpflegung:<\/strong> Dieses Jahr bieten wir allen L\u00e4ufer*innen die M\u00f6glichkeit, sich w\u00e4hrend des Laufes mit Wasser zu versorgen. Unsere Streckenverpflegung findest du kurz hinter dem Start-\/Zielbereich.<\/p>\n\n\n\n<p><strong>Zielverpflegung<\/strong>: Im Nachzielbereich bieten wir Wasser, Eistee, alkoholfreies Bier sowie \u00c4pfel und Bananen an. Bitte nehmt R\u00fccksicht, damit auch die letzten L\u00e4ufer*innen noch etwas abbekommen \ud83d\ude09&nbsp;<\/p>\n\n\n\n<p><strong>\u00dcberrundungen<\/strong>: Da beim Hauptlauf alle gemeinsam an den Start gehen und das Leistungsspektrum sicherlich sehr breit gef\u00e4chert sein wird, wird es auch zu \u00dcberrundungen kommen. Wir bitten alle langsameren L\u00e4ufer*innen tendenziell eher auf der rechten Stra\u00dfenseite zu laufen und keine \u201ePulks\u201c zu bilden.&nbsp;<\/p>\n\n\n\n<p><strong>Sommerfest<\/strong>: Ab 16 Uhr findet im Zielbereich parallel das zentrale&nbsp;<a href=\"https:\/\/blogs.fu-berlin.de\/sommerfest\/\" target=\"_blank\" rel=\"noreferrer noopener\">Sommerfest<\/a>&nbsp;der Freien Universit\u00e4t statt, zu dem wir alle L\u00e4ufer*innen recht herzlich einladen!<\/p>\n","protected":false},"excerpt":{"rendered":"<p>1. Abholung der Startunterlagen Damit der Lauftag m\u00f6glichst entspannt f\u00fcr alle Beteiligten verl\u00e4uft, m\u00f6chten wir dringend darum bitten, die Startunterlagen (Startnummer + Laufshirt) bereits vor dem Campus Run abzuholen! Abholzeiten:22.06. (Mo), 12:00 &#8211; 18:00 Uhr23.06. (Di), 08:00 &#8211; 13:00 Uhr und 14:00 &#8211; 18:00 Uhr24.06. (Mi), 08:00 &#8211; 13:00 Uhr und 14:00 &#8211; 18:00 Uhr &hellip; <a href=\"https:\/\/blogs.fu-berlin.de\/campusrun\/checkliste-vor-dem-lauf-alle-wichtigen-infos\/\" class=\"more-link\"><span class=\"screen-reader-text\">\u201eCheckliste vor dem Lauf &#8211; alle wichtigen Infos\u201c<\/span> weiterlesen<\/a><\/p>\n","protected":false},"author":2541,"featured_media":2718,"parent":0,"menu_order":0,"comment_status":"closed","ping_status":"closed","template":"","meta":{"footnotes":""},"class_list":["post-1725","page","type-page","status-publish","has-post-thumbnail","hentry"],"_links":{"self":[{"href":"https:\/\/blogs.fu-berlin.de\/campusrun\/wp-json\/wp\/v2\/pages\/1725","targetHints":{"allow":["GET"]}}],"collection":[{"href":"https:\/\/blogs.fu-berlin.de\/campusrun\/wp-json\/wp\/v2\/pages"}],"about":[{"href":"https:\/\/blogs.fu-berlin.de\/campusrun\/wp-json\/wp\/v2\/types\/page"}],"author":[{"embeddable":true,"href":"https:\/\/blogs.fu-berlin.de\/campusrun\/wp-json\/wp\/v2\/users\/2541"}],"replies":[{"embeddable":true,"href":"https:\/\/blogs.fu-berlin.de\/campusrun\/wp-json\/wp\/v2\/comments?post=1725"}],"version-history":[{"count":43,"href":"https:\/\/blogs.fu-berlin.de\/campusrun\/wp-json\/wp\/v2\/pages\/1725\/revisions"}],"predecessor-version":[{"id":2728,"href":"https:\/\/blogs.fu-berlin.de\/campusrun\/wp-json\/wp\/v2\/pages\/1725\/revisions\/2728"}],"wp:featuredmedia":[{"embeddable":true,"href":"https:\/\/blogs.fu-berlin.de\/campusrun\/wp-json\/wp\/v2\/media\/2718"}],"wp:attachment":[{"href":"https:\/\/blogs.fu-berlin.de\/campusrun\/wp-json\/wp\/v2\/media?parent=1725"}],"curies":[{"name":"wp","href":"https:\/\/api.w.org\/{rel}","templated":true}]}}