{"id":1731,"date":"2022-06-06T19:41:16","date_gmt":"2022-06-06T17:41:16","guid":{"rendered":"https:\/\/blogs.fu-berlin.de\/campusrun\/?page_id=1731"},"modified":"2026-01-06T12:10:13","modified_gmt":"2026-01-06T11:10:13","slug":"lageplan","status":"publish","type":"page","link":"https:\/\/blogs.fu-berlin.de\/campusrun\/lageplan\/","title":{"rendered":"Lageplan"},"content":{"rendered":"\n<figure class=\"wp-block-image size-large\"><a href=\"https:\/\/blogs.fu-berlin.de\/campusrun\/files\/2025\/06\/lageplan_sommerfest_2025-1.jpg\"><img loading=\"lazy\" decoding=\"async\" width=\"1024\" height=\"524\" src=\"https:\/\/blogs.fu-berlin.de\/campusrun\/files\/2025\/06\/lageplan_sommerfest_2025-1-1024x524.jpg\" alt=\"\" class=\"wp-image-2508\" srcset=\"https:\/\/blogs.fu-berlin.de\/campusrun\/files\/2025\/06\/lageplan_sommerfest_2025-1-1024x524.jpg 1024w, https:\/\/blogs.fu-berlin.de\/campusrun\/files\/2025\/06\/lageplan_sommerfest_2025-1-300x154.jpg 300w, https:\/\/blogs.fu-berlin.de\/campusrun\/files\/2025\/06\/lageplan_sommerfest_2025-1-768x393.jpg 768w, https:\/\/blogs.fu-berlin.de\/campusrun\/files\/2025\/06\/lageplan_sommerfest_2025-1-1200x614.jpg 1200w, https:\/\/blogs.fu-berlin.de\/campusrun\/files\/2025\/06\/lageplan_sommerfest_2025-1.jpg 1471w\" sizes=\"auto, (max-width: 709px) 85vw, (max-width: 909px) 67vw, (max-width: 1362px) 62vw, 840px\" \/><\/a><\/figure>\n\n\n\n<p>Der Start-\/Zielbereich befindet sich in der Fabeckstra\u00dfe auf H\u00f6he des Vorplatzes Rost-\/Silberlaube. <\/p>\n\n\n\n<p>Die Startnummern werden am Lauftag auf dem Vorplatz der Silberlaube ausgegeben. Bitte hole Dir nach M\u00f6glichkeit bereits vorher die Unterlagen ab. Es bestehen folgende <a href=\"https:\/\/blogs.fu-berlin.de\/campusrun\/checkliste-vor-dem-lauf-alle-wichtigen-infos\/\" data-type=\"page\" data-id=\"1725\">Ausgabem\u00f6glichkeiten<\/a><\/p>\n\n\n\n<p><\/p>\n\n\n\n<h2 class=\"wp-block-heading\"><strong>Anmerkungen zum Lageplan<\/strong><\/h2>\n\n\n\n<p><strong>Umkleiden:<\/strong>&nbsp;Es stehen begrenzte Kapazit\u00e4ten f\u00fcr die Umkleiden zur Verf\u00fcgung. Umkleiden werden vor der Silberlaube im neuen Modulbau zur Verf\u00fcgung gestellt. (siehe Lageplan). Falls m\u00f6glich, bitte direkt in Laufkleidung kommen!<strong><br><br>Garderobe:&nbsp;<\/strong>Alle L\u00e4ufer*innen k\u00f6nnen eine Tasche oder einen Rucksack an der Garderobe (siehe Plan) abgeben<strong>.<\/strong>Wer die M\u00f6glichkeit hat, Tasche oder Rucksack anderweitig zu lagern (B\u00fcro oder Schlie\u00dffach), sollte davon Gebrauch machen, um lange Wartezeiten zu vermeiden.<br>Die Garderobe hat von 15 bis 19 Uhr ge\u00f6ffnet. Bis 19 Uhr m\u00fcssen alle Taschen\/R\u00fccks\u00e4cke wieder abgeholt werden!<br><strong>&nbsp;<br>Duschen:&nbsp;<\/strong>Aufgrund der hohen Teilnehmer*innenzahl k\u00f6nnen wir leider keine Duschm\u00f6glichkeiten zur Verf\u00fcgung stellen.<\/p>\n\n\n\n<p><strong>WC:<\/strong>&nbsp;Bitte nutzen Sie die zahlreichen \u201e\u00d6rtlichkeiten\u201c in der N\u00e4he des Start-\/Zielbereiches. Sowohl in den Geb\u00e4uden (Fabeckstra\u00dfe, Rost- und Silberlaube, Holzlaube, Modulbau) als auch im Outdoor-Bereich stehen entsprechende M\u00f6glichkeiten bereit. <\/p>\n","protected":false},"excerpt":{"rendered":"<p>Der Start-\/Zielbereich befindet sich in der Fabeckstra\u00dfe auf H\u00f6he des Vorplatzes Rost-\/Silberlaube. Die Startnummern werden am Lauftag auf dem Vorplatz der Silberlaube ausgegeben. Bitte hole Dir nach M\u00f6glichkeit bereits vorher die Unterlagen ab. Es bestehen folgende Ausgabem\u00f6glichkeiten Anmerkungen zum Lageplan Umkleiden:&nbsp;Es stehen begrenzte Kapazit\u00e4ten f\u00fcr die Umkleiden zur Verf\u00fcgung. Umkleiden werden vor der Silberlaube im &hellip; <a href=\"https:\/\/blogs.fu-berlin.de\/campusrun\/lageplan\/\" class=\"more-link\"><span class=\"screen-reader-text\">\u201eLageplan\u201c<\/span> weiterlesen<\/a><\/p>\n","protected":false},"author":2541,"featured_media":2718,"parent":0,"menu_order":0,"comment_status":"closed","ping_status":"closed","template":"","meta":{"footnotes":""},"class_list":["post-1731","page","type-page","status-publish","has-post-thumbnail","hentry"],"_links":{"self":[{"href":"https:\/\/blogs.fu-berlin.de\/campusrun\/wp-json\/wp\/v2\/pages\/1731","targetHints":{"allow":["GET"]}}],"collection":[{"href":"https:\/\/blogs.fu-berlin.de\/campusrun\/wp-json\/wp\/v2\/pages"}],"about":[{"href":"https:\/\/blogs.fu-berlin.de\/campusrun\/wp-json\/wp\/v2\/types\/page"}],"author":[{"embeddable":true,"href":"https:\/\/blogs.fu-berlin.de\/campusrun\/wp-json\/wp\/v2\/users\/2541"}],"replies":[{"embeddable":true,"href":"https:\/\/blogs.fu-berlin.de\/campusrun\/wp-json\/wp\/v2\/comments?post=1731"}],"version-history":[{"count":14,"href":"https:\/\/blogs.fu-berlin.de\/campusrun\/wp-json\/wp\/v2\/pages\/1731\/revisions"}],"predecessor-version":[{"id":2509,"href":"https:\/\/blogs.fu-berlin.de\/campusrun\/wp-json\/wp\/v2\/pages\/1731\/revisions\/2509"}],"wp:featuredmedia":[{"embeddable":true,"href":"https:\/\/blogs.fu-berlin.de\/campusrun\/wp-json\/wp\/v2\/media\/2718"}],"wp:attachment":[{"href":"https:\/\/blogs.fu-berlin.de\/campusrun\/wp-json\/wp\/v2\/media?parent=1731"}],"curies":[{"name":"wp","href":"https:\/\/api.w.org\/{rel}","templated":true}]}}