{"id":2,"date":"2016-02-24T08:36:24","date_gmt":"2016-02-24T07:36:24","guid":{"rendered":""},"modified":"2023-06-30T12:03:33","modified_gmt":"2023-06-30T10:03:33","slug":"impressum","status":"publish","type":"page","link":"https:\/\/blogs.fu-berlin.de\/campusrun\/impressum\/","title":{"rendered":"Impressum"},"content":{"rendered":"<h2>Dienstanbieter:<\/h2>\n<p>Freie Universit\u00e4t Berlin, vertreten durch den <a href=\"https:\/\/www.fu-berlin.de\/einrichtungen\/organe\/praesidium\/praesident\/index.html\" target=\"_self\" rel=\"noopener noreferrer\">Pr\u00e4sidenten<\/a>.<\/p>\n<h2>Anschrift:<\/h2>\n<p>Freie Universit\u00e4t Berlin<br>\nPr\u00e4sidium<br>\nKaiserswerther Str. 16\/18<br>\n14195 Berlin<\/p>\n<h2><strong>Umsatzsteueridentifikationsnummer:<\/strong><\/h2>\n<p>DE 811304768<\/p>\n<h2>Inhaltliche Verantwortung nach \u00a7 55 RfStV:<\/h2>\n<p>Zentraleinrichtung Hochschulsport (ZEH)<br>\nK\u00f6nigin-Luise-Stra\u00dfe 47<br>\n14195 Berlin<\/p>\n<p>Telefon&nbsp;&nbsp; &nbsp;+49-(0)30-838 58156<br>\nwww.hochschulsport.fu-berlin.de<br>\ninfo@hochschulsport.fu-berlin.de<\/p>\n<h2>Rechtsform:<\/h2>\n<p>Die Freie Universit\u00e4t Berlin ist eine K\u00f6rperschaft des \u00f6ffentlichen Rechts gem. \u00a7\u00a7 1 und 2 Berliner Hochschulgesetz (BerlHG). Das Webangebot der Freien Universit\u00e4t Berlin unterliegt dem geltenden <a title=\"Freie Universit\u00e4t Berlin: Urheberrecht\/Copyright\" href=\"https:\/\/www.fu-berlin.de\/redaktion\/copyright\/index.html\">Urheberrecht<\/a>. Beachten Sie bitte auch unseren <a title=\"Haftungsausschluss - Disclaimer, FU Berlin\" href=\"https:\/\/www.fu-berlin.de\/redaktion\/disclaimer\/index.html\">Haftungsausschluss\/Disclaimer.<\/a><\/p>\n<h2>Aufsichtsbeh\u00f6rde<\/h2>\n<p>Aufsichtsbeh\u00f6rde ist die nach \u00a7 89 BerlHG zust\u00e4ndige Berliner Senatsverwaltung f\u00fcr Bildung, Wissenschaft und Forschung.<\/p>\n\n\n<h3 class=\"wp-block-heading\">Datenschutz<\/h3>\n\n\n\n<p><a href=\"https:\/\/www.fu-berlin.de\/redaktion\/impressum\/datenschutzhinweise\/index.html\">Hinweise zum Datenschutz<\/a><\/p>\n\n\n\n<h3 class=\"wp-block-heading\">Soziale Medien<\/h3>\n\n\n\n<p><a href=\"https:\/\/www.fu-berlin.de\/redaktion\/impressum\/hinweis_social-media\/index.html\">Hinweise zur Nutzung sozialer Medien<\/a><\/p>\n\n\n\n<p>Fotos: (Startseite) <a href=\"https:\/\/de.vecteezy.com\/fotos-kostenlos\">Fotos auf Lager von Vecteezy<\/a><\/p>\n","protected":false},"excerpt":{"rendered":"<p>Dienstanbieter: Freie Universit\u00e4t Berlin, vertreten durch den Pr\u00e4sidenten. Anschrift: Freie Universit\u00e4t Berlin Pr\u00e4sidium Kaiserswerther Str. 16\/18 14195 Berlin Umsatzsteueridentifikationsnummer: DE 811304768 Inhaltliche Verantwortung nach \u00a7 55 RfStV: Zentraleinrichtung Hochschulsport (ZEH) K\u00f6nigin-Luise-Stra\u00dfe 47 14195 Berlin Telefon&nbsp;&nbsp; &nbsp;+49-(0)30-838 58156 www.hochschulsport.fu-berlin.de info@hochschulsport.fu-berlin.de Rechtsform: Die Freie Universit\u00e4t Berlin ist eine K\u00f6rperschaft des \u00f6ffentlichen Rechts gem. \u00a7\u00a7 1 und 2 &hellip; <a href=\"https:\/\/blogs.fu-berlin.de\/campusrun\/impressum\/\" class=\"more-link\"><span class=\"screen-reader-text\">\u201eImpressum\u201c<\/span> weiterlesen<\/a><\/p>\n","protected":false},"author":2541,"featured_media":0,"parent":0,"menu_order":10,"comment_status":"closed","ping_status":"open","template":"","meta":{"footnotes":""},"class_list":["post-2","page","type-page","status-publish","hentry"],"_links":{"self":[{"href":"https:\/\/blogs.fu-berlin.de\/campusrun\/wp-json\/wp\/v2\/pages\/2","targetHints":{"allow":["GET"]}}],"collection":[{"href":"https:\/\/blogs.fu-berlin.de\/campusrun\/wp-json\/wp\/v2\/pages"}],"about":[{"href":"https:\/\/blogs.fu-berlin.de\/campusrun\/wp-json\/wp\/v2\/types\/page"}],"author":[{"embeddable":true,"href":"https:\/\/blogs.fu-berlin.de\/campusrun\/wp-json\/wp\/v2\/users\/2541"}],"replies":[{"embeddable":true,"href":"https:\/\/blogs.fu-berlin.de\/campusrun\/wp-json\/wp\/v2\/comments?post=2"}],"version-history":[{"count":5,"href":"https:\/\/blogs.fu-berlin.de\/campusrun\/wp-json\/wp\/v2\/pages\/2\/revisions"}],"predecessor-version":[{"id":1395,"href":"https:\/\/blogs.fu-berlin.de\/campusrun\/wp-json\/wp\/v2\/pages\/2\/revisions\/1395"}],"wp:attachment":[{"href":"https:\/\/blogs.fu-berlin.de\/campusrun\/wp-json\/wp\/v2\/media?parent=2"}],"curies":[{"name":"wp","href":"https:\/\/api.w.org\/{rel}","templated":true}]}}