{"id":63,"date":"2016-02-26T13:34:33","date_gmt":"2016-02-26T12:34:33","guid":{"rendered":"https:\/\/blogs.fu-berlin.de\/campusrun\/?page_id=63"},"modified":"2026-04-09T11:33:56","modified_gmt":"2026-04-09T09:33:56","slug":"partner","status":"publish","type":"page","link":"https:\/\/blogs.fu-berlin.de\/campusrun\/partner\/","title":{"rendered":"Partner"},"content":{"rendered":"\n<h2 class=\"wp-block-heading\">Wir bedanken uns bei unseren Sponsoren und Partnern!<\/h2>\n\n\n\n<h2 class=\"wp-block-heading\"><strong>F\u00f6rderer des Campus Run`s<br><\/strong><\/h2>\n\n\n\n<p><strong><figure class=\"wp-block-image alignright size-full is-resized\" style=\"font-weight: 400\"><a href=\"https:\/\/www.fu-berlin.de\/sites\/erg\/index.html\" target=\"_blank\" rel=\"noreferrer noopener\"><img loading=\"lazy\" decoding=\"async\" width=\"700\" height=\"168\" class=\"wp-image-2576\" style=\"width: 350px;height: 84px\" src=\"https:\/\/blogs.fu-berlin.de\/campusrun\/files\/2025\/07\/ERG-logo-1.png\" alt=\"\" srcset=\"https:\/\/blogs.fu-berlin.de\/campusrun\/files\/2025\/07\/ERG-logo-1.png 700w, https:\/\/blogs.fu-berlin.de\/campusrun\/files\/2025\/07\/ERG-logo-1-300x72.png 300w\" sizes=\"auto, (max-width: 700px) 85vw, 700px\" \/><\/a><\/figure>Ernst-Reuter-Gesellschaft<\/strong><\/p>\n\n\n\n<p>Am 27. Januar 1954 wurde der gemeinn\u00fctzige Verein Ernst-Reuter-Gesellschaft der F\u00f6rderer &amp; Freunde der Freien Universit\u00e4t Berlin e.V. gegr\u00fcndet. Die Ernst-Reuter-Gesellschaft erfreut sich seit Jahren einer kontinuierlich wachsenden Mitgliederzahl.<\/p>\n\n\n\n<p>Vereinszweck ist es, die Freie Universit\u00e4t Berlin als unabh\u00e4ngige St\u00e4tte des freien Geistes zu pflegen und zu st\u00e4rken und der Freien Universit\u00e4t unent-geltlich ideelle und materielle Hilfe zu leisten.<\/p>\n\n\n\n<p><a href=\"https:\/\/www.fu-berlin.de\/sites\/erg\/index.html\">www.fu-berlin.de\/sites\/erg\/index.html<\/a><\/p>\n\n\n\n<hr class=\"wp-block-separator has-alpha-channel-opacity\" \/>\n\n\n<div class=\"wp-block-image\">\n<figure class=\"alignright size-full is-resized\"><img loading=\"lazy\" decoding=\"async\" width=\"988\" height=\"182\" src=\"https:\/\/blogs.fu-berlin.de\/campusrun\/files\/2026\/04\/TK-Logo_Koop_Unterstuetzung_klein_re_pos.png\" alt=\"\" class=\"wp-image-2788\" style=\"aspect-ratio:4.166666666666667;width:297px;height:auto\" srcset=\"https:\/\/blogs.fu-berlin.de\/campusrun\/files\/2026\/04\/TK-Logo_Koop_Unterstuetzung_klein_re_pos.png 988w, https:\/\/blogs.fu-berlin.de\/campusrun\/files\/2026\/04\/TK-Logo_Koop_Unterstuetzung_klein_re_pos-300x55.png 300w, https:\/\/blogs.fu-berlin.de\/campusrun\/files\/2026\/04\/TK-Logo_Koop_Unterstuetzung_klein_re_pos-768x141.png 768w\" sizes=\"auto, (max-width: 709px) 85vw, (max-width: 909px) 67vw, (max-width: 1362px) 62vw, 840px\" \/><\/figure><\/div>\n\n\n<p><strong>Techniker Krankenkasse<\/strong><\/p>\n\n\n\n<p>Du bist eher Bewegungsmuffel? Dann ist jetzt der perfekte Moment, das zu \u00e4ndern! Alle Studierenden, die sich f\u00fcr die 2,5 km-Strecke beim Campus Run anmelden, erhalten ein hochwertiges Funktion-Laufshirt\u00a0im Campus Run Design\u00a0gratis (max. 300 St\u00fcck). Egal, ob du gem\u00fctlich spazieren oder sportlich an den Start gehen m\u00f6chtest \u2013 Hauptsache, du bist dabei und tust deinem K\u00f6rper etwas Gutes.<\/p>\n\n\n\n<p>Diese Aktion wird von der Techniker Krankenkasse gef\u00f6rdert und richtet sich exklusiv an Studierende, die mehr Bewegung in ihren Alltag bringen wollen. Starte sportlich in den Campus-Sommer \u2013 mit mehr Energie und neuem Outfit!<\/p>\n\n\n\n<p><\/p>\n\n\n\n<hr class=\"wp-block-separator has-alpha-channel-opacity\" \/>\n\n\n\n<h1 class=\"wp-block-heading\">Partner 2026 <\/h1>\n\n\n\n<h2 class=\"wp-block-heading\">Lollapalooza<\/h2>\n\n\n\n<figure class=\"wp-block-image size-full is-resized\"><a href=\"https:\/\/www.lollapaloozade.com\/?r=0\" target=\"_blank\" rel=\" noreferrer noopener\"><img loading=\"lazy\" decoding=\"async\" width=\"800\" height=\"792\" src=\"https:\/\/blogs.fu-berlin.de\/campusrun\/files\/2026\/03\/lollapalooza_2026_lineup.png\" alt=\"\" class=\"wp-image-2757\" style=\"width:514px;height:auto\" srcset=\"https:\/\/blogs.fu-berlin.de\/campusrun\/files\/2026\/03\/lollapalooza_2026_lineup.png 800w, https:\/\/blogs.fu-berlin.de\/campusrun\/files\/2026\/03\/lollapalooza_2026_lineup-300x297.png 300w, https:\/\/blogs.fu-berlin.de\/campusrun\/files\/2026\/03\/lollapalooza_2026_lineup-150x150.png 150w, https:\/\/blogs.fu-berlin.de\/campusrun\/files\/2026\/03\/lollapalooza_2026_lineup-768x760.png 768w\" sizes=\"auto, (max-width: 800px) 85vw, 800px\" \/><\/a><\/figure>\n\n\n\n<p>Erlebe eines der gr\u00f6\u00dften Musikfestivals Europas mitten in Berlin: Das&nbsp;<strong>Lollapalooza Berlin 2026<\/strong>&nbsp;verwandelt am 18. und 19. Juli das Olympiastadion und den Olympiapark in eine bunte Festivalwelt voller Musik, Kunst und Entertainment. Zwei Tage lang erwarten dich internationale Top-Acts, beeindruckende B\u00fchnen, kreative Erlebnisbereiche und echtes Sommerfeeling in der Hauptstadt. Hol dir jetzt dein Ticket und sei dabei, wenn Berlin wieder zum Lolla-Playground wird!<br><\/p>\n\n\n\n<figure class=\"wp-block-image size-full is-resized\"><a href=\"https:\/\/www.berlinathon.de\" target=\"_blank\" rel=\" noreferrer noopener\"><img loading=\"lazy\" decoding=\"async\" width=\"800\" height=\"792\" src=\"https:\/\/blogs.fu-berlin.de\/campusrun\/files\/2026\/03\/berlinathon_2026.png\" alt=\"\" class=\"wp-image-2759\" style=\"width:517px;height:auto\" srcset=\"https:\/\/blogs.fu-berlin.de\/campusrun\/files\/2026\/03\/berlinathon_2026.png 800w, https:\/\/blogs.fu-berlin.de\/campusrun\/files\/2026\/03\/berlinathon_2026-300x297.png 300w, https:\/\/blogs.fu-berlin.de\/campusrun\/files\/2026\/03\/berlinathon_2026-150x150.png 150w, https:\/\/blogs.fu-berlin.de\/campusrun\/files\/2026\/03\/berlinathon_2026-768x760.png 768w\" sizes=\"auto, (max-width: 800px) 85vw, 800px\" \/><\/a><\/figure>\n\n\n\n<h2 class=\"wp-block-heading\"><strong>Berlinathon \u2013 laufend Kultur erleben!<\/strong><\/h2>\n\n\n\n<p>Ab dem 26. April geht es wieder los: Bei&nbsp;<strong>neun Berlinathon L\u00e4ufen von Ende April bis Ende August<\/strong>&nbsp;k\u00f6nnt ihr Berlin auf eine v\u00f6llig neue Art entdecken \u2013 laufend durch die Stadt, vorbei an spannenden Kulturst\u00e4tten und durch die angesagtesten Berliner&nbsp;Kieze.<\/p>\n\n\n\n<p>Die&nbsp;<strong>3, 7 oder 11 Kilometer langen Strecken<\/strong>&nbsp;bieten jede Menge Highlights, die es zu sehen und zu erleben gibt. Im Mittelpunkt stehen Begegnungen, gemeinsame Erlebnisse und der Spa\u00df am Laufen, nicht die Bestzeiten.&nbsp;Anmelden k\u00f6nnt ihr euch unter&nbsp;<a href=\"http:\/\/www.berlinathon.de\/\">www.berlinathon.de<\/a>.&nbsp;<\/p>\n\n\n\n<h2 class=\"wp-block-heading\"><\/h2>\n\n\n\n<hr class=\"wp-block-separator has-alpha-channel-opacity\" \/>\n\n\n\n<h2 class=\"wp-block-heading\">Sie haben Interesse an einer Partnerschaft?<\/h2>\n\n\n\n<p>Sie m\u00f6chten den Campus Run unterst\u00fctzen?&nbsp; Wenn Sie eine klar definierte Zielgruppe im Umfeld der Freien Universit\u00e4t ansprechen m\u00f6chten, sind Sie bei uns an der richtigen Stelle! Bei uns finden Sie die Entscheider von morgen!<\/p>\n\n\n\n<p>Wir bieten Ihnen zudem attraktive und auf Ihre Bed\u00fcrfnisse angepasste Werbem\u00f6glichkeiten rund um den Hochschulsport. <a href=\"https:\/\/www.hochschulsport.fu-berlin.de\/ressourcen\/Seiten\/Partner-werden.html\">HIER<\/a> finden Sie weitere Informationen!<\/p>\n\n\n\n<p>Bei Interesse wenden Sie sich gerne an:<br>Lutz Nichelmann<br>Fon: 030 &#8211; 838 673 52<br>Mail: <a href=\"mailto:Lutz.Nichelmann@fu-berlin.de\">Lutz.Nichelmann@fu-berlin.de<\/a><\/p>\n","protected":false},"excerpt":{"rendered":"<p>Wir bedanken uns bei unseren Sponsoren und Partnern! F\u00f6rderer des Campus Run`s Ernst-Reuter-Gesellschaft Am 27. Januar 1954 wurde der gemeinn\u00fctzige Verein Ernst-Reuter-Gesellschaft der F\u00f6rderer &amp; Freunde der Freien Universit\u00e4t Berlin e.V. gegr\u00fcndet. Die Ernst-Reuter-Gesellschaft erfreut sich seit Jahren einer kontinuierlich wachsenden Mitgliederzahl. Vereinszweck ist es, die Freie Universit\u00e4t Berlin als unabh\u00e4ngige St\u00e4tte des freien Geistes &hellip; <a href=\"https:\/\/blogs.fu-berlin.de\/campusrun\/partner\/\" class=\"more-link\"><span class=\"screen-reader-text\">\u201ePartner\u201c<\/span> weiterlesen<\/a><\/p>\n","protected":false},"author":4131,"featured_media":2718,"parent":0,"menu_order":4,"comment_status":"closed","ping_status":"closed","template":"","meta":{"footnotes":""},"class_list":["post-63","page","type-page","status-publish","has-post-thumbnail","hentry"],"_links":{"self":[{"href":"https:\/\/blogs.fu-berlin.de\/campusrun\/wp-json\/wp\/v2\/pages\/63","targetHints":{"allow":["GET"]}}],"collection":[{"href":"https:\/\/blogs.fu-berlin.de\/campusrun\/wp-json\/wp\/v2\/pages"}],"about":[{"href":"https:\/\/blogs.fu-berlin.de\/campusrun\/wp-json\/wp\/v2\/types\/page"}],"author":[{"embeddable":true,"href":"https:\/\/blogs.fu-berlin.de\/campusrun\/wp-json\/wp\/v2\/users\/4131"}],"replies":[{"embeddable":true,"href":"https:\/\/blogs.fu-berlin.de\/campusrun\/wp-json\/wp\/v2\/comments?post=63"}],"version-history":[{"count":108,"href":"https:\/\/blogs.fu-berlin.de\/campusrun\/wp-json\/wp\/v2\/pages\/63\/revisions"}],"predecessor-version":[{"id":2792,"href":"https:\/\/blogs.fu-berlin.de\/campusrun\/wp-json\/wp\/v2\/pages\/63\/revisions\/2792"}],"wp:featuredmedia":[{"embeddable":true,"href":"https:\/\/blogs.fu-berlin.de\/campusrun\/wp-json\/wp\/v2\/media\/2718"}],"wp:attachment":[{"href":"https:\/\/blogs.fu-berlin.de\/campusrun\/wp-json\/wp\/v2\/media?parent=63"}],"curies":[{"name":"wp","href":"https:\/\/api.w.org\/{rel}","templated":true}]}}