{"id":805,"date":"2020-07-07T14:17:02","date_gmt":"2020-07-07T12:17:02","guid":{"rendered":"https:\/\/blogs.fu-berlin.de\/campusrun\/?page_id=805"},"modified":"2020-07-30T09:52:26","modified_gmt":"2020-07-30T07:52:26","slug":"online-challenge-2020","status":"publish","type":"page","link":"https:\/\/blogs.fu-berlin.de\/campusrun\/online-challenge-2020\/","title":{"rendered":"Online Challenge 2020"},"content":{"rendered":"\n<p><strong>ANMELDUNG<\/strong><\/p>\n\n\n\n<p>Aufgrund von Covid-19 mussten wir leider den Campus Run und das parallel geplante Sommerfest absagen, dennoch freuen wir uns auf Deine Teilnahme.<\/p>\n\n\n\n<p>Die Teilnehmerzahl ist unbegrenzt und der Lauf ist ortsunabh\u00e4ngig, sodass in diesem Jahr alle interessierten L\u00e4uferinnen und L\u00e4ufer mitmachen k\u00f6nnen. <\/p>\n\n\n\n<p>Die Teilnahme ist kostenlos. Sie steht allen Interessierten offen und ist unbegrenzt.<\/p>\n\n\n\n<p>Mit Deiner Anmeldung erkl\u00e4rst Du Dich damit einverstanden, dass wir Deine Ergebnisse und Deinen vollst\u00e4ndigen Vor- und Nachnamen auf unseren Social Media Kan\u00e4len sowie unserer Website ver\u00f6ffentlichen d\u00fcrfen.<\/p>\n\n\n\n<p>&gt;&gt; <a rel=\"noreferrer noopener\" href=\"https:\/\/www.buchsys.de\/fu-berlin\/angebote\/aktueller_zeitraum\/_Campus_Run_Online_Challenge_2020.html\" target=\"_blank\">ZUR ANMELDUNG &#8211; hier klicken<\/a> &lt;&lt;<\/p>\n\n\n\n<p class=\"has-small-font-size\">* Mit der Anmeldung erkl\u00e4re ich, dass ich f\u00fcr die Teilnahme an diesem Wettbewerb ausreichend trainiert habe, k\u00f6rperlich gesund bin und mir mein Gesundheitszustand \u00e4rztlich best\u00e4tigt wurde. Dar\u00fcber hinaus erteile ich mit der Anmeldung zur Campus Run Online Challenge 2020 mein Einverst\u00e4ndnis, dass der UniSport meine Ergebnisse und meinen vollst\u00e4ndigen Vor- und Nachnamen auf deren Social Media Kan\u00e4len sowie auf der Website ver\u00f6ffentlichen darf.<\/p>\n\n\n\n<p><\/p>\n","protected":false},"excerpt":{"rendered":"<p>ANMELDUNG Aufgrund von Covid-19 mussten wir leider den Campus Run und das parallel geplante Sommerfest absagen, dennoch freuen wir uns auf Deine Teilnahme. Die Teilnehmerzahl ist unbegrenzt und der Lauf ist ortsunabh\u00e4ngig, sodass in diesem Jahr alle interessierten L\u00e4uferinnen und L\u00e4ufer mitmachen k\u00f6nnen. Die Teilnahme ist kostenlos. Sie steht allen Interessierten offen und ist unbegrenzt. &hellip; <a href=\"https:\/\/blogs.fu-berlin.de\/campusrun\/online-challenge-2020\/\" class=\"more-link\"><span class=\"screen-reader-text\">\u201eOnline Challenge 2020\u201c<\/span> weiterlesen<\/a><\/p>\n","protected":false},"author":2541,"featured_media":0,"parent":0,"menu_order":0,"comment_status":"closed","ping_status":"closed","template":"","meta":{"footnotes":""},"class_list":["post-805","page","type-page","status-publish","hentry"],"_links":{"self":[{"href":"https:\/\/blogs.fu-berlin.de\/campusrun\/wp-json\/wp\/v2\/pages\/805","targetHints":{"allow":["GET"]}}],"collection":[{"href":"https:\/\/blogs.fu-berlin.de\/campusrun\/wp-json\/wp\/v2\/pages"}],"about":[{"href":"https:\/\/blogs.fu-berlin.de\/campusrun\/wp-json\/wp\/v2\/types\/page"}],"author":[{"embeddable":true,"href":"https:\/\/blogs.fu-berlin.de\/campusrun\/wp-json\/wp\/v2\/users\/2541"}],"replies":[{"embeddable":true,"href":"https:\/\/blogs.fu-berlin.de\/campusrun\/wp-json\/wp\/v2\/comments?post=805"}],"version-history":[{"count":6,"href":"https:\/\/blogs.fu-berlin.de\/campusrun\/wp-json\/wp\/v2\/pages\/805\/revisions"}],"predecessor-version":[{"id":916,"href":"https:\/\/blogs.fu-berlin.de\/campusrun\/wp-json\/wp\/v2\/pages\/805\/revisions\/916"}],"wp:attachment":[{"href":"https:\/\/blogs.fu-berlin.de\/campusrun\/wp-json\/wp\/v2\/media?parent=805"}],"curies":[{"name":"wp","href":"https:\/\/api.w.org\/{rel}","templated":true}]}}