{"id":840,"date":"2020-07-28T15:32:39","date_gmt":"2020-07-28T13:32:39","guid":{"rendered":"https:\/\/blogs.fu-berlin.de\/campusrun\/?page_id=840"},"modified":"2026-04-23T17:07:17","modified_gmt":"2026-04-23T15:07:17","slug":"anmeldung-2","status":"publish","type":"page","link":"https:\/\/blogs.fu-berlin.de\/campusrun\/anmeldung-2\/","title":{"rendered":"Anmeldung"},"content":{"rendered":"\n<p>Die Anmeldung ist ab sofort m\u00f6glich:<\/p>\n\n\n\n<p><a href=\"https:\/\/www.fu-sport.de\/angebote\/aktueller_zeitraum\/__Campus_Run_2026__.html\">https:\/\/www.fu-sport.de\/angebote\/aktueller_zeitraum\/__Campus_Run_2026__.html<\/a><\/p>\n\n\n\n<p><strong>Die Anmeldephase endet am 18.06.2026!<\/strong><\/p>\n\n\n\n<h2 class=\"wp-block-heading\">Nachmeldungen <\/h2>\n\n\n\n<p>Ein begrenztes Kontingent an Nachmeldungen nehmen wir noch im Rahmen der Startunterlagenausgabe gegen ein erh\u00f6htes Nachmeldeentgelt an. Ort und Zeit siehe&nbsp;<a href=\"https:\/\/blogs.fu-berlin.de\/campusrun\/checkliste-vor-dem-lauf-alle-wichtigen-infos\/\">hier<\/a><\/p>\n\n\n\n<h2 class=\"wp-block-heading\">Startgeb\u00fchren<\/h2>\n\n\n\n<p>Die Startgeb\u00fchren variieren je nach Strecke und Anmeldestatus (Studierende, Besch\u00e4ftigte und Externe). Sie inkludieren alle anfallenden Kosten wie Zeitnahme, Verpflegung und Stra\u00dfensperrungen.<\/p>\n\n\n\n<p><strong>1 km KDS Lauf<\/strong> (bis 10 Jahre)<br>5 \u20ac<\/p>\n\n\n\n<p>2,5km, <strong>5 km, 7,5 km oder 10 km<\/strong><br>12 \u20ac (Studierende)<br>14 \u20ac (Besch\u00e4ftigte)<br>17 \u20ac (Externe)<\/p>\n\n\n\n<p><strong>Nachmeldegeb\u00fchr (unabh\u00e4ngig von der Strecke): <\/strong><br>  7 \u20ac (Kids)<br>17 \u20ac (Studierende)<br>19 \u20ac (Besch\u00e4ftigte)<br>22 \u20ac (Externe)<\/p>\n\n\n\n<p><br><strong>STRECKENL\u00c4NGE<\/strong><br>Die Teilnehmer*innen des&nbsp;Campus Run&nbsp;k\u00f6nnen in vier Kategorien je nach Altersklasse und Lauftempo an den Start gehen:<br>Kinder bis zehn Jahre (Jahrgang 2015 und j\u00fcnger) laufen eine Strecke von ca.&nbsp;<strong>1.000 Metern<\/strong>&nbsp;<em>(Minderj\u00e4hrige ben\u00f6tigen zur Anmeldung das schriftliche Einverst\u00e4ndnis von Erziehungsberechtigten.)<\/em>,<br>Erwachsene und Jugendliche k\u00f6nnen sich eine Strecke \u00fcber&nbsp;<strong>2,5km,<\/strong> <strong>5km, 7,5km oder 10km&nbsp;<\/strong>ausw\u00e4hlen.<\/p>\n\n\n\n<p><\/p>\n\n\n\n<p>Solltest Du noch Fragen haben, dann schau doch einfach mal in unsere <a href=\"https:\/\/blogs.fu-berlin.de\/campusrun\/faq\/\">FAQs<\/a>.<\/p>\n\n\n\n<p><\/p>\n\n\n\n<p class=\"has-small-font-size\">* Mit der Anmeldung erkl\u00e4re ich, dass ich f\u00fcr die Teilnahme an diesem Wettbewerb ausreichend trainiert habe, k\u00f6rperlich gesund bin und mir mein Gesundheitszustand \u00e4rztlich best\u00e4tigt wurde. Dar\u00fcber hinaus erteile ich mit der Anmeldung  mein Einverst\u00e4ndnis, dass der UniSport meine Ergebnisse und meinen vollst\u00e4ndigen Vor- und Nachnamen auf deren Social Media Kan\u00e4len sowie auf der Website ver\u00f6ffentlichen darf.<\/p>\n\n\n\n<ul class=\"wp-block-social-links alignleft is-layout-flex wp-block-social-links-is-layout-flex\">\n\n<li class=\"wp-social-link wp-social-link-facebook  wp-block-social-link\"><a href=\"https:\/\/www.facebook.com\/unisport.fu.berlin\/\" class=\"wp-block-social-link-anchor\"><svg width=\"24\" height=\"24\" viewBox=\"0 0 24 24\" version=\"1.1\" xmlns=\"http:\/\/www.w3.org\/2000\/svg\" aria-hidden=\"true\" focusable=\"false\"><path d=\"M12 2C6.5 2 2 6.5 2 12c0 5 3.7 9.1 8.4 9.9v-7H7.9V12h2.5V9.8c0-2.5 1.5-3.9 3.8-3.9 1.1 0 2.2.2 2.2.2v2.5h-1.3c-1.2 0-1.6.8-1.6 1.6V12h2.8l-.4 2.9h-2.3v7C18.3 21.1 22 17 22 12c0-5.5-4.5-10-10-10z\"><\/path><\/svg><span class=\"wp-block-social-link-label screen-reader-text\">Facebook<\/span><\/a><\/li>\n\n\n\n<li class=\"wp-social-link wp-social-link-instagram  wp-block-social-link\"><a href=\"https:\/\/www.instagram.com\/fu_unisport\/\" class=\"wp-block-social-link-anchor\"><svg width=\"24\" height=\"24\" viewBox=\"0 0 24 24\" version=\"1.1\" xmlns=\"http:\/\/www.w3.org\/2000\/svg\" aria-hidden=\"true\" focusable=\"false\"><path d=\"M12,4.622c2.403,0,2.688,0.009,3.637,0.052c0.877,0.04,1.354,0.187,1.671,0.31c0.42,0.163,0.72,0.358,1.035,0.673 c0.315,0.315,0.51,0.615,0.673,1.035c0.123,0.317,0.27,0.794,0.31,1.671c0.043,0.949,0.052,1.234,0.052,3.637 s-0.009,2.688-0.052,3.637c-0.04,0.877-0.187,1.354-0.31,1.671c-0.163,0.42-0.358,0.72-0.673,1.035 c-0.315,0.315-0.615,0.51-1.035,0.673c-0.317,0.123-0.794,0.27-1.671,0.31c-0.949,0.043-1.233,0.052-3.637,0.052 s-2.688-0.009-3.637-0.052c-0.877-0.04-1.354-0.187-1.671-0.31c-0.42-0.163-0.72-0.358-1.035-0.673 c-0.315-0.315-0.51-0.615-0.673-1.035c-0.123-0.317-0.27-0.794-0.31-1.671C4.631,14.688,4.622,14.403,4.622,12 s0.009-2.688,0.052-3.637c0.04-0.877,0.187-1.354,0.31-1.671c0.163-0.42,0.358-0.72,0.673-1.035 c0.315-0.315,0.615-0.51,1.035-0.673c0.317-0.123,0.794-0.27,1.671-0.31C9.312,4.631,9.597,4.622,12,4.622 M12,3 C9.556,3,9.249,3.01,8.289,3.054C7.331,3.098,6.677,3.25,6.105,3.472C5.513,3.702,5.011,4.01,4.511,4.511 c-0.5,0.5-0.808,1.002-1.038,1.594C3.25,6.677,3.098,7.331,3.054,8.289C3.01,9.249,3,9.556,3,12c0,2.444,0.01,2.751,0.054,3.711 c0.044,0.958,0.196,1.612,0.418,2.185c0.23,0.592,0.538,1.094,1.038,1.594c0.5,0.5,1.002,0.808,1.594,1.038 c0.572,0.222,1.227,0.375,2.185,0.418C9.249,20.99,9.556,21,12,21s2.751-0.01,3.711-0.054c0.958-0.044,1.612-0.196,2.185-0.418 c0.592-0.23,1.094-0.538,1.594-1.038c0.5-0.5,0.808-1.002,1.038-1.594c0.222-0.572,0.375-1.227,0.418-2.185 C20.99,14.751,21,14.444,21,12s-0.01-2.751-0.054-3.711c-0.044-0.958-0.196-1.612-0.418-2.185c-0.23-0.592-0.538-1.094-1.038-1.594 c-0.5-0.5-1.002-0.808-1.594-1.038c-0.572-0.222-1.227-0.375-2.185-0.418C14.751,3.01,14.444,3,12,3L12,3z M12,7.378 c-2.552,0-4.622,2.069-4.622,4.622S9.448,16.622,12,16.622s4.622-2.069,4.622-4.622S14.552,7.378,12,7.378z M12,15 c-1.657,0-3-1.343-3-3s1.343-3,3-3s3,1.343,3,3S13.657,15,12,15z M16.804,6.116c-0.596,0-1.08,0.484-1.08,1.08 s0.484,1.08,1.08,1.08c0.596,0,1.08-0.484,1.08-1.08S17.401,6.116,16.804,6.116z\"><\/path><\/svg><span class=\"wp-block-social-link-label screen-reader-text\">Instagram<\/span><\/a><\/li>\n\n\n\n<\/ul>\n","protected":false},"excerpt":{"rendered":"<p>Die Anmeldung ist ab sofort m\u00f6glich: https:\/\/www.fu-sport.de\/angebote\/aktueller_zeitraum\/__Campus_Run_2026__.html Die Anmeldephase endet am 18.06.2026! Nachmeldungen Ein begrenztes Kontingent an Nachmeldungen nehmen wir noch im Rahmen der Startunterlagenausgabe gegen ein erh\u00f6htes Nachmeldeentgelt an. Ort und Zeit siehe&nbsp;hier Startgeb\u00fchren Die Startgeb\u00fchren variieren je nach Strecke und Anmeldestatus (Studierende, Besch\u00e4ftigte und Externe). Sie inkludieren alle anfallenden Kosten wie Zeitnahme, Verpflegung &hellip; <a href=\"https:\/\/blogs.fu-berlin.de\/campusrun\/anmeldung-2\/\" class=\"more-link\"><span class=\"screen-reader-text\">\u201eAnmeldung\u201c<\/span> weiterlesen<\/a><\/p>\n","protected":false},"author":4131,"featured_media":2718,"parent":0,"menu_order":0,"comment_status":"closed","ping_status":"closed","template":"","meta":{"footnotes":""},"class_list":["post-840","page","type-page","status-publish","has-post-thumbnail","hentry"],"_links":{"self":[{"href":"https:\/\/blogs.fu-berlin.de\/campusrun\/wp-json\/wp\/v2\/pages\/840","targetHints":{"allow":["GET"]}}],"collection":[{"href":"https:\/\/blogs.fu-berlin.de\/campusrun\/wp-json\/wp\/v2\/pages"}],"about":[{"href":"https:\/\/blogs.fu-berlin.de\/campusrun\/wp-json\/wp\/v2\/types\/page"}],"author":[{"embeddable":true,"href":"https:\/\/blogs.fu-berlin.de\/campusrun\/wp-json\/wp\/v2\/users\/4131"}],"replies":[{"embeddable":true,"href":"https:\/\/blogs.fu-berlin.de\/campusrun\/wp-json\/wp\/v2\/comments?post=840"}],"version-history":[{"count":42,"href":"https:\/\/blogs.fu-berlin.de\/campusrun\/wp-json\/wp\/v2\/pages\/840\/revisions"}],"predecessor-version":[{"id":2796,"href":"https:\/\/blogs.fu-berlin.de\/campusrun\/wp-json\/wp\/v2\/pages\/840\/revisions\/2796"}],"wp:featuredmedia":[{"embeddable":true,"href":"https:\/\/blogs.fu-berlin.de\/campusrun\/wp-json\/wp\/v2\/media\/2718"}],"wp:attachment":[{"href":"https:\/\/blogs.fu-berlin.de\/campusrun\/wp-json\/wp\/v2\/media?parent=840"}],"curies":[{"name":"wp","href":"https:\/\/api.w.org\/{rel}","templated":true}]}}