{"id":217,"date":"2016-10-12T15:14:21","date_gmt":"2016-10-12T13:14:21","guid":{"rendered":"https:\/\/blogs.fu-berlin.de\/cassis\/?page_id=217"},"modified":"2016-10-12T16:24:24","modified_gmt":"2016-10-12T14:24:24","slug":"abstract","status":"publish","type":"page","link":"https:\/\/blogs.fu-berlin.de\/cassis\/abstract\/","title":{"rendered":"Abstract"},"content":{"rendered":"<h2>CASSIS<br \/>\nDIE WEB-APP DER<br \/>\nFREIEN UNIVERSIT\u00c4T BERLIN<\/h2>\n<p>In der U-Bahn noch schnell nach den\u00a0\u00d6ffnungszeiten der Universit\u00e4tsbibliothek\u00a0sehen, den Termin f\u00fcr die Lerngruppe am\u00a0Nachmittag planen \u2013 und den Speiseplan\u00a0der Lieblingsmensa checken: Das\u00a0Center f\u00fcr Digitale Systeme (CeDiS) der\u00a0Freien Universit\u00e4t Berlin hat im Rahmen\u00a0des Projekts \u201eSUPPORT \u2013 Qualit\u00e4tspakt\u00a0f\u00fcr die Lehre\u201c eine App entwickelt, die\u00a0Studierenden und Mitarbeiter\/innen die\u00a0Orientierung auf dem Campus der Freien\u00a0Universit\u00e4t erleichtern und sie bei der\u00a0Organisation des Uni-Alltags mit verschiedenen\u00a0Funktionen unterst\u00fctzen soll, u.a.\u00a0die folgenden:<\/p>\n<h3>Campus-Map<\/h3>\n<p>S\u00e4mtliche Geb\u00e4ude der Freien Universit\u00e4t\u00a0Berlin sind auf einer Open Street\u00a0Map Karte verf\u00fcgbar und stellen offizielle\u00a0Details wie \u00d6ffnungszeiten, Kontaktdaten\u00a0wie Telefon, Mail etc. oder auch den\u00a0Speiseplan dar.<\/p>\n<table style=\"border-top: 0;border-bottom: 0\">\n<tbody>\n<tr>\n<td style=\"vertical-align: top;padding: 0;padding-right: 4px;border: 0\"><img loading=\"lazy\" decoding=\"async\" class=\"alignnone wp-image-232\" src=\"https:\/\/blogs.fu-berlin.de\/cassis\/files\/2016\/10\/Bildschirmfoto-2016-10-12-um-15.59.01.png\" alt=\"Cassis Campus Karte\" width=\"270\" height=\"450\" srcset=\"https:\/\/blogs.fu-berlin.de\/cassis\/files\/2016\/10\/Bildschirmfoto-2016-10-12-um-15.59.01.png 592w, https:\/\/blogs.fu-berlin.de\/cassis\/files\/2016\/10\/Bildschirmfoto-2016-10-12-um-15.59.01-180x300.png 180w\" sizes=\"auto, (max-width: 270px) 85vw, 270px\" \/><\/td>\n<td style=\"vertical-align: top;padding: 0;padding-right: 4px;border: 0\"><img loading=\"lazy\" decoding=\"async\" class=\"alignnone wp-image-233\" src=\"https:\/\/blogs.fu-berlin.de\/cassis\/files\/2016\/10\/Bildschirmfoto-2016-10-12-um-15.59.50.png\" alt=\"Cassis Routing BVG\" width=\"270\" height=\"450\" srcset=\"https:\/\/blogs.fu-berlin.de\/cassis\/files\/2016\/10\/Bildschirmfoto-2016-10-12-um-15.59.50.png 592w, https:\/\/blogs.fu-berlin.de\/cassis\/files\/2016\/10\/Bildschirmfoto-2016-10-12-um-15.59.50-180x300.png 180w\" sizes=\"auto, (max-width: 270px) 85vw, 270px\" \/><\/td>\n<\/tr>\n<\/tbody>\n<\/table>\n<h3>Aufgaben<\/h3>\n<p>Eine einfache Aufgabenverwaltung f\u00f6rdert\u00a0ein strukturiertes Vorgehen im\u00a0Studium. Aufgabenpakete von verschiedenen\u00a0Einrichtungen der Freien Universit\u00e4t\u00a0Berlin erm\u00f6glichen es, typische Studienalltags-Situationen\u00a0besser zu meistern.\u00a0Beispielsweise die Einrichtung der\u00a0IT-Infrastruktur oder der \u00dcbergang vom\u00a0Bachelor zu Master.<\/p>\n<table style=\"border-top: 0;border-bottom: 0\">\n<tbody>\n<tr>\n<td style=\"vertical-align: top;padding: 0;padding-right: 4px;border: 0\"><img loading=\"lazy\" decoding=\"async\" class=\"aligncenter wp-image-224\" src=\"https:\/\/blogs.fu-berlin.de\/cassis\/files\/2016\/10\/Bildschirmfoto-2016-10-12-um-15.33.07.png\" alt=\"Cassis Aufgaben\" width=\"270\" height=\"450\" srcset=\"https:\/\/blogs.fu-berlin.de\/cassis\/files\/2016\/10\/Bildschirmfoto-2016-10-12-um-15.33.07.png 592w, https:\/\/blogs.fu-berlin.de\/cassis\/files\/2016\/10\/Bildschirmfoto-2016-10-12-um-15.33.07-180x300.png 180w\" sizes=\"auto, (max-width: 270px) 85vw, 270px\" \/><\/td>\n<td style=\"vertical-align: top;padding: 0;padding-right: 4px;border: 0\"><img loading=\"lazy\" decoding=\"async\" class=\"aligncenter wp-image-225\" src=\"https:\/\/blogs.fu-berlin.de\/cassis\/files\/2016\/10\/Bildschirmfoto-2016-10-12-um-15.33.26.png\" alt=\"Cassis Aufgabenpakete\" width=\"270\" height=\"450\" srcset=\"https:\/\/blogs.fu-berlin.de\/cassis\/files\/2016\/10\/Bildschirmfoto-2016-10-12-um-15.33.26.png 592w, https:\/\/blogs.fu-berlin.de\/cassis\/files\/2016\/10\/Bildschirmfoto-2016-10-12-um-15.33.26-180x300.png 180w\" sizes=\"auto, (max-width: 270px) 85vw, 270px\" \/><\/td>\n<\/tr>\n<\/tbody>\n<\/table>\n<h3>Stundenplan<\/h3>\n<p>Der pers\u00f6nliche Stundenplan und viele\u00a0offizielle Kalender der Freien Universit\u00e4t\u00a0Berlin k\u00f6nnen \u00fcber Cassis abonniert\u00a0werden und erm\u00f6glichen den zentralen\u00a0Zugang zum Campus-Geschehen. So\u00a0erh\u00e4lt man zum Beispiel einen \u00dcberblick\u00a0\u00fcber s\u00e4mtliche Veranstaltungen im Rahmen\u00a0von offenen H\u00f6rs\u00e4len.<\/p>\n<table style=\"border-top: 0;border-bottom: 0\">\n<tbody>\n<tr>\n<td style=\"vertical-align: top;padding: 0;padding-right: 4px;border: 0\"><img loading=\"lazy\" decoding=\"async\" class=\"alignnone wp-image-229\" src=\"https:\/\/blogs.fu-berlin.de\/cassis\/files\/2016\/10\/Bildschirmfoto-2016-10-12-um-15.53.32.png\" alt=\"Cassis Stundenplan\" width=\"270\" height=\"450\" srcset=\"https:\/\/blogs.fu-berlin.de\/cassis\/files\/2016\/10\/Bildschirmfoto-2016-10-12-um-15.53.32.png 592w, https:\/\/blogs.fu-berlin.de\/cassis\/files\/2016\/10\/Bildschirmfoto-2016-10-12-um-15.53.32-180x300.png 180w\" sizes=\"auto, (max-width: 270px) 85vw, 270px\" \/><\/td>\n<td style=\"vertical-align: top;padding: 0;padding-right: 4px;border: 0\"><img loading=\"lazy\" decoding=\"async\" class=\"alignnone wp-image-228\" src=\"https:\/\/blogs.fu-berlin.de\/cassis\/files\/2016\/10\/Bildschirmfoto-2016-10-12-um-15.52.56.png\" alt=\"Cassis Kalender\" width=\"270\" height=\"450\" srcset=\"https:\/\/blogs.fu-berlin.de\/cassis\/files\/2016\/10\/Bildschirmfoto-2016-10-12-um-15.52.56.png 592w, https:\/\/blogs.fu-berlin.de\/cassis\/files\/2016\/10\/Bildschirmfoto-2016-10-12-um-15.52.56-180x300.png 180w\" sizes=\"auto, (max-width: 270px) 85vw, 270px\" \/><\/td>\n<\/tr>\n<\/tbody>\n<\/table>\n<h3>Ideen<\/h3>\n<p>Cassis erm\u00f6glicht Nutzer\/innen, diese\u00a0App selber zu verbessern,\u00a0indem neue Anwendungsm\u00f6glichkeiten innerhalb der App vorschlagen werden k\u00f6nnen. Ebenso f\u00f6rdert Cassis einen Community-Gedanken,\u00a0weil \u00fcber die Ideen\u00a0anderer Teilnehmer\/innen abgestimmt\u00a0werden kann.\u00a0CeDiS greift die beliebten Ideen auf und setzt diese dann in der App um. Dar\u00fcber hinaus werden Prototypen f\u00fcr neue Funktionen gemeinsam mit Studierenden in Lehrveranstaltungen erarbeitet und umgesetzt.<\/p>\n<table style=\"border-top: 0;border-bottom: 0\">\n<tbody>\n<tr>\n<td style=\"vertical-align: top;padding: 0;padding-right: 4px;border: 0\"><img loading=\"lazy\" decoding=\"async\" class=\"alignnone wp-image-230\" src=\"https:\/\/blogs.fu-berlin.de\/cassis\/files\/2016\/10\/Bildschirmfoto-2016-10-12-um-15.56.17.png\" alt=\"Cassis Ideen\" width=\"270\" height=\"450\" srcset=\"https:\/\/blogs.fu-berlin.de\/cassis\/files\/2016\/10\/Bildschirmfoto-2016-10-12-um-15.56.17.png 592w, https:\/\/blogs.fu-berlin.de\/cassis\/files\/2016\/10\/Bildschirmfoto-2016-10-12-um-15.56.17-180x300.png 180w\" sizes=\"auto, (max-width: 270px) 85vw, 270px\" \/><\/td>\n<td style=\"vertical-align: top;padding: 0;padding-right: 4px;border: 0\"><img loading=\"lazy\" decoding=\"async\" class=\"alignnone wp-image-231\" src=\"https:\/\/blogs.fu-berlin.de\/cassis\/files\/2016\/10\/Bildschirmfoto-2016-10-12-um-15.57.02.png\" alt=\"Cassis Idee einreichen\" width=\"270\" height=\"450\" srcset=\"https:\/\/blogs.fu-berlin.de\/cassis\/files\/2016\/10\/Bildschirmfoto-2016-10-12-um-15.57.02.png 592w, https:\/\/blogs.fu-berlin.de\/cassis\/files\/2016\/10\/Bildschirmfoto-2016-10-12-um-15.57.02-180x300.png 180w\" sizes=\"auto, (max-width: 270px) 85vw, 270px\" \/><\/td>\n<\/tr>\n<\/tbody>\n<\/table>\n<h4>Kontakt<\/h4>\n<p>Center fu\u0308r Digitale Systeme<br \/>\nIhnestra\u00dfe 24<br \/>\n14195 Berlin<br \/>\ncassis@cedis.fu-berlin.de<\/p>\n","protected":false},"excerpt":{"rendered":"<p>CASSIS DIE WEB-APP DER FREIEN UNIVERSIT\u00c4T BERLIN In der U-Bahn noch schnell nach den\u00a0\u00d6ffnungszeiten der Universit\u00e4tsbibliothek\u00a0sehen, den Termin f\u00fcr die Lerngruppe am\u00a0Nachmittag planen \u2013 und den Speiseplan\u00a0der Lieblingsmensa checken: Das\u00a0Center f\u00fcr Digitale Systeme (CeDiS) der\u00a0Freien Universit\u00e4t Berlin hat im Rahmen\u00a0des Projekts \u201eSUPPORT \u2013 Qualit\u00e4tspakt\u00a0f\u00fcr die Lehre\u201c eine App entwickelt, die\u00a0Studierenden und Mitarbeiter\/innen die\u00a0Orientierung auf dem &hellip; <a href=\"https:\/\/blogs.fu-berlin.de\/cassis\/abstract\/\" class=\"more-link\"><span class=\"screen-reader-text\">\u201eAbstract\u201c<\/span> weiterlesen<\/a><\/p>\n","protected":false},"author":2032,"featured_media":0,"parent":0,"menu_order":50,"comment_status":"closed","ping_status":"closed","template":"","meta":{"footnotes":""},"class_list":["post-217","page","type-page","status-publish","hentry"],"_links":{"self":[{"href":"https:\/\/blogs.fu-berlin.de\/cassis\/wp-json\/wp\/v2\/pages\/217","targetHints":{"allow":["GET"]}}],"collection":[{"href":"https:\/\/blogs.fu-berlin.de\/cassis\/wp-json\/wp\/v2\/pages"}],"about":[{"href":"https:\/\/blogs.fu-berlin.de\/cassis\/wp-json\/wp\/v2\/types\/page"}],"author":[{"embeddable":true,"href":"https:\/\/blogs.fu-berlin.de\/cassis\/wp-json\/wp\/v2\/users\/2032"}],"replies":[{"embeddable":true,"href":"https:\/\/blogs.fu-berlin.de\/cassis\/wp-json\/wp\/v2\/comments?post=217"}],"version-history":[{"count":10,"href":"https:\/\/blogs.fu-berlin.de\/cassis\/wp-json\/wp\/v2\/pages\/217\/revisions"}],"predecessor-version":[{"id":235,"href":"https:\/\/blogs.fu-berlin.de\/cassis\/wp-json\/wp\/v2\/pages\/217\/revisions\/235"}],"wp:attachment":[{"href":"https:\/\/blogs.fu-berlin.de\/cassis\/wp-json\/wp\/v2\/media?parent=217"}],"curies":[{"name":"wp","href":"https:\/\/api.w.org\/{rel}","templated":true}]}}