{"id":12,"date":"2018-02-13T10:57:24","date_gmt":"2018-02-13T09:57:24","guid":{"rendered":"https:\/\/blogs.fu-berlin.de\/dhd2018_wikidata-workshop\/?page_id=12"},"modified":"2018-03-18T12:29:40","modified_gmt":"2018-03-18T11:29:40","slug":"ablauf","status":"publish","type":"page","link":"https:\/\/blogs.fu-berlin.de\/dhd2018_wikidata-workshop\/ablauf\/","title":{"rendered":"Ablauf"},"content":{"rendered":"<h4>Vor dem Workshop<\/h4>\n<ol>\n<li>Bitte legen Sie sich bereits vor dem Workshop einen <a href=\"https:\/\/www.wikidata.org\/w\/index.php?title=Special:CreateAccount&amp;returnto=Wikidata%3AMain+Page\">Wikidata Nutzer-Account<\/a> an. Bitte stellen Sie sicher, dass Sie bei &gt;Einstellungen &gt; Benutzerdaten &gt; Sprache bei Wikidata\u00a0 die\u00a0Sprache der Benutzeroberfl\u00e4che auf &#8222;de &#8211; Deutsch&#8220; steht.<\/li>\n<li>Bitte pr\u00fcfen Sie, dass der ShortCut Control+Leertaste bei Ihnen nicht belegt ist, denn dieser ist sehr n\u00fctzlich bei der Verwendung des <a href=\"https:\/\/query.wikidata.org\/\">WDQS<\/a>.<\/li>\n<li>Bitte installieren Sie au\u00dferdem\u00a0ConedaKOR Browser Extension (<a href=\"https:\/\/addons.mozilla.org\/de\/firefox\/addon\/wikidata-on-kor\/\">Firefox<\/a>, <a href=\"https:\/\/chrome.google.com\/webstore\/detail\/conedakor-wikidata\/gnelecjniimapmbdkckcocblcpgpbkii\">Chrome)<\/a>.<\/li>\n<\/ol>\n<h4>Agenda<\/h4>\n<p><strong>Teil A:\u00a014:00 &#8211; 15:30 Uhr,\u00a0Ort: S 13, Seminargeb\u00e4ude<\/strong><\/p>\n<ul>\n<li>Einf\u00fchrung Wikidata<\/li>\n<li>\u00c4ndern und Einbringen von Daten<\/li>\n<li>Suchen von Daten mit dem WDQS<\/li>\n<li><em>Praxis 1:<\/em> Informationen, die auf Wikidata direkt verf\u00fcgbar sind\n<ul>\n<li>Verstehen des Aufbau der UI des WDQS<\/li>\n<li>Umsetzung einfacher SPARQL-Abfragen<\/li>\n<li>Anwendung der unterschiedlichen Visualisierungen in WDQS<\/li>\n<\/ul>\n<\/li>\n<li><em>Praxis 2:<\/em> Informationen, die von Wikidata verlinkt sind\n<ul>\n<li>Einf\u00fchrung in\u00a0Identifier<\/li>\n<li>Wikidata Authority Hub<\/li>\n<li>Abfragen von externen Ressourcen<\/li>\n<\/ul>\n<\/li>\n<\/ul>\n<pre><strong>Alle Materialien zum Workshop sind nachfolgend verf\u00fcgbar. Wir freuen uns \u00fcber Ihre Kommentare und Erg\u00e4nzungsw\u00fcnsche!<\/strong>\r\n\r\n<a href=\"https:\/\/zenodo.org\/record\/1190807#.Wp7nnZPwYWo\"><strong>Folien auf zenodo<\/strong><\/a>\r\n<a href=\"https:\/\/github.com\/clmb\/wikidata_workshop\"><strong>Begleitskript auf github<\/strong><\/a><\/pre>\n<p><strong>30 Minuten Pause<\/strong><\/p>\n<p><strong>Teil B: 16:00 &#8211; 17:30 Uhr,\u00a0Ort: S 13, Seminargeb\u00e4ude<\/strong><\/p>\n<ul>\n<li>Einf\u00fchrung Kunsthistorische Dias mit Projekt\u00fcberblick<\/li>\n<li><em>Praxis 3:<\/em>\u00a0Erschlie\u00dfung von Bildern &#8211; Suchen und Verkn\u00fcpfen in Wikidata<\/li>\n<li>Einf\u00fchrung Bilddatenbank ConedaKOR<\/li>\n<li><em>Praxis 4:<\/em> Abgleich von vorhandenen Daten mit Informationen aus Wikidata mit Anwendung der Web-Extension f\u00fcr den Abgleich der Wikidata-IDs<\/li>\n<li>Diskussion zu den Vor- und Nachteilung der Nutzung von Wikidata<\/li>\n<\/ul>\n<pre><a href=\"https:\/\/blog.wikimedia.de\/2017\/08\/21\/datenpartnerschaften-mit-wikidata-projekt-durchblick\/\">Blogbeitrag von Georg Schelbert zum Anwendungsfall 1<\/a> sowie <a href=\"https:\/\/blogs.fu-berlin.de\/dhd2018_wikidata-workshop\/files\/2018\/02\/Imeji_Wikidata.pdf\" target=\"_blank\" rel=\"noopener\">Beispiele zum Ausprobieren<\/a>\r\n<a href=\"http:\/\/dhd-blog.org\/?p=9336\">Blogbeitrag von Thorsten W\u00fcbbena zum Anwendungsfall 2<\/a><\/pre>\n","protected":false},"excerpt":{"rendered":"<p>Vor dem Workshop Bitte legen Sie sich bereits vor dem Workshop einen Wikidata Nutzer-Account an. Bitte stellen Sie sicher, dass Sie bei &gt;Einstellungen &gt; Benutzerdaten &gt; Sprache bei Wikidata\u00a0 die\u00a0Sprache der Benutzeroberfl\u00e4che auf &#8222;de &#8211; Deutsch&#8220; steht. Bitte pr\u00fcfen Sie, dass der ShortCut Control+Leertaste bei Ihnen nicht belegt ist, denn dieser ist sehr n\u00fctzlich bei &hellip; <a href=\"https:\/\/blogs.fu-berlin.de\/dhd2018_wikidata-workshop\/ablauf\/\" class=\"more-link\"><span class=\"screen-reader-text\">\u201eAblauf\u201c<\/span> weiterlesen<\/a><\/p>\n","protected":false},"author":1820,"featured_media":0,"parent":0,"menu_order":0,"comment_status":"closed","ping_status":"closed","template":"","meta":{"footnotes":""},"class_list":["post-12","page","type-page","status-publish","hentry"],"_links":{"self":[{"href":"https:\/\/blogs.fu-berlin.de\/dhd2018_wikidata-workshop\/wp-json\/wp\/v2\/pages\/12","targetHints":{"allow":["GET"]}}],"collection":[{"href":"https:\/\/blogs.fu-berlin.de\/dhd2018_wikidata-workshop\/wp-json\/wp\/v2\/pages"}],"about":[{"href":"https:\/\/blogs.fu-berlin.de\/dhd2018_wikidata-workshop\/wp-json\/wp\/v2\/types\/page"}],"author":[{"embeddable":true,"href":"https:\/\/blogs.fu-berlin.de\/dhd2018_wikidata-workshop\/wp-json\/wp\/v2\/users\/1820"}],"replies":[{"embeddable":true,"href":"https:\/\/blogs.fu-berlin.de\/dhd2018_wikidata-workshop\/wp-json\/wp\/v2\/comments?post=12"}],"version-history":[{"count":12,"href":"https:\/\/blogs.fu-berlin.de\/dhd2018_wikidata-workshop\/wp-json\/wp\/v2\/pages\/12\/revisions"}],"predecessor-version":[{"id":74,"href":"https:\/\/blogs.fu-berlin.de\/dhd2018_wikidata-workshop\/wp-json\/wp\/v2\/pages\/12\/revisions\/74"}],"wp:attachment":[{"href":"https:\/\/blogs.fu-berlin.de\/dhd2018_wikidata-workshop\/wp-json\/wp\/v2\/media?parent=12"}],"curies":[{"name":"wp","href":"https:\/\/api.w.org\/{rel}","templated":true}]}}