{"id":3,"date":"2018-01-12T10:18:53","date_gmt":"2018-01-12T09:18:53","guid":{"rendered":"https:\/\/blogs.fu-berlin.de\/dhd2018_wikidata-workshop\/?page_id=2"},"modified":"2018-02-22T20:40:32","modified_gmt":"2018-02-22T19:40:32","slug":"about","status":"publish","type":"page","link":"https:\/\/blogs.fu-berlin.de\/dhd2018_wikidata-workshop\/","title":{"rendered":"\u00dcber den Workshop"},"content":{"rendered":"<p><em>Der Workshop findet am Dienstag, 27.02.2018 im Rahmen der diesj\u00e4hrigen <a href=\"https:\/\/dhd2018.uni-koeln.de\/programm-dienstag\/\">DHd 2018<\/a>\u00a0Konferenz\u00a0 statt.<\/em><\/p>\n<p><span style=\"font-weight: 400\">Das Ziel des Workshops liegt darin, eine fundierte Einf\u00fchrung in Wikidata zu geben. Im Rahmen dieser Einf\u00fchrung wird den Teilnehmer_innen der Semantic Web Technologie-Stack (Triple, RDF, OWL, etc.) vermittelt und Wikidata in bestehende andere Initiativen (z.B. DBpedia) eingeordnet. In einem praxisorientierten Tutorial wird eine Einf\u00fchrung in Wikidatas Abfragesprache SPARQL gegeben. Die Teilnehmer_innen sollten nach dem Workshop ein grundlegendes Verst\u00e4ndnis zu den M\u00f6glichkeiten des Einsatzes von Wikidata in ihrer Forschungspraxis erlangt und erste M\u00f6glichkeiten \u00a0zum selbstst\u00e4ndigen Einsatz kennengelernt haben.<\/span> <span style=\"font-weight: 400\">Dies wird sichergestellt, indem anhand mehrerer Fallbeispiele aus dem Bereich der kunsthistorischen Bilddatenbanken \u2013 unter anderem der Historischen Glasdias-Sammlung des Instituts f\u00fcr Kunst- und Bildgeschichte der HU Berlin \u2013 praktische Ans\u00e4tze zur Nutzung von Wikidata in der geisteswissenschaftlichen Forschung aufgezeigt werden. Dabei werden Probleme diskutiert und exemplarische L\u00f6sungen durchgespielt werden. Hierzu geh\u00f6ren Fragen, wie vorhandene Datens\u00e4tze zu Kulturg\u00fctern (automatisiert) aufgefunden, wie neue Entit\u00e4ten m\u00f6glichst effektiv ohne die Erzeugung von Dubletten angelegt und bestehende Aussagen abgefragt werden k\u00f6nnen.<\/span> <span style=\"font-weight: 400\">Zu den exemplarischen L\u00f6sungen geh\u00f6ren unter anderem ein Web-Service f\u00fcr die Ermittlung von Wikidata-IDs unter Verwendung der Google-Bildersuche und ein Skript zur Extraktion von Daten unter Nutzung der GND-Nummern. Nachfolgend werden die bisher geplanten Beispielanwendungen kurz eingef\u00fchrt.<\/span><\/p>\n<p>&nbsp;<\/p>\n","protected":false},"excerpt":{"rendered":"<p>Der Workshop findet am Dienstag, 27.02.2018 im Rahmen der diesj\u00e4hrigen DHd 2018\u00a0Konferenz\u00a0 statt. Das Ziel des Workshops liegt darin, eine fundierte Einf\u00fchrung in Wikidata zu geben. Im Rahmen dieser Einf\u00fchrung wird den Teilnehmer_innen der Semantic Web Technologie-Stack (Triple, RDF, OWL, etc.) vermittelt und Wikidata in bestehende andere Initiativen (z.B. DBpedia) eingeordnet. In einem praxisorientierten Tutorial &hellip; <a href=\"https:\/\/blogs.fu-berlin.de\/dhd2018_wikidata-workshop\/\" class=\"more-link\"><span class=\"screen-reader-text\">\u201e\u00dcber den Workshop\u201c<\/span> weiterlesen<\/a><\/p>\n","protected":false},"author":1820,"featured_media":0,"parent":0,"menu_order":0,"comment_status":"closed","ping_status":"open","template":"","meta":{"footnotes":""},"class_list":["post-3","page","type-page","status-publish","hentry"],"_links":{"self":[{"href":"https:\/\/blogs.fu-berlin.de\/dhd2018_wikidata-workshop\/wp-json\/wp\/v2\/pages\/3","targetHints":{"allow":["GET"]}}],"collection":[{"href":"https:\/\/blogs.fu-berlin.de\/dhd2018_wikidata-workshop\/wp-json\/wp\/v2\/pages"}],"about":[{"href":"https:\/\/blogs.fu-berlin.de\/dhd2018_wikidata-workshop\/wp-json\/wp\/v2\/types\/page"}],"author":[{"embeddable":true,"href":"https:\/\/blogs.fu-berlin.de\/dhd2018_wikidata-workshop\/wp-json\/wp\/v2\/users\/1820"}],"replies":[{"embeddable":true,"href":"https:\/\/blogs.fu-berlin.de\/dhd2018_wikidata-workshop\/wp-json\/wp\/v2\/comments?post=3"}],"version-history":[{"count":7,"href":"https:\/\/blogs.fu-berlin.de\/dhd2018_wikidata-workshop\/wp-json\/wp\/v2\/pages\/3\/revisions"}],"predecessor-version":[{"id":49,"href":"https:\/\/blogs.fu-berlin.de\/dhd2018_wikidata-workshop\/wp-json\/wp\/v2\/pages\/3\/revisions\/49"}],"wp:attachment":[{"href":"https:\/\/blogs.fu-berlin.de\/dhd2018_wikidata-workshop\/wp-json\/wp\/v2\/media?parent=3"}],"curies":[{"name":"wp","href":"https:\/\/api.w.org\/{rel}","templated":true}]}}