{"id":44,"date":"2008-08-04T11:38:48","date_gmt":"2008-08-04T09:38:48","guid":{"rendered":"https:\/\/blogs.fu-berlin.de\/e-learning\/?page_id=44"},"modified":"2009-08-13T15:40:51","modified_gmt":"2009-08-13T13:40:51","slug":"das-blog","status":"publish","type":"page","link":"https:\/\/blogs.fu-berlin.de\/e-learning\/?page_id=44","title":{"rendered":"Info"},"content":{"rendered":"<p>In diesem Blog finden Sie Ideen, Anregungen und News zum Thema E-Learning und Web 2.0. Das Blog versucht Lehrkr\u00e4ften, Studierenden und allen Interessierten einen \u00dcberblick und Zugang zu den E-Learning Angeboten des Fachbereichs Politik- und Sozialwissenschaften der Freien Universit\u00e4t Berlin zu geben. Dar\u00fcberhinaus werden innovative Projekte und Anwendungen pr\u00e4sentiert, die Sie kommentieren und erg\u00e4nzen k\u00f6nnen. Jeder Blogbeitrag kann in diesem Kontext durch Ihre Kommentare bereichert werden.<br \/>\nIn diversen Rubriken finden Sie zudem thematische Schwerpunkte, die Ihnen die neuen M\u00f6glichkeiten des Lernens und Lehrens mit Neuen Medien aufzeigen.<\/p>\n<p>Alle Beitr\u00e4ge sind chronologisch sortiert. \u00dcber die Archiv- und Suchfunktion k\u00f6nnen Sie stichwortartig die f\u00fcr Sie interessanten Themen filtern bzw. \u00fcber die Kategorien in der Navigation die Themen eingrenzen.<\/p>\n<p>Ich w\u00fcnsche Ihnen viel Spa\u00df im E-Learning Blog des FB Politik- und Sozialwissenschaften der Freien Universit\u00e4t Berlin!<\/p>\n<p>Stefan Cordes<\/p>\n","protected":false},"excerpt":{"rendered":"<p>In diesem Blog finden Sie Ideen, Anregungen und News zum Thema E-Learning und Web 2.0. Das Blog versucht Lehrkr\u00e4ften, Studierenden und allen Interessierten einen \u00dcberblick und Zugang zu den E-Learning Angeboten des Fachbereichs Politik- und Sozialwissenschaften der Freien Universit\u00e4t Berlin zu geben. Dar\u00fcberhinaus werden innovative Projekte und Anwendungen pr\u00e4sentiert, die Sie kommentieren und erg\u00e4nzen k\u00f6nnen. [&hellip;]<\/p>\n","protected":false},"author":5,"featured_media":0,"parent":0,"menu_order":2,"comment_status":"open","ping_status":"open","template":"","meta":{"footnotes":""},"class_list":["post-44","page","type-page","status-publish","hentry"],"_links":{"self":[{"href":"https:\/\/blogs.fu-berlin.de\/e-learning\/index.php?rest_route=\/wp\/v2\/pages\/44","targetHints":{"allow":["GET"]}}],"collection":[{"href":"https:\/\/blogs.fu-berlin.de\/e-learning\/index.php?rest_route=\/wp\/v2\/pages"}],"about":[{"href":"https:\/\/blogs.fu-berlin.de\/e-learning\/index.php?rest_route=\/wp\/v2\/types\/page"}],"author":[{"embeddable":true,"href":"https:\/\/blogs.fu-berlin.de\/e-learning\/index.php?rest_route=\/wp\/v2\/users\/5"}],"replies":[{"embeddable":true,"href":"https:\/\/blogs.fu-berlin.de\/e-learning\/index.php?rest_route=%2Fwp%2Fv2%2Fcomments&post=44"}],"version-history":[{"count":2,"href":"https:\/\/blogs.fu-berlin.de\/e-learning\/index.php?rest_route=\/wp\/v2\/pages\/44\/revisions"}],"predecessor-version":[{"id":295,"href":"https:\/\/blogs.fu-berlin.de\/e-learning\/index.php?rest_route=\/wp\/v2\/pages\/44\/revisions\/295"}],"wp:attachment":[{"href":"https:\/\/blogs.fu-berlin.de\/e-learning\/index.php?rest_route=%2Fwp%2Fv2%2Fmedia&parent=44"}],"curies":[{"name":"wp","href":"https:\/\/api.w.org\/{rel}","templated":true}]}}