{"id":7,"date":"2016-07-25T16:45:47","date_gmt":"2016-07-25T14:45:47","guid":{"rendered":"https:\/\/blogs.fu-berlin.de\/erichzenger\/?page_id=7"},"modified":"2017-03-09T12:07:30","modified_gmt":"2017-03-09T11:07:30","slug":"start","status":"publish","type":"page","link":"https:\/\/blogs.fu-berlin.de\/erichzenger\/","title":{"rendered":"Das Projekt"},"content":{"rendered":"<p style=\"text-align: justify;\"><img loading=\"lazy\" decoding=\"async\" class=\"alignright size-medium wp-image-64\" src=\"https:\/\/blogs.fu-berlin.de\/erichzenger\/files\/2016\/09\/erichzenger-262x300.png\" alt=\"erichzenger\" width=\"262\" height=\"300\" srcset=\"https:\/\/blogs.fu-berlin.de\/erichzenger\/files\/2016\/09\/erichzenger-262x300.png 262w, https:\/\/blogs.fu-berlin.de\/erichzenger\/files\/2016\/09\/erichzenger-768x881.png 768w, https:\/\/blogs.fu-berlin.de\/erichzenger\/files\/2016\/09\/erichzenger-893x1024.png 893w, https:\/\/blogs.fu-berlin.de\/erichzenger\/files\/2016\/09\/erichzenger.png 1231w\" sizes=\"auto, (max-width: 262px) 100vw, 262px\" \/>Das von der <a href=\"https:\/\/www.dfg.de\/\">DFG<\/a> gef\u00f6rderte Projekt \u201eEine biblische Theologie der j\u00fcdisch-christlichen Konvivenz. Der Beitrag Erich-Zengers zu einer Neubestimmung interreligi\u00f6ser Relationen im Kontext der Erinnerung der Shoa\u201c besch\u00e4ftigt sich mit dem Wirken Erich Zengers im konkreten Blick auf die biblische Hermeneutik nach der Shoa und verbindet Erinnerungsdebatten mit Zengers konkreten theologischen Anliegen wie den j\u00fcdisch-christlichen Dialog aber auch das Verh\u00e4ltnis von Altem und Neuen Testament.<\/p>\n<p style=\"text-align: justify;\">Zenger vertritt eine biblisch fundierte Erinnerungskultur, die das Vergangene in die Gegenwart transferiert, um aus dem Akt der Erinnerung einen Ma\u00dfstab des verantworteten Handelns zu gewinnen. Er begreift Erinnerung folglich als Handlungsanweisung, die zu einer Neuschreibung der Theologie f\u00fchren muss und damit auch zu einer Neubestimmung interreligi\u00f6ser Beziehungen.<!--more--><br \/>\nF\u00fcr die Untersuchung dieser theologischen Neubestimmung interreligi\u00f6ser Beziehungen ist der Beitrag Erich Zengers von enormer Bedeutung. Nicht nur f\u00fcr den wissenschaftlichen, sondern in gleichem Ma\u00dfe auch f\u00fcr den kirchlich-gesellschaftlichen Kontext, bietet die biblische Theologie Zengers, die stets im Zeichen der Erinnerung der Shoa steht, neue Ansatzpunkte f\u00fcr den j\u00fcdisch-christlichen Dialog.<br \/>\n\u201eVerhei\u00dfung und Erf\u00fcllung\u201c, Trinit\u00e4t und Bundestheologie sind zentrale Punkte in Zengers wissenschaftlicher Arbeit. Das Forschungsprojekt wird analysieren, inwiefern Zenger diese Entw\u00fcrfe f\u00fcr die christlichen Beziehungen zum Judentum fruchtbar macht und dabei gilt es zu zeigen, mit welchen Methoden Zenger das Erinnerungs- und Geschichtsverst\u00e4ndnis in innerj\u00fcdischen Diskursen wissenschaftlich verarbeitet hat.<br \/>\nDas Novum, das hier geleistet wird, besteht darin, herauszufiltern, wie Zengers biblische Theologie im Kontext der Erinnerung der Shoa zu analysieren ist. Hierbei wird Zengers Verortung in den verschiedenen Erinnerungsdebatten in Judentum und Christentum analysiert. Diese interdisziplin\u00e4r zu leistende Arbeit beachtet die bibeltheologischen Thesen und Argumentationen Zengers und bringt sie mit den kulturwissenschaftlichen Ergebnissen der Erinnerungsdebatten zusammen, wobei eventuelle Synergien und Wechselwirkungen deutlich gemacht werden.<br \/>\nDer Einfluss der j\u00fcdischen und christlichen Positionen zur Erinnerung an die Shoa auf die Theologie Zengers ist nicht zu \u00fcbersch\u00e4tzen. Es gilt, Zengers bibeltheologischen Beitrag zu einer m\u00f6glichen Neubestimmung von interreligi\u00f6sen Fragestellungen auf diese Positionen r\u00fcckzubinden und deren Einfluss auf die Entwicklung der Theologie Zengers zu evaluieren.<br \/>\nDes Weiteren gilt es, durch die disziplin\u00fcbergreifenden Analysen den hohen Stellenwert der biblischen Theologie Zengers in ein Verh\u00e4ltnis zur Entwicklung der Auseinandersetzungen mit der Shoa zu setzen, um eine Perspektive aufzeigen zu k\u00f6nnen, wie biblische Theologie und Erinnerungskultur aneinander partizipieren und sich entwickeln k\u00f6nnen.<br \/>\nDie wissenschaftliche Arbeit Erich Zengers bietet der Theologie sowie dem kirchlich-gesellschaftlichen Kontext viele Ansatzpunkte, die interreligi\u00f6sen Relationen stetig zu hinterfragen und neu zu bestimmen. Das Forschungsprojekt wird diese Ansatzpunkte mit den beschriebenen Methoden aufzeigen, analysieren und weiterdenken.<\/p>\n<p style=\"text-align: justify;\">[twoclick_buttons]<\/p>\n","protected":false},"excerpt":{"rendered":"<p>Das von der DFG gef\u00f6rderte Projekt \u201eEine biblische Theologie der j\u00fcdisch-christlichen Konvivenz. Der Beitrag Erich-Zengers zu einer Neubestimmung interreligi\u00f6ser Relationen im Kontext der Erinnerung der Shoa\u201c besch\u00e4ftigt sich mit dem Wirken Erich Zengers im konkreten Blick auf die biblische Hermeneutik nach der Shoa und verbindet Erinnerungsdebatten mit Zengers konkreten theologischen Anliegen wie den j\u00fcdisch-christlichen Dialog [&hellip;]<\/p>\n","protected":false},"author":2745,"featured_media":0,"parent":0,"menu_order":0,"comment_status":"closed","ping_status":"closed","template":"","meta":{"footnotes":""},"class_list":["post-7","page","type-page","status-publish","hentry"],"_links":{"self":[{"href":"https:\/\/blogs.fu-berlin.de\/erichzenger\/wp-json\/wp\/v2\/pages\/7","targetHints":{"allow":["GET"]}}],"collection":[{"href":"https:\/\/blogs.fu-berlin.de\/erichzenger\/wp-json\/wp\/v2\/pages"}],"about":[{"href":"https:\/\/blogs.fu-berlin.de\/erichzenger\/wp-json\/wp\/v2\/types\/page"}],"author":[{"embeddable":true,"href":"https:\/\/blogs.fu-berlin.de\/erichzenger\/wp-json\/wp\/v2\/users\/2745"}],"replies":[{"embeddable":true,"href":"https:\/\/blogs.fu-berlin.de\/erichzenger\/wp-json\/wp\/v2\/comments?post=7"}],"version-history":[{"count":17,"href":"https:\/\/blogs.fu-berlin.de\/erichzenger\/wp-json\/wp\/v2\/pages\/7\/revisions"}],"predecessor-version":[{"id":108,"href":"https:\/\/blogs.fu-berlin.de\/erichzenger\/wp-json\/wp\/v2\/pages\/7\/revisions\/108"}],"wp:attachment":[{"href":"https:\/\/blogs.fu-berlin.de\/erichzenger\/wp-json\/wp\/v2\/media?parent=7"}],"curies":[{"name":"wp","href":"https:\/\/api.w.org\/{rel}","templated":true}]}}