{"id":2,"date":"2019-03-18T14:45:26","date_gmt":"2019-03-18T13:45:26","guid":{"rendered":"https:\/\/blogs.fu-berlin.de\/fairunbefristet\/impressum\/"},"modified":"2024-03-12T14:25:10","modified_gmt":"2024-03-12T13:25:10","slug":"impressum","status":"publish","type":"page","link":"https:\/\/blogs.fu-berlin.de\/fairunbefristet\/impressum\/","title":{"rendered":"Impressum"},"content":{"rendered":"<p><img loading=\"lazy\" decoding=\"async\" class=\"alignnone wp-image-90 \" src=\"https:\/\/blogs.fu-berlin.de\/fairunbefristet\/files\/2019\/04\/ba__r_new-1024x274.jpg\" alt=\"\" width=\"459\" height=\"123\" srcset=\"https:\/\/blogs.fu-berlin.de\/fairunbefristet\/files\/2019\/04\/ba__r_new-1024x274.jpg 1024w, https:\/\/blogs.fu-berlin.de\/fairunbefristet\/files\/2019\/04\/ba__r_new-300x80.jpg 300w, https:\/\/blogs.fu-berlin.de\/fairunbefristet\/files\/2019\/04\/ba__r_new-768x206.jpg 768w, https:\/\/blogs.fu-berlin.de\/fairunbefristet\/files\/2019\/04\/ba__r_new-1200x322.jpg 1200w\" sizes=\"auto, (max-width: 459px) 85vw, 459px\" \/><\/p>\n<h2>Inhaltliche Verantwortung nach \u00a7 55 RfStV:<\/h2>\n<p>R. Schenzle<br \/>\nFabeckstr. 23-25, 14195 Berlin<br \/>\nTel.: 030 &#8211; 838 63332<br \/>\nFax: 030 &#8211; 838 4 63332<br \/>\nE-Mail: R.Schenzle (at) fu-berlin.de<\/p>\n<h2>Dienstanbieter:<\/h2>\n<p>Freie Universit\u00e4t Berlin, vertreten durch den <a href=\"http:\/\/www.fu-berlin.de\/einrichtungen\/organe\/praesidium\/praesident\/index.html\" target=\"_self\" rel=\"noopener\">Pr\u00e4sidenten<\/a>.<\/p>\n<h2>Anschrift:<\/h2>\n<p>Freie Universit\u00e4t Berlin<br \/>\nPr\u00e4sidium<br \/>\nKaiserswerther Str. 16\/18<br \/>\n14195 Berlin<\/p>\n<h2><strong>Umsatzsteueridentifikationsnummer:<\/strong><\/h2>\n<p>DE 811304768<\/p>\n<h2>Rechtsform:<\/h2>\n<p>Die Freie Universit\u00e4t Berlin ist eine K\u00f6rperschaft des \u00f6ffentlichen Rechts gem. \u00a7\u00a7 1 und 2 Berliner Hochschulgesetz (BerlHG). Das Webangebot der Freien Universit\u00e4t Berlin unterliegt dem geltenden <a title=\"Freie Universit\u00e4t Berlin: Urheberrecht\/Copyright\" href=\"http:\/\/www.fu-berlin.de\/redaktion\/copyright\/index.html\">Urheberrecht<\/a>. Beachten Sie bitte auch unseren <a title=\"Haftungsausschluss - Disclaimer, FU Berlin\" href=\"http:\/\/www.fu-berlin.de\/redaktion\/disclaimer\/index.html\">Haftungsausschluss\/Disclaimer.<\/a><\/p>\n<h2>Aufsichtsbeh\u00f6rde<\/h2>\n<p>Aufsichtsbeh\u00f6rde ist die nach \u00a7 89 BerlHG zust\u00e4ndige Berliner Senatsverwaltung f\u00fcr Bildung, Wissenschaft und Forschung.<\/p>\n","protected":false},"excerpt":{"rendered":"<p>Inhaltliche Verantwortung nach \u00a7 55 RfStV: R. Schenzle Fabeckstr. 23-25, 14195 Berlin Tel.: 030 &#8211; 838 63332 Fax: 030 &#8211; 838 4 63332 E-Mail: R.Schenzle (at) fu-berlin.de Dienstanbieter: Freie Universit\u00e4t Berlin, vertreten durch den Pr\u00e4sidenten. Anschrift: Freie Universit\u00e4t Berlin Pr\u00e4sidium Kaiserswerther Str. 16\/18 14195 Berlin Umsatzsteueridentifikationsnummer: DE 811304768 Rechtsform: Die Freie Universit\u00e4t Berlin ist eine &hellip; <a href=\"https:\/\/blogs.fu-berlin.de\/fairunbefristet\/impressum\/\" class=\"more-link\"><span class=\"screen-reader-text\">\u201eImpressum\u201c<\/span> weiterlesen<\/a><\/p>\n","protected":false},"author":3529,"featured_media":0,"parent":0,"menu_order":0,"comment_status":"open","ping_status":"open","template":"","meta":{"footnotes":""},"class_list":["post-2","page","type-page","status-publish","hentry"],"_links":{"self":[{"href":"https:\/\/blogs.fu-berlin.de\/fairunbefristet\/wp-json\/wp\/v2\/pages\/2","targetHints":{"allow":["GET"]}}],"collection":[{"href":"https:\/\/blogs.fu-berlin.de\/fairunbefristet\/wp-json\/wp\/v2\/pages"}],"about":[{"href":"https:\/\/blogs.fu-berlin.de\/fairunbefristet\/wp-json\/wp\/v2\/types\/page"}],"author":[{"embeddable":true,"href":"https:\/\/blogs.fu-berlin.de\/fairunbefristet\/wp-json\/wp\/v2\/users\/3529"}],"replies":[{"embeddable":true,"href":"https:\/\/blogs.fu-berlin.de\/fairunbefristet\/wp-json\/wp\/v2\/comments?post=2"}],"version-history":[{"count":5,"href":"https:\/\/blogs.fu-berlin.de\/fairunbefristet\/wp-json\/wp\/v2\/pages\/2\/revisions"}],"predecessor-version":[{"id":387,"href":"https:\/\/blogs.fu-berlin.de\/fairunbefristet\/wp-json\/wp\/v2\/pages\/2\/revisions\/387"}],"wp:attachment":[{"href":"https:\/\/blogs.fu-berlin.de\/fairunbefristet\/wp-json\/wp\/v2\/media?parent=2"}],"curies":[{"name":"wp","href":"https:\/\/api.w.org\/{rel}","templated":true}]}}