{"id":261,"date":"2019-10-14T16:00:06","date_gmt":"2019-10-14T14:00:06","guid":{"rendered":"https:\/\/blogs.fu-berlin.de\/fairunbefristet\/?page_id=261"},"modified":"2020-09-26T13:03:23","modified_gmt":"2020-09-26T11:03:23","slug":"petition","status":"publish","type":"page","link":"https:\/\/blogs.fu-berlin.de\/fairunbefristet\/petition\/","title":{"rendered":"Petition"},"content":{"rendered":"\n<p>Die Petition mit 1.346 Unterschriften wurde am 12. Februar 2020 in der Sitzung d<em>es Akademischen Senats an das Pr\u00e4sidium \u00fcbergeben.<br>The petition has been handed over to the FU-President on February 2020. We gathered a whole of 1.346 signatures.<\/em><\/p>\n\n\n\n<p class=\"has-text-align-center\"><strong><a href=\"https:\/\/blogs.fu-berlin.de\/fairunbefristet\/2020\/02\/17\/bericht-petitionsuebergabe\/\">Zum Bericht \/ See our report<\/a><\/strong><\/p>\n\n\n<p><em>&#8212;See English version below&#8212;<\/em><\/p>\n<p><img loading=\"lazy\" decoding=\"async\" class=\"alignnone wp-image-172\" src=\"https:\/\/blogs.fu-berlin.de\/fairunbefristet\/files\/2019\/05\/Poster_slogan.jpg\" alt=\"\" width=\"421\" height=\"357\" srcset=\"https:\/\/blogs.fu-berlin.de\/fairunbefristet\/files\/2019\/05\/Poster_slogan.jpg 655w, https:\/\/blogs.fu-berlin.de\/fairunbefristet\/files\/2019\/05\/Poster_slogan-300x255.jpg 300w\" sizes=\"auto, (max-width: 421px) 85vw, 421px\" \/><\/p>\n<p><strong>Berlins Exzellenz wird gefeiert: Sekt f\u00fcr die Freie Universit\u00e4t Berlin, Selters f\u00fcr viele ihrer Besch\u00e4ftigten. Exzellenz in Forschung und Lehre ist mit prek\u00e4rer Besch\u00e4ftigung unvereinbar &#8211; wer exzellent sein will, muss etwas f\u00fcr die Besch\u00e4ftigten tun und faire Arbeitsverh\u00e4ltnisse schaffen.<\/strong><\/p>\n<p>Obwohl neue Gelder aus dem bundesweiten Zukunftspakt flie\u00dfen und der Berliner Senat eine umfassende Entfristung an den Hochschulen einfordert, kommt unsere Universit\u00e4tsleitung dieser Ma\u00dfgabe nicht nach. Das bestehende Besch\u00e4ftigungssystem ist nicht nur ungerecht, sondern bringt auch ein eklatantes Demokratiedefizit zum Vorschein.<\/p>\n<p>Perspektivlosigkeit in der Besch\u00e4ftigung kann nicht der Standard sein: <strong>\u00dcber 90<\/strong>\u00a0 des wissenschaftlichen Personals im Mittelbau der Freien Universit\u00e4t Berlin sind <strong>befristet angestellt<\/strong>. Ein Drittel arbeitet \u2013 vielfach in Teilzeit \u2013 auf Grundlage einer Befristung von h\u00f6chstens 24 Monaten, oft sogar weit weniger.<\/p>\n<p>Im technischen und administrativen Bereich greifen befristete Arbeitsverh\u00e4ltnisse um sich &#8211; selbst sachgrundlose Befristungen und Outsourcing sind nach wie vor g\u00e4ngig, insbesondere bei Reinigungskr\u00e4ften und Wachpersonal. Die Abteilungen sind oftmals strukturell unterbesetzt, was auch an der zu niedrigen Bezahlung der Besch\u00e4ftigten liegt.<\/p>\n<p>Auch Studierende leiden unter diesen Verh\u00e4ltnissen: \u00fcberf\u00fcllte Seminare, unzureichende und nicht kontinuierliche Betreuung durch Lehrende, wechselnde Zust\u00e4ndigkeiten und fehlende Ansprechpartner*innen uvm.<\/p>\n<p><strong>Wir fordern faire Arbeitsverh\u00e4ltnisse f\u00fcr alle. Wir rufen die Universit\u00e4tsleitung im Rahmen dieser Petition auf, verbindliche Regelungen f\u00fcr die betroffenen Besch\u00e4ftigten an der Freien Universit\u00e4t Berlin zu schaffen<\/strong>.<\/p>\n<h1 style=\"text-align: center\"><em><a href=\"https:\/\/www.dropbox.com\/sh\/yma9cqxsiwfo5n6\/AADakCgx5Zf1vHOMA7RNqwMma?dl=0\" target=\"_blank\" rel=\"noopener noreferrer\">Hier geht&#8217;s zum FLYER Petitionstext auf deutsch und englisch<\/a><\/em><\/h1>\n<p>Konkret bedeutet das:<\/p>\n<h5><strong>Besch\u00e4ftigte im wissenschaftsunterst\u00fctzenden, technischen und administrativen sowie dienstleistenden Bereich: <\/strong><\/h5>\n<ul>\n<li>Outsourcing unterbinden, TV-L FU f\u00fcr alle an der FU T\u00e4tigen<\/li>\n<li>keine Vertr\u00e4ge mit \u201esachgrundloser Befristung\u201c, stattdessen Dauerstellen mit fairer Tarifeinstufung<\/li>\n<li>Eingruppierung der \u201cnicht-wissenschaftlich\u201d besch\u00e4ftigten Studierenden in den TV-L<\/li>\n<\/ul>\n<h5><strong>Wissenschaftliches Personal in Forschung &amp; Lehre<\/strong><\/h5>\n<ul>\n<li><strong>mit abgeschlossener Promotion (PostDocs): <\/strong>Schrittweise Schaffung von Dauerstellen hin zu einer dem bundesweiten Durchschnitt entsprechenden Befristungsquote (Stand 2018: 8,3 Prozent\/Statistisches Bundesamt)<\/li>\n<li><strong>in der Qualifikationsphase (Promovierende): <\/strong>Die Promotion ist Teil der Arbeitszeit und soll entsprechend entlohnt werden &#8211; Keine Stellen unter 75% der regul\u00e4ren Wochenarbeitszeit und f\u00fcnf Jahre Mindestlaufzeit plus ggf. ein Jahr Verl\u00e4ngerung<\/li>\n<li><strong>Lehrkr\u00e4fte f\u00fcr besondere Aufgaben (LfbA)\/Wissenschaftliche Mitarbeiter*innen mit Daueraufgaben in der Lehre: <\/strong>die umgehende Entfristung aller LfbA-Stellen, die Festschreibung ihrer maximalen Lehrverpflichtung auf 9 SWS<\/li>\n<li><strong>Lehrbeauftragte: <\/strong>Lehrauftr\u00e4ge lediglich als Erg\u00e4nzung des Lehrangebots mit angemessener Verg\u00fctung von mindestens 45\u20ac pro SWS<\/li>\n<li><strong>Privatdozent*innen: <\/strong>Keine un(ter)bezahlte Titellehre, Entlohnung mindestens wie Lehrauftrag<\/li>\n<li><strong>Studentische Hilfskr\u00e4fte (StudHK):<\/strong> Mindestvertragslaufzeiten von 24 Monaten, keine Ausweitung des TVStud auf nicht-wissenschaftliche T\u00e4tigkeiten<\/li>\n<\/ul>\n<p><strong>Wir fordern das Pr\u00e4sidium der Freien Universit\u00e4t dazu auf, bis zum 01. April 2020 einen Ma\u00dfnahmenkatalog vorzulegen. Dar\u00fcber hinaus fordern wir einen j\u00e4hrlichen Rechenschaftsbericht \u00fcber die Situation und Entwicklung der beanstandeten Arbeitsbedingungen an der FU Berlin.<\/strong><\/p>\n<p><strong>Wir sind die 93%!<\/strong><\/p>\n<p><a href=\"https:\/\/www.openpetition.de\/petition\/online\/fuer-entfristung-und-faire-arbeitsbedingungen-an-der-fu-berlin\" target=\"_blank\" rel=\"noopener noreferrer\"><img loading=\"lazy\" decoding=\"async\" class=\"aligncenter wp-image-257\" src=\"https:\/\/blogs.fu-berlin.de\/fairunbefristet\/files\/2019\/10\/openpetition.jpg\" alt=\"\" width=\"568\" height=\"204\" srcset=\"https:\/\/blogs.fu-berlin.de\/fairunbefristet\/files\/2019\/10\/openpetition.jpg 671w, https:\/\/blogs.fu-berlin.de\/fairunbefristet\/files\/2019\/10\/openpetition-300x108.jpg 300w\" sizes=\"auto, (max-width: 568px) 85vw, 568px\" \/><\/a><\/p>\n<hr \/>\n<p><strong>Berlin&#8217;s Excellence is celebrated: Sparkling wine for Berlin, sparkling water for many of its employees. However, Excellence in research and teaching is incompatible with precarious employment &#8211; if you want to be excellent, more has to be done for your employees to create fair working conditions.<\/strong><\/p>\n<p>Although new funds were approved from the \u201cZukunftspakt\u201d and Berlin\u2019s Senate is calling for a comprehensive extension of contracts (including permanent contracts) at the universities, our university management is not complying with this. The existing employment system is not only unfair, but also reveals a lack of democracy.<\/p>\n<p>Lack of perspectives in employment cannot be the standard: More than 90 percent of Freie Universit\u00e4t Berlin&#8217;s academic staff who are not professors is employed on a temporary basis. One third of its employees \u2013 many of them part-time employees \u2013 have a contract that expires within the next 24 months, often much earlier. This is outrageous and deeply unfair.<\/p>\n<p>In the technical and administrative sectors, fixed-term employment contracts have taken hold &#8211; even \u201csachgrundlose Befristung\u201d (part-time contracts without an specific reason) and outsourcing of services are common, especially among cleaners and security guards. Departments are often structurally understaffed, which is at least partly due to underpaid employees.<\/p>\n<p>Students also suffer from these conditions: Overcrowded seminars, inadequate and discontinuous supervision by teachers, changing responsibilities and a lack of contact persons, etc.<\/p>\n<p>We demand fair working conditions for all. As part of this petition, we call upon university management for binding regulations for the affected employees at Freie Universit\u00e4t Berlin.<\/p>\n<h1 style=\"text-align: center\"><em><a href=\"https:\/\/www.dropbox.com\/sh\/yma9cqxsiwfo5n6\/AADakCgx5Zf1vHOMA7RNqwMma?dl=0\" target=\"_blank\" rel=\"noopener noreferrer\">Download FLYER in German and English here<\/a><\/em><\/h1>\n<p><u>Specifically, this means:<\/u><\/p>\n<h5><strong>Employees in the Science-support, Technical, Administrative and Service sectors:<\/strong><\/h5>\n<ul>\n<li>Abolish outsourcing, TV-L FU (the collective agreement for the employees at FU) for all those working at the FU<\/li>\n<li>No contracts under the condition &#8222;sachgrundlose Befristung&#8220;, instead we demand permanent positions with fair collective agreement classification<\/li>\n<li>Classification of the &#8222;non-scientifically&#8220; employed students in the TV-L<\/li>\n<\/ul>\n<h5><strong>Scientific Staff in Research &amp; Teaching<\/strong><\/h5>\n<ul>\n<li>With completed doctorate (<strong>PostDocs<\/strong>): Gradual creation of permanent positions towards a temporary employment rate corresponding to the national average (as of 2018: 8.3 percent\/Statistisches Bundesamt)<\/li>\n<li>In the qualification phase (<strong>doctoral student<\/strong>): the doctorate is part of working time and should be remunerated accordingly &#8211; No employment below 75% of the regular weekly working time and five years minimum duration plus one year extension if necessary<\/li>\n<li>Teachers for special tasks (<strong>LfbA<\/strong>)\/Research assistants with permanent teaching duties: immediate removal of contractual limitations of duration from all LfbA positions, maximum teaching obligation of 9 SWS<\/li>\n<li><strong>Lecturers<\/strong>: Lectureships only as a supplement to the teaching program with appropriate remuneration of at least 45\u20ac per SWS<\/li>\n<li><strong>Privatdozent*innen<\/strong>: No un(der)paid title teaching, remuneration at least on the same level as <strong>teaching positions<\/strong><\/li>\n<li>Student assistants (<strong>StudHK<\/strong>): minimum contract duration of 24 months, no extension of TVStud to non-scientific activities<\/li>\n<\/ul>\n<p><strong>We demand that the Executive Board of Freie Universit\u00e4t submits a catalog of corrective measures by April 1, 2020. In addition, we call for an annual report evaluating the employment situation and the planned development of all relevant working conditions at the FU Berlin.<\/strong><\/p>\n<p><strong>We are the 93%!<\/strong><\/p>\n<p><a href=\"https:\/\/www.openpetition.de\/petition\/online\/fuer-entfristung-und-faire-arbeitsbedingungen-an-der-fu-berlin\"><strong>LINK to the petition<\/strong><\/a><\/p>","protected":false},"excerpt":{"rendered":"<p>Die Petition mit 1.346 Unterschriften wurde am 12. Februar 2020 in der Sitzung des Akademischen Senats an das Pr\u00e4sidium \u00fcbergeben.The petition has been handed over to the FU-President on February 2020. We gathered a whole of 1.346 signatures. Zum Bericht \/ See our report &#8212;See English version below&#8212; Berlins Exzellenz wird gefeiert: Sekt f\u00fcr die &hellip; <a href=\"https:\/\/blogs.fu-berlin.de\/fairunbefristet\/petition\/\" class=\"more-link\"><span class=\"screen-reader-text\">\u201ePetition\u201c<\/span> weiterlesen<\/a><\/p>\n","protected":false},"author":3536,"featured_media":0,"parent":0,"menu_order":0,"comment_status":"closed","ping_status":"closed","template":"","meta":{"footnotes":""},"class_list":["post-261","page","type-page","status-publish","hentry"],"_links":{"self":[{"href":"https:\/\/blogs.fu-berlin.de\/fairunbefristet\/wp-json\/wp\/v2\/pages\/261","targetHints":{"allow":["GET"]}}],"collection":[{"href":"https:\/\/blogs.fu-berlin.de\/fairunbefristet\/wp-json\/wp\/v2\/pages"}],"about":[{"href":"https:\/\/blogs.fu-berlin.de\/fairunbefristet\/wp-json\/wp\/v2\/types\/page"}],"author":[{"embeddable":true,"href":"https:\/\/blogs.fu-berlin.de\/fairunbefristet\/wp-json\/wp\/v2\/users\/3536"}],"replies":[{"embeddable":true,"href":"https:\/\/blogs.fu-berlin.de\/fairunbefristet\/wp-json\/wp\/v2\/comments?post=261"}],"version-history":[{"count":3,"href":"https:\/\/blogs.fu-berlin.de\/fairunbefristet\/wp-json\/wp\/v2\/pages\/261\/revisions"}],"predecessor-version":[{"id":366,"href":"https:\/\/blogs.fu-berlin.de\/fairunbefristet\/wp-json\/wp\/v2\/pages\/261\/revisions\/366"}],"wp:attachment":[{"href":"https:\/\/blogs.fu-berlin.de\/fairunbefristet\/wp-json\/wp\/v2\/media?parent=261"}],"curies":[{"name":"wp","href":"https:\/\/api.w.org\/{rel}","templated":true}]}}