{"id":33,"date":"2023-04-24T16:32:49","date_gmt":"2023-04-24T14:32:49","guid":{"rendered":"https:\/\/blogs.fu-berlin.de\/hci2023\/?page_id=33"},"modified":"2023-04-26T17:03:38","modified_gmt":"2023-04-26T15:03:38","slug":"motivation","status":"publish","type":"page","link":"https:\/\/blogs.fu-berlin.de\/hci2023\/motivation\/","title":{"rendered":"Motivation"},"content":{"rendered":"\n<p>This term, we focus on the area of e-health and more specifically on the ePA (electronic patient record) and DiGA (digital health apps).<\/p>\n\n\n\n<p>On the following pages, you find interesting information in this field which is continuously updated throughout the course.<\/p>\n\n\n\n<p><span style=\"text-decoration: underline\">Please note:<\/span> All information is provided in German, because of the context.<\/p>\n\n\n\n<hr class=\"wp-block-separator has-alpha-channel-opacity\" \/>\n\n\n<figure class=\"wp-block-embed-youtube wp-block-embed is-type-video is-provider-youtube wp-embed-aspect-16-9 wp-has-aspect-ratio\"><div class=\"lyte-wrapper\" style=\"width:640px;max-width:100%;margin:5px;\"><div class=\"lyMe\" id=\"WYL_wuIjIC8BJx8\"><div id=\"lyte_wuIjIC8BJx8\" data-src=\"https:\/\/blogs.fu-berlin.de\/hci2023\/wp-content\/plugins\/wp-youtube-lyte\/lyteCache.php?origThumbUrl=%2F%2Fi.ytimg.com%2Fvi%2FwuIjIC8BJx8%2Fhqdefault.jpg\" class=\"pL\"><div class=\"tC\"><div class=\"tT\"><\/div><\/div><div class=\"play\"><\/div><div class=\"ctrl\"><div class=\"Lctrl\"><\/div><div class=\"Rctrl\"><\/div><\/div><\/div><noscript><a href=\"https:\/\/youtu.be\/wuIjIC8BJx8\" rel=\"nofollow\"><img loading=\"lazy\" decoding=\"async\" src=\"https:\/\/blogs.fu-berlin.de\/hci2023\/wp-content\/plugins\/wp-youtube-lyte\/lyteCache.php?origThumbUrl=https%3A%2F%2Fi.ytimg.com%2Fvi%2FwuIjIC8BJx8%2F0.jpg\" alt=\"YouTube-Video-Thumbnail\" width=\"640\" height=\"340\" \/><br \/>Dieses Video auf YouTube ansehen<\/a><\/noscript><\/div><\/div><div class=\"lL\" style=\"max-width:100%;width:640px;margin:5px;\"><br\/><span class=\"lyte_disclaimer\">ACHTUNG: Daten nach YouTube werden erst beim Abspielen des Videos \u00fcbertragen.<\/span><\/div><figcaption>Digitalisierung im Gesundheitswesen<\/figcaption><\/figure>\n\n\n<h2 class=\"wp-block-heading\">Information zur Digitalisierung im Gesundheitswesen<\/h2>\n\n\n\n<p>Das Bundesministerium f\u00fcr Gesundheit (BGM) hat gemeinsam mit zahlreichen Stakeholdern eine Digitalisierungsstrategie f\u00fcr das Gesundheitswesen und die Pflege erarbeitet. Diese Strategie l\u00e4sst sich hier finden:<\/p>\n\n\n\n<div data-wp-interactive=\"core\/file\" class=\"wp-block-file\"><object data-wp-bind--hidden=\"!state.hasPdfPreview\" hidden class=\"wp-block-file__embed\" data=\"https:\/\/blogs.fu-berlin.de\/hci2023\/files\/2023\/04\/BMG_Broschuere_Digitalisierungsstrategie_bf.pdf\" type=\"application\/pdf\" style=\"width:100%;height:600px\" aria-label=\"Einbettung von Einbettung von BMG_Broschuere_Digitalisierungsstrategie_bf..\"><\/object><a id=\"wp-block-file--media-01623d07-e43f-44a5-be61-2399dde89b53\" href=\"https:\/\/blogs.fu-berlin.de\/hci2023\/files\/2023\/04\/BMG_Broschuere_Digitalisierungsstrategie_bf.pdf\">BMG_Broschuere_Digitalisierungsstrategie_bf<\/a><a href=\"https:\/\/blogs.fu-berlin.de\/hci2023\/files\/2023\/04\/BMG_Broschuere_Digitalisierungsstrategie_bf.pdf\" class=\"wp-block-file__button\" download aria-describedby=\"wp-block-file--media-01623d07-e43f-44a5-be61-2399dde89b53\">Herunterladen<\/a><\/div>\n\n\n\n<p><a href=\"https:\/\/www.bundesgesundheitsministerium.de\/themen\/digitalisierung\/digitalisierungsstrategie.html\">https:\/\/www.bundesgesundheitsministerium.de\/themen\/digitalisierung\/digita<\/a><\/p>\n\n\n\n<h2 class=\"wp-block-heading\">Quellen<\/h2>\n\n\n\n<ul class=\"wp-block-list\"><li>Seite des BMG mit der Beschreibung des Vorgehens: <a rel=\"noreferrer noopener\" href=\"https:\/\/www.bundesgesundheitsministerium.de\/themen\/digitalisierung\/digitalisierungsstrategie.html\" target=\"_blank\">https:\/\/www.bundesgesundheitsministerium.de\/themen\/digitalisierung\/digitalisierungsstrategie.html<\/a><\/li><\/ul>\n","protected":false},"excerpt":{"rendered":"<p>This term, we focus on the area of e-health and more specifically on the ePA (electronic patient record) and DiGA (digital health apps). On the following pages, you find interesting information in this field which is continuously updated throughout the course. Please note: All information is provided in German, because of the context. Information zur &hellip; <a href=\"https:\/\/blogs.fu-berlin.de\/hci2023\/motivation\/\" class=\"more-link\"><span class=\"screen-reader-text\">\u201eMotivation\u201c<\/span> weiterlesen<\/a><\/p>\n","protected":false},"author":1820,"featured_media":0,"parent":0,"menu_order":0,"comment_status":"closed","ping_status":"closed","template":"","meta":{"_bbp_topic_count":0,"_bbp_reply_count":0,"_bbp_total_topic_count":0,"_bbp_total_reply_count":0,"_bbp_voice_count":0,"_bbp_anonymous_reply_count":0,"_bbp_topic_count_hidden":0,"_bbp_reply_count_hidden":0,"_bbp_forum_subforum_count":0,"footnotes":""},"class_list":["post-33","page","type-page","status-publish","hentry"],"_links":{"self":[{"href":"https:\/\/blogs.fu-berlin.de\/hci2023\/wp-json\/wp\/v2\/pages\/33","targetHints":{"allow":["GET"]}}],"collection":[{"href":"https:\/\/blogs.fu-berlin.de\/hci2023\/wp-json\/wp\/v2\/pages"}],"about":[{"href":"https:\/\/blogs.fu-berlin.de\/hci2023\/wp-json\/wp\/v2\/types\/page"}],"author":[{"embeddable":true,"href":"https:\/\/blogs.fu-berlin.de\/hci2023\/wp-json\/wp\/v2\/users\/1820"}],"replies":[{"embeddable":true,"href":"https:\/\/blogs.fu-berlin.de\/hci2023\/wp-json\/wp\/v2\/comments?post=33"}],"version-history":[{"count":4,"href":"https:\/\/blogs.fu-berlin.de\/hci2023\/wp-json\/wp\/v2\/pages\/33\/revisions"}],"predecessor-version":[{"id":87,"href":"https:\/\/blogs.fu-berlin.de\/hci2023\/wp-json\/wp\/v2\/pages\/33\/revisions\/87"}],"wp:attachment":[{"href":"https:\/\/blogs.fu-berlin.de\/hci2023\/wp-json\/wp\/v2\/media?parent=33"}],"curies":[{"name":"wp","href":"https:\/\/api.w.org\/{rel}","templated":true}]}}