{"id":47,"date":"2023-04-24T17:00:28","date_gmt":"2023-04-24T15:00:28","guid":{"rendered":"https:\/\/blogs.fu-berlin.de\/hci2023\/?page_id=47"},"modified":"2023-04-24T17:35:03","modified_gmt":"2023-04-24T15:35:03","slug":"epa","status":"publish","type":"page","link":"https:\/\/blogs.fu-berlin.de\/hci2023\/epa\/","title":{"rendered":"ePA"},"content":{"rendered":"\n<p>All information around ePA.<\/p>\n\n\n\n<p>Mit der elektronischen Patientenakte (ePA) sollen Versicherte ihre Arztbriefe, Befunde, aber auch Mutter- und Impfpass sichern an einem Ort speichern k\u00f6nnen. F\u00fcr \u00c4rztinnen und \u00c4rzte bedeutet das, dass sie einen guten \u00dcberblick \u00fcber die Gesundheit einer Person verschaffen k\u00f6nnen, indem sie vorhandene Befunde einsehen k\u00f6nnen. Patient:innen sollen dabei die volle Hoheit \u00fcber ihre Daten behalten, denn sie allein entscheiden, welche Dokumente sie wem zur Einsicht freigeben. Des Weiteren soll die ePA als Plattform zur Datenintegration von Nutzdaten von Patient:innen unter anderen aus App-Anwendungen (DiGA) dienen.<\/p>\n\n\n<figure class=\"wp-block-embed-youtube wp-block-embed is-type-video is-provider-youtube wp-embed-aspect-16-9 wp-has-aspect-ratio\"><div class=\"lyte-wrapper\" style=\"width:640px;max-width:100%;margin:5px;\"><div class=\"lyMe\" id=\"WYL_YqekxRsw1Xs\"><div id=\"lyte_YqekxRsw1Xs\" data-src=\"https:\/\/blogs.fu-berlin.de\/hci2023\/wp-content\/plugins\/wp-youtube-lyte\/lyteCache.php?origThumbUrl=%2F%2Fi.ytimg.com%2Fvi%2FYqekxRsw1Xs%2Fhqdefault.jpg\" class=\"pL\"><div class=\"tC\"><div class=\"tT\"><\/div><\/div><div class=\"play\"><\/div><div class=\"ctrl\"><div class=\"Lctrl\"><\/div><div class=\"Rctrl\"><\/div><\/div><\/div><noscript><a href=\"https:\/\/youtu.be\/YqekxRsw1Xs\" rel=\"nofollow\"><img loading=\"lazy\" decoding=\"async\" src=\"https:\/\/blogs.fu-berlin.de\/hci2023\/wp-content\/plugins\/wp-youtube-lyte\/lyteCache.php?origThumbUrl=https%3A%2F%2Fi.ytimg.com%2Fvi%2FYqekxRsw1Xs%2F0.jpg\" alt=\"YouTube-Video-Thumbnail\" width=\"640\" height=\"340\" \/><br \/>Dieses Video auf YouTube ansehen<\/a><\/noscript><\/div><\/div><div class=\"lL\" style=\"max-width:100%;width:640px;margin:5px;\"><br\/><span class=\"lyte_disclaimer\">ACHTUNG: Daten nach YouTube werden erst beim Abspielen des Videos \u00fcbertragen.<\/span><\/div><figcaption>Was ist die elektronische Patientenakte (ePA)?<\/figcaption><\/figure>\n\n\n<p>Die ePA wird von den Krankenkassen seit dem 1. Januar 2021 zusammen mit einer App bereitgestellt.<\/p>\n\n\n\n<h2 class=\"wp-block-heading\">Weiterf\u00fchrende Informationen<\/h2>\n\n\n\n<figure class=\"wp-block-table\"><table><tbody><tr><td>Allgemeine Informationen zur ePA<\/td><td><a href=\"https:\/\/www.bundesgesundheitsministerium.de\/elektronische-patientenakte.html\">https:\/\/www.bundesgesundheitsministerium.de\/elektronische-patientenakte.html<\/a><\/td><\/tr><tr><td>Vorteile der ePA<\/td><td><a href=\"https:\/\/www.gematik.de\/anwendungen\/e-patientenakte\/versicherte\">https:\/\/www.gematik.de\/anwendungen\/e-patientenakte\/<\/a><\/td><\/tr><tr><td>\u00dcbersicht \u00fcber ePA der Krankenkassen<\/td><td><a href=\"https:\/\/www.gematik.de\/anwendungen\/e-patientenakte\/epa-app\">https:\/\/www.gematik.de\/anwendungen\/e-patientenakte\/epa-app<\/a><\/td><\/tr><\/tbody><\/table><\/figure>\n\n\n\n<h2 class=\"wp-block-heading\">Artikel<\/h2>\n\n\n\n<p>Simon, Anke. &#8222;Usability of electronic patient record systems: Instrument validation study conducted for hospitals in Germany.&#8220; <em>Health informatics journal<\/em> 26.3 (2020): 1969-1982.<\/p>\n\n\n\n<p>St\u00fcer, Torben, and Christian Juhra. &#8222;Usability of Electronic Health Records in Germany\u2013An Overview of Satisfaction of University Hospital Physicians.&#8220; <em>German Medical Data Sciences 2022\u2013Future Medicine: More Precise, More Integrative, More Sustainable!<\/em> (2022): 90-97.<\/p>\n\n\n\n<p>Zahabi, M., Kaber, D. B., &amp; Swangnetr, M. (2015). Usability and safety in electronic medical records interface design: a review of recent literature and guideline formulation. <em>Human factors<\/em>, <em>57<\/em>(5), 805-834.<\/p>\n\n\n\n<p><\/p>\n","protected":false},"excerpt":{"rendered":"<p>All information around ePA. Mit der elektronischen Patientenakte (ePA) sollen Versicherte ihre Arztbriefe, Befunde, aber auch Mutter- und Impfpass sichern an einem Ort speichern k\u00f6nnen. F\u00fcr \u00c4rztinnen und \u00c4rzte bedeutet das, dass sie einen guten \u00dcberblick \u00fcber die Gesundheit einer Person verschaffen k\u00f6nnen, indem sie vorhandene Befunde einsehen k\u00f6nnen. Patient:innen sollen dabei die volle Hoheit &hellip; <a href=\"https:\/\/blogs.fu-berlin.de\/hci2023\/epa\/\" class=\"more-link\"><span class=\"screen-reader-text\">\u201eePA\u201c<\/span> weiterlesen<\/a><\/p>\n","protected":false},"author":1820,"featured_media":0,"parent":0,"menu_order":0,"comment_status":"closed","ping_status":"closed","template":"","meta":{"_bbp_topic_count":0,"_bbp_reply_count":0,"_bbp_total_topic_count":0,"_bbp_total_reply_count":0,"_bbp_voice_count":0,"_bbp_anonymous_reply_count":0,"_bbp_topic_count_hidden":0,"_bbp_reply_count_hidden":0,"_bbp_forum_subforum_count":0,"footnotes":""},"class_list":["post-47","page","type-page","status-publish","hentry"],"_links":{"self":[{"href":"https:\/\/blogs.fu-berlin.de\/hci2023\/wp-json\/wp\/v2\/pages\/47","targetHints":{"allow":["GET"]}}],"collection":[{"href":"https:\/\/blogs.fu-berlin.de\/hci2023\/wp-json\/wp\/v2\/pages"}],"about":[{"href":"https:\/\/blogs.fu-berlin.de\/hci2023\/wp-json\/wp\/v2\/types\/page"}],"author":[{"embeddable":true,"href":"https:\/\/blogs.fu-berlin.de\/hci2023\/wp-json\/wp\/v2\/users\/1820"}],"replies":[{"embeddable":true,"href":"https:\/\/blogs.fu-berlin.de\/hci2023\/wp-json\/wp\/v2\/comments?post=47"}],"version-history":[{"count":3,"href":"https:\/\/blogs.fu-berlin.de\/hci2023\/wp-json\/wp\/v2\/pages\/47\/revisions"}],"predecessor-version":[{"id":57,"href":"https:\/\/blogs.fu-berlin.de\/hci2023\/wp-json\/wp\/v2\/pages\/47\/revisions\/57"}],"wp:attachment":[{"href":"https:\/\/blogs.fu-berlin.de\/hci2023\/wp-json\/wp\/v2\/media?parent=47"}],"curies":[{"name":"wp","href":"https:\/\/api.w.org\/{rel}","templated":true}]}}