{"id":49,"date":"2023-04-24T17:00:49","date_gmt":"2023-04-24T15:00:49","guid":{"rendered":"https:\/\/blogs.fu-berlin.de\/hci2023\/?page_id=49"},"modified":"2023-04-25T10:08:09","modified_gmt":"2023-04-25T08:08:09","slug":"diga","status":"publish","type":"page","link":"https:\/\/blogs.fu-berlin.de\/hci2023\/diga\/","title":{"rendered":"DiGA"},"content":{"rendered":"\n<blockquote class=\"wp-block-quote is-layout-flow wp-block-quote-is-layout-flow\"><p>In Deutschland wird das Gesetz zur digitalen Gesundheit (DVG) ab dem 19. Dezember 2019 &#8222;Apps auf Rezept&#8220; erm\u00f6glichen. Das bedeutet, dass rund 73 Millionen gesetzlich Krankenversicherte digitale Gesundheits-Apps, sogenannte DiGA, nutzen k\u00f6nnen, die von \u00c4rzten und Psychotherapeuten verschrieben und von den Krankenkassen erstattet werden. Bevor solche Gesundheits-Apps auf den Markt kommen, werden sie vom Bundesinstitut f\u00fcr Arzneimittel und Medizinprodukte (BfArM) auf Sicherheit, funktionale Eignung, Qualit\u00e4t, Datensicherheit und Datenschutz gepr\u00fcft. Nach erfolgreichem Bestehen der Pr\u00fcfung wird die Gesundheits-App vorl\u00e4ufig f\u00fcr ein Jahr von der gesetzlichen Krankenversicherung erstattet. In dieser Zeit muss der Hersteller gegen\u00fcber dem BfArM nachweisen, dass die App die Patientenversorgung verbessert.<\/p><\/blockquote>\n\n\n\n<blockquote class=\"wp-block-quote is-layout-flow wp-block-quote-is-layout-flow\"><p>Vom Insulinrechner bis zum Blutdrucktagebuch: Viele Menschen nutzen bereits Gesundheits-Apps, die ihnen den Alltag erleichtern. Vor allem chronisch kranke Menschen, die t\u00e4glich ihre medizinischen Werte im Blick behalten m\u00fcssen, sollen von den digitalen Helfern profitieren. In Zukunft k\u00f6nnen solche Apps wie ein Medikament auf Rezept verordnet werden. Die Krankenkasse \u00fcbernimmt die Kosten f\u00fcr die App, sofern sie entsprechend zertifiziert sind.<\/p><cite>https:\/\/gi-radar.de\/330-app-auf-rezept\/<\/cite><\/blockquote>\n\n\n\n<h2 class=\"wp-block-heading\">Weiterf\u00fchrende Information<\/h2>\n\n\n\n<p><a rel=\"noreferrer noopener\" href=\"https:\/\/www.aps-ev.de\/app-checkliste\/\" data-type=\"URL\" data-id=\"https:\/\/www.aps-ev.de\/app-checkliste\/\" target=\"_blank\">Aktionsb\u00fcndis Patientesucherheit<\/a><br><a rel=\"noreferrer noopener\" href=\"https:\/\/diga.bfarm.de\/de\/verzeichnis\" data-type=\"URL\" data-id=\"https:\/\/diga.bfarm.de\/de\/verzeichnis\" target=\"_blank\">DiGa Verzeichnis<\/a><\/p>\n\n\n\n<p><a rel=\"noreferrer noopener\" href=\"https:\/\/diga.bfarm.de\/de\/leistungserbringende\" target=\"_blank\">What are the criteria for healthcare apps to be included in the DiGA directory<\/a>?<br><a rel=\"noreferrer noopener\" href=\"https:\/\/www.bundesgesundheitsministerium.de\/service\/gesetze-und-verordnungen\/guv-19-lp\/digav.html\" data-type=\"URL\" data-id=\"https:\/\/www.bundesgesundheitsministerium.de\/service\/gesetze-und-verordnungen\/guv-19-lp\/digav.html\" target=\"_blank\">Digitale-Gesundheitsanwendungen-Verordnung (DiGAV) <\/a><\/p>\n\n\n\n<p>All information around DiGAs (Digitale Gesundheitsanwendungen).<\/p>\n\n\n\n<p><a rel=\"noreferrer noopener\" href=\"https:\/\/www.bundesgesundheitsministerium.de\/themen\/krankenversicherung\/online-ratgeber-krankenversicherung\/arznei-heil-und-hilfsmittel\/digitale-gesundheitsanwendungen.html\" target=\"_blank\">What are DiGAs, and how can DiGAs be used?<\/a><\/p>\n\n\n\n<p><a href=\"https:\/\/www.aerzteblatt.de\/archiv\/207821\/Mobile-Gesundheitsanwendungen-Welche-Evidenz-ist-noetig\" target=\"_blank\" rel=\"noreferrer noopener\">What evidence do DiGAs need to provide?<\/a><\/p>\n\n\n\n<p><a rel=\"noreferrer noopener\" href=\"https:\/\/www.bertelsmann-stiftung.de\/fileadmin\/files\/BSt\/Publikationen\/GrauePublikationen\/Studienbericht_AppQ_191028.pdf\" target=\"_blank\">W<\/a><a rel=\"noreferrer noopener\" href=\"https:\/\/www.bertelsmann-stiftung.de\/fileadmin\/files\/BSt\/Publikationen\/GrauePublikationen\/Studienbericht_AppQ_191028.pdf\" target=\"_blank\">h<\/a><a rel=\"noreferrer noopener\" href=\"https:\/\/www.bertelsmann-stiftung.de\/fileadmin\/files\/BSt\/Publikationen\/GrauePublikationen\/Studienbericht_AppQ_191028.pdf\" target=\"_blank\">a<\/a><a rel=\"noreferrer noopener\" href=\"https:\/\/www.bertelsmann-stiftung.de\/fileadmin\/files\/BSt\/Publikationen\/GrauePublikationen\/Studienbericht_AppQ_191028.pdf\" target=\"_blank\">t<\/a><a rel=\"noreferrer noopener\" href=\"https:\/\/www.bertelsmann-stiftung.de\/fileadmin\/files\/BSt\/Publikationen\/GrauePublikationen\/Studienbericht_AppQ_191028.pdf\" target=\"_blank\"> <\/a><a rel=\"noreferrer noopener\" href=\"https:\/\/www.bertelsmann-stiftung.de\/fileadmin\/files\/BSt\/Publikationen\/GrauePublikationen\/Studienbericht_AppQ_191028.pdf\" target=\"_blank\">a<\/a><a rel=\"noreferrer noopener\" href=\"https:\/\/www.bertelsmann-stiftung.de\/fileadmin\/files\/BSt\/Publikationen\/GrauePublikationen\/Studienbericht_AppQ_191028.pdf\" target=\"_blank\">r<\/a><a rel=\"noreferrer noopener\" href=\"https:\/\/www.bertelsmann-stiftung.de\/fileadmin\/files\/BSt\/Publikationen\/GrauePublikationen\/Studienbericht_AppQ_191028.pdf\" target=\"_blank\">e<\/a><a rel=\"noreferrer noopener\" href=\"https:\/\/www.bertelsmann-stiftung.de\/fileadmin\/files\/BSt\/Publikationen\/GrauePublikationen\/Studienbericht_AppQ_191028.pdf\" target=\"_blank\"> <\/a><a rel=\"noreferrer noopener\" href=\"https:\/\/www.bertelsmann-stiftung.de\/fileadmin\/files\/BSt\/Publikationen\/GrauePublikationen\/Studienbericht_AppQ_191028.pdf\" target=\"_blank\">t<\/a><a rel=\"noreferrer noopener\" href=\"https:\/\/www.bertelsmann-stiftung.de\/fileadmin\/files\/BSt\/Publikationen\/GrauePublikationen\/Studienbericht_AppQ_191028.pdf\" target=\"_blank\">h<\/a><a rel=\"noreferrer noopener\" href=\"https:\/\/www.bertelsmann-stiftung.de\/fileadmin\/files\/BSt\/Publikationen\/GrauePublikationen\/Studienbericht_AppQ_191028.pdf\" target=\"_blank\">e<\/a><a rel=\"noreferrer noopener\" href=\"https:\/\/www.bertelsmann-stiftung.de\/fileadmin\/files\/BSt\/Publikationen\/GrauePublikationen\/Studienbericht_AppQ_191028.pdf\" target=\"_blank\"> <\/a><a rel=\"noreferrer noopener\" href=\"https:\/\/www.bertelsmann-stiftung.de\/fileadmin\/files\/BSt\/Publikationen\/GrauePublikationen\/Studienbericht_AppQ_191028.pdf\" target=\"_blank\">c<\/a><a rel=\"noreferrer noopener\" href=\"https:\/\/www.bertelsmann-stiftung.de\/fileadmin\/files\/BSt\/Publikationen\/GrauePublikationen\/Studienbericht_AppQ_191028.pdf\" target=\"_blank\">riteria for ensuring quality transparency of DiGAs?<\/a><\/p>\n\n\n\n<p><a rel=\"noreferrer noopener\" href=\"https:\/\/link.springer.com\/book\/10.1007\/978-3-662-66254-0\" target=\"_blank\">What are the legal requirements for DiGAs?<\/a><br><\/p>\n\n\n\n<p><\/p>\n\n\n\n<p><\/p>\n\n\n\n<p><\/p>\n\n\n\n<p><\/p>\n\n\n\n<h2 class=\"wp-block-heading\"><br>Further readings<\/h2>\n\n\n\n<p><a href=\"https:\/\/www.ncbi.nlm.nih.gov\/pmc\/articles\/PMC8441956\/\" target=\"_blank\" rel=\"noreferrer noopener\">Challenges and opportunities of DiGAs<\/a><\/p>\n\n\n\n<p><a href=\"https:\/\/link.springer.com\/article\/10.1007\/s00115-021-01196-9\" target=\"_blank\" rel=\"noreferrer noopener\">DiGAs in Germany<\/a><\/p>\n\n\n\n<p><a href=\"https:\/\/books.google.de\/books?hl=de&amp;lr=&amp;id=u1xkEAAAQBAJ&amp;oi=fnd&amp;pg=PR7&amp;dq=digitale+gesundheitsanwendungen&amp;ots=rf9OLaWCLU&amp;sig=EEtv0g2lV7lMo_nVf6Q6oIM1Gwk#v=onepage&amp;q=digitale%20gesundheitsanwendungen&amp;f=false\" target=\"_blank\" rel=\"noreferrer noopener\">Everything you need to know about DiGAs<\/a><\/p>\n\n\n\n<p><br><\/p>\n","protected":false},"excerpt":{"rendered":"<p>In Deutschland wird das Gesetz zur digitalen Gesundheit (DVG) ab dem 19. Dezember 2019 &#8222;Apps auf Rezept&#8220; erm\u00f6glichen. Das bedeutet, dass rund 73 Millionen gesetzlich Krankenversicherte digitale Gesundheits-Apps, sogenannte DiGA, nutzen k\u00f6nnen, die von \u00c4rzten und Psychotherapeuten verschrieben und von den Krankenkassen erstattet werden. Bevor solche Gesundheits-Apps auf den Markt kommen, werden sie vom Bundesinstitut &hellip; <a href=\"https:\/\/blogs.fu-berlin.de\/hci2023\/diga\/\" class=\"more-link\"><span class=\"screen-reader-text\">\u201eDiGA\u201c<\/span> weiterlesen<\/a><\/p>\n","protected":false},"author":1820,"featured_media":0,"parent":0,"menu_order":0,"comment_status":"closed","ping_status":"closed","template":"","meta":{"_bbp_topic_count":0,"_bbp_reply_count":0,"_bbp_total_topic_count":0,"_bbp_total_reply_count":0,"_bbp_voice_count":0,"_bbp_anonymous_reply_count":0,"_bbp_topic_count_hidden":0,"_bbp_reply_count_hidden":0,"_bbp_forum_subforum_count":0,"footnotes":""},"class_list":["post-49","page","type-page","status-publish","hentry"],"_links":{"self":[{"href":"https:\/\/blogs.fu-berlin.de\/hci2023\/wp-json\/wp\/v2\/pages\/49","targetHints":{"allow":["GET"]}}],"collection":[{"href":"https:\/\/blogs.fu-berlin.de\/hci2023\/wp-json\/wp\/v2\/pages"}],"about":[{"href":"https:\/\/blogs.fu-berlin.de\/hci2023\/wp-json\/wp\/v2\/types\/page"}],"author":[{"embeddable":true,"href":"https:\/\/blogs.fu-berlin.de\/hci2023\/wp-json\/wp\/v2\/users\/1820"}],"replies":[{"embeddable":true,"href":"https:\/\/blogs.fu-berlin.de\/hci2023\/wp-json\/wp\/v2\/comments?post=49"}],"version-history":[{"count":11,"href":"https:\/\/blogs.fu-berlin.de\/hci2023\/wp-json\/wp\/v2\/pages\/49\/revisions"}],"predecessor-version":[{"id":78,"href":"https:\/\/blogs.fu-berlin.de\/hci2023\/wp-json\/wp\/v2\/pages\/49\/revisions\/78"}],"wp:attachment":[{"href":"https:\/\/blogs.fu-berlin.de\/hci2023\/wp-json\/wp\/v2\/media?parent=49"}],"curies":[{"name":"wp","href":"https:\/\/api.w.org\/{rel}","templated":true}]}}