{"id":2,"date":"2013-12-03T13:57:55","date_gmt":"2013-12-03T13:57:55","guid":{"rendered":""},"modified":"2019-04-17T09:01:04","modified_gmt":"2019-04-17T07:01:04","slug":"impressum","status":"publish","type":"page","link":"https:\/\/blogs.fu-berlin.de\/ideenbar\/impressum\/","title":{"rendered":"Impressum"},"content":{"rendered":"<p>&nbsp;<\/p>\n<div>\n<h2>Dienstanbieter:<\/h2>\n<p>Freie Universit\u00e4t Berlin, vertreten durch den <a href=\"https:\/\/www.fu-berlin.de\/einrichtungen\/organe\/praesidium\/praesident\/index.html\" target=\"_blank\" rel=\"noopener\">Pr\u00e4sidenten<\/a>.<\/p>\n<h2>Anschrift:<\/h2>\n<p>Freie Universit\u00e4t Berlin<br \/>\nUniversit\u00e4tsbibliothek<br \/>\nCenter f\u00fcr Digitale Systeme (CeDiS)<br \/>\nE-Learning, E-Research, Multimedia<br \/>\nIhnestra\u00dfe 24<br \/>\n14195 Berlin<\/p>\n<h2><strong>Umsatzsteueridentifikationsnummer:<\/strong><\/h2>\n<p>DE 811304768<\/p>\n<h2>Inhaltliche Verantwortung nach \u00a7 55 RfStV:<\/h2>\n<p>Freie Universit\u00e4t Berlin<br \/>\nUniversit\u00e4tsbibliothek<br \/>\nCenter f\u00fcr Digitale Systeme (CeDiS)<br \/>\nE-Learning, E-Research, Multimedia<br \/>\nIhnestra\u00dfe 24<br \/>\n14195 Berlin<\/p>\n<p>E-Mail:\u00a0<a title=\"mailto:cedis@fu-berlin.de\" href=\"mailto:cedis@fu-berlin.de\">cedis@fu-berlin.de<\/a><br \/>\nTel.: (030) 838 53705<\/p>\n<div class=\"debug page\">\n<div class=\"content-wrapper main horizontal-bg-container-main\">\n<div class=\"container\">\n<div class=\"row\">\n<div class=\"col-m-7 print-full-width\">\n<div class=\"fub-content fub-fu_faq_ordner\">\n<div class=\"box box-faq-glossary-folder box-faqs-cms-7 \">\n<h2>Verantwortlich im Sinne der Datenschutz-Grundverordnung ist die:<\/h2>\n<div class=\"editor-content \">\n<p>Freie Universit\u00e4t Berlin<br \/>\nvertreten durch den <a href=\"https:\/\/www.fu-berlin.de\/einrichtungen\/organe\/praesidium\/praesident\/index.html\">Pr\u00e4sidenten<\/a><br \/>\nKaiserswerther Stra\u00dfe 16-18<br \/>\n14195 Berlin<br \/>\nTel.: +49 (30) 838-1<\/p>\n<p>Wenn Sie Fragen zu den Datenschutzhinweisen haben, stehen wir Ihnen gerne zur Verf\u00fcgung. Kontaktieren Sie bitte die Zentrale Online-Redaktion:<\/p>\n<p>Tel.: +49 (30) 838 73199<br \/>\nE-Mail: <a href=\"mailto:webteam@fu-berlin.de\">webteam@fu-berlin.de<\/a><\/p>\n<\/div>\n<\/div>\n<\/div>\n<\/div>\n<\/div>\n<\/div>\n<\/div>\n<\/div>\n<h2>Rechtsform:<\/h2>\n<p>Die Freie Universit\u00e4t Berlin ist eine K\u00f6rperschaft des \u00f6ffentlichen Rechts gem. \u00a7\u00a7 1 und 2 Berliner Hochschulgesetz (BerlHG). Das Webangebot der Freien Universit\u00e4t Berlin unterliegt dem geltenden <a title=\"Freie Universit\u00e4t Berlin: Urheberrecht\/Copyright\" href=\"https:\/\/www.fu-berlin.de\/redaktion\/copyright\/index.html\" target=\"_blank\" rel=\"noopener\">Urheberrecht<\/a>. Beachten Sie bitte auch unseren <a title=\"Haftungsausschluss - Disclaimer, FU Berlin\" href=\"https:\/\/www.fu-berlin.de\/redaktion\/disclaimer\/index.html\" target=\"_blank\" rel=\"noopener\">Haftungsausschluss\/Disclaimer.<\/a><\/p>\n<h2>Aufsichtsbeh\u00f6rde<\/h2>\n<p>Aufsichtsbeh\u00f6rde ist die nach \u00a7 89 BerlHG zust\u00e4ndige Berliner Senatsverwaltung f\u00fcr Bildung, Wissenschaft und Forschung.<\/p>\n<h2>Bildquellen<\/h2>\n<p>Icons im Tool-Portfolio:\u00a0https:\/\/iconmonstr.com\/<\/p>\n<\/div>\n","protected":false},"excerpt":{"rendered":"<p>&nbsp; Dienstanbieter: Freie Universit\u00e4t Berlin, vertreten durch den Pr\u00e4sidenten. Anschrift: Freie Universit\u00e4t Berlin Universit\u00e4tsbibliothek Center f\u00fcr Digitale Systeme (CeDiS) E-Learning, E-Research, Multimedia Ihnestra\u00dfe 24 14195 Berlin Umsatzsteueridentifikationsnummer: DE 811304768 Inhaltliche Verantwortung nach \u00a7 55 RfStV: Freie Universit\u00e4t Berlin Universit\u00e4tsbibliothek Center f\u00fcr Digitale Systeme (CeDiS) E-Learning, E-Research, Multimedia Ihnestra\u00dfe 24 14195 Berlin E-Mail:\u00a0cedis@fu-berlin.de Tel.: (030) 838 &hellip; <a href=\"https:\/\/blogs.fu-berlin.de\/ideenbar\/impressum\/\" class=\"more-link\"><span class=\"screen-reader-text\">\u201eImpressum\u201c<\/span> weiterlesen<\/a><\/p>\n","protected":false},"author":426,"featured_media":0,"parent":0,"menu_order":4,"comment_status":"closed","ping_status":"closed","template":"","meta":{"footnotes":""},"class_list":["post-2","page","type-page","status-publish","hentry"],"_links":{"self":[{"href":"https:\/\/blogs.fu-berlin.de\/ideenbar\/wp-json\/wp\/v2\/pages\/2","targetHints":{"allow":["GET"]}}],"collection":[{"href":"https:\/\/blogs.fu-berlin.de\/ideenbar\/wp-json\/wp\/v2\/pages"}],"about":[{"href":"https:\/\/blogs.fu-berlin.de\/ideenbar\/wp-json\/wp\/v2\/types\/page"}],"author":[{"embeddable":true,"href":"https:\/\/blogs.fu-berlin.de\/ideenbar\/wp-json\/wp\/v2\/users\/426"}],"replies":[{"embeddable":true,"href":"https:\/\/blogs.fu-berlin.de\/ideenbar\/wp-json\/wp\/v2\/comments?post=2"}],"version-history":[{"count":18,"href":"https:\/\/blogs.fu-berlin.de\/ideenbar\/wp-json\/wp\/v2\/pages\/2\/revisions"}],"predecessor-version":[{"id":6186,"href":"https:\/\/blogs.fu-berlin.de\/ideenbar\/wp-json\/wp\/v2\/pages\/2\/revisions\/6186"}],"wp:attachment":[{"href":"https:\/\/blogs.fu-berlin.de\/ideenbar\/wp-json\/wp\/v2\/media?parent=2"}],"curies":[{"name":"wp","href":"https:\/\/api.w.org\/{rel}","templated":true}]}}