{"id":3124,"date":"2015-12-01T15:07:49","date_gmt":"2015-12-01T14:07:49","guid":{"rendered":"https:\/\/blogs.fu-berlin.de\/ideenbar\/?page_id=3124"},"modified":"2018-12-13T10:53:39","modified_gmt":"2018-12-13T09:53:39","slug":"flickr-2","status":"publish","type":"page","link":"https:\/\/blogs.fu-berlin.de\/ideenbar\/tools\/flickr-2\/","title":{"rendered":"Flickr"},"content":{"rendered":"<h2>Steckbrief<\/h2>\n<p><a href=\"https:\/\/blogs.fu-berlin.de\/ideenbar\/tools\/\">Zur\u00fcck zur ToolBar<\/a><\/p>\n<h3><span style=\"color: #99cc00\"><strong><a href=\"https:\/\/blogs.fu-berlin.de\/ideenbar\/files\/2015\/12\/Flickr.jpg\"><img loading=\"lazy\" decoding=\"async\" class=\" size-full wp-image-3246 alignright\" src=\"https:\/\/blogs.fu-berlin.de\/ideenbar\/files\/2015\/12\/Flickr.jpg\" alt=\"Flickr\" width=\"127\" height=\"173\" \/><\/a><\/strong><\/span><span style=\"color: #99cc00\"><strong>Lehre &amp; Wissenschaft bebildern\u00a0<\/strong><\/span><\/h3>\n<p>Heutzutage wei\u00df man um die Kraft der grafischen Darstellung zur Erl\u00e4uterung und Einpr\u00e4gung verschiedenster Sachverhalte und Objekte. Auch in Diskussionen und Debatten tr\u00e4gt die Untermauerung von Argumenten mit graphischen Mitteln h\u00e4ufig zur besseren Verst\u00e4ndigung bei.\u00a0<em>Flickr<\/em> bietet als eine der gr\u00f6\u00dften Datenbanken weltweit mit digitalen und digitalisierten Bildern sowie kurzen Videos eine Vielfalt an Bildern durch frei w\u00e4hlbare Etiketten sortiert, an. So kann man bei <em>Flickr<\/em> Orte aus aller Welt aus Sicht der Fu\u00dfg\u00e4nger oder der Vogelperspektive erkunden und bspw. Street-Art-Fotos, Fotos zu Pflanzenexemplaren und historischen Monumenten sowie Zeichnungen und inszenierte Kunstfotografien in verschiedenen Ausf\u00fchrungen finden.<\/p>\n<h3><span style=\"color: #99cc00\">Beschreibung<\/span><\/h3>\n<p><em>Flickr<\/em> ist eine der gr\u00f6\u00dften Datenbanken, die \u00fcber das Internet frei verf\u00fcgbar ist. Nutzer\/innen aus aller Welt laden ihre Bilder, Zeichnungen, Fotos, kurze Videos sowie Animationen auf die Plattform, um sie mit der ganzen Welt zu teilen. Die Bilder werden mit Hilfe von Tags oder Etiketten klassifiziert und erleichtern so eine strukturierte Suche mit beliebig kombinierbaren Schl\u00fcsselw\u00f6rtern. Tags werden vom Nutzer vergeben oder aber die Bilder erhalten automatisch generierte Tags, die per Mausklick\u00a0wieder abw\u00e4hlbar sind. Je nach pers\u00f6nlichen Einstellungen k\u00f6nnen diese Bilder von anderen Nutzer\/innen kommentiert und als Favoriten markiert werden, um so auch eine sp\u00e4tere Ansicht zu erm\u00f6glichen.<\/p>\n<p>Aus den Bildern lassen sich Galerien erstellen, die bei Interesse mit Kriterien belegt werden k\u00f6nnen. Zudem k\u00f6nnen sich die Nutzer\/innen zu geschlossenen oder offenen, privaten oder \u00f6ffentlichen Gruppen zusammenschlie\u00dfen und gemeinsam ein \u201eFotopool\u201c bilden. Hier gibt es Raum f\u00fcr selbstangelegte Diskussionen zu Themen und Bildern, die die Gruppe interessieren.<\/p>\n<h3><span style=\"color: #99cc00\">Keyfeatures &amp; Potentiale<\/span><\/h3>\n<ul>\n<li>Umfangreiche, digitale Bilderdatenbank<\/li>\n<li>Mit anderen Mitgliedern \u201eGruppen\u201c bilden und ein gemeinsames Fotopool erstellen \u2013 alle Mitglieder k\u00f6nnen zum Pool mit ihrem Material beitragen (diese sind von allen einsehbar)<\/li>\n<li>Interessensgruppen bilden oder diesen beitreten und thematische Diskussionen f\u00fchren<\/li>\n<li>Vernetzungsm\u00f6glichkeiten: anderen Nutzern folgen, Bilder kommentieren, als Favoriten markieren<\/li>\n<li>Fotoserien in Galerien bilden<\/li>\n<li>Beliebige Vergabe von Tags &#8211; so ist auch die Suche nach allen Schl\u00fcsselw\u00f6rtern und Schl\u00fcsselwortkombinationen m\u00f6glich<\/li>\n<li><em><a href=\"https:\/\/www.flickr.com\/commons\">Flickr Commons:<\/a><\/em>\u00a0institutionelle Flickr-Nutzer, die Zugang zu \u00f6ffentlichen Fotosammlungen aus Museen, Archiven und Kunstgalerien weltweit \u00f6ffentlich zur Verf\u00fcgung stellen<\/li>\n<\/ul>\n<h3><span style=\"color: #99cc00\">Einsatz in Lehre und Forschung<\/span><\/h3>\n<ul>\n<li>Kollaborative Nutzeffekte: Studierende k\u00f6nnen in einer Gruppe ihre Projekte dokumentieren und online diskutieren<\/li>\n<li>Bilder z.B. aus Archivbest\u00e4nden zur Veranschaulichung diverser Themen heranziehen<\/li>\n<li>Entwicklung der\u00a0F\u00e4higkeit, anhand von Bildern und Videos zu diskutieren [1]<\/li>\n<li>Entwicklung der visuellen Kommunikation, der \u201evisual literacy\u201c \u00a0und des \u201evisual thinking\u201c<\/li>\n<li>Kollaborative Nutzeffekte entstehen bei der Bearbeitung eines gemeinsames Projekts [2]<\/li>\n<li>Studierende lernen den gerechten Umgang mit lizenziertem Material bzw. die verschiedenen Lizenzen kennen [3]<\/li>\n<li>Anhand der Bilder und deren Metadaten k\u00f6nnen unz\u00e4hlige Forschungsvorhaben aufgebaut werden, z.B. lassen sich Sichtweisen oder Verhaltensmuster der Nutzer analysieren<\/li>\n<li>\u00dcber Mashups k\u00f6nnen Flickr-Bilder direkt in Blackboard eingebunden werden.<\/li>\n<\/ul>\n<p>[1] Hao Yang, H., Chi-Yin Yuen, S. (Eds.)(2010): Handbook of Research on Practices and Outcomes in E-Learning: Issues and Trends. IGI Global, United States of America.<\/p>\n<p>[2] Fl\u00e4tchen, S.W. (2009): Einsatzszenarien von Web 2.0 Technologien im Kundenmanagement. In Ch. Scholz (Hrsg.), Strategie- und Informationsmanagement (Bd. 23, S. 31). M\u00fcnchen und Mering: Rainer Hampp Verlag.<\/p>\n<p>[3] Abgerufen unter <a href=\"https:\/\/teachinghistory.org\/digital-classroom\/tech-for-teachers\/24600\">https:\/\/teachinghistory.org\/digital-classroom\/tech-for-teachers\/24600<\/a> [26.11.2015]<\/p>\n<h3><span style=\"color: #99cc00\">Zu dem Tool\u00a0<\/span><\/h3>\n<p><a href=\"https:\/\/www.flickr.com\">www.flickr.com<\/a><\/p>\n<h3><span style=\"color: #99cc00\">Beratung &amp; Kontakt<\/span><\/h3>\n<p>AG Web 2.0 &amp; Social Media<br \/>\n<a href=\"mailto:web20@cedis.fu-berlin.de\">web20@cedis.fu-berlin.de<\/a><\/p>\n<h3><span style=\"color: #99cc00\">Download des Steckbriefes<\/span><\/h3>\n<p><a href=\"https:\/\/blogs.fu-berlin.de\/ideenbar\/files\/2015\/12\/Steckbrief-Flickr.pdf\">Steckbrief Flickr.PDF<\/a><\/p>\n","protected":false},"excerpt":{"rendered":"<p>Steckbrief Zur\u00fcck zur ToolBar Lehre &amp; Wissenschaft bebildern\u00a0 Heutzutage wei\u00df man um die Kraft der grafischen Darstellung zur Erl\u00e4uterung und Einpr\u00e4gung verschiedenster Sachverhalte und Objekte. Auch in Diskussionen und Debatten tr\u00e4gt die Untermauerung von Argumenten mit graphischen Mitteln h\u00e4ufig zur besseren Verst\u00e4ndigung bei.\u00a0Flickr bietet als eine der gr\u00f6\u00dften Datenbanken weltweit mit digitalen und digitalisierten Bildern &hellip; <a href=\"https:\/\/blogs.fu-berlin.de\/ideenbar\/tools\/flickr-2\/\" class=\"more-link\"><span class=\"screen-reader-text\">\u201eFlickr\u201c<\/span> weiterlesen<\/a><\/p>\n","protected":false},"author":426,"featured_media":0,"parent":3,"menu_order":0,"comment_status":"open","ping_status":"open","template":"","meta":{"footnotes":""},"class_list":["post-3124","page","type-page","status-publish","hentry"],"_links":{"self":[{"href":"https:\/\/blogs.fu-berlin.de\/ideenbar\/wp-json\/wp\/v2\/pages\/3124","targetHints":{"allow":["GET"]}}],"collection":[{"href":"https:\/\/blogs.fu-berlin.de\/ideenbar\/wp-json\/wp\/v2\/pages"}],"about":[{"href":"https:\/\/blogs.fu-berlin.de\/ideenbar\/wp-json\/wp\/v2\/types\/page"}],"author":[{"embeddable":true,"href":"https:\/\/blogs.fu-berlin.de\/ideenbar\/wp-json\/wp\/v2\/users\/426"}],"replies":[{"embeddable":true,"href":"https:\/\/blogs.fu-berlin.de\/ideenbar\/wp-json\/wp\/v2\/comments?post=3124"}],"version-history":[{"count":20,"href":"https:\/\/blogs.fu-berlin.de\/ideenbar\/wp-json\/wp\/v2\/pages\/3124\/revisions"}],"predecessor-version":[{"id":6140,"href":"https:\/\/blogs.fu-berlin.de\/ideenbar\/wp-json\/wp\/v2\/pages\/3124\/revisions\/6140"}],"up":[{"embeddable":true,"href":"https:\/\/blogs.fu-berlin.de\/ideenbar\/wp-json\/wp\/v2\/pages\/3"}],"wp:attachment":[{"href":"https:\/\/blogs.fu-berlin.de\/ideenbar\/wp-json\/wp\/v2\/media?parent=3124"}],"curies":[{"name":"wp","href":"https:\/\/api.w.org\/{rel}","templated":true}]}}