{"id":4086,"date":"2016-04-07T16:52:59","date_gmt":"2016-04-07T14:52:59","guid":{"rendered":"https:\/\/blogs.fu-berlin.de\/ideenbar\/?page_id=4086"},"modified":"2016-04-07T17:01:38","modified_gmt":"2016-04-07T15:01:38","slug":"adobe-connect","status":"publish","type":"page","link":"https:\/\/blogs.fu-berlin.de\/ideenbar\/tools\/adobe-connect\/","title":{"rendered":"Adobe Connect"},"content":{"rendered":"<h1><span style=\"color: #99cc00\">Steckbrief<\/span><\/h1>\n<p><a title=\"Zur\u00fcck zur ToolBar\" href=\"https:\/\/blogs.fu-berlin.de\/ideenbar\/tools\/\" target=\"_blank\">Zur\u00fcck zur ToolBar<\/a><\/p>\n<h2><span style=\"color: #99cc00\"><strong><a href=\"https:\/\/blogs.fu-berlin.de\/ideenbar\/files\/2016\/04\/blog_tools_ac_visual.jpg\"><img loading=\"lazy\" decoding=\"async\" class=\"alignright size-full wp-image-4078\" src=\"https:\/\/blogs.fu-berlin.de\/ideenbar\/files\/2016\/04\/blog_tools_ac_visual.jpg\" alt=\"blog_tools_ac_visual\" width=\"136\" height=\"182\" \/><\/a><\/strong><\/span><span style=\"color: #99cc00\">Web-Konferenzen &amp; Meetings online <\/span><span style=\"color: #99cc00\">durchf\u00fchren und aufzeichnen<\/span><\/h2>\n<p>Verteilte Teams und Studiengruppen nutzen Adobe Connect f\u00fcr Webkonferenzen, Online-Meetings und Webinare mit Audio und Video in Lehrveranstaltungen oder Forschungsprojekten. Via Webbrowser k\u00f6nnen die Teilnehmer\/innen an einer Konferenz oder einem Meeting teilnehmen und sich z. B. via Chat aktiv einbringen. Die Online-Veranstaltung l\u00e4sst sich aufzeichnen und \u00fcber einen Link f\u00fcr eine sp\u00e4tere Nutzung am Browser oder am mobilen Endger\u00e4t bereitstellen.<\/p>\n<h3><span style=\"color: #99cc00\">Beschreibung<\/span><\/h3>\n<p>Adobe Connect ist ein webbasiertes Kommunikationssystem zur Durchf\u00fchrung von Online-Meetings, interaktiven und dialogorientierten Lehrveranstaltungen, Online-Pr\u00fcfungen oder zur Aufzeichnung von Lehrinhalten. Adobe Connect bietet viele zus\u00e4tzlichen Funktionen wie z. B. Chat, Bildschirm-, Audio- und Video-Freigabe, Whiteboard oder Abstimmungen und kann geschlossen f\u00fcr eine Gruppe eingesetzt werden oder \u00f6ffentlich. In das Learning Management System Blackboard Learn an der Freien Universit\u00e4t Berlin ist Adobe Connect bereits als Meetingraum integriert und kann als virtuelles Klassenzimmer oder f\u00fcr Sprechstunden eingesetzt werden.<\/p>\n<h3><span style=\"color: #99cc00\">Keyfeatures\/Potentiale<\/span><\/h3>\n<ul>\n<li>In Echtzeit kommunizieren mit Audio, Video und Textchat Dokumente, Pr\u00e4sentationen, Audio- und Videodateien in einem Online-Meeting hochladen, mit anderen teilen und besprechen<\/li>\n<li>Den eigenen Bildschirm frei geben, um einen Ausschnitt auf diesem Bildschirm oder den ganzen Bildschirms zu zeigen, um beispielsweise den Inhalt einer Datei, ein Bild oder ein Programm auf ihrem Rechner zu zeigen<\/li>\n<li>\u00dcber ein Whiteboard kollaborativ Inhalte erstellen<\/li>\n<li>Adobe Connect-Veranstaltungen aufzeichnen und per Link zur Ansicht frei geben und die Anzeige der Namen der Meeting-Teilnehmer\/innen anonymisieren<\/li>\n<li>Mobil oder via Browser an einem Adobe Connect Meeting teilnehmen<\/li>\n<li>Meetingr\u00e4ume direkt \u00fcber Blackboard Learn nutzen<\/li>\n<\/ul>\n<h3><span style=\"color: #99cc00\">Einsatz in Lehre &amp; Forschung<\/span><\/h3>\n<ul>\n<li>Online Sprechstunden mit Audio und Video durchf\u00fchren<\/li>\n<li>Eine Vorlesung online durchzuf\u00fchren und bei Bedarf aufzuzeichnen<\/li>\n<li>Studierenden mit Hilfe der Aufzeichnung einer Veranstaltung die Vor- und Nachbereitung zu erm\u00f6glichen<\/li>\n<li>Fach-Kolleg\/innen in eine Online-Vorlesung einzuladen<\/li>\n<li>Gespr\u00e4che mit Expert\/innen durchzuf\u00fchren und externe Interessierte teilhaben zu lassen<\/li>\n<li>eine Lernbegleitung in Form von Coaching oder E-Mentoring durchzuf\u00fchren<\/li>\n<li>Praktikant\/innen im Ausland und Studierende und Doktorand\/innen bei Abschlussarbeiten zu betreuen<\/li>\n<li>eine Master-Verteidigung durchzuf\u00fchren<\/li>\n<li>dem wissenschaftlichem Nachwuchs virtuelle Arbeitsr\u00e4ume zur Verf\u00fcgung zu stellen<\/li>\n<li>Schulungen wie z. B. Webinare und Trainings anzubieten<\/li>\n<li>sich im Rahmen von Lehr- und Forschungs-Netzwerken schnell auszutauschen<\/li>\n<li>um Referate zu halten, bei denen begleitend Folien gezeigt werden und hier\u00fcber mit Kommiliton\/innen und Kolleg\/innen online zu diskutieren oder sich wechselseitig neue Publikationen vorzustellen<\/li>\n<\/ul>\n<h3><span style=\"color: #99cc00\">Zum Tool<\/span><\/h3>\n<ul>\n<li>DFNVC Webkonferenzen \u2013 Anmeldung f\u00fcr Veranstalter<\/li>\n<li>Kurzanleitung<\/li>\n<\/ul>\n<h3><span style=\"color: #99cc00\">Download des Steckbriefes<\/span><\/h3>\n<p><a href=\"https:\/\/blogs.fu-berlin.de\/ideenbar\/files\/2016\/04\/Steckbrief-Adobe-Connect.pdf\">Steckbrief Adobe Connect<\/a> (PDF)<\/p>\n<h3><span style=\"color: #99cc00\">Beratung &amp; Kontakt<\/span><\/h3>\n<p>AG Web 2.0 &amp; Social Media<\/p>\n<p><a href=\"mailto:web20@cedis.fu-berlin.de\">web20@cedis.fu-berlin.de<\/a><\/p>\n<p><a href=\"https:\/\/blogs.fu-berlin.de\/ideenbar\/tools\/\">Zur\u00fcck zur ToolBar<\/a><\/p>\n","protected":false},"excerpt":{"rendered":"<p>Steckbrief Zur\u00fcck zur ToolBar Web-Konferenzen &amp; Meetings online durchf\u00fchren und aufzeichnen Verteilte Teams und Studiengruppen nutzen Adobe Connect f\u00fcr Webkonferenzen, Online-Meetings und Webinare mit Audio und Video in Lehrveranstaltungen oder Forschungsprojekten. Via Webbrowser k\u00f6nnen die Teilnehmer\/innen an einer Konferenz oder einem Meeting teilnehmen und sich z. B. via Chat aktiv einbringen. Die Online-Veranstaltung l\u00e4sst sich &hellip; <a href=\"https:\/\/blogs.fu-berlin.de\/ideenbar\/tools\/adobe-connect\/\" class=\"more-link\"><span class=\"screen-reader-text\">\u201eAdobe Connect\u201c<\/span> weiterlesen<\/a><\/p>\n","protected":false},"author":93,"featured_media":0,"parent":3,"menu_order":0,"comment_status":"open","ping_status":"open","template":"","meta":{"footnotes":""},"class_list":["post-4086","page","type-page","status-publish","hentry"],"_links":{"self":[{"href":"https:\/\/blogs.fu-berlin.de\/ideenbar\/wp-json\/wp\/v2\/pages\/4086","targetHints":{"allow":["GET"]}}],"collection":[{"href":"https:\/\/blogs.fu-berlin.de\/ideenbar\/wp-json\/wp\/v2\/pages"}],"about":[{"href":"https:\/\/blogs.fu-berlin.de\/ideenbar\/wp-json\/wp\/v2\/types\/page"}],"author":[{"embeddable":true,"href":"https:\/\/blogs.fu-berlin.de\/ideenbar\/wp-json\/wp\/v2\/users\/93"}],"replies":[{"embeddable":true,"href":"https:\/\/blogs.fu-berlin.de\/ideenbar\/wp-json\/wp\/v2\/comments?post=4086"}],"version-history":[{"count":4,"href":"https:\/\/blogs.fu-berlin.de\/ideenbar\/wp-json\/wp\/v2\/pages\/4086\/revisions"}],"predecessor-version":[{"id":4096,"href":"https:\/\/blogs.fu-berlin.de\/ideenbar\/wp-json\/wp\/v2\/pages\/4086\/revisions\/4096"}],"up":[{"embeddable":true,"href":"https:\/\/blogs.fu-berlin.de\/ideenbar\/wp-json\/wp\/v2\/pages\/3"}],"wp:attachment":[{"href":"https:\/\/blogs.fu-berlin.de\/ideenbar\/wp-json\/wp\/v2\/media?parent=4086"}],"curies":[{"name":"wp","href":"https:\/\/api.w.org\/{rel}","templated":true}]}}