{"id":735,"date":"2014-06-20T14:54:43","date_gmt":"2014-06-20T14:54:43","guid":{"rendered":"https:\/\/blogs.fu-berlin.de\/ideenbar\/?page_id=735"},"modified":"2018-12-03T16:04:37","modified_gmt":"2018-12-03T15:04:37","slug":"rss-2","status":"publish","type":"page","link":"https:\/\/blogs.fu-berlin.de\/ideenbar\/tools\/rss-2\/","title":{"rendered":"News-Feeds &amp; Feedreader"},"content":{"rendered":"<h2>Steckbrief<a href=\"https:\/\/blogs.fu-berlin.de\/ideenbar\/files\/2014\/06\/RSS.jpg\"><img loading=\"lazy\" decoding=\"async\" class=\"alignright size-full wp-image-703\" src=\"https:\/\/blogs.fu-berlin.de\/ideenbar\/files\/2014\/06\/RSS.jpg\" alt=\"RSS\" width=\"130\" height=\"180\" \/><\/a><\/h2>\n<p><a href=\"https:\/\/blogs.fu-berlin.de\/lehrbar\/toolbar\/\">Zur\u00fcck zur ToolBar<\/a><\/p>\n<h2><span style=\"color: #99cc00\">Neuigkeiten auf Websites komfortabel per Feed-Reader liefern lassen<\/span><\/h2>\n<p>Regelm\u00e4\u00dfig eine Vielzahl von Websites einzeln aufzurufen, um dort nach Neuigkeiten und \u00c4nderungen zu suchen, ist m\u00fchsam und zeitaufw\u00e4ndig. Einfacher ist es, News-Feeds zu abonnieren, die heutzutage die meisten Websites anbieten. Zum Abonnieren der Feeds wird ein Feed-Reader genutzt, mit dem Neuigkeiten abonniert und au\u00dferdem organisiert und verwaltet werden k\u00f6nnen. Das spart Zeit, ohne etwas zu verpassen!<\/p>\n<h3><span style=\"color: #99cc00\">Beschreibung<\/span><\/h3>\n<p>RSS- oder News-Feeds enthalten eine Schlagzeile, oft einen kurzen Textabriss sowie den Link zu der Website, auf der die Neuigkeit erschienen ist. Sie werden in den Formaten Really Simple Syndication (RSS) oder Atom angeboten, um Neuigkeiten in strukturierter Form zu ver\u00f6ffentlichen und auszutauschen. Betreiber\/innen von Websites, Wikis oder Blogs bieten News-Feeds an,\u00a0um \u00c4nderungen auf ihren Sites\u00a0zu publizieren und signalisieren dies \u00fcber ein Feed-Icon. Abonnieren lassen sich Feeds mit einem Feedreader, einer kleinen Anwendungen im Webbrowser\u00a0oder einem speziellen Feedreader-Tool. Der Feed- oder Newsreader liest abonnierte News ein und zeigt sie an. Wie bei einem\u00a0Nachrichtenticker, werden Sie dann automatisch mit den abonnierten News versorgt. Feeds lassen sich via Feedreader im Browser abonnieren oder mit einem &#8222;externen&#8220; Feedreader-Dienst. Wer von unterschiedlichen Orten und mit unterschiedlichen Ger\u00e4ten wie Labtop, Tablet oder Smartphone auf die Feeds zugreifen m\u00f6chte, kann dazu Feedreader-Dienste nutzen. Diese funktionieren cloud-basiert, bieten Apps f\u00fcr iOS und Android und lassen sich browser- und ger\u00e4teunabh\u00e4ngig nutzen, erfordern daf\u00fcr aber meist ein Social Login.<\/p>\n<h3><span style=\"color: #99cc00\">Keyfeatures &amp; Potentiale<\/span><\/h3>\n<ul>\n<li>Benachrichtigung \u00fcber aktuelle Informationen und \u00c4nderungen entlang pers\u00f6nlicher und beruflicher Interessen<\/li>\n<li>Einrichtung des Newsreaders und Abonnieren von ausgew\u00e4hlten News-Feeds<\/li>\n<li>Funktioniert nach der Einrichtung und dem Abonnieren automatisch<\/li>\n<li>Organisation der Feeds in Kategorien f\u00fcr Studium, Lehre, Forschung oder nach Themen u. a. m\u00f6glich<\/li>\n<li>Kategorien k\u00f6nnen individuell benannt werden<\/li>\n<li>Feeds organisieren und sie als &#8222;bereits gelesen&#8220; markieren. Wichtige Feeds markieren mit einem &#8222;Star&#8220;, die \u00a0automatisch in einer separaten Kategorie gelistet werden<\/li>\n<li>Aggregierte Anzeige aller relevanten News an einem Ort<\/li>\n<\/ul>\n<h3><span style=\"color: #99cc00\">Einsatz in Lehre &amp; Forschung<\/span><\/h3>\n<ul>\n<li>Newsfeeds zu\u00a0Lehrveranstaltungen und Sprechstunden\u00a0f\u00fcr Studierende bereit stellen, die diese abonnieren k\u00f6nnen<\/li>\n<li>Erstsemester per Newsfeed mit Informationen zu Studieng\u00e4ngen versorgen<\/li>\n<li>Aktuelle\u00a0Informationen zu Bewerbungsmodalit\u00e4ten f\u00fcr Studieng\u00e4nge via RSS verteilen<\/li>\n<li>Aktuelle Nachrichten aus Wissenschaft und Forschung per Feedreader abonnieren<\/li>\n<li>Universit\u00e4re Veranstaltungen wie Ringvorlesungen, Workshops und Vortr\u00e4ge ank\u00fcndigen<\/li>\n<\/ul>\n<h3><span style=\"color: #99cc00\">Praxisbeispiele<\/span><\/h3>\n<ul>\n<li>\u00dcbersicht \u00fcber\u00a0<a title=\"News-Feeds der LMU M\u00fcnchen\" href=\"https:\/\/www.uni-muenchen.de\/funktionen\/rss\/index.html\">News-Feeds<\/a>\u00a0zu Forschung, Studium, Hochschulleben etc. der Ludwig-Maximilians-Universit\u00e4t M\u00fcnchen<\/li>\n<li>Wissenschaftsnachrichten: &#8222;<a title=\"scienceticker.info\" href=\"http:\/\/www.scienceticker.info\/\">scienceticker.info<\/a>&#8222;<\/li>\n<li>Forschung, Wissenschaft, Entwicklung: &#8222;<a title=\"rss-nachrichten\" href=\"https:\/\/www.rss-nachrichten.de\/rss-verzeichnis\/forschung-wissenschaft-entwicklung\">rss-nachrichten<\/a>&#8222;<\/li>\n<\/ul>\n<h3><span style=\"color: #99cc00\">Einsetzbare Tools<\/span><\/h3>\n<ul>\n<li>Browser-basierte Feedreader<\/li>\n<li>Feedreader-Dienste<\/li>\n<\/ul>\n<h3><span style=\"color: #99cc00\">Beratung &amp; Kontakt<\/span><\/h3>\n<p>AG Web 2.0 &amp; Social Media<\/p>\n<p><a href=\"mailto:web20@cedis.fu-berlin.de\">web20@cedis.fu-berlin.de<\/a><\/p>\n<div>\n<h3><span style=\"color: #99cc00\">Download des Steckbriefes<\/span><\/h3>\n<h3><a href=\"https:\/\/blogs.fu-berlin.de\/ideenbar\/files\/2014\/07\/Steckbrief-Feedreader-PDF.pdf\">Steckbrief Feedreader.PDF<\/a><\/h3>\n<p>&nbsp;<\/p>\n<p><a title=\"Zur\u00fcck zur ToolBar\" href=\"https:\/\/blogs.fu-berlin.de\/ideenbar\/tools\/\">Zur\u00fcck zur ToolBar<\/a><\/p>\n<\/div>\n","protected":false},"excerpt":{"rendered":"<p>Steckbrief Zur\u00fcck zur ToolBar Neuigkeiten auf Websites komfortabel per Feed-Reader liefern lassen Regelm\u00e4\u00dfig eine Vielzahl von Websites einzeln aufzurufen, um dort nach Neuigkeiten und \u00c4nderungen zu suchen, ist m\u00fchsam und zeitaufw\u00e4ndig. Einfacher ist es, News-Feeds zu abonnieren, die heutzutage die meisten Websites anbieten. Zum Abonnieren der Feeds wird ein Feed-Reader genutzt, mit dem Neuigkeiten abonniert &hellip; <a href=\"https:\/\/blogs.fu-berlin.de\/ideenbar\/tools\/rss-2\/\" class=\"more-link\"><span class=\"screen-reader-text\">\u201eNews-Feeds &amp; Feedreader\u201c<\/span> weiterlesen<\/a><\/p>\n","protected":false},"author":426,"featured_media":0,"parent":3,"menu_order":0,"comment_status":"open","ping_status":"open","template":"","meta":{"footnotes":""},"class_list":["post-735","page","type-page","status-publish","hentry"],"_links":{"self":[{"href":"https:\/\/blogs.fu-berlin.de\/ideenbar\/wp-json\/wp\/v2\/pages\/735","targetHints":{"allow":["GET"]}}],"collection":[{"href":"https:\/\/blogs.fu-berlin.de\/ideenbar\/wp-json\/wp\/v2\/pages"}],"about":[{"href":"https:\/\/blogs.fu-berlin.de\/ideenbar\/wp-json\/wp\/v2\/types\/page"}],"author":[{"embeddable":true,"href":"https:\/\/blogs.fu-berlin.de\/ideenbar\/wp-json\/wp\/v2\/users\/426"}],"replies":[{"embeddable":true,"href":"https:\/\/blogs.fu-berlin.de\/ideenbar\/wp-json\/wp\/v2\/comments?post=735"}],"version-history":[{"count":20,"href":"https:\/\/blogs.fu-berlin.de\/ideenbar\/wp-json\/wp\/v2\/pages\/735\/revisions"}],"predecessor-version":[{"id":6132,"href":"https:\/\/blogs.fu-berlin.de\/ideenbar\/wp-json\/wp\/v2\/pages\/735\/revisions\/6132"}],"up":[{"embeddable":true,"href":"https:\/\/blogs.fu-berlin.de\/ideenbar\/wp-json\/wp\/v2\/pages\/3"}],"wp:attachment":[{"href":"https:\/\/blogs.fu-berlin.de\/ideenbar\/wp-json\/wp\/v2\/media?parent=735"}],"curies":[{"name":"wp","href":"https:\/\/api.w.org\/{rel}","templated":true}]}}