{"id":741,"date":"2014-06-20T14:55:28","date_gmt":"2014-06-20T14:55:28","guid":{"rendered":"https:\/\/blogs.fu-berlin.de\/ideenbar\/?page_id=741"},"modified":"2015-07-08T11:36:10","modified_gmt":"2015-07-08T09:36:10","slug":"mindmaps","status":"publish","type":"page","link":"https:\/\/blogs.fu-berlin.de\/ideenbar\/tools\/mindmaps\/","title":{"rendered":"Mind Maps"},"content":{"rendered":"<h2>Steckbrief<a href=\"https:\/\/blogs.fu-berlin.de\/ideenbar\/files\/2014\/06\/Mindmaps.jpg\"><img loading=\"lazy\" decoding=\"async\" class=\"alignright size-full wp-image-701\" src=\"https:\/\/blogs.fu-berlin.de\/ideenbar\/files\/2014\/06\/Mindmaps.jpg\" alt=\"Mindmaps\" width=\"130\" height=\"180\" \/><\/a><\/h2>\n<p><a title=\"ToolBar\" href=\"https:\/\/blogs.fu-berlin.de\/ideenbar\/tools\/\">Zur\u00fcck zur ToolBar<\/a><\/p>\n<h2><span style=\"color: #99cc00\"><strong>Komplexe Themen einfacher ordnen und besser erfassen mit Schaubildern<\/strong><\/span><\/h2>\n<p>Strukturiert denken, um komplexe Themen zu erfassen, Forschungsprojekte im \u00dcberblick zu pr\u00e4sentieren oder Berichte und Hausarbeiten zu gliedern, geh\u00f6rt in Studium, Lehre und Forschung zum Alltag. Mit Mind Maps lassen sich\u00a0komplexe und abstrakte Zusammenh\u00e4nge auf zentrale Begriffe reduziert, strukturiert und \u00fcbersichtlich als Schaubilder darstellen,\u00a0um\u00a0sie besser zu erfassen.<\/p>\n<h3><span style=\"color: #99cc00\">Beschreibung<\/span><\/h3>\n<p>Mit Mind Maps lassen sich komplexe Themen, Ideensammlungen oder Projektpl\u00e4ne visuell darstellen, indem sie auf wenige relevante Begriffe reduziert und strukturiert werden, um Begriffe im Kontext darzustellen, zu erl\u00e4utern und sie besser erfassen zu k\u00f6nnen.\u00a0Online-Tools wie <i>Mindmeister<\/i> und <i>Mind42<\/i> erm\u00f6glichen Mind Maps im Browser zu erstellen und gemeinsam zu bearbeiten. In die Mind Maps lassen sich au\u00dferdem Links zu erg\u00e4nzenden Online-Ressourcen oder Notizen einbinden.<\/p>\n<h3><span style=\"color: #99cc00\">Keyfeatures &amp; Potentiale<\/span><\/h3>\n<ul>\n<li>Begriffe, die zu einem Schl\u00fcsselwort assoziiert werden, mit Linien zuordnen<\/li>\n<li>Recherchierte Daten sammeln und neu ordnen, z. B. bei einem Literaturverzeichnis<\/li>\n<li>Linien mit\u00a0Notizen erg\u00e4nzen, die sich via Notizblog erstellen und anzeigen lassen<\/li>\n<li>Wichtige Angaben mit anderen Font-Gr\u00f6\u00dfen und -Farben hervorheben<\/li>\n<li>Bilder einf\u00fcgen, um z. B. bei einer Biotypologie Gemeinsamkeiten zu veranschaulichen<\/li>\n<li>Andere Nutzer\/innen per E-Mail zum Ansehen und zum Bearbeiten der Mind Map einladen<\/li>\n<li>Mind Maps w\u00e4hrend der Entwicklung nur f\u00fcr eine Lerngruppe oder Projektteam zug\u00e4nglich machen und nach der Fertigstellung \u00f6ffentlich pr\u00e4sentieren<\/li>\n<li>Fertig gestellte Mind Maps ausdrucken oder als PDF, PPT etc. exportieren oder in Blogs, Wikis etc. einbinden<\/li>\n<li><span style=\"color: #000000\">Mit Apps f\u00fcr iOS und Android lassen sich Mind Maps mobil weiterbearbeiten<\/span><\/li>\n<\/ul>\n<h3><span style=\"color: #99cc00\">Einsatz in Lehre &amp; Forschung<\/span><\/h3>\n<ul>\n<li>Spontane Einf\u00e4lle und Assoziationen zu einem Thema graphisch festhalten und clustern<\/li>\n<li>Aussagen, Argumente in einer Mind Map sammeln und nach bestimmten Kriterien\u00a0ordnen<\/li>\n<li>Komplexe Zusammenh\u00e4nge visuell veranschaulichen<\/li>\n<li>Entwicklung einer Struktur f\u00fcr Referate, Hausarbeiten und Berichte<\/li>\n<li>Planung von Pr\u00fcfungen oder Projektarbeit mit Auflistung der durchzuf\u00fchrenden Aufgaben, Meilensteine etc.<\/li>\n<li><span style=\"color: #000000\">Veranstaltungen protokollieren und die\u00a0Ergebnisse strukturiert festhalten, um Inhalte nachvollziehbar zu machen, ggf. mit Angabe von Links zu weiterf\u00fchrender Literatur<\/span><\/li>\n<li>Gesetzm\u00e4\u00dfigkeiten\u00a0in den Naturwissenschaften visualisieren<\/li>\n<li>Herangehen an eine Probleml\u00f6sung durch Skizzierung m\u00f6glicher L\u00f6sungsschritte<\/li>\n<li>Bei Veranstaltungen, in denen gro\u00dfe Stoffmengen zu bew\u00e4ltigen sind, den \u00dcberblick mit einer\u00a0strukturierten Mindmap erleichtern und die Einordnung von Inhalten in den Gesamtkontext erm\u00f6glichen<\/li>\n<li>Studierende aktiv einbeziehen, indem sie eine Mind Map selber erstellen oder ein vorgegebenes Grundger\u00fcst weiter ausarbeiten und sich so verst\u00e4rkt mit den Lerninhalten auseinandersetzen<\/li>\n<li>Erstellung von Wissenslandskarten<\/li>\n<li>\u00dcberblick \u00fcber das Studienprogramm oder eine Zusammenstellung von Studienleistungen f\u00fcr Erstsemester erstellen<\/li>\n<\/ul>\n<h3><span style=\"color: #99cc00\">Beispiele<\/span><\/h3>\n<ul>\n<li>Mind Map zum Thema &#8222;<a title=\"DDR und Wiedervereinigung\" href=\"https:\/\/mind42.com\/mindmap\/0aa50c03-1f2e-4690-9def-ddbac7583fc1?rel=pmb\">DDR und Wiedervereinigung<\/a>&#8222;<\/li>\n<li>Mind Map zum Thema &#8222;<a title=\"Music types\" href=\"https:\/\/mind42.com\/mindmap\/ed1bbb8d-9936-445e-87b1-5669d4a072f3?rel=pmb\">Musik Types<\/a>&#8222;<\/li>\n<li>Mind Map zum <a title=\"Bibliografiekurs\" href=\"https:\/\/mind42.com\/mindmap\/1cc89919-9369-4c9d-a861-a66a74f9c772?rel=pmb\">Bibliografiekurs<\/a><\/li>\n<li>Mind Map zum Thema &#8222;<a title=\"Geometrical Language\" href=\"https:\/\/mind42.com\/mindmap\/aec97e9b-2d91-499b-a390-0ea357b90b68?rel=pmb\">Geometrical Language<\/a>&#8222;<\/li>\n<li>Mind Map zum Thema &#8222;<a title=\"Physics\" href=\"https:\/\/www.mindmeister.com\/de\/36366097\/physics\">Physics<\/a>&#8222;<\/li>\n<li>Mind Map zum Thema &#8222;<a title=\"Deutsche Wirtschaftsblogs\" href=\"https:\/\/www.mindmeister.com\/de\/35349483\/mindmap-der-deutschsprachigen-wirtschaftsblogs-by-http-www-blicklog-com\">Deutsche Wirtschaftsblogs<\/a>&#8222;<\/li>\n<li><span style=\"color: #99cc00\"><span style=\"color: #000000\">Mind Map zur &#8222;<a title=\"Institutsdarstellung\" href=\"https:\/\/www.internal.biomech.ethz.ch\/mindmap\/mindmaps.html\">Institutsdarstellung<\/a>&#8222;<\/span><br \/>\n<\/span><\/li>\n<\/ul>\n<h3><span style=\"color: #99cc00\">Zu den Tools<\/span><\/h3>\n<p>Mind42: <a href=\"https:\/\/mind42.com\/\">www.mind42.com<\/a><\/p>\n<p>Mindmeister: <a href=\"https:\/\/www.mindmeister.com\/de\">www.mindmeister.com<\/a><\/p>\n<h3><span style=\"color: #99cc00\">Beratung &amp; Kontakt<\/span><\/h3>\n<p>AG Web 2.0 &amp; Social Media<\/p>\n<p><a href=\"mailto:web20@cedis.fu-berlin.de\">web20@cedis.fu-berlin.de<\/a><\/p>\n<h3><span style=\"color: #99cc00\">Download des Steckbriefes<br \/>\n<\/span><\/h3>\n<h3><a href=\"https:\/\/blogs.fu-berlin.de\/ideenbar\/files\/2014\/07\/Steckbrief-Mindmap-PDF.pdf\">Steckbrief Mind Map PDF<\/a><\/h3>\n<p><span style=\"color: #99cc00\"><br \/>\n<\/span><\/p>\n<p><a href=\"https:\/\/blogs.fu-berlin.de\/lehrbar\/toolbar\/\">Zur\u00fcck zur ToolBar<\/a><\/p>\n","protected":false},"excerpt":{"rendered":"<p>Steckbrief Zur\u00fcck zur ToolBar Komplexe Themen einfacher ordnen und besser erfassen mit Schaubildern Strukturiert denken, um komplexe Themen zu erfassen, Forschungsprojekte im \u00dcberblick zu pr\u00e4sentieren oder Berichte und Hausarbeiten zu gliedern, geh\u00f6rt in Studium, Lehre und Forschung zum Alltag. Mit Mind Maps lassen sich\u00a0komplexe und abstrakte Zusammenh\u00e4nge auf zentrale Begriffe reduziert, strukturiert und \u00fcbersichtlich als &hellip; <a href=\"https:\/\/blogs.fu-berlin.de\/ideenbar\/tools\/mindmaps\/\" class=\"more-link\"><span class=\"screen-reader-text\">\u201eMind Maps\u201c<\/span> weiterlesen<\/a><\/p>\n","protected":false},"author":426,"featured_media":0,"parent":3,"menu_order":0,"comment_status":"open","ping_status":"open","template":"","meta":{"footnotes":""},"class_list":["post-741","page","type-page","status-publish","hentry"],"_links":{"self":[{"href":"https:\/\/blogs.fu-berlin.de\/ideenbar\/wp-json\/wp\/v2\/pages\/741","targetHints":{"allow":["GET"]}}],"collection":[{"href":"https:\/\/blogs.fu-berlin.de\/ideenbar\/wp-json\/wp\/v2\/pages"}],"about":[{"href":"https:\/\/blogs.fu-berlin.de\/ideenbar\/wp-json\/wp\/v2\/types\/page"}],"author":[{"embeddable":true,"href":"https:\/\/blogs.fu-berlin.de\/ideenbar\/wp-json\/wp\/v2\/users\/426"}],"replies":[{"embeddable":true,"href":"https:\/\/blogs.fu-berlin.de\/ideenbar\/wp-json\/wp\/v2\/comments?post=741"}],"version-history":[{"count":16,"href":"https:\/\/blogs.fu-berlin.de\/ideenbar\/wp-json\/wp\/v2\/pages\/741\/revisions"}],"predecessor-version":[{"id":2380,"href":"https:\/\/blogs.fu-berlin.de\/ideenbar\/wp-json\/wp\/v2\/pages\/741\/revisions\/2380"}],"up":[{"embeddable":true,"href":"https:\/\/blogs.fu-berlin.de\/ideenbar\/wp-json\/wp\/v2\/pages\/3"}],"wp:attachment":[{"href":"https:\/\/blogs.fu-berlin.de\/ideenbar\/wp-json\/wp\/v2\/media?parent=741"}],"curies":[{"name":"wp","href":"https:\/\/api.w.org\/{rel}","templated":true}]}}