{"id":747,"date":"2014-06-20T14:56:26","date_gmt":"2014-06-20T14:56:26","guid":{"rendered":"https:\/\/blogs.fu-berlin.de\/ideenbar\/?page_id=747"},"modified":"2018-12-10T15:35:25","modified_gmt":"2018-12-10T14:35:25","slug":"blogs","status":"publish","type":"page","link":"https:\/\/blogs.fu-berlin.de\/ideenbar\/tools\/blogs\/","title":{"rendered":"Blogs"},"content":{"rendered":"<h2>Steckbrief<a href=\"https:\/\/blogs.fu-berlin.de\/ideenbar\/files\/2014\/06\/Blogs.jpg\"><img loading=\"lazy\" decoding=\"async\" class=\"alignright size-full wp-image-697\" src=\"https:\/\/blogs.fu-berlin.de\/ideenbar\/files\/2014\/06\/Blogs.jpg\" alt=\"Blogs\" width=\"130\" height=\"180\" \/><\/a><\/h2>\n<p><a href=\"https:\/\/blogs.fu-berlin.de\/ideenbar\/tools\/\">Zur\u00fcck zur ToolBar <\/a><\/p>\n<h2><span style=\"color: #99cc00\">Bloggen. Teilen. Vernetzen.<\/span><\/h2>\n<p>Universit\u00e4ten und andere Bildungseinrichtungen leben nicht zuletzt von vielf\u00e4ltigen internationalen Kontakten zu anderen Hochschulen und Organi\u00adsatio\u00adnen, die der Forschung und der Lehre entschei\u00addende Impulse geben. Blogs bieten in diesem Zu\u00adsammen\u00adhang eine ideale M\u00f6glichkeit, Kontakte auf wissen\u00adschaftlicher Ebene zu pflegen, Forschungs\u00adergebnisse schneller aufzusp\u00fcren bzw. sichtbar zu machen oder Studierende ihre eigenen Standpunkte im \u00f6ffent\u00adlichen Wissenschaftsdiskurs oder im akademischen Leben reflek\u00adtieren zu lassen. Blogs liefern neue Ideen f\u00fcr ein Lernen, Forschen und Kooperieren in Netzwerken.<\/p>\n<h3><span style=\"color: #99cc00\">Beschreibung: WordPress-Blog<br \/>\n<\/span><\/h3>\n<p>Ein Webblog (kurz: Blog) ist eine dynamische Webseite, die periodisch neue Beitr\u00e4ge enth\u00e4lt. Blogs k\u00f6nnen offen oder geschlossen, allein oder gemeinsam mit anderen gef\u00fchrt werden. Aufgrund der einfachen Handhabung k\u00f6nnen auch wenig internet-versierte Nutzer\/innen schnell Internet-Inhalte bereitstellen oder \u00e4ndern. Die FU bietet einen zentralen Blog-Service, der allen Angeh\u00f6rigen der Uni\u00adversit\u00e4t zur Verf\u00fcgung steht. Zur Registrierung bei <i>WordPress<\/i> wird lediglich der FU-Account ben\u00f6tigt. Neben offiziellen Blogs (f\u00fcr Lehrende &amp; \u00a0Mitarbeiter\/innen) stehen insbesondere Studierenden User-Blogs zur Verf\u00fcgung. Diese haben einen inoffiziellen Charakter und k\u00f6nnen in diesem Kontext auch von Lehrenden und Mitarbeiter\/innen der Universit\u00e4t genutzt werden.<\/p>\n<h3><span style=\"color: #99cc00\">Keyfeatures &amp; Potentiale<\/span><\/h3>\n<ul>\n<li>neuartige M\u00f6glichkeit zum Generieren von Wissen und Teilen aktueller Informationen<\/li>\n<li>aktuelle Beitr\u00e4ge erscheinen immer an erster Stelle<\/li>\n<li>integrierte Kommentarfunktion erm\u00f6glicht Austausch &amp; wissenschaftlichen Diskurs<\/li>\n<li>strukturierbar durch thematische Kategorien und Schlagwortwolken<\/li>\n<li>immer \u00fcber aktuelle Aktivit\u00e4ten im Blog informiert sein (Abonnieren der Beitr\u00e4ge \u00fcber RSS)<\/li>\n<li>sich mit Gleichgesinnten vernetzen (z.B. automatischer Hinweis, sobald ein anderer Blog\u00adbetreiber den eigenen Beitrag verlinkt)<\/li>\n<li>einfach zu bedienender Service mit technischem Support bei Fragen<\/li>\n<\/ul>\n<h3><\/h3>\n<h3><\/h3>\n<h3><\/h3>\n<h3><span style=\"color: #99cc00\">Einsatz in Lehre und Forschung<\/span><\/h3>\n<ul>\n<li>Dokumentation aktueller Ereignisse wie z.B. Tagungs- oder Kongressberichte<\/li>\n<li>Weltweite Ver\u00f6ffentlichung von Ideen und Informationen aus der eigenen Forschung (z.B. um Forschungsgebiet popul\u00e4rer zu machen, um eine bessere Auffindbarkeit zu erzielen, \u2026)<\/li>\n<li>Publikation von Ergebnissen und Fachbeitr\u00e4gen, Teilen von Reviews<\/li>\n<li>Wissenschaftskommunikation: Austausch mit Expert\/innen &amp; der Forschungscommunity<\/li>\n<li>In der Lehre: Erstellen von Beitr\u00e4gen zu Veranstaltungsinhalten durch die Studierenden<\/li>\n<li>Zusammenfassung von Texten, Ideen zur L\u00f6sung von Aufgaben<\/li>\n<li>Dokumentation von Arbeitsprozessen\/Projekten<\/li>\n<li>F\u00fchren eines Lerntagebuches zur Selbstreflexion<\/li>\n<li>Berichte \u00fcber Aktivit\u00e4ten und Erfahrungen von Studienreisen, Exkursionen, Auslandspraktika<\/li>\n<li>Ver\u00f6ffentlichung von Referatsarbeiten<\/li>\n<li>Einholen von Feedback im vernetzten Dialog mit Expert\/innen, Lehrenden, Kommilitonen<\/li>\n<\/ul>\n<h3><\/h3>\n<h3><\/h3>\n<h3><\/h3>\n<h3><span style=\"color: #99cc00\">Beispiele<\/span><\/h3>\n<ul>\n<li><a href=\"http:\/\/www.scilogs.de\/\">Scilogs: Tageb\u00fccher der Wissenschaft<\/a><\/li>\n<li><a href=\"https:\/\/blogs.fu-berlin.de\/soellner\/\">Forschungsprojekt: Watch the Court<\/a><\/li>\n<li><a href=\"https:\/\/blogs.fu-berlin.de\/jfkpol\/\">Online-Recherchen publizieren: The State auf American Democracy<\/a><\/li>\n<li><a href=\"https:\/\/userblogs.fu-berlin.de\/afibinirland2014\/\">Dokumentation Auslandspraktika in Irland<\/a><\/li>\n<\/ul>\n<h3><\/h3>\n<h3><span style=\"color: #99cc00\">Beschreibung: Blackboard-Blog<\/span><\/h3>\n<p><span style=\"color: #99cc00\"><a href=\"https:\/\/blogs.fu-berlin.de\/ideenbar\/files\/2015\/06\/Bb-Blog.png\"><img loading=\"lazy\" decoding=\"async\" class=\" wp-image-2240 alignleft\" src=\"https:\/\/blogs.fu-berlin.de\/ideenbar\/files\/2015\/06\/Bb-Blog-300x235.png\" alt=\"Bb-Blog\" width=\"229\" height=\"179\" srcset=\"https:\/\/blogs.fu-berlin.de\/ideenbar\/files\/2015\/06\/Bb-Blog-300x235.png 300w, https:\/\/blogs.fu-berlin.de\/ideenbar\/files\/2015\/06\/Bb-Blog.png 749w\" sizes=\"auto, (max-width: 229px) 85vw, 229px\" \/><\/a><\/span>In der zentralen Lernplattform der Freien Universit\u00e4t Berlin <i>Blackboard<\/i> ist ein einfaches Blog-Werk\u00adzeug integriert. Do\u00adzent\/innen, Teilnehmer\/innen oder Grup\u00adpen k\u00f6nnen Eintr\u00e4ge schreiben und gegenseitig kommentieren. Thematische Kate\u00adgo\u00adrien, Schlagwortwolken oder Seiten k\u00f6nnen nicht ange\u00adlegt werden. Blackboard-Blogs eignen sich beispielsweise f\u00fcr das Einrichten eines pers\u00f6n\u00adlichen Profils der Teil\u00adnehmer\/in\u00adnen, zum Erstellen eines Meinungsbildes oder zur Doku\u00admentation bestimm\u00adter Arbeitsprozesse.<\/p>\n<h3><span style=\"color: #99cc00\">Zu den Tools<\/span><\/h3>\n<ul>\n<li>WordPress\n<ul>\n<li><a href=\"https:\/\/blogs.fu-berlin.de\/\">https:\/\/blogs.fu-berlin.de\/<\/a> (offizielle Blogs der FU Berlin)<\/li>\n<li><a href=\"https:\/\/userblogs.fu-berlin.de\/\">https:\/\/userblogs.fu-berlin.de\/<\/a> (inoffizielle Blogs der FU Berlin)<\/li>\n<li><a href=\"https:\/\/www.cedis.fu-berlin.de\/web20\/blogs\/index.html\">Weitere Informationen zur Nutzung<\/a> (Grundregeln usw.)<\/li>\n<\/ul>\n<\/li>\n<li>Blackboard\n<ul>\n<li><a href=\"https:\/\/lms.fu-berlin.de\/\">https:\/\/lms.fu-berlin.de\/<\/a><\/li>\n<\/ul>\n<\/li>\n<\/ul>\n<h3><\/h3>\n<h3><span style=\"color: #99cc00\">Download des Steckbriefes<\/span><\/h3>\n<h3><a href=\"https:\/\/blogs.fu-berlin.de\/ideenbar\/files\/2014\/06\/Steckbrief_Blogs.pdf\">Steckbrief_Blogs.PDF<\/a><\/h3>\n<h3><span style=\"color: #99cc00\">Beratung &amp; Kontakt<\/span><\/h3>\n<p>AG Web 2.0 &amp; Social Media<\/p>\n<p><a href=\"mailto:web20@cedis.fu-berlin.de\">web20@cedis.fu-berlin.de<\/a><\/p>\n<p><a href=\"https:\/\/blogs.fu-berlin.de\/ideenbar\/tools\/\">Zur\u00fcck zur ToolBar<\/a><\/p>\n","protected":false},"excerpt":{"rendered":"<p>Steckbrief Zur\u00fcck zur ToolBar Bloggen. Teilen. Vernetzen. Universit\u00e4ten und andere Bildungseinrichtungen leben nicht zuletzt von vielf\u00e4ltigen internationalen Kontakten zu anderen Hochschulen und Organi\u00adsatio\u00adnen, die der Forschung und der Lehre entschei\u00addende Impulse geben. Blogs bieten in diesem Zu\u00adsammen\u00adhang eine ideale M\u00f6glichkeit, Kontakte auf wissen\u00adschaftlicher Ebene zu pflegen, Forschungs\u00adergebnisse schneller aufzusp\u00fcren bzw. sichtbar zu machen oder Studierende &hellip; <a href=\"https:\/\/blogs.fu-berlin.de\/ideenbar\/tools\/blogs\/\" class=\"more-link\"><span class=\"screen-reader-text\">\u201eBlogs\u201c<\/span> weiterlesen<\/a><\/p>\n","protected":false},"author":426,"featured_media":0,"parent":3,"menu_order":0,"comment_status":"open","ping_status":"open","template":"","meta":{"footnotes":""},"class_list":["post-747","page","type-page","status-publish","hentry"],"_links":{"self":[{"href":"https:\/\/blogs.fu-berlin.de\/ideenbar\/wp-json\/wp\/v2\/pages\/747","targetHints":{"allow":["GET"]}}],"collection":[{"href":"https:\/\/blogs.fu-berlin.de\/ideenbar\/wp-json\/wp\/v2\/pages"}],"about":[{"href":"https:\/\/blogs.fu-berlin.de\/ideenbar\/wp-json\/wp\/v2\/types\/page"}],"author":[{"embeddable":true,"href":"https:\/\/blogs.fu-berlin.de\/ideenbar\/wp-json\/wp\/v2\/users\/426"}],"replies":[{"embeddable":true,"href":"https:\/\/blogs.fu-berlin.de\/ideenbar\/wp-json\/wp\/v2\/comments?post=747"}],"version-history":[{"count":15,"href":"https:\/\/blogs.fu-berlin.de\/ideenbar\/wp-json\/wp\/v2\/pages\/747\/revisions"}],"predecessor-version":[{"id":6139,"href":"https:\/\/blogs.fu-berlin.de\/ideenbar\/wp-json\/wp\/v2\/pages\/747\/revisions\/6139"}],"up":[{"embeddable":true,"href":"https:\/\/blogs.fu-berlin.de\/ideenbar\/wp-json\/wp\/v2\/pages\/3"}],"wp:attachment":[{"href":"https:\/\/blogs.fu-berlin.de\/ideenbar\/wp-json\/wp\/v2\/media?parent=747"}],"curies":[{"name":"wp","href":"https:\/\/api.w.org\/{rel}","templated":true}]}}