{"id":63,"date":"2025-07-24T14:02:06","date_gmt":"2025-07-24T12:02:06","guid":{"rendered":"https:\/\/blogs.fu-berlin.de\/iss-project\/?page_id=63"},"modified":"2026-04-17T10:31:26","modified_gmt":"2026-04-17T08:31:26","slug":"about-me","status":"publish","type":"page","link":"https:\/\/blogs.fu-berlin.de\/iss-project\/about-me\/","title":{"rendered":"About me"},"content":{"rendered":"\n<p><em>Dr. Jacob Hardt<\/em> (<a href=\"#Alle-Publikationen\">all my publications<\/a>)<\/p>\n\n\n\n<figure class=\"wp-block-gallery has-nested-images columns-default is-cropped wp-block-gallery-1 is-layout-flex wp-block-gallery-is-layout-flex\">\n<figure class=\"wp-block-image size-large is-style-default\"><img loading=\"lazy\" decoding=\"async\" width=\"1024\" height=\"794\" data-id=\"107\" src=\"https:\/\/blogs.fu-berlin.de\/iss-project\/files\/2025\/11\/WhatsApp-Image-2025-11-07-at-16.49.23-1024x794.jpeg\" alt=\"\" class=\"wp-image-107\" srcset=\"https:\/\/blogs.fu-berlin.de\/iss-project\/files\/2025\/11\/WhatsApp-Image-2025-11-07-at-16.49.23-1024x794.jpeg 1024w, https:\/\/blogs.fu-berlin.de\/iss-project\/files\/2025\/11\/WhatsApp-Image-2025-11-07-at-16.49.23-300x233.jpeg 300w, https:\/\/blogs.fu-berlin.de\/iss-project\/files\/2025\/11\/WhatsApp-Image-2025-11-07-at-16.49.23-768x595.jpeg 768w, https:\/\/blogs.fu-berlin.de\/iss-project\/files\/2025\/11\/WhatsApp-Image-2025-11-07-at-16.49.23-1536x1190.jpeg 1536w, https:\/\/blogs.fu-berlin.de\/iss-project\/files\/2025\/11\/WhatsApp-Image-2025-11-07-at-16.49.23-1200x930.jpeg 1200w, https:\/\/blogs.fu-berlin.de\/iss-project\/files\/2025\/11\/WhatsApp-Image-2025-11-07-at-16.49.23.jpeg 1600w\" sizes=\"auto, (max-width: 709px) 85vw, (max-width: 909px) 67vw, (max-width: 1362px) 62vw, 840px\" \/><\/figure>\n<\/figure>\n\n\n\n<p>I am a Physical Geographer with a special fascination for the landscapes of the north-central European young morainic areas and the processes that shaped them. I have been dealing with this topic since my studies and have deepened it in my dissertation project, in which I dealt with geomorphological (<a href=\"http:\/\/dx.doi.org\/10.1016\/j.geomorph.2015.07.045\" target=\"_blank\" rel=\"noreferrer noopener\">Hardt et al., 2015<\/a>) and geochronological aspects of the last glacial cycle in northern Germany (<a href=\"http:\/\/dx.doi.org\/10.1016\/j.quaint.2016.07.044\" target=\"_blank\" rel=\"noreferrer noopener\">Hardt &amp; B\u00f6se, 2016<\/a>; <a href=\"http:\/\/dx.doi.org\/10.1016\/j.quaint.2016.07.044\" target=\"_blank\" rel=\"noreferrer noopener\">Hardt et al., 2016<\/a>; <a href=\"http:\/\/www.diss.fu-berlin.de\/diss\/receive\/FUDISS_thesis_000000104286\" target=\"_blank\" rel=\"noreferrer noopener\">Hardt 2017<\/a>)<\/p>\n\n\n\n<p>In particular, I work with the qualitative evaluation of digital terrain models. I also map in the field and analyze sediments, supported by geophysical and geochronological investigations.<\/p>\n\n\n\n<p>In the last few years, I have increasingly begun to focus on the interrelationships between <strong>inland ice sheets and underground geological structures<\/strong> from a geomorphological perspective. Northern Germany offers an ideal study area for this (<a rel=\"noreferrer noopener\" href=\"https:\/\/doi.org\/10.1002\/esp.5226\" target=\"_blank\">Hardt et al., 2021<\/a>; <a rel=\"noreferrer noopener\" href=\"https:\/\/doi.org\/10.5194\/esurf-12-559-2024\" target=\"_blank\">Hardt et al., 2024<\/a>).<\/p>\n\n\n\n<p>Apart from this subject area, I have also been working for many years with archaeologists from various institutions on geoarchaeological issues. This included the high-resolution investigation of a <strong>Roman-Germanic battlefield<\/strong> (so-called &#8222;Harzhorn incident&#8220; dating to 235 CE in Lower Saxony, Germany) in order to better understand and predict the degree of corrosion of archaeological iron objects (<a rel=\"noreferrer noopener\" href=\"https:\/\/doi.org\/10.1002\/gea.70012\" target=\"_blank\">Hardt et al., 2025<\/a>).<\/p>\n\n\n\n<p><\/p>\n\n\n\n<p>Further work took us to the highlands of <strong>Ethiopia<\/strong> for geoarchaeological studies (in context of the DFG <a href=\"https:\/\/www.dainst.blog\/entangled-africa\/\" target=\"_blank\" rel=\"noreferrer noopener\">SPP2143 Entangled Africa<\/a>). There, we investigated potential past mobility axes using historical maps and reports (<a href=\"https:\/\/doi.org\/10.1080\/00087041.2022.2150363\" target=\"_blank\" rel=\"noreferrer noopener\">Hardt et al., 2023<\/a>), characterized archaeological find areas (<a href=\"https:\/\/doi.org\/10.5194\/egqsj-72-37-2023\" target=\"_blank\" rel=\"noreferrer noopener\">Hardt et al., 2023<\/a>; <a href=\"https:\/\/doi.org\/10.34780\/dt6n-6d15\" target=\"_blank\" rel=\"noreferrer noopener\">Pfeiffer et al., 2023<\/a>), and studied the geomorphological impact of human movement(<a href=\"https:\/\/doi.org\/10.3390\/rs13102009\" target=\"_blank\" rel=\"noreferrer noopener\">Busch et al., 2021<\/a>; <a href=\"https:\/\/doi.org\/10.1371\/journal.pone.0245248\" target=\"_blank\" rel=\"noreferrer noopener\">Nir et al., 2021<\/a>; <a href=\"https:\/\/doi.org\/10.1016\/j.catena.2022.106312\" target=\"_blank\" rel=\"noreferrer noopener\">Nir et al., 2022<\/a>).<\/p>\n\n\n\n<figure class=\"wp-block-image size-large\"><img loading=\"lazy\" decoding=\"async\" width=\"1024\" height=\"768\" src=\"https:\/\/blogs.fu-berlin.de\/iss-project\/files\/2025\/07\/IMG_5027-1024x768.jpg\" alt=\"\" class=\"wp-image-67\" srcset=\"https:\/\/blogs.fu-berlin.de\/iss-project\/files\/2025\/07\/IMG_5027-1024x768.jpg 1024w, https:\/\/blogs.fu-berlin.de\/iss-project\/files\/2025\/07\/IMG_5027-300x225.jpg 300w, https:\/\/blogs.fu-berlin.de\/iss-project\/files\/2025\/07\/IMG_5027-768x576.jpg 768w, https:\/\/blogs.fu-berlin.de\/iss-project\/files\/2025\/07\/IMG_5027-1536x1152.jpg 1536w, https:\/\/blogs.fu-berlin.de\/iss-project\/files\/2025\/07\/IMG_5027-2048x1536.jpg 2048w, https:\/\/blogs.fu-berlin.de\/iss-project\/files\/2025\/07\/IMG_5027-1200x900.jpg 1200w\" sizes=\"auto, (max-width: 709px) 85vw, (max-width: 909px) 67vw, (max-width: 1362px) 62vw, 840px\" \/><figcaption class=\"wp-element-caption\">Northern Ethiopian Highlands: Pathways and gullies, with the Adwa Mountains in the background.<\/figcaption><\/figure>\n\n\n\n<p>The most recent project took us to fascinating and beautiful landscapes of Tadjoura in <strong>Djibouti<\/strong> (<a href=\"https:\/\/doi.org\/10.34780\/wwt5ah24\">Hardt et al., 2026<\/a>), where we are still trying to understand settlement structures and cult sites in relation to the landscape and paleoclimatic changes.<\/p>\n\n\n\n<div class=\"wp-block-columns is-layout-flex wp-container-core-columns-is-layout-9d6595d7 wp-block-columns-is-layout-flex\">\n<div class=\"wp-block-column is-layout-flow wp-block-column-is-layout-flow\" style=\"flex-basis:100%\">\n<div class=\"wp-block-group\"><div class=\"wp-block-group__inner-container is-layout-flow wp-block-group-is-layout-flow\">\n<figure class=\"wp-block-gallery has-nested-images columns-default is-cropped wp-block-gallery-2 is-layout-flex wp-block-gallery-is-layout-flex\">\n<figure class=\"wp-block-image size-large is-style-default\"><img loading=\"lazy\" decoding=\"async\" width=\"1024\" height=\"768\" data-id=\"64\" src=\"https:\/\/blogs.fu-berlin.de\/iss-project\/files\/2025\/07\/IMG_0621-1024x768.jpg\" alt=\"\" class=\"wp-image-64\" srcset=\"https:\/\/blogs.fu-berlin.de\/iss-project\/files\/2025\/07\/IMG_0621-1024x768.jpg 1024w, https:\/\/blogs.fu-berlin.de\/iss-project\/files\/2025\/07\/IMG_0621-300x225.jpg 300w, https:\/\/blogs.fu-berlin.de\/iss-project\/files\/2025\/07\/IMG_0621-768x576.jpg 768w, https:\/\/blogs.fu-berlin.de\/iss-project\/files\/2025\/07\/IMG_0621-1536x1152.jpg 1536w, https:\/\/blogs.fu-berlin.de\/iss-project\/files\/2025\/07\/IMG_0621-2048x1536.jpg 2048w, https:\/\/blogs.fu-berlin.de\/iss-project\/files\/2025\/07\/IMG_0621-1200x900.jpg 1200w\" sizes=\"auto, (max-width: 709px) 85vw, (max-width: 909px) 67vw, (max-width: 1362px) 62vw, 840px\" \/><\/figure>\n\n\n\n<figure class=\"wp-block-image size-large\"><img loading=\"lazy\" decoding=\"async\" width=\"1024\" height=\"768\" data-id=\"70\" src=\"https:\/\/blogs.fu-berlin.de\/iss-project\/files\/2025\/07\/IMG_0944-1024x768.jpg\" alt=\"\" class=\"wp-image-70\" srcset=\"https:\/\/blogs.fu-berlin.de\/iss-project\/files\/2025\/07\/IMG_0944-1024x768.jpg 1024w, https:\/\/blogs.fu-berlin.de\/iss-project\/files\/2025\/07\/IMG_0944-300x225.jpg 300w, https:\/\/blogs.fu-berlin.de\/iss-project\/files\/2025\/07\/IMG_0944-768x576.jpg 768w, https:\/\/blogs.fu-berlin.de\/iss-project\/files\/2025\/07\/IMG_0944-1536x1152.jpg 1536w, https:\/\/blogs.fu-berlin.de\/iss-project\/files\/2025\/07\/IMG_0944-2048x1536.jpg 2048w, https:\/\/blogs.fu-berlin.de\/iss-project\/files\/2025\/07\/IMG_0944-1200x900.jpg 1200w\" sizes=\"auto, (max-width: 709px) 85vw, (max-width: 909px) 67vw, (max-width: 1362px) 62vw, 840px\" \/><\/figure>\n<figcaption class=\"blocks-gallery-caption wp-element-caption\"><span>When you work in Djibouti&#8230; impressions from Tadjoura (2024).<\/span><\/figcaption><\/figure>\n<\/div><\/div>\n<\/div>\n<\/div>\n\n\n\n<p>I was lucky enough to take part in a high mountain expedition in <strong>Taiwan<\/strong>, where we mapped glacial landforms in the Nenggao Range of the Central Mountain Range and dated glacigenic boulders with cosmogenic nuclides (<a href=\"https:\/\/doi.org\/10.1002\/jqs.3714\" target=\"_blank\" rel=\"noreferrer noopener\">Hebenstreit et al., 2025<\/a>).<\/p>\n\n\n\n<figure class=\"wp-block-gallery has-nested-images columns-default is-cropped wp-block-gallery-3 is-layout-flex wp-block-gallery-is-layout-flex\">\n<figure class=\"wp-block-image size-large\"><img loading=\"lazy\" decoding=\"async\" width=\"2560\" height=\"1707\" data-id=\"137\" src=\"https:\/\/blogs.fu-berlin.de\/iss-project\/files\/2026\/03\/SAM_0761-edited-scaled.jpg\" alt=\"\" class=\"wp-image-137\" srcset=\"https:\/\/blogs.fu-berlin.de\/iss-project\/files\/2026\/03\/SAM_0761-edited-scaled.jpg 2560w, https:\/\/blogs.fu-berlin.de\/iss-project\/files\/2026\/03\/SAM_0761-edited-300x200.jpg 300w, https:\/\/blogs.fu-berlin.de\/iss-project\/files\/2026\/03\/SAM_0761-edited-1024x683.jpg 1024w, https:\/\/blogs.fu-berlin.de\/iss-project\/files\/2026\/03\/SAM_0761-edited-768x512.jpg 768w, https:\/\/blogs.fu-berlin.de\/iss-project\/files\/2026\/03\/SAM_0761-edited-1536x1024.jpg 1536w, https:\/\/blogs.fu-berlin.de\/iss-project\/files\/2026\/03\/SAM_0761-edited-2048x1365.jpg 2048w, https:\/\/blogs.fu-berlin.de\/iss-project\/files\/2026\/03\/SAM_0761-edited-1200x800.jpg 1200w\" sizes=\"auto, (max-width: 709px) 85vw, (max-width: 909px) 67vw, (max-width: 1362px) 62vw, 840px\" \/><figcaption class=\"wp-element-caption\">Taiwanese high mountain expedition (Nengao Range)<\/figcaption><\/figure>\n<\/figure>\n\n\n\n<p><\/p>\n\n\n\n<p id=\"Alle-Publikationen\"><strong>All of my research papers<\/strong><\/p>\n\n\n\n<div class=\"wp-block-columns is-layout-flex wp-container-core-columns-is-layout-9d6595d7 wp-block-columns-is-layout-flex\">\n<div class=\"wp-block-column is-layout-flow wp-block-column-is-layout-flow\" style=\"flex-basis:100%\">\n<ul class=\"wp-block-list\">\n<li><strong>Hardt<\/strong>, J., Pfeiffer, K., Abdoulkader, M., Osman Ali, I., Umlauf, A., Smidt, W., 2026: Routes of Interaction in the Historical Sultanate of Tadjoura (Djibouti) &#8211; Results of Two Geoarchaeological and\u00a0Ethnohistorical Research Seasons in 2023 and 2024. Arch\u00e4ologische Forschungen in Afrika, 2, 131-152, <a href=\"https:\/\/doi.org\/10.34780\/wwt5ah24\">https:\/\/doi.org\/10.34780\/wwt5ah24<\/a><\/li>\n\n\n\n<li><strong>Hardt<\/strong>, J., 2025: The Geomorphology of the City of Berlin. In: Lehmkuhl, F., B\u00f6se, M., Krautblatter, M. (eds) Landscapes and Landforms of Germany. World Geomorphological Landscapes. Springer, Cham. <a href=\"https:\/\/doi.org\/10.1007\/978-3-031-77876-6_8\" target=\"_blank\" rel=\"noreferrer noopener\">https:\/\/doi.org\/10.1007\/978-3-031-77876-6_8<\/a><\/li>\n\n\n\n<li>B\u00f6se, M., <strong>Hardt<\/strong>, J., 2025: Morphological Transformation of the Landscape in Lower Lusatia by Opencast Mining. In: Lehmkuhl, F., B\u00f6se, M., Krautblatter, M. (eds) Landscapes and Landforms of Germany. World Geomorphological Landscapes. Springer, Cham. <a href=\"https:\/\/doi.org\/10.1007\/978-3-031-77876-6_10\" target=\"_blank\" rel=\"noreferrer noopener\">https:\/\/doi.org\/10.1007\/978-3-031-77876-6_10<\/a><\/li>\n\n\n\n<li><strong>Hardt<\/strong>, J., Nykamp, M., Schatte, T., Schimmel, L., Meyer, M., Geschwinde, M., L\u00f6nne, P. and Hoelzmann, P., 2025: Integrating Geomorphology, Geology, and Geochemical Parameters to Understand the Preservation Status and Spatial Distribution of Archaeological Iron Objects Related to the 235 CE Roman\u2013Germanic Harzhorn Conflict (Lower Saxony, Germany). Geoarchaeology, 40: e70012.&nbsp;<a href=\"https:\/\/doi.org\/10.1002\/gea.70012\">https:\/\/doi.org\/10.1002\/gea.70012<\/a><\/li>\n\n\n\n<li>Hebenstreit, R., <strong>Hardt<\/strong>, J. and B\u00f6se, M. 2025: The lowermost last-glacial equilibrium line altitude in the Taiwanese Central Mountain Range and its implications for the palaeoclimate and the tropospheric moisture transport in East Asia. J. Quaternary Sci.&nbsp;<a href=\"https:\/\/doi.org\/10.1002\/jqs.3714\">https:\/\/doi.org\/10.1002\/jqs.3714<\/a><\/li>\n\n\n\n<li>Kirsten, F., Starke, J., Bauriegel, A., M\u00fcller, R., Jouaux, J., L\u00fcthgens, C., Sinapius, R., and <strong>Hardt<\/strong>, J., 2024: Age, composition and spatial distribution of sandy loess in north\u2010eastern Germany (Fl\u00e4ming, Brandenburg), Earth Surf Processes Landf,&nbsp;<a href=\"https:\/\/doi.org\/10.1002\/esp.5885\">https:\/\/doi.org\/10.1002\/esp.5885<\/a>.<\/li>\n\n\n\n<li><strong>Hardt<\/strong>, J., Dooley, T. P., and Hudec, M. R., 2024: Physical modeling of ice-sheet-induced salt movements using the example of northern Germany, Earth Surface Dynamics, 12, 559\u2013579.&nbsp;<a href=\"https:\/\/esurf.copernicus.org\/articles\/12\/559\/2024\/\">https:\/\/doi.org\/10.5194\/esurf-12-559-2024<\/a><\/li>\n\n\n\n<li>Pfeiffer, K., <strong>Hardt<\/strong>, J., Breninek, C., Nir, N., Gerlach, I., Raue, D.und Sch\u00fctt, B., 2023: Routes of interaction across northern central Tigray (Ethiopia) between 2nd and 1st millennium BCE: Interdisciplinary research in the Rama area. Journal of Global Archaeology, 2023(04), S.162\u2013203.&nbsp;<a href=\"https:\/\/doi.org\/10.34780\/dt6n-6d15\">https:\/\/doi.org\/10.34780\/dt6n-6d15<\/a><\/li>\n\n\n\n<li><strong>Hardt<\/strong>, J., Nir, N., Sch\u00fctt, B., 2023. Combining Historical Maps, Travel Itineraries and Least-Cost Path Modelling to Reconstruct Pre-Modern Travel Routes and Locations in Northern Tigray (Ethiopia). The Cartographic Journal, 1-17.&nbsp;<a href=\"https:\/\/doi.org\/10.1080\/00087041.2022.2150363\">https:\/\/doi.org\/10.1080\/00087041.2022.2150363<\/a><\/li>\n\n\n\n<li><strong>Hardt<\/strong>, J., Nir, N., L\u00fcthgens, C., Menn, T.M., Sch\u00fctt, B., 2023. Palaeoenvironmental research at Hawelti\u2013Melazo (Tigray, northern Ethiopia) \u2013 insights from sedimentological and geomorphological analyses. E&amp;G Quaternary Sci. J. 72, 37-55.&nbsp;<a href=\"https:\/\/doi.org\/10.5194\/egqsj-72-37-2023\">https:\/\/doi.org\/10.5194\/egqsj-72-37-2023<\/a><\/li>\n\n\n\n<li>L\u00fcthgens, C., <strong>Hardt<\/strong>, J., 2022. Ice dynamics in the SW sector of the Scandinavian Ice Sheet (SIS) \u2013 a fresh perspective from the classical area of the Weichselian glaciation in northern Brandenburg. DEUQUA Spec. Pub. 4, 29-39.&nbsp;<a href=\"https:\/\/doi.org\/10.5194\/deuquasp-4-29-2022\">https:\/\/doi.org\/10.5194\/deuquasp-4-29-2022<\/a><\/li>\n\n\n\n<li>Liu, S.-H., L\u00fcthgens, C., <strong>Hardt<\/strong>, J., Hebenstreit, R., B\u00f6se, M., Frechen, M., 2022. Late Quaternary formation of the Miaoli Tableland in northwest Taiwan, an interplay of tectonic uplift and fluvial processes dated by OSL. Quaternary Research, 1-22.&nbsp;<a href=\"https:\/\/doi.org\/10.1017\/qua.2022.52\">https:\/\/doi.org\/10.1017\/qua.2022.52<\/a><\/li>\n\n\n\n<li>Nir, N., Stahlschmidt, M., Busch, R., L\u00fcthgens, C., Sch\u00fctt, B., <strong>Hardt<\/strong>, J. (2022). Footpaths: Pedogenic and geomorphological long-term effects of human trampling. Catena Volume 215.&nbsp;<a href=\"https:\/\/doi.org\/10.1016\/j.catena.2022.106312\" target=\"_blank\" rel=\"noreferrer noopener\">https:\/\/doi.org\/10.1016\/j.catena.2022.106312<\/a><\/li>\n\n\n\n<li>Nykamp, M., Hauschulz, S., <strong>Hardt<\/strong>, J., Knitter, D., May, J., Hoelzmann, P., (2022): The landscape of the Late Bronze Age royal tomb of Seddin (NE Germany): linking geomorphology, archaeology, and historic evidence. Journal of Maps, 1-11.&nbsp;<a href=\"https:\/\/doi.org\/10.1080\/17445647.2021.2020178\">https:\/\/doi.org\/10.1080\/17445647.2021.2020178<\/a><\/li>\n\n\n\n<li><strong>Hardt<\/strong>, J., Norden, B., Bauer, K., Toelle, O. &amp; Krambach, J. (2021): Surface cracks &#8211; geomorphological indicators for late Quaternary halotectonic movements in Northern Germany. Earth Surface Processes and Landforms, 1\u2013 21. Available from:&nbsp;<a href=\"https:\/\/doi.org\/10.1002\/esp.5226\">https:\/\/doi.org\/10.1002\/esp.5226<\/a><\/li>\n\n\n\n<li>Busch, R., <strong>Hardt<\/strong>, J., Nir, N., &amp; Sch\u00fctt, B. (2021): Modeling Gully Erosion Susceptibility to Evaluate Human Impact on a Local Landscape System in Tigray, Ethiopia. Remote Sensing, 13(10), 2009.&nbsp;<a href=\"https:\/\/doi.org\/10.3390\/rs13102009\">https:\/\/doi.org\/10.3390\/rs13102009<\/a><\/li>\n\n\n\n<li>Nir, N., Knitter, D., <strong>Hardt<\/strong>, J., and Sch\u00fctt, B. (2021): Human movement and gully erosion: Investigating feedback mechanisms using Frequency Ratio and Least Cost Path analysis in Tigray, Ethiopia: PLOS ONE, v. 16, no. 2: e0245248.&nbsp;<a href=\"https:\/\/doi.org\/10.1371\/journal.pone.0245248\">https:\/\/doi.org\/10.1371\/journal.pone.0245248<\/a><\/li>\n\n\n\n<li>Nykamp, M., <strong>Hardt<\/strong>, J., Hoelzmann, P., May, J., and Reimann, T. (2021): Towards timing and stratigraphy of the Bronze Age burial mound royal tomb (K\u00f6nigsgrab) of Seddin (Brandenburg, northeastern Germany): E&amp;G Quaternary Sci. J., v. 70, no. 1, p. 1-17.&nbsp;<a href=\"https:\/\/doi.org\/10.5194\/egqsj-69-201-2020\">https:\/\/doi.org\/10.5194\/egqsj-69-201-2020<\/a><\/li>\n\n\n\n<li>L\u00fcthgens, C., <strong>Hardt<\/strong>, J., and B\u00f6se, M. (2020): Proposing a new conceptual model for the reconstruction of ice dynamics in the SW sector of the Scandinavian Ice Sheet (SIS) based on the reinterpretation of published data and new evidence from optically stimulated luminescence (OSL) dating: E&amp;G Quaternary Sci. J., v. 69, no. 2, p. 201-223.&nbsp;<a href=\"https:\/\/doi.org\/10.5194\/egqsj-69-201-2020\">https:\/\/doi.org\/10.5194\/egqsj-69-201-2020<\/a><\/li>\n\n\n\n<li><strong>Hardt<\/strong>, J. (2017): Weichselian phases and ice dynamics of the Scandinavian Ice Sheet in northeast Germany: a reassessment based on geochronological and geomorphological investigations in Brandenburg. E&amp;G Quaternary Sciience Journal 66, 101-102. [Thesis Abstract]&nbsp;<a href=\"https:\/\/www.eg-quaternary-sci-j.net\/66\/101\/2017\/\">http:\/\/dx.doi.org\/10.5194\/egqsj-66-101-2017<\/a><\/li>\n\n\n\n<li><strong>Hardt<\/strong>, J., L\u00fcthgens, C., Hebenstreit, R., B\u00f6se, M., (2016): Geochronological (OSL) and geomorphological investigations at the presumed Frankfurt ice marginal position in northeast Germany. Quaternary Science Reviews 154, 85-99.&nbsp;<a href=\"http:\/\/dx.doi.org\/10.1016\/j.quascirev.2016.10.015\">http:\/\/dx.doi.org\/10.1016\/j.quascirev.2016.10.015<\/a><\/li>\n\n\n\n<li><strong>Hardt<\/strong>, J., B\u00f6se, M., (2016): The timing of the Weichselian Pomeranian ice marginal position south of the Baltic Sea: A critical review of morphological and geochronological results. Quaternary International (in press).&nbsp;<a href=\"http:\/\/dx.doi.org\/10.1016\/j.quaint.2016.07.044\">http:\/\/dx.doi.org\/10.1016\/j.quaint.2016.07.044<\/a><\/li>\n\n\n\n<li><strong>Hardt<\/strong>, J., Hebenstreit, R., L\u00fcthgens, C., B\u00f6se, M., 2015: High-resolution mapping of ice-marginal landforms in the Barnim region, northeast Germany. Geomorphology 250, 41-52.&nbsp;<a href=\"http:\/\/dx.doi.org\/10.1016\/j.geomorph.2015.07.045\">http:\/\/dx.doi.org\/10.1016\/j.geomorph.2015.07.045<\/a><\/li>\n\n\n\n<li>B\u00f6se, M., Hebenstreit, R., <strong>Hardt<\/strong>, J., 2013: A deformation till at Hohuan Shan, Taiwan. Quaternary International.&nbsp;<a href=\"http:\/\/dx.doi.org\/10.1016\/j.quaint.2013.11.019\">http:\/\/dx.doi.org\/10.1016\/j.quaint.2013.11.019<\/a><\/li>\n<\/ul>\n<\/div>\n<\/div>\n\n\n\n<h3 class=\"wp-block-heading\">Book chapters<\/h3>\n\n\n\n<p><strong>Hardt<\/strong>, J., 2026: Risse in der norddeutschen Landschaft \u2013 wie unterirdische Salinarbewegungen in der Jungmor\u00e4nenlandschaft sichtbar werden. In: Makki, M.; Richter, B.; Kle\u00dfen, R.; Schulenburg, B. (Hg.): Aufbruch der Formen: Geographische Perspektiven in Bewegung. Berliner Geographische Arbeiten, 122, p. 127-135. <a href=\"https:\/\/doi.org\/10.18452\/36069\">https:\/\/doi.org\/10.18452\/36069<\/a><\/p>\n\n\n\n<p><strong>Hardt<\/strong>, J., Hoelzmann, P., Schatte, T., 2025: Geowissenschaftliche Untersuchungen an Harzhorn und Kahlberg \u2013 Detailkartierung von Bodeneigenschaften zur Bestimmung der Funderhaltungswahrscheinlichkeit von Eisenobjekten. In: Geschwinde, M., Meyer, M., L\u00f6nne, P., Schatte, T. (Hrsg.): Harzhorn &#8211; Die Arch\u00e4ologie eines germanisch-r\u00f6mischen Kampfplatzes des 3. Jahrhunderts n. Chr.. R\u00f6misch-Germanische Forschungen, 77, Band 1, pp. 143-193, Reichert Verlag Wiesbaden. <a href=\"https:\/\/doi.org\/10.34780\/e6uz-ee6n\">https:\/\/doi.org\/10.34780\/e6uz-ee6n<\/a><\/p>\n\n\n\n<p>Meyer, M., Geschwinde, M., <strong>Hardt<\/strong>, J., Schatte, T., 2025: Filterebenen und methodische Konsequenzen. In: Geschwinde, M., Meyer, M., L\u00f6nne, P., Schatte, T. (Hrsg.): Harzhorn &#8211; Die Arch\u00e4ologie eines germanisch-r\u00f6mischen Kampfplatzes des 3. Jahrhunderts n. Chr.. R\u00f6misch-Germanische Forschungen, 77, Band 1, pp. 221-235, Reichert Verlag Wiesbaden. <a href=\"https:\/\/doi.org\/10.34780\/e6uz-ee6n\">https:\/\/doi.org\/10.34780\/e6uz-ee6n<\/a><\/p>\n\n\n\n<h3 class=\"wp-block-heading\">Dissertation<\/h3>\n\n\n\n<p><strong>Hardt<\/strong>, J. (2017): Weichselian phases and ice dynamics of the Scandinavian Ice Sheet in Northeast Germany &#8211; A reassessment based on geochronological and geomorphological investigations in Brandenburg.<br><a href=\"http:\/\/www.diss.fu-berlin.de\/diss\/receive\/FUDISS_thesis_000000104286\">http:\/\/www.diss.fu-berlin.de\/diss\/receive\/FUDISS_thesis_000000104286<\/a><\/p>\n\n\n\n<h3 class=\"wp-block-heading\">Research Data<\/h3>\n\n\n\n<p><strong>Hardt<\/strong>, J., Pfeiffer, K., 2025: Route reconstruction of the German Expedition to East Africa in 1862\/1862 led by Werner Munzinger, <a href=\"http:\/\/dx.doi.org\/10.17169\/refubium-49939\">http:\/\/dx.doi.org\/10.17169\/refubium-49939<\/a><\/p>\n\n\n\n<p><strong>Hardt<\/strong>, J., Pfeiffer, K., Umlauf, A., 2025: Chronological and sedimentological data from surveyed sites in Tadjoura (Djibouti) of the field seasons 2023 and 2024: Project Routes of Interaction. <a href=\"http:\/\/dx.doi.org\/10.17169\/refubium-46751\">http:\/\/dx.doi.org\/10.17169\/refubium-46751<\/a><\/p>\n\n\n\n<p><strong>Hardt<\/strong>, J., Dooley, T. D, Hudec, M.,  2023: Supplemental videos of the paper &#8222;Physical modeling of ice-sheet-induced salt movements using the example of northern Germany&#8220;. <a href=\"https:\/\/doi.org\/10.5446\/63073\">https:\/\/doi.org\/10.5446\/63073<\/a><\/p>\n\n\n\n<p><strong>Hardt<\/strong>, J.,&nbsp;B. McLeod,&nbsp;L. Schimmel, et al.&nbsp;2021. \u201cArea-Wide Soil Parameters of the Germanic-Roman Battlefield Site Harzhorn, Northeim (Lower Saxony, Germany).\u201d&nbsp;<em>PANGAEA<\/em>.&nbsp;<a href=\"https:\/\/doi.org\/10.1594\/PANGAEA.935545\">https:\/\/doi.org\/10.1594\/PANGAEA.935545<\/a>.<\/p>\n\n\n\n<p><\/p>\n","protected":false},"excerpt":{"rendered":"<p>Dr. Jacob Hardt (all my publications) I am a Physical Geographer with a special fascination for the landscapes of the north-central European young morainic areas and the processes that shaped them. I have been dealing with this topic since my studies and have deepened it in my dissertation project, in which I dealt with geomorphological &hellip; <a href=\"https:\/\/blogs.fu-berlin.de\/iss-project\/about-me\/\" class=\"more-link\"><span class=\"screen-reader-text\">\u201eAbout me\u201c<\/span> weiterlesen<\/a><\/p>\n","protected":false},"author":1254,"featured_media":0,"parent":0,"menu_order":0,"comment_status":"closed","ping_status":"closed","template":"","meta":{"footnotes":""},"class_list":["post-63","page","type-page","status-publish","hentry"],"_links":{"self":[{"href":"https:\/\/blogs.fu-berlin.de\/iss-project\/wp-json\/wp\/v2\/pages\/63","targetHints":{"allow":["GET"]}}],"collection":[{"href":"https:\/\/blogs.fu-berlin.de\/iss-project\/wp-json\/wp\/v2\/pages"}],"about":[{"href":"https:\/\/blogs.fu-berlin.de\/iss-project\/wp-json\/wp\/v2\/types\/page"}],"author":[{"embeddable":true,"href":"https:\/\/blogs.fu-berlin.de\/iss-project\/wp-json\/wp\/v2\/users\/1254"}],"replies":[{"embeddable":true,"href":"https:\/\/blogs.fu-berlin.de\/iss-project\/wp-json\/wp\/v2\/comments?post=63"}],"version-history":[{"count":28,"href":"https:\/\/blogs.fu-berlin.de\/iss-project\/wp-json\/wp\/v2\/pages\/63\/revisions"}],"predecessor-version":[{"id":144,"href":"https:\/\/blogs.fu-berlin.de\/iss-project\/wp-json\/wp\/v2\/pages\/63\/revisions\/144"}],"wp:attachment":[{"href":"https:\/\/blogs.fu-berlin.de\/iss-project\/wp-json\/wp\/v2\/media?parent=63"}],"curies":[{"name":"wp","href":"https:\/\/api.w.org\/{rel}","templated":true}]}}