{"id":2,"date":"2007-05-24T14:30:58","date_gmt":"2007-05-24T12:30:58","guid":{"rendered":""},"modified":"2011-02-14T18:20:48","modified_gmt":"2011-02-14T16:20:48","slug":"eine-seite","status":"publish","type":"page","link":"https:\/\/blogs.fu-berlin.de\/jfkpol\/eine-seite\/","title":{"rendered":"\u00dcber\/About"},"content":{"rendered":"<p>Dieser Blog pr\u00e4sentiert ausgew\u00e4hlte Artikel und Aufs\u00e4tze, die im Forschungsbetrieb der Abteilung Politik des John-F-Kennedy-Instituts der Freien Universit\u00e4t Berlin entstanden sind.<\/p>\n<p>This blog presents selected arcticles and essays by the department of politics of the John-F-Kennedy-Instituts at the Freie Universit\u00e4t Berlin<\/p>\n<p>Please contact us at:<\/p>\n<p>Freie Universit\u00e4t Berlin<br \/>\nJohn-F.-Kennedy-Institut f\u00fcr Nordamerikastudien<br \/>\nAbteilung Politik<br \/>\nLansstra\u00dfe 7-9<br \/>\n14195 Berlin<\/p>\n<p><a href=\"https:\/\/www.jfki.fu-berlin.de\/faculty\/politicalscience\/index.html\">https:\/\/www.jfki.fu-berlin.de\/faculty\/politicalscience\/index.html<\/a><\/p>\n","protected":false},"excerpt":{"rendered":"<p>Dieser Blog pr\u00e4sentiert ausgew\u00e4hlte Artikel und Aufs\u00e4tze, die im Forschungsbetrieb der Abteilung Politik des John-F-Kennedy-Instituts der Freien Universit\u00e4t Berlin entstanden sind. This blog presents selected arcticles and essays by the department of politics of the John-F-Kennedy-Instituts at the Freie Universit\u00e4t Berlin Please contact us at: Freie Universit\u00e4t Berlin John-F.-Kennedy-Institut f\u00fcr Nordamerikastudien Abteilung Politik Lansstra\u00dfe 7-9 [&hellip;]<\/p>\n","protected":false},"author":149,"featured_media":0,"parent":0,"menu_order":0,"comment_status":"open","ping_status":"open","template":"","meta":{"footnotes":""},"class_list":["post-2","page","type-page","status-publish","hentry"],"_links":{"self":[{"href":"https:\/\/blogs.fu-berlin.de\/jfkpol\/wp-json\/wp\/v2\/pages\/2","targetHints":{"allow":["GET"]}}],"collection":[{"href":"https:\/\/blogs.fu-berlin.de\/jfkpol\/wp-json\/wp\/v2\/pages"}],"about":[{"href":"https:\/\/blogs.fu-berlin.de\/jfkpol\/wp-json\/wp\/v2\/types\/page"}],"author":[{"embeddable":true,"href":"https:\/\/blogs.fu-berlin.de\/jfkpol\/wp-json\/wp\/v2\/users\/149"}],"replies":[{"embeddable":true,"href":"https:\/\/blogs.fu-berlin.de\/jfkpol\/wp-json\/wp\/v2\/comments?post=2"}],"version-history":[{"count":2,"href":"https:\/\/blogs.fu-berlin.de\/jfkpol\/wp-json\/wp\/v2\/pages\/2\/revisions"}],"predecessor-version":[{"id":170,"href":"https:\/\/blogs.fu-berlin.de\/jfkpol\/wp-json\/wp\/v2\/pages\/2\/revisions\/170"}],"wp:attachment":[{"href":"https:\/\/blogs.fu-berlin.de\/jfkpol\/wp-json\/wp\/v2\/media?parent=2"}],"curies":[{"name":"wp","href":"https:\/\/api.w.org\/{rel}","templated":true}]}}