{"id":59,"date":"2020-03-03T10:58:05","date_gmt":"2020-03-03T09:58:05","guid":{"rendered":"https:\/\/blogs.fu-berlin.de\/lehre-angesagt\/?page_id=59"},"modified":"2021-02-22T12:40:58","modified_gmt":"2021-02-22T11:40:58","slug":"lehre-angesagt","status":"publish","type":"page","link":"https:\/\/blogs.fu-berlin.de\/lehre-angesagt\/","title":{"rendered":"Lehre an:gesagt"},"content":{"rendered":"<p><strong><a href=\"http:\/\/blogs.fu-berlin.de\/lehre-angesagt\/lehre-angesagt\/folgen\"><img loading=\"lazy\" decoding=\"async\" class=\"alignnone wp-image-52 size-thumbnail\" src=\"https:\/\/blogs.fu-berlin.de\/lehre-angesagt\/files\/2020\/03\/Unbenannt-150x150.png\" alt=\"\" width=\"150\" height=\"150\" srcset=\"https:\/\/blogs.fu-berlin.de\/lehre-angesagt\/files\/2020\/03\/Unbenannt-150x150.png 150w, https:\/\/blogs.fu-berlin.de\/lehre-angesagt\/files\/2020\/03\/Unbenannt-300x298.png 300w, https:\/\/blogs.fu-berlin.de\/lehre-angesagt\/files\/2020\/03\/Unbenannt.png 468w\" sizes=\"auto, (max-width: 150px) 85vw, 150px\" \/><\/a><\/strong><\/p>\n<p><strong>Lehre an:gesagt &#8211; der Podcast zur Hochschuldidaktik<\/strong><\/p>\n<p class=\"x_MsoNormal\"><span lang=\"DE\">Lasst uns \u00fcber gute Lehre sprechen und nicht nur in der hochschulinternen Teek\u00fcche, sondern auch \u00fcber B\u00fcrow\u00e4nde hinweg in den Austausch kommen: Wir sprechen mit unseren G\u00e4sten \u00fcber Herausforderungen, die die Lehre mit sich bringt und finden heraus, wie sich Hochschullehre gemeinsam (besser) gestalten l\u00e4sst.<\/span><\/p>\n<p class=\"x_MsoNormal\"><span lang=\"DE\">Ein Podcast f\u00fcr Lehrende, Studierende und alle diejenigen, die von Hochschuldidaktik nicht genug bekommen k\u00f6nnen.<\/span><\/p>\n<p>Unsere Nullfolge: <em>Die Wahrheit \u00fcber gute Lehre <\/em>gibt euch einen ersten Eindruck.<\/p>\n<p>Die Staffel 1 des Podcasts im digitalen Sommersemester ist mit folgenden Themen geplant:<\/p>\n<ul>\n<li>1.1 <em><strong>In Oberhemd und Jogginghose &#8211; Lehre aus dem Homeoffice, der Survivalguide f\u00fcr die Lehre im Sommersemester 2020<br \/>\n<\/strong><\/em><\/li>\n<li>1.2 aus Studierendenperspektive <strong><em>Lehre nach:gefragt! &#8211; Student Take Over<br \/>\n<\/em><\/strong><\/li>\n<li>1.3 <em><strong>Lehre for runaways. Grundlagen guter Lehre \u2013 digital und in Pr\u00e4senz<\/strong><\/em><\/li>\n<li>coming soon: <em><strong>digital &#8211; so machen wir das!<\/strong><\/em><\/li>\n<\/ul>\n<p>Abschlie\u00dfen werden wir das Semester und die erste Staffel mit einem kurzen R\u00fcckblick auf die spannenden digitalen Turbulenzen des Fr\u00fchjahrs und einen Ausblick auf die 2. Staffel von Lehre an:gesagt<\/p>\n<p><strong>Moderation<\/strong><u><br \/>\n<\/u>Dr. Katja Reinecke<br \/>\n<em>Wissenschaftliche Mitarbeiterin im Projekt &#8222;SUPPORT&#8220;, Arbeitsstelle Lehr- und Studienqualit\u00e4t<\/em><\/p>\n<p><strong>Redaktion<\/strong><u><br \/>\n<\/u>Dr. Katja Reinecke<br \/>\n<em>Dahlem Center for Academic Teaching &#8211; Leitung<br \/>\n<\/em><\/p>\n<p>Dr. Sophie Lorenz<br \/>\n<em>Dahlem Center for Academic Teaching<br \/>\n<\/em><\/p>\n<p>Nora Leben<br \/>\n<em>Dahlem Center for Academic Teaching<br \/>\n<\/em><\/p>\n<p><strong>Unser Dank f\u00fcr die freundliche Unterst\u00fctzung<br \/>\n<\/strong><\/p>\n<p>Studio und Bereitstellung: CeDis, Center f\u00fcr digitale Systeme der Freien Universit\u00e4t Berlin<\/p>\n<p>Jingle: Otto Sch\u00f6nthaler, <a href=\"http:\/\/sirius-sound.de\/\" target=\"_blank\" rel=\"noopener noreferrer\">sirius sound. digital audio live recording<\/a><\/p>\n<p>Logo: Stefanie Saile, <a href=\"https:\/\/stefanie-saile.com\/\" target=\"_blank\" rel=\"noopener noreferrer\">stefanie-saile.com<\/a><\/p>\n<p>Herr Lehmann<\/p>\n<p><strong>Noch mehr zu erfahren \u00fcber gute Hochschullehre<\/strong> gibt es im <a href=\"https:\/\/www.fu-berlin.de\/sites\/qualitaetspakt\/lehrqualifizierung\/index.html\" target=\"_blank\" rel=\"noopener noreferrer\">Zertifikatprogramm<\/a> von <em>SUPPORT f\u00fcr die Lehre<\/em><\/p>\n","protected":false},"excerpt":{"rendered":"<p>Lehre an:gesagt &#8211; der Podcast zur Hochschuldidaktik Lasst uns \u00fcber gute Lehre sprechen und nicht nur in der hochschulinternen Teek\u00fcche, sondern auch \u00fcber B\u00fcrow\u00e4nde hinweg in den Austausch kommen: Wir sprechen mit unseren G\u00e4sten \u00fcber Herausforderungen, die die Lehre mit sich bringt und finden heraus, wie sich Hochschullehre gemeinsam (besser) gestalten l\u00e4sst. Ein Podcast f\u00fcr &hellip; <a href=\"https:\/\/blogs.fu-berlin.de\/lehre-angesagt\/\" class=\"more-link\"><span class=\"screen-reader-text\">\u201eLehre an:gesagt\u201c<\/span> weiterlesen<\/a><\/p>\n","protected":false},"author":3771,"featured_media":0,"parent":0,"menu_order":10,"comment_status":"closed","ping_status":"closed","template":"","meta":{"footnotes":""},"class_list":["post-59","page","type-page","status-publish","hentry"],"_links":{"self":[{"href":"https:\/\/blogs.fu-berlin.de\/lehre-angesagt\/wp-json\/wp\/v2\/pages\/59","targetHints":{"allow":["GET"]}}],"collection":[{"href":"https:\/\/blogs.fu-berlin.de\/lehre-angesagt\/wp-json\/wp\/v2\/pages"}],"about":[{"href":"https:\/\/blogs.fu-berlin.de\/lehre-angesagt\/wp-json\/wp\/v2\/types\/page"}],"author":[{"embeddable":true,"href":"https:\/\/blogs.fu-berlin.de\/lehre-angesagt\/wp-json\/wp\/v2\/users\/3771"}],"replies":[{"embeddable":true,"href":"https:\/\/blogs.fu-berlin.de\/lehre-angesagt\/wp-json\/wp\/v2\/comments?post=59"}],"version-history":[{"count":40,"href":"https:\/\/blogs.fu-berlin.de\/lehre-angesagt\/wp-json\/wp\/v2\/pages\/59\/revisions"}],"predecessor-version":[{"id":314,"href":"https:\/\/blogs.fu-berlin.de\/lehre-angesagt\/wp-json\/wp\/v2\/pages\/59\/revisions\/314"}],"wp:attachment":[{"href":"https:\/\/blogs.fu-berlin.de\/lehre-angesagt\/wp-json\/wp\/v2\/media?parent=59"}],"curies":[{"name":"wp","href":"https:\/\/api.w.org\/{rel}","templated":true}]}}