{"id":82,"date":"2020-03-06T08:54:53","date_gmt":"2020-03-06T07:54:53","guid":{"rendered":"https:\/\/blogs.fu-berlin.de\/lehre-angesagt\/?page_id=82"},"modified":"2020-03-12T14:49:02","modified_gmt":"2020-03-12T13:49:02","slug":"kontakt","status":"publish","type":"page","link":"https:\/\/blogs.fu-berlin.de\/lehre-angesagt\/lehre-angesagt\/kontakt\/","title":{"rendered":"Was sagt ihr?"},"content":{"rendered":"<p>Ihr habt spannende <strong>O-T\u00f6ne aus der Lehre<\/strong>, die ihr an uns \u00fcbermitteln wollt?<br \/>\nHierf\u00fcr k\u00f6nnt ihr den <strong>Online Voice Recorder<\/strong> <a href=\"https:\/\/vocaroo.com\/\">https:\/\/vocaroo.com\/<\/a> nutzen. Einfach auf Play dr\u00fccken, Audio aufnehmen und die Datei per E-Mail an <a href=\"mailto:katja.reinecke@fu-berlin.de\">katja.reinecke@fu-berlin.de<\/a> schicken. Wir sind gespannt!<\/p>\n<p><em><strong>Wichtiger Hinweis:<\/strong> Wenn Sie uns eine Audio-Botschaft schicken, erkl\u00e4ren Sie sich damit einverstanden, dass Ihre Audio-Datei ggf. f\u00fcr den Podcast verwendet und ausgestrahlt wird!<\/em><\/p>\n<p><em>Eine ausf\u00fchrliche Anleitung zu Vocaroo findet sich hier:\u00a0<a href=\"https:\/\/www.cvisd.org\/cms\/lib\/TX01001642\/Centricity\/Domain\/23\/PDF\/vocaroo.pdf\">https:\/\/www.cvisd.org\/cms\/lib\/TX01001642\/Centricity\/Domain\/23\/PDF\/vocaroo.pdf\u00a0<\/a><\/em><\/p>\n<p>&nbsp;<\/p>\n<p>Ihr m\u00f6chtet uns Feedback geben oder eigene Ideen vorschlagen, wor\u00fcber ihr immer schonmal in einem Podcast zu Hochschullehre reden wolltet?<br \/>\nMeldet euch gerne \u00fcber das <strong>Kontaktformular <\/strong>bei uns!<\/p>\n<div class=\"wpcf7 no-js\" id=\"wpcf7-f81-o1\" lang=\"de-DE\" dir=\"ltr\" data-wpcf7-id=\"81\">\n<div class=\"screen-reader-response\">\n<p role=\"status\" aria-live=\"polite\" aria-atomic=\"true\">\n<ul><\/ul>\n<\/div>\n<form action=\"\/lehre-angesagt\/wp-json\/wp\/v2\/pages\/82#wpcf7-f81-o1\" method=\"post\" class=\"wpcf7-form init\" aria-label=\"Kontaktformular\" novalidate=\"novalidate\" data-status=\"init\">\n<fieldset class=\"hidden-fields-container\"><input type=\"hidden\" name=\"_wpcf7\" value=\"81\" \/><input type=\"hidden\" name=\"_wpcf7_version\" value=\"6.1.2\" \/><input type=\"hidden\" name=\"_wpcf7_locale\" value=\"de_DE\" \/><input type=\"hidden\" name=\"_wpcf7_unit_tag\" value=\"wpcf7-f81-o1\" \/><input type=\"hidden\" name=\"_wpcf7_container_post\" value=\"0\" \/><input type=\"hidden\" name=\"_wpcf7_posted_data_hash\" value=\"\" \/><br \/>\n<\/fieldset>\n<p><label> Dein Name (Pflichtfeld)<br \/>\n<span class=\"wpcf7-form-control-wrap\" data-name=\"your-name\"><input size=\"40\" maxlength=\"400\" class=\"wpcf7-form-control wpcf7-text wpcf7-validates-as-required\" aria-required=\"true\" aria-invalid=\"false\" value=\"\" type=\"text\" name=\"your-name\" \/><\/span> <\/label>\n<\/p>\n<p><label> Deine E-Mail-Adresse (Pflichtfeld)<br \/>\n<span class=\"wpcf7-form-control-wrap\" data-name=\"your-email\"><input size=\"40\" maxlength=\"400\" class=\"wpcf7-form-control wpcf7-email wpcf7-validates-as-required wpcf7-text wpcf7-validates-as-email\" aria-required=\"true\" aria-invalid=\"false\" value=\"\" type=\"email\" name=\"your-email\" \/><\/span> <\/label>\n<\/p>\n<p><label> Betreff<br \/>\n<span class=\"wpcf7-form-control-wrap\" data-name=\"your-subject\"><input size=\"40\" maxlength=\"400\" class=\"wpcf7-form-control wpcf7-text\" aria-invalid=\"false\" value=\"\" type=\"text\" name=\"your-subject\" \/><\/span> <\/label>\n<\/p>\n<p><label> Deine Nachricht<br \/>\n<span class=\"wpcf7-form-control-wrap\" data-name=\"your-message\"><textarea cols=\"40\" rows=\"10\" maxlength=\"2000\" class=\"wpcf7-form-control wpcf7-textarea\" aria-invalid=\"false\" name=\"your-message\"><\/textarea><\/span> <\/label>\n<\/p>\n<p>Spamschutz-Code\n<\/p>\n<p><input type=\"hidden\" name=\"_wpcf7_captcha_challenge_captcha-410\" value=\"3089742524\" \/><img loading=\"lazy\" decoding=\"async\" class=\"wpcf7-form-control wpcf7-captchac wpcf7-captcha-captcha-410\" width=\"72\" height=\"24\" alt=\"captcha\" src=\"https:\/\/blogs.fu-berlin.de\/lehre-angesagt\/files\/wpcf7_captcha\/3089742524.png\" \/>\n<\/p>\n<p>Geben Sie bitte hier den Spamschutz-Code ein!\n<\/p>\n<p><span class=\"wpcf7-form-control-wrap\" data-name=\"captcha-410\"><input size=\"40\" class=\"wpcf7-form-control wpcf7-captchar\" autocomplete=\"off\" aria-invalid=\"false\" value=\"\" type=\"text\" name=\"captcha-410\" \/><\/span>\n<\/p>\n<p><input class=\"wpcf7-form-control wpcf7-submit has-spinner\" type=\"submit\" value=\"Senden\" \/>\n<\/p>\n<div class=\"wpcf7-response-output\" aria-hidden=\"true\"><\/div>\n<\/form>\n<\/div>\n","protected":false},"excerpt":{"rendered":"<p>Ihr habt spannende O-T\u00f6ne aus der Lehre, die ihr an uns \u00fcbermitteln wollt? Hierf\u00fcr k\u00f6nnt ihr den Online Voice Recorder https:\/\/vocaroo.com\/ nutzen. Einfach auf Play dr\u00fccken, Audio aufnehmen und die Datei per E-Mail an katja.reinecke@fu-berlin.de schicken. Wir sind gespannt! Wichtiger Hinweis: Wenn Sie uns eine Audio-Botschaft schicken, erkl\u00e4ren Sie sich damit einverstanden, dass Ihre Audio-Datei &hellip; <a href=\"https:\/\/blogs.fu-berlin.de\/lehre-angesagt\/lehre-angesagt\/kontakt\/\" class=\"more-link\"><span class=\"screen-reader-text\">\u201eWas sagt ihr?\u201c<\/span> weiterlesen<\/a><\/p>\n","protected":false},"author":3771,"featured_media":0,"parent":59,"menu_order":60,"comment_status":"closed","ping_status":"closed","template":"","meta":{"footnotes":""},"class_list":["post-82","page","type-page","status-publish","hentry"],"_links":{"self":[{"href":"https:\/\/blogs.fu-berlin.de\/lehre-angesagt\/wp-json\/wp\/v2\/pages\/82","targetHints":{"allow":["GET"]}}],"collection":[{"href":"https:\/\/blogs.fu-berlin.de\/lehre-angesagt\/wp-json\/wp\/v2\/pages"}],"about":[{"href":"https:\/\/blogs.fu-berlin.de\/lehre-angesagt\/wp-json\/wp\/v2\/types\/page"}],"author":[{"embeddable":true,"href":"https:\/\/blogs.fu-berlin.de\/lehre-angesagt\/wp-json\/wp\/v2\/users\/3771"}],"replies":[{"embeddable":true,"href":"https:\/\/blogs.fu-berlin.de\/lehre-angesagt\/wp-json\/wp\/v2\/comments?post=82"}],"version-history":[{"count":13,"href":"https:\/\/blogs.fu-berlin.de\/lehre-angesagt\/wp-json\/wp\/v2\/pages\/82\/revisions"}],"predecessor-version":[{"id":119,"href":"https:\/\/blogs.fu-berlin.de\/lehre-angesagt\/wp-json\/wp\/v2\/pages\/82\/revisions\/119"}],"up":[{"embeddable":true,"href":"https:\/\/blogs.fu-berlin.de\/lehre-angesagt\/wp-json\/wp\/v2\/pages\/59"}],"wp:attachment":[{"href":"https:\/\/blogs.fu-berlin.de\/lehre-angesagt\/wp-json\/wp\/v2\/media?parent=82"}],"curies":[{"name":"wp","href":"https:\/\/api.w.org\/{rel}","templated":true}]}}