{"id":14,"date":"2017-10-04T11:49:18","date_gmt":"2017-10-04T09:49:18","guid":{"rendered":"https:\/\/blogs.fu-berlin.de\/menschenbilder\/?page_id=14"},"modified":"2017-10-05T09:09:55","modified_gmt":"2017-10-05T07:09:55","slug":"was-ist-wenn-ich-eine-frage-habe-die-nicht-auf-dem-blog-beantwortet-wird","status":"publish","type":"page","link":"https:\/\/blogs.fu-berlin.de\/menschenbilder\/faq\/was-ist-wenn-ich-eine-frage-habe-die-nicht-auf-dem-blog-beantwortet-wird\/","title":{"rendered":"Was ist, wenn ich eine Frage habe, die nicht auf dem Blog beantwortet wird?"},"content":{"rendered":"<p>Ich habe versucht, die meisten organisatorischen Fragen auf dem Blog zu beantworten. Auch wenn es um Abgabetermine und Anforderungen geht, findet sich eigentlich alles wichtige hier.<\/p>\n<p>Fragen zu den Seminarinhalten k\u00f6nnt ihr gern unter den Beitr\u00e4gen zu den Sitzungen \u00fcber die Kommentarfunktion stellen. Ich werde sie dort beantworten. Es ist wahrscheinlich, dass auch andere die Fragen interessant finden.<\/p>\n<p>Falls es ganz individuelle Anfragen gibt oder sich etwas hier nicht findet, dann k\u00f6nnt ihr mich gern um einen pers\u00f6nlichen Termin bitten. Die Terminvereinbarung erfolgt per e-mail unter u.hoeppner@googlemail.com.<\/p>\n<p>Hinweis: Alle Fragen, die sich nicht auf dem Blog beantwortet finden, k\u00f6nnen im Regelfall nur im pers\u00f6nlichen Gespr\u00e4ch gekl\u00e4rt werden und nicht per mail.<\/p>\n","protected":false},"excerpt":{"rendered":"<p>Ich habe versucht, die meisten organisatorischen Fragen auf dem Blog zu beantworten. Auch wenn es um Abgabetermine und Anforderungen geht, findet sich eigentlich alles wichtige hier. Fragen zu den Seminarinhalten k\u00f6nnt ihr gern unter den Beitr\u00e4gen zu den Sitzungen \u00fcber die Kommentarfunktion stellen. Ich werde sie dort beantworten. Es ist wahrscheinlich, dass auch andere die &hellip; <a href=\"https:\/\/blogs.fu-berlin.de\/menschenbilder\/faq\/was-ist-wenn-ich-eine-frage-habe-die-nicht-auf-dem-blog-beantwortet-wird\/\" class=\"more-link\"><span class=\"screen-reader-text\">\u201eWas ist, wenn ich eine Frage habe, die nicht auf dem Blog beantwortet wird?\u201c<\/span> weiterlesen<\/a><\/p>\n","protected":false},"author":417,"featured_media":0,"parent":3,"menu_order":15,"comment_status":"closed","ping_status":"closed","template":"","meta":{"footnotes":""},"class_list":["post-14","page","type-page","status-publish","hentry"],"_links":{"self":[{"href":"https:\/\/blogs.fu-berlin.de\/menschenbilder\/wp-json\/wp\/v2\/pages\/14","targetHints":{"allow":["GET"]}}],"collection":[{"href":"https:\/\/blogs.fu-berlin.de\/menschenbilder\/wp-json\/wp\/v2\/pages"}],"about":[{"href":"https:\/\/blogs.fu-berlin.de\/menschenbilder\/wp-json\/wp\/v2\/types\/page"}],"author":[{"embeddable":true,"href":"https:\/\/blogs.fu-berlin.de\/menschenbilder\/wp-json\/wp\/v2\/users\/417"}],"replies":[{"embeddable":true,"href":"https:\/\/blogs.fu-berlin.de\/menschenbilder\/wp-json\/wp\/v2\/comments?post=14"}],"version-history":[{"count":4,"href":"https:\/\/blogs.fu-berlin.de\/menschenbilder\/wp-json\/wp\/v2\/pages\/14\/revisions"}],"predecessor-version":[{"id":61,"href":"https:\/\/blogs.fu-berlin.de\/menschenbilder\/wp-json\/wp\/v2\/pages\/14\/revisions\/61"}],"up":[{"embeddable":true,"href":"https:\/\/blogs.fu-berlin.de\/menschenbilder\/wp-json\/wp\/v2\/pages\/3"}],"wp:attachment":[{"href":"https:\/\/blogs.fu-berlin.de\/menschenbilder\/wp-json\/wp\/v2\/media?parent=14"}],"curies":[{"name":"wp","href":"https:\/\/api.w.org\/{rel}","templated":true}]}}