{"id":3,"date":"2017-10-04T10:57:19","date_gmt":"2017-10-04T08:57:19","guid":{"rendered":"https:\/\/blogs.fu-berlin.de\/menschenbilder\/?page_id=2"},"modified":"2017-10-04T21:24:56","modified_gmt":"2017-10-04T19:24:56","slug":"faq","status":"publish","type":"page","link":"https:\/\/blogs.fu-berlin.de\/menschenbilder\/faq\/","title":{"rendered":"FAQ"},"content":{"rendered":"<p><a href=\"https:\/\/blogs.fu-berlin.de\/menschenbilder\/seminarplan\/\">Wo finde ich den Seminarplan?<\/a><\/p>\n<p>&nbsp;<\/p>\n<p><a href=\"https:\/\/blogs.fu-berlin.de\/menschenbilder\/faq\/wie-komme-ich-an-die-seminartexte\/\">Wie komme ich an die Seminartexte?<\/a><\/p>\n<p><a href=\"https:\/\/blogs.fu-berlin.de\/menschenbilder\/faq\/was-muss-ich-fuer-einen-teilnahmeschein-tun\/\">Was muss ich f\u00fcr einen Teilnahmeschein tun?<\/a><\/p>\n<p><a href=\"https:\/\/blogs.fu-berlin.de\/menschenbilder\/faq\/welche-anforderungen-muss-ich-fuer-einen-benoteten-schein-erfuellen\/\">Welche Anforderungen muss ich f\u00fcr einen benoteten Schein erf\u00fcllen?<\/a><\/p>\n<p><a href=\"https:\/\/blogs.fu-berlin.de\/menschenbilder\/faq\/muss-ich-an-jeder-sitzung-teilnehmen\/\">Muss ich an jeder Sitzung teilnehmen?<\/a><\/p>\n<p><a href=\"https:\/\/blogs.fu-berlin.de\/menschenbilder\/faq\/was-ist-wenn-ich-zu-einer-sitzung-nicht-kann\/\">Was ist, wenn ich zu einer Sitzung nicht kann?<\/a><\/p>\n<p><a href=\"https:\/\/blogs.fu-berlin.de\/menschenbilder\/faq\/was-heisst-mitarbeit-in-einer-arbeitsgruppe\/\">Was hei\u00dft Mitarbeit in einer Arbeitsgruppe?<\/a><\/p>\n<p><a href=\"https:\/\/blogs.fu-berlin.de\/menschenbilder\/wie-kann-ich-kontakt-zu-den-anderen-mitgliedern-meiner-gruppe-aufnehmen\/\">Wie kann ich Kontakt zu den anderen Mitgliedern meiner Gruppe aufnehmen?<\/a><\/p>\n<p><a href=\"https:\/\/blogs.fu-berlin.de\/menschenbilder\/faq\/was-passiert-wenn-in-einer-gruppe-die-zusammenarbeit-nicht-funktioniert\/\">Was passiert, wenn in einer Gruppe die Zusammenarbeit nicht funktioniert?<\/a><\/p>\n<p>Was sind die Anforderungen an eine Hausarbeit?<\/p>\n<p><a href=\"https:\/\/blogs.fu-berlin.de\/menschenbilder\/faq\/was-ist-wenn-ich-eine-frage-habe-die-nicht-auf-dem-blog-beantwortet-wird\/\">Was ist, wenn ich eine Frage habe, die nicht auf dem Blog beantwortet wird?<\/a><\/p>\n","protected":false},"excerpt":{"rendered":"<p>Wo finde ich den Seminarplan? &nbsp; Wie komme ich an die Seminartexte? Was muss ich f\u00fcr einen Teilnahmeschein tun? Welche Anforderungen muss ich f\u00fcr einen benoteten Schein erf\u00fcllen? Muss ich an jeder Sitzung teilnehmen? Was ist, wenn ich zu einer Sitzung nicht kann? Was hei\u00dft Mitarbeit in einer Arbeitsgruppe? Wie kann ich Kontakt zu den &hellip; <a href=\"https:\/\/blogs.fu-berlin.de\/menschenbilder\/faq\/\" class=\"more-link\"><span class=\"screen-reader-text\">\u201eFAQ\u201c<\/span> weiterlesen<\/a><\/p>\n","protected":false},"author":417,"featured_media":0,"parent":0,"menu_order":2,"comment_status":"closed","ping_status":"open","template":"","meta":{"footnotes":""},"class_list":["post-3","page","type-page","status-publish","hentry"],"_links":{"self":[{"href":"https:\/\/blogs.fu-berlin.de\/menschenbilder\/wp-json\/wp\/v2\/pages\/3","targetHints":{"allow":["GET"]}}],"collection":[{"href":"https:\/\/blogs.fu-berlin.de\/menschenbilder\/wp-json\/wp\/v2\/pages"}],"about":[{"href":"https:\/\/blogs.fu-berlin.de\/menschenbilder\/wp-json\/wp\/v2\/types\/page"}],"author":[{"embeddable":true,"href":"https:\/\/blogs.fu-berlin.de\/menschenbilder\/wp-json\/wp\/v2\/users\/417"}],"replies":[{"embeddable":true,"href":"https:\/\/blogs.fu-berlin.de\/menschenbilder\/wp-json\/wp\/v2\/comments?post=3"}],"version-history":[{"count":6,"href":"https:\/\/blogs.fu-berlin.de\/menschenbilder\/wp-json\/wp\/v2\/pages\/3\/revisions"}],"predecessor-version":[{"id":60,"href":"https:\/\/blogs.fu-berlin.de\/menschenbilder\/wp-json\/wp\/v2\/pages\/3\/revisions\/60"}],"wp:attachment":[{"href":"https:\/\/blogs.fu-berlin.de\/menschenbilder\/wp-json\/wp\/v2\/media?parent=3"}],"curies":[{"name":"wp","href":"https:\/\/api.w.org\/{rel}","templated":true}]}}