{"id":31,"date":"2017-10-04T19:03:49","date_gmt":"2017-10-04T17:03:49","guid":{"rendered":"https:\/\/blogs.fu-berlin.de\/menschenbilder\/?page_id=31"},"modified":"2017-10-24T16:27:48","modified_gmt":"2017-10-24T14:27:48","slug":"was-heisst-mitarbeit-in-einer-arbeitsgruppe","status":"publish","type":"page","link":"https:\/\/blogs.fu-berlin.de\/menschenbilder\/faq\/was-heisst-mitarbeit-in-einer-arbeitsgruppe\/","title":{"rendered":"Was hei\u00dft Mitarbeit in einer Arbeitsgruppe?"},"content":{"rendered":"<h4>Zu jedem der vier thematischen Bl\u00f6cke gibt es eine Arbeitsgruppe. Die Arbeitsgruppen:<\/h4>\n<ul>\n<li>lesen die Seminartexte rechtzeitig und forschen selbstst\u00e4ndig zum Kontext nach<\/li>\n<li>bereiten f\u00fcr jede Sitzung ihres Blocks ein Kurzreferat von nicht mehr als 10-15 Minuten vor, dass Kontext zu den zentralen Problemen des Textes bereitstellt und eine Struktur f\u00fcr die Seminardiskussion liefert ODER<\/li>\n<li>sind eingeladen, Vorschl\u00e4ge zur Gestaltung der gesamten Sitzung vorzulegen und dabei gegebenenfalls auf das Referat ganz zu verzichten.<\/li>\n<li>nehmen an einer Vorbesprechung der Sitzung in der Woche VOR der ERSTEN Sitzung zum Block teil, in der die Inhalte des Referates und die Planungen f\u00fcr den Blog besprochen werden (Termine s.u.).<\/li>\n<li>schreiben nach jeder Sitzung einen Blogbeitrag, der die Sitzung in den Seminarkontext stellt und sinnvoll auf den Zusammenhang zu vergangenen und kommenden Fragen und Themen verweist.<\/li>\n<\/ul>\n<h4>F\u00fcr die Gruppenarbeit gelten folgende Regeln:<\/h4>\n<ul>\n<li>Alle m\u00fcssen sich beteiligen, aber Arbeitsteilung ist nicht nur erlaubt, sondern wird ausdr\u00fccklich gew\u00fcnscht.<\/li>\n<li>Bei gegebenenfalls vorgetragenen Referaten m\u00fcssen nicht alle Gruppenmitglieder sprechen, wenn alle mit vorbereitet haben.<\/li>\n<li>Auf der Vorbesprechung werden alle Themen und Fragen des Blocks besprochen, aber es m\u00fcssen nicht alle Gruppenmitglieder da sein, wenn alles in der Gruppe klar kommuniziert wurde.<\/li>\n<li>Sollte es Probleme innerhalb der Gruppe geben, die sich nicht regeln lassen, bitte ich dringend darum mich zu informieren, damit ich unterst\u00fctzen kann.<\/li>\n<li>Die verbindliche Anmeldung f\u00fcr die Gruppen erfolgt in der zweiten Sitzung.<\/li>\n<\/ul>\n<h4>Die Vorbesprechungen finden wie folgt statt:<\/h4>\n<p><strong>17.11.<\/strong> 12:00 Block ii) Hobbes<\/p>\n<p><strong>24.11.<\/strong> 12:00 Block iii) Der Freie Mensch<\/p>\n<p><strong>08.12.<\/strong> 12:00 Block iv) Kritik der Moderne<\/p>\n<p><strong>12.01.<\/strong> 12:00 Block v) Neue Perspektiven?<\/p>\n","protected":false},"excerpt":{"rendered":"<p>Zu jedem der vier thematischen Bl\u00f6cke gibt es eine Arbeitsgruppe. Die Arbeitsgruppen: lesen die Seminartexte rechtzeitig und forschen selbstst\u00e4ndig zum Kontext nach bereiten f\u00fcr jede Sitzung ihres Blocks ein Kurzreferat von nicht mehr als 10-15 Minuten vor, dass Kontext zu den zentralen Problemen des Textes bereitstellt und eine Struktur f\u00fcr die Seminardiskussion liefert ODER sind &hellip; <a href=\"https:\/\/blogs.fu-berlin.de\/menschenbilder\/faq\/was-heisst-mitarbeit-in-einer-arbeitsgruppe\/\" class=\"more-link\"><span class=\"screen-reader-text\">\u201eWas hei\u00dft Mitarbeit in einer Arbeitsgruppe?\u201c<\/span> weiterlesen<\/a><\/p>\n","protected":false},"author":417,"featured_media":0,"parent":3,"menu_order":10,"comment_status":"closed","ping_status":"closed","template":"","meta":{"footnotes":""},"class_list":["post-31","page","type-page","status-publish","hentry"],"_links":{"self":[{"href":"https:\/\/blogs.fu-berlin.de\/menschenbilder\/wp-json\/wp\/v2\/pages\/31","targetHints":{"allow":["GET"]}}],"collection":[{"href":"https:\/\/blogs.fu-berlin.de\/menschenbilder\/wp-json\/wp\/v2\/pages"}],"about":[{"href":"https:\/\/blogs.fu-berlin.de\/menschenbilder\/wp-json\/wp\/v2\/types\/page"}],"author":[{"embeddable":true,"href":"https:\/\/blogs.fu-berlin.de\/menschenbilder\/wp-json\/wp\/v2\/users\/417"}],"replies":[{"embeddable":true,"href":"https:\/\/blogs.fu-berlin.de\/menschenbilder\/wp-json\/wp\/v2\/comments?post=31"}],"version-history":[{"count":7,"href":"https:\/\/blogs.fu-berlin.de\/menschenbilder\/wp-json\/wp\/v2\/pages\/31\/revisions"}],"predecessor-version":[{"id":76,"href":"https:\/\/blogs.fu-berlin.de\/menschenbilder\/wp-json\/wp\/v2\/pages\/31\/revisions\/76"}],"up":[{"embeddable":true,"href":"https:\/\/blogs.fu-berlin.de\/menschenbilder\/wp-json\/wp\/v2\/pages\/3"}],"wp:attachment":[{"href":"https:\/\/blogs.fu-berlin.de\/menschenbilder\/wp-json\/wp\/v2\/media?parent=31"}],"curies":[{"name":"wp","href":"https:\/\/api.w.org\/{rel}","templated":true}]}}