{"id":58,"date":"2017-10-04T21:13:04","date_gmt":"2017-10-04T19:13:04","guid":{"rendered":"https:\/\/blogs.fu-berlin.de\/menschenbilder\/?page_id=58"},"modified":"2017-11-01T10:48:23","modified_gmt":"2017-11-01T09:48:23","slug":"welche-anforderungen-muss-ich-fuer-einen-benoteten-schein-erfuellen","status":"publish","type":"page","link":"https:\/\/blogs.fu-berlin.de\/menschenbilder\/faq\/welche-anforderungen-muss-ich-fuer-einen-benoteten-schein-erfuellen\/","title":{"rendered":"Welche Anforderungen muss ich f\u00fcr einen benoteten Schein erf\u00fcllen?"},"content":{"rendered":"<p>F\u00fcr einen benoteten Schein m\u00fcssen zun\u00e4chst die Bedingungen f\u00fcr die regelm\u00e4\u00dfige und aktive Teilnahme erf\u00fcllt werden:<\/p>\n<ul>\n<li>sollten nicht mehr als zwei <a href=\"https:\/\/blogs.fu-berlin.de\/menschenbilder\/faq\/muss-ich-an-jeder-sitzung-teilnehmen\/\">Sitzungen<\/a> vers\u00e4umt werden<\/li>\n<li>m\u00fcssen alle <a href=\"https:\/\/blogs.fu-berlin.de\/menschenbilder\/faq\/wie-komme-ich-an-die-seminartexte\/\">Texte<\/a> gelesen werden<\/li>\n<li>ist die Mitarbeit an einer der vier <a href=\"https:\/\/blogs.fu-berlin.de\/menschenbilder\/faq\/was-heisst-mitarbeit-in-einer-arbeitsgruppe\/\">Arbeitsgruppen<\/a> erforderlich<\/li>\n<\/ul>\n<p>Dar\u00fcber hinaus ist es erforderlich<\/p>\n<ul>\n<li>bis <span style=\"color: #ff0000\"><strong>03.01.2018<\/strong> (ACHTUNG: aus technischen Gr\u00fcnden musste dieses Datum vorverlegt werden!)<\/span> ein Expos\u00e9 zur Hausarbeit zu erstellen, dass auf 1-2 Seiten Fragestellung, geplantes Vorgehen und zu verwendende Literatur auff\u00fchrt<\/li>\n<li>bis <strong>31.03.2018<\/strong> eine Hausarbeit im Umfang von 4500 Worten zum vorgeschlagenen Thema zu verfassen<\/li>\n<\/ul>\n<p>&#8222;Referat mit Ausarbeitung&#8220; als Pr\u00fcfungsleistung ist ebenfalls m\u00f6glich. Hier muss ebenfalls p\u00fcnktlich ein Expos\u00e9 eingereicht werden. Das Thema muss zum Block der Gruppenarbeit passen. Die Arbeit darf entsprechend k\u00fcrzer sein und sollte etwa 3000 Worte lang sein.<\/p>\n","protected":false},"excerpt":{"rendered":"<p>F\u00fcr einen benoteten Schein m\u00fcssen zun\u00e4chst die Bedingungen f\u00fcr die regelm\u00e4\u00dfige und aktive Teilnahme erf\u00fcllt werden: sollten nicht mehr als zwei Sitzungen vers\u00e4umt werden m\u00fcssen alle Texte gelesen werden ist die Mitarbeit an einer der vier Arbeitsgruppen erforderlich Dar\u00fcber hinaus ist es erforderlich bis 03.01.2018 (ACHTUNG: aus technischen Gr\u00fcnden musste dieses Datum vorverlegt werden!) ein &hellip; <a href=\"https:\/\/blogs.fu-berlin.de\/menschenbilder\/faq\/welche-anforderungen-muss-ich-fuer-einen-benoteten-schein-erfuellen\/\" class=\"more-link\"><span class=\"screen-reader-text\">\u201eWelche Anforderungen muss ich f\u00fcr einen benoteten Schein erf\u00fcllen?\u201c<\/span> weiterlesen<\/a><\/p>\n","protected":false},"author":417,"featured_media":0,"parent":3,"menu_order":4,"comment_status":"closed","ping_status":"closed","template":"","meta":{"footnotes":""},"class_list":["post-58","page","type-page","status-publish","hentry"],"_links":{"self":[{"href":"https:\/\/blogs.fu-berlin.de\/menschenbilder\/wp-json\/wp\/v2\/pages\/58","targetHints":{"allow":["GET"]}}],"collection":[{"href":"https:\/\/blogs.fu-berlin.de\/menschenbilder\/wp-json\/wp\/v2\/pages"}],"about":[{"href":"https:\/\/blogs.fu-berlin.de\/menschenbilder\/wp-json\/wp\/v2\/types\/page"}],"author":[{"embeddable":true,"href":"https:\/\/blogs.fu-berlin.de\/menschenbilder\/wp-json\/wp\/v2\/users\/417"}],"replies":[{"embeddable":true,"href":"https:\/\/blogs.fu-berlin.de\/menschenbilder\/wp-json\/wp\/v2\/comments?post=58"}],"version-history":[{"count":4,"href":"https:\/\/blogs.fu-berlin.de\/menschenbilder\/wp-json\/wp\/v2\/pages\/58\/revisions"}],"predecessor-version":[{"id":90,"href":"https:\/\/blogs.fu-berlin.de\/menschenbilder\/wp-json\/wp\/v2\/pages\/58\/revisions\/90"}],"up":[{"embeddable":true,"href":"https:\/\/blogs.fu-berlin.de\/menschenbilder\/wp-json\/wp\/v2\/pages\/3"}],"wp:attachment":[{"href":"https:\/\/blogs.fu-berlin.de\/menschenbilder\/wp-json\/wp\/v2\/media?parent=58"}],"curies":[{"name":"wp","href":"https:\/\/api.w.org\/{rel}","templated":true}]}}