{"id":324,"date":"2016-10-07T09:11:15","date_gmt":"2016-10-07T07:11:15","guid":{"rendered":"https:\/\/blogs.fu-berlin.de\/migration\/?page_id=324"},"modified":"2021-06-28T14:05:14","modified_gmt":"2021-06-28T12:05:14","slug":"home","status":"publish","type":"page","link":"https:\/\/blogs.fu-berlin.de\/migration\/","title":{"rendered":"\u00dcber den Blog"},"content":{"rendered":"<p style=\"text-align: justify\"><strong>Wer sind wir?<br \/>\n<\/strong>Dieser Blog wird gr\u00f6\u00dftenteils von Studierenden des Master-Studienganges \u201eInterdisziplin\u00e4re Lateinamerikastudien\u201c des Lateinamerika-Instituts der Freien Universit\u00e4t Berlin betrieben. Urspr\u00fcnglich wurde er von Studierenden des Seminars \u201eGender und transnationale Migration\u201c (Sommersemester 2016, Leitung: Prof. Dr. Stephanie Sch\u00fctze) gegr\u00fcndet und gepr\u00e4gt. Im Sommersemester 2021 haben Studierende des Seminars \u201eMigration in den Amerikas \u2013 historische und aktuelle Entwicklungen\u201c (Leitung: Karlotta Bahnsen, Dr. Fabio Santos) den Blog wiederentdeckt und mit neuen Inhalten gef\u00fcllt.<\/p>\n<p style=\"text-align: justify\"><strong>Warum ein Blog?<br \/>\n<\/strong>Wir finden es wichtig, dass auf einer breiten gesellschaftlichen Ebene eine differenzierte Diskussion zum Thema Migration und Flucht stattfindet. Der Austausch und das Gespr\u00e4ch mit Menschen mit Migrations- und Fluchtbiografien sowie die kontinuierliche Besch\u00e4ftigung mit den Diskursen aus Wissenschaft und Medien ist unserer Meinung nach ein zentrales Element einer solchen differenzierten Auseinandersetzung.<\/p>\n<p style=\"text-align: justify\">In diesem Blog sollen die \u00dcberlegungen und Ergebnisse aus den beiden oben genannten Seminaren und eines Workshops aus dem Jahr 2016 pr\u00e4sentiert werden. Die Nutzung des Blogs ist als Versuch zu verstehen, die Recherchen der Studierenden einem der interessierten \u00d6ffentlichkeit zug\u00e4nglich zu machen und die Besch\u00e4ftigung der Studierenden am LAI mit dem Thema Migration sichtbar zu machen.<\/p>\n<hr>\n<p style=\"text-align: justify\"><strong><br \/>\nBienvenidxs al Blog \u201cMigraci\u00f3n y huida\u201d<\/strong><\/p>\n<p style=\"text-align: justify\"><strong>Qui\u00e9nes somos?<\/strong><\/p>\n<p style=\"text-align: justify\">Nosotrxs somos un grupo de estudiantes de la maestr\u00eda \u201cEstudios Interdisciplinarios Latinoamericanos\u201d del Instituto Latinoamericano de la Universidad Libre de Berl\u00edn. En el marco del seminario \u201cMigraci\u00f3n y Huida\u201d (Semestre de Verano 2016, Docente: Prof. Stephanie Sch\u00fctze) nos dedicamos a los temas \u201cmigraci\u00f3n\u201d y \u201chuida\u201d a nivel te\u00f3rico y cient\u00edfico utilizando un lente sensible al \u201cg\u00e9nero\u201d. Dada la actualidad de estos temas trabajamos junto a un grupo de alumnxs de una \u201cWillkomensklasse\u201d* de Berl\u00edn y organizamos en conjunto un Workshop que se llev\u00f3 a cabo durante <em>La Larga Noche de las Ciencias 2016<\/em>. El Workshop permiti\u00f3 un intercambio sobre las experiencias de migraci\u00f3n y huida entre lxs estudiantes de la universidad y lxs alumnxs de la Willkommensklasse.<\/p>\n<p style=\"text-align: justify\"><strong>Por qu\u00e9 un Blog?<\/strong><\/p>\n<p style=\"text-align: justify\">Nosotrxs pensamos que el tema migraci\u00f3n y huida debe ser discutido de manera diferenciada a nivel de sociedad. Desde nuestra perspectiva consideramos que la comunicaci\u00f3n e intercambio directo con personas que han migrado o huido de sus pa\u00edses de origen posibilitar\u00eda el di\u00e1logo. En este Blog queremos darle un lugar a los resultados del seminario y del workshop. <span style=\"color: #000000\">Asimismo, aqu\u00ed encontrar\u00e1n textos de lxs estudiantes,<span style=\"color: #000000\"> relatos escritos por alumnxs de la Willkommensklasse<\/span> y otros enlaces sobre el tema huida y migraci\u00f3n.<\/span><\/p>\n<p style=\"text-align: justify\">*\u201cWillkommensklasse\u201d se refiere a una clase en la escuela en la que ni\u00f1xs y j\u00f3venes reci\u00e9n llegados a Alemania toman cursos intensivos de alem\u00e1n (entre otras materias) para despu\u00e9s poder asistir a los cursos regulares.<\/p>\n<hr>\n<p style=\"text-align: justify\"><strong><br \/>\nWelcome to our Blog \u201cMigration &amp; Flight\u201d<\/strong><\/p>\n<p style=\"text-align: justify\"><strong>Who are we?<\/strong><\/p>\n<p style=\"text-align: justify\">We are a group of students of the Master course \u201cInterdisciplinary Latin American Studies\u201d at the Institute for Latin American Studies at the Free University of Berlin. In the context of the seminar \u201cGender and transnational migration\u201d (summer semester 2016, lecturer: Stephanie Sch\u00fctze) we looked at the topic of \u201cmigration\u201d on a theoretical and scientific level through a gender perspective. As it is a current issue, we organized a workshop with students of a \u201cWillkommensklasse\u201d* for the <em>Long Night of the Sciences 2016<\/em>. During the workshop we shared experiences of migration and flight with the students.<\/p>\n<p style=\"text-align: justify\"><strong>Why start a blog?<\/strong><\/p>\n<p style=\"text-align: justify\">In our opinion, it is important to discuss the topics of flight and migration on a broader social level in a more differentiated manner. We think that the exchange and communication with people who have had to flee their own country, is an integral element that allows us to build a dialogue. In this blog we want to both share the results of the course and the workshop and continue the dialogue. Here you will find texts written by the students of the Master course and of the &#8222;Willkommensklasse&#8220;, as well as links containing additional information about the topics flight and migration.<\/p>\n<p style=\"text-align: justify\">*Note: \u201cWillkommensklassen\u201d are classes which young refugees attend in order to be able to move on to regular German schools after one year. There they are taught German and maths, for example.<\/p>\n<hr>\n<p style=\"text-align: justify\"><strong>Bemvindxs ao Blog \u201cMigra\u00e7\u00e3o e Fuga&#8220;\u201d<\/strong><\/p>\n<p style=\"text-align: justify\"><strong>Quem somos?<\/strong><\/p>\n<p style=\"text-align: justify\">N\u00f3s somos um grupo de estudantes do mestrado \u201cEstudos Latinoamericanos Interdisciplinares\u201d do Instituto Latinoamericano da Universidade Livre de Berlim. Pela atualidade do tema surgiu no \u00faltimo semestre de ver\u00e3o 2016, o semin\u00e1rio \u201cG\u00eanero e Migra\u00e7\u00e3o Transnacional\u201d. No semin\u00e1rio nos dedicamos ao tema \u201cmigra\u00e7\u00e3o\u201d a n\u00edvel te\u00f3rico e cient\u00edfico utilizando um olhar sens\u00edvel ao \u201cg\u00eanero\u201d.<\/p>\n<p style=\"text-align: justify\">No entanto, tentamos ir mais al\u00e9m da teoria porque nao \u00e9 suficiente tratar determinadas problem\u00e1ticas s\u00f3 no \u00e2mbito te\u00f3rico, por isso organizamos um Workshop durante a Grande Noite da Ci\u00eancia 2016 junto com uma turma de boas-vindas. Algumas\/alguns dxs alumnxs compartilharam conosco as suas experi\u00eancias de fuga e migra\u00e7\u00e3o.<\/p>\n<div id=\"translationSource-wrapper\" class=\"fl\" lang=\"spa\"><\/div>\n<div id=\"translationDest-wrapper\" class=\"fr\" lang=\"spa\">\n<div id=\"translationDestTextarea\" class=\"translationTextarea\">\n<div id=\"resltext\"><strong>Por que raz\u00e3o um blog?<\/strong><\/div>\n<\/div>\n<\/div>\n<p style=\"text-align: justify\">N\u00f3s pensamos que o tema fuga e migra\u00e7\u00e3o deve ser discutido de maneira diferenciada a n\u00edvel da sociedade, em especial, a partir dum enfoque sens\u00edvel ao g\u00eanero. Na nossa perspectiva, a comunica\u00e7\u00e3o e a troca de ideias com pessoas com biografias influenciadas pela fuga, possibilitaria a criea\u00e7\u00e3o de contatos e amizades. Dessa maneira esperamos que o tema, que normalmente se discute num n\u00edvel muito abstrato e impessoal, poderia se converter numa tem\u00e1tica mais pessoal e individual.<\/p>\n<p style=\"text-align: justify\">Nesse Blog queremos criear um espa\u00e7o para os resultados do semin\u00e1rio e do workshop, como tamb\u00e9m links relacionados ao tema. Alem disso, aqui se encontrar\u00e1 tamb\u00e9m relat\u00f3rios feitos pelxs alumnxs da uma turma de boas-vindas, com as\/os quais tivemos a oportunidade de trabalhar juntxs.<\/p>\n","protected":false},"excerpt":{"rendered":"<p>Wer sind wir? Dieser Blog wird gr\u00f6\u00dftenteils von Studierenden des Master-Studienganges \u201eInterdisziplin\u00e4re Lateinamerikastudien\u201c des Lateinamerika-Instituts der Freien Universit\u00e4t Berlin betrieben. Urspr\u00fcnglich wurde er von Studierenden des Seminars \u201eGender und transnationale Migration\u201c (Sommersemester 2016, Leitung: Prof. Dr. Stephanie Sch\u00fctze) gegr\u00fcndet und gepr\u00e4gt. Im Sommersemester 2021 haben Studierende des Seminars \u201eMigration in den Amerikas \u2013 historische und [&hellip;]<\/p>\n","protected":false},"author":2744,"featured_media":0,"parent":0,"menu_order":0,"comment_status":"closed","ping_status":"closed","template":"","meta":{"footnotes":""},"class_list":["post-324","page","type-page","status-publish","hentry"],"_links":{"self":[{"href":"https:\/\/blogs.fu-berlin.de\/migration\/wp-json\/wp\/v2\/pages\/324","targetHints":{"allow":["GET"]}}],"collection":[{"href":"https:\/\/blogs.fu-berlin.de\/migration\/wp-json\/wp\/v2\/pages"}],"about":[{"href":"https:\/\/blogs.fu-berlin.de\/migration\/wp-json\/wp\/v2\/types\/page"}],"author":[{"embeddable":true,"href":"https:\/\/blogs.fu-berlin.de\/migration\/wp-json\/wp\/v2\/users\/2744"}],"replies":[{"embeddable":true,"href":"https:\/\/blogs.fu-berlin.de\/migration\/wp-json\/wp\/v2\/comments?post=324"}],"version-history":[{"count":7,"href":"https:\/\/blogs.fu-berlin.de\/migration\/wp-json\/wp\/v2\/pages\/324\/revisions"}],"predecessor-version":[{"id":850,"href":"https:\/\/blogs.fu-berlin.de\/migration\/wp-json\/wp\/v2\/pages\/324\/revisions\/850"}],"wp:attachment":[{"href":"https:\/\/blogs.fu-berlin.de\/migration\/wp-json\/wp\/v2\/media?parent=324"}],"curies":[{"name":"wp","href":"https:\/\/api.w.org\/{rel}","templated":true}]}}