{"id":82,"date":"2024-10-20T21:22:08","date_gmt":"2024-10-20T19:22:08","guid":{"rendered":"https:\/\/blogs.fu-berlin.de\/nemsova\/?page_id=82"},"modified":"2024-10-20T21:38:21","modified_gmt":"2024-10-20T19:38:21","slug":"ueber-uns-o-nas","status":"publish","type":"page","link":"https:\/\/blogs.fu-berlin.de\/nemsova\/ueber-uns-o-nas\/","title":{"rendered":"\u00dcber uns | O n\u00e1s"},"content":{"rendered":"\n<div class=\"wp-block-columns is-layout-flex wp-container-core-columns-is-layout-9d6595d7 wp-block-columns-is-layout-flex\">\n<div class=\"wp-block-column is-layout-flow wp-block-column-is-layout-flow\">\n<p>Noch befindet sich die Seite im Aufbau. Es werden aber unterschiedliche Beitr\u00e4ge folgen, in denen wir mit unseren Mitstreiter*innen vor Ort die Vergangenheit, Gegenwart und Zukunft des j\u00fcdischen Friedhofs von Nemsova ins Licht r\u00fccken m\u00f6chten.<\/p>\n<\/div>\n\n\n\n<div class=\"wp-block-column is-layout-flow wp-block-column-is-layout-flow\">\n<p><em>Prebieha spracovanie<\/em><\/p>\n<\/div>\n<\/div>\n","protected":false},"excerpt":{"rendered":"<p>Noch befindet sich die Seite im Aufbau. Es werden aber unterschiedliche Beitr\u00e4ge folgen, in denen wir mit unseren Mitstreiter*innen vor Ort die Vergangenheit, Gegenwart und Zukunft des j\u00fcdischen Friedhofs von Nemsova ins Licht r\u00fccken m\u00f6chten. Prebieha spracovanie<\/p>\n","protected":false},"author":3536,"featured_media":0,"parent":0,"menu_order":0,"comment_status":"closed","ping_status":"closed","template":"","meta":{"footnotes":""},"class_list":["post-82","page","type-page","status-publish","hentry"],"_links":{"self":[{"href":"https:\/\/blogs.fu-berlin.de\/nemsova\/wp-json\/wp\/v2\/pages\/82","targetHints":{"allow":["GET"]}}],"collection":[{"href":"https:\/\/blogs.fu-berlin.de\/nemsova\/wp-json\/wp\/v2\/pages"}],"about":[{"href":"https:\/\/blogs.fu-berlin.de\/nemsova\/wp-json\/wp\/v2\/types\/page"}],"author":[{"embeddable":true,"href":"https:\/\/blogs.fu-berlin.de\/nemsova\/wp-json\/wp\/v2\/users\/3536"}],"replies":[{"embeddable":true,"href":"https:\/\/blogs.fu-berlin.de\/nemsova\/wp-json\/wp\/v2\/comments?post=82"}],"version-history":[{"count":3,"href":"https:\/\/blogs.fu-berlin.de\/nemsova\/wp-json\/wp\/v2\/pages\/82\/revisions"}],"predecessor-version":[{"id":97,"href":"https:\/\/blogs.fu-berlin.de\/nemsova\/wp-json\/wp\/v2\/pages\/82\/revisions\/97"}],"wp:attachment":[{"href":"https:\/\/blogs.fu-berlin.de\/nemsova\/wp-json\/wp\/v2\/media?parent=82"}],"curies":[{"name":"wp","href":"https:\/\/api.w.org\/{rel}","templated":true}]}}