{"id":110,"date":"2023-07-25T14:48:01","date_gmt":"2023-07-25T12:48:01","guid":{"rendered":"https:\/\/blogs.fu-berlin.de\/open-educational-resources\/?page_id=110"},"modified":"2024-05-02T10:26:51","modified_gmt":"2024-05-02T08:26:51","slug":"oer-finden","status":"publish","type":"page","link":"https:\/\/blogs.fu-berlin.de\/open-educational-resources\/oer-finden\/","title":{"rendered":"OER finden"},"content":{"rendered":"\n<p style=\"font-size:24px\">Es gibt unz\u00e4hlige Websites, Plattformen und Repositorien, auf denen Ressourcen f\u00fcr die Lehre mit offener Lizenz zur Verf\u00fcgung gestellt werden. So sch\u00f6n die Vielfalt ist, so schwer ist es manchmal, das Richtige zu finden. Hier finden Sie Tipps f\u00fcr die OER-Suche<\/p>\n\n\n\n<figure class=\"wp-block-image size-full\"><img loading=\"lazy\" decoding=\"async\" width=\"1024\" height=\"465\" src=\"https:\/\/blogs.fu-berlin.de\/open-educational-resources\/files\/2023\/11\/49525ed9-aa67-4b65-a564-7c8dd4248c72-e1700679801542.jpg\" alt=\"\" class=\"wp-image-495\" srcset=\"https:\/\/blogs.fu-berlin.de\/open-educational-resources\/files\/2023\/11\/49525ed9-aa67-4b65-a564-7c8dd4248c72-e1700679801542.jpg 1024w, https:\/\/blogs.fu-berlin.de\/open-educational-resources\/files\/2023\/11\/49525ed9-aa67-4b65-a564-7c8dd4248c72-e1700679801542-300x136.jpg 300w, https:\/\/blogs.fu-berlin.de\/open-educational-resources\/files\/2023\/11\/49525ed9-aa67-4b65-a564-7c8dd4248c72-e1700679801542-768x349.jpg 768w\" sizes=\"auto, (max-width: 709px) 85vw, (max-width: 909px) 67vw, (max-width: 1362px) 62vw, 840px\" \/><\/figure>\n\n\n\n<div style=\"height:40px\" aria-hidden=\"true\" class=\"wp-block-spacer\"><\/div>\n\n\n\n<h2 class=\"wp-block-heading\">Google, YouTube und Co. \u2013 mit den Gro\u00dfen beginnen<\/h2>\n\n\n\n<p>Die Speicherung von OER im Netz erfolgt nicht einheitlich. Ressourcen sind manchmal an mehreren Stellen im Internet gut zu finden und manchmal tief auf z. B.  pers\u00f6nlichen Websites von Universit\u00e4tsmitarbeitenden versteckt. Da hilft es, zun\u00e4chst \u00fcber die bekannten Suchmaschinen wie Google oder Bing eine grobe Suche zu starten. Mit den richtigen Suchbegriffen wie <em>\u201ephotosynthese grafik oer\u201c<\/em> oder <em>\u201eethik grundlagen cc by\u201c<\/em> k\u00f6nnen bereits viele Ressourcen gefunden werden. Google und Bing erlauben zudem in der Bildersuche die Einschr\u00e4nkung auf Suchergebnisse, die mit <a href=\"https:\/\/blogs.fu-berlin.de\/open-educational-resources\/was-ist-das-creative-commons-lizenzmodell\/\" data-type=\"page\" data-id=\"33\">Creative Commons<\/a> frei lizenziert sind.<\/p>\n\n\n\n<figure class=\"wp-block-image size-large is-style-default\"><img loading=\"lazy\" decoding=\"async\" width=\"1024\" height=\"477\" src=\"https:\/\/blogs.fu-berlin.de\/open-educational-resources\/files\/2023\/11\/Bildschirmfoto-2023-11-14-um-15.26.58-1024x477.png\" alt=\"\" class=\"wp-image-382\" srcset=\"https:\/\/blogs.fu-berlin.de\/open-educational-resources\/files\/2023\/11\/Bildschirmfoto-2023-11-14-um-15.26.58-1024x477.png 1024w, https:\/\/blogs.fu-berlin.de\/open-educational-resources\/files\/2023\/11\/Bildschirmfoto-2023-11-14-um-15.26.58-300x140.png 300w, https:\/\/blogs.fu-berlin.de\/open-educational-resources\/files\/2023\/11\/Bildschirmfoto-2023-11-14-um-15.26.58-768x358.png 768w, https:\/\/blogs.fu-berlin.de\/open-educational-resources\/files\/2023\/11\/Bildschirmfoto-2023-11-14-um-15.26.58-1536x716.png 1536w, https:\/\/blogs.fu-berlin.de\/open-educational-resources\/files\/2023\/11\/Bildschirmfoto-2023-11-14-um-15.26.58-2048x955.png 2048w, https:\/\/blogs.fu-berlin.de\/open-educational-resources\/files\/2023\/11\/Bildschirmfoto-2023-11-14-um-15.26.58-1200x560.png 1200w\" sizes=\"auto, (max-width: 709px) 85vw, (max-width: 909px) 67vw, (max-width: 1362px) 62vw, 840px\" \/><figcaption>Google-Bildersuche mit eingestelltem Suchfilter auf Creative-Commons-Lizenzen<\/figcaption><\/figure>\n\n\n\n<p>Auch die Fotoplattform <a rel=\"noreferrer noopener\" href=\"https:\/\/www.flickr.com\" target=\"_blank\">Flickr<\/a> erlaubt es, Suchergebnisse nach CC-Lizenzen zu filtern. <strong>Aber Achtung:<\/strong> andere beliebte Fotoseiten wie <em>Pixabay<\/em> oder <em>Pexels<\/em> nutzen keine Creative-Commons-Lizenzen, sondern eigene Lizenzmodelle. Pr\u00fcfen Sie diese, bevor Sie Medien von diesen Seiten verwenden. <\/p>\n\n\n\n<h2 class=\"wp-block-heading\" id=\"repos\">Repositorien \u2013 gemacht f\u00fcr OER<\/h2>\n\n\n\n<p>Es gibt eine Reihe an dezidierten OER-Speicherorten, welche genau auf das Handling von offenen Bildungsressourcen zugeschnitten sind. Diese Repositorien halten nicht nur die eigentlichen Medien bereit, sondern auch sinnvolle Metadaten (Lizenz, Fach, Sprache, Niveau etc.) sowie weitere Funktionen. Oft bieten Repositorien z. B. Sammlungen an, in denen inhaltlich zusammengeh\u00f6rige Ressourcen geb\u00fcndelt sind. Auch werden h\u00e4ufig Links zu externen Ressourcen, welche nicht auf dem Repositorium gespeichert sind, angeboten. Das Repositorium dient dann gleichzeitig als Meta-Suchmaschine f\u00fcr OER \u2013 mehr dazu <a href=\"#meta\">weiter unten auf dieser Seite<\/a>.<\/p>\n\n\n\n<div class=\"wp-block-columns is-layout-flex wp-container-core-columns-is-layout-9d6595d7 wp-block-columns-is-layout-flex\">\n<div class=\"wp-block-column is-layout-flow wp-block-column-is-layout-flow\">\n<p>Hier eine Auswahl gro\u00dfer OER-Repositorien:<\/p>\n\n\n\n<ul class=\"wp-block-list\"><li><a href=\"https:\/\/www.twillo.de\/oer\/web\/\" target=\"_blank\" rel=\"noreferrer noopener\">Twillo<\/a> <\/li><li><a href=\"https:\/\/www.zoerr.de\" target=\"_blank\" rel=\"noreferrer noopener\">ZOERR<\/a><\/li><li><a href=\"https:\/\/www.orca.nrw\" target=\"_blank\" rel=\"noreferrer noopener\">ORCA.nrw<\/a><\/li><li><a href=\"https:\/\/collection.bccampus.ca\" target=\"_blank\" rel=\"noreferrer noopener\">B.C. Open Collection<\/a> (englisch)<\/li><li><a href=\"https:\/\/open.umn.edu\/opentextbooks\" target=\"_blank\" rel=\"noreferrer noopener\">Open Textbook Library<\/a> (englisch)<\/li><li><a href=\"https:\/\/oercommons.org\" target=\"_blank\" rel=\"noreferrer noopener\">OER Commons<\/a> (englisch)<\/li><\/ul>\n<\/div>\n\n\n\n<div class=\"wp-block-column is-layout-flow wp-block-column-is-layout-flow\">\n<figure class=\"wp-block-image size-large\"><a href=\"https:\/\/www.twillo.de\" target=\"_blank\" rel=\"noreferrer noopener\"><img loading=\"lazy\" decoding=\"async\" width=\"1024\" height=\"614\" src=\"https:\/\/blogs.fu-berlin.de\/open-educational-resources\/files\/2023\/11\/Bildschirmfoto-2023-11-14-um-15.50.56-1024x614.png\" alt=\"\" class=\"wp-image-388\" srcset=\"https:\/\/blogs.fu-berlin.de\/open-educational-resources\/files\/2023\/11\/Bildschirmfoto-2023-11-14-um-15.50.56-1024x614.png 1024w, https:\/\/blogs.fu-berlin.de\/open-educational-resources\/files\/2023\/11\/Bildschirmfoto-2023-11-14-um-15.50.56-300x180.png 300w, https:\/\/blogs.fu-berlin.de\/open-educational-resources\/files\/2023\/11\/Bildschirmfoto-2023-11-14-um-15.50.56-768x461.png 768w, https:\/\/blogs.fu-berlin.de\/open-educational-resources\/files\/2023\/11\/Bildschirmfoto-2023-11-14-um-15.50.56-1536x921.png 1536w, https:\/\/blogs.fu-berlin.de\/open-educational-resources\/files\/2023\/11\/Bildschirmfoto-2023-11-14-um-15.50.56-2048x1228.png 2048w, https:\/\/blogs.fu-berlin.de\/open-educational-resources\/files\/2023\/11\/Bildschirmfoto-2023-11-14-um-15.50.56-1200x720.png 1200w\" sizes=\"auto, (max-width: 709px) 85vw, (max-width: 909px) 67vw, (max-width: 1362px) 62vw, 840px\" \/><\/a><figcaption>Das OER-Repositorium <a rel=\"noreferrer noopener\" href=\"https:\/\/www.twillo.de\" target=\"_blank\">Twillo<\/a><\/figcaption><\/figure>\n<\/div>\n<\/div>\n\n\n\n<h2 class=\"wp-block-heading\" id=\"meta\">Suchen und finden auf Meta-Ebene<\/h2>\n\n\n\n<p>Um die Vielzahl an Repositorien und Einzelressourcen schneller finden zu k\u00f6nnen, gibt es Suchmaschinen, die speziell f\u00fcr OER entwickelt wurden. Sie durchsuchen mehrere Repositorien gleichzeitig und pr\u00e4sentieren die Suchergebnisse als Links zu den Ressourcen.<\/p>\n\n\n\n<div class=\"wp-block-columns is-layout-flex wp-container-core-columns-is-layout-9d6595d7 wp-block-columns-is-layout-flex\">\n<div class=\"wp-block-column is-layout-flow wp-block-column-is-layout-flow\">\n<figure class=\"wp-block-image size-large\"><a href=\"https:\/\/oersi.org\/resources\/\" target=\"_blank\" rel=\"noreferrer noopener\"><img loading=\"lazy\" decoding=\"async\" width=\"1024\" height=\"582\" src=\"https:\/\/blogs.fu-berlin.de\/open-educational-resources\/files\/2023\/11\/Bildschirmfoto-2023-11-14-um-20.19.18-1024x582.png\" alt=\"\" class=\"wp-image-397\" srcset=\"https:\/\/blogs.fu-berlin.de\/open-educational-resources\/files\/2023\/11\/Bildschirmfoto-2023-11-14-um-20.19.18-1024x582.png 1024w, https:\/\/blogs.fu-berlin.de\/open-educational-resources\/files\/2023\/11\/Bildschirmfoto-2023-11-14-um-20.19.18-300x171.png 300w, https:\/\/blogs.fu-berlin.de\/open-educational-resources\/files\/2023\/11\/Bildschirmfoto-2023-11-14-um-20.19.18-768x437.png 768w, https:\/\/blogs.fu-berlin.de\/open-educational-resources\/files\/2023\/11\/Bildschirmfoto-2023-11-14-um-20.19.18-1536x874.png 1536w, https:\/\/blogs.fu-berlin.de\/open-educational-resources\/files\/2023\/11\/Bildschirmfoto-2023-11-14-um-20.19.18-2048x1165.png 2048w, https:\/\/blogs.fu-berlin.de\/open-educational-resources\/files\/2023\/11\/Bildschirmfoto-2023-11-14-um-20.19.18-1200x682.png 1200w\" sizes=\"auto, (max-width: 709px) 85vw, (max-width: 909px) 67vw, (max-width: 1362px) 62vw, 840px\" \/><\/a><figcaption>Die Meta-Suchmaschine <a href=\"https:\/\/oersi.org\/resources\/\" target=\"_blank\" rel=\"noreferrer noopener\">OERSI<\/a><\/figcaption><\/figure>\n<\/div>\n\n\n\n<div class=\"wp-block-column is-layout-flow wp-block-column-is-layout-flow\">\n<p>Bekannte Meta-Suchmaschinen sind z. B.:<\/p>\n\n\n\n<ul class=\"wp-block-list\"><li><a href=\"https:\/\/oersi.org\/resources\/\" target=\"_blank\" rel=\"noreferrer noopener\">OERSI<\/a><\/li><li><a href=\"https:\/\/merlot.org\/merlot\/\" target=\"_blank\" rel=\"noreferrer noopener\">Merlot<\/a> (englisch)<\/li><li><a href=\"https:\/\/oer.deepwebaccess.com\/oer\/desktop\/en\/search.html\" target=\"_blank\" rel=\"noreferrer noopener\">Mason OER Metafinder<\/a> (englisch)<\/li><li><a href=\"https:\/\/oasis.geneseo.edu\/index.php\" target=\"_blank\" rel=\"noreferrer noopener\">OASIS<\/a> (englisch)<\/li><\/ul>\n<\/div>\n<\/div>\n\n\n\n<h2 class=\"wp-block-heading\">OER in Museen und Galerien<\/h2>\n\n\n\n<p>In den letzten Jahren haben viele Kunst- und Kultureinrichtungen erhebliche Teile ihrer Sammlungen digitalisiert und auf ihren Websites zur Verf\u00fcgung gestellt. Oft sind diese Digitalisate offen lizenziert oder gar gemeinfrei nutzbar und ebenfalls \u00fcber die gro\u00dfen Suchmaschinen zu finden. Alternativ dazu lohnt es sich, je nach Fach ganz gezielt die Websites von Museen und Galerien anzusteuern und herauszufinden, ob Ressourcen zur Verf\u00fcgung stehen.<\/p>\n\n\n\n<p>Einige Beispiele:<\/p>\n\n\n\n<ul class=\"wp-block-list\"><li><a rel=\"noreferrer noopener\" href=\"https:\/\/www.europeana.eu\/de\" target=\"_blank\">europeana<\/a> (Meta-Suchmaschine \u00fcber tausende von Kulturinstitutionen)<\/li><li><a rel=\"noreferrer noopener\" href=\"https:\/\/www.metmuseum.org\/art\/collection\" target=\"_blank\">The Met Collection<\/a> (ca. 500.000 kunsthistorische Abbildungen, viele gemeinfrei)<\/li><li><a rel=\"noreferrer noopener\" href=\"https:\/\/www.parismuseescollections.paris.fr\/fr\" target=\"_blank\">Paris Mus\u00e9es Collection<\/a> (fast 400.000 Kunstwerke, viele gemeinfrei)<\/li><\/ul>\n\n\n\n<figure class=\"wp-block-image size-large\"><img loading=\"lazy\" decoding=\"async\" width=\"1024\" height=\"608\" src=\"https:\/\/blogs.fu-berlin.de\/open-educational-resources\/files\/2023\/11\/Bildschirmfoto-2023-11-14-um-20.38.45-1024x608.png\" alt=\"\" class=\"wp-image-400\" srcset=\"https:\/\/blogs.fu-berlin.de\/open-educational-resources\/files\/2023\/11\/Bildschirmfoto-2023-11-14-um-20.38.45-1024x608.png 1024w, https:\/\/blogs.fu-berlin.de\/open-educational-resources\/files\/2023\/11\/Bildschirmfoto-2023-11-14-um-20.38.45-300x178.png 300w, https:\/\/blogs.fu-berlin.de\/open-educational-resources\/files\/2023\/11\/Bildschirmfoto-2023-11-14-um-20.38.45-768x456.png 768w, https:\/\/blogs.fu-berlin.de\/open-educational-resources\/files\/2023\/11\/Bildschirmfoto-2023-11-14-um-20.38.45-1536x912.png 1536w, https:\/\/blogs.fu-berlin.de\/open-educational-resources\/files\/2023\/11\/Bildschirmfoto-2023-11-14-um-20.38.45-2048x1217.png 2048w, https:\/\/blogs.fu-berlin.de\/open-educational-resources\/files\/2023\/11\/Bildschirmfoto-2023-11-14-um-20.38.45-1200x713.png 1200w\" sizes=\"auto, (max-width: 709px) 85vw, (max-width: 909px) 67vw, (max-width: 1362px) 62vw, 840px\" \/><figcaption>europeana, die Meta-Suchmaschine f\u00fcr Kulturinstitutionen<\/figcaption><\/figure>\n","protected":false},"excerpt":{"rendered":"<p>Es gibt unz\u00e4hlige Websites, Plattformen und Repositorien, auf denen Ressourcen f\u00fcr die Lehre mit offener Lizenz zur Verf\u00fcgung gestellt werden. So sch\u00f6n die Vielfalt ist, so schwer ist es manchmal, das Richtige zu finden. Hier finden Sie Tipps f\u00fcr die OER-Suche Google, YouTube und Co. \u2013 mit den Gro\u00dfen beginnen Die Speicherung von OER im &hellip; <a href=\"https:\/\/blogs.fu-berlin.de\/open-educational-resources\/oer-finden\/\" class=\"more-link\"><span class=\"screen-reader-text\">\u201eOER finden\u201c<\/span> weiterlesen<\/a><\/p>\n","protected":false},"author":3873,"featured_media":0,"parent":0,"menu_order":0,"comment_status":"closed","ping_status":"closed","template":"","meta":{"footnotes":""},"class_list":["post-110","page","type-page","status-publish","hentry"],"_links":{"self":[{"href":"https:\/\/blogs.fu-berlin.de\/open-educational-resources\/wp-json\/wp\/v2\/pages\/110","targetHints":{"allow":["GET"]}}],"collection":[{"href":"https:\/\/blogs.fu-berlin.de\/open-educational-resources\/wp-json\/wp\/v2\/pages"}],"about":[{"href":"https:\/\/blogs.fu-berlin.de\/open-educational-resources\/wp-json\/wp\/v2\/types\/page"}],"author":[{"embeddable":true,"href":"https:\/\/blogs.fu-berlin.de\/open-educational-resources\/wp-json\/wp\/v2\/users\/3873"}],"replies":[{"embeddable":true,"href":"https:\/\/blogs.fu-berlin.de\/open-educational-resources\/wp-json\/wp\/v2\/comments?post=110"}],"version-history":[{"count":36,"href":"https:\/\/blogs.fu-berlin.de\/open-educational-resources\/wp-json\/wp\/v2\/pages\/110\/revisions"}],"predecessor-version":[{"id":640,"href":"https:\/\/blogs.fu-berlin.de\/open-educational-resources\/wp-json\/wp\/v2\/pages\/110\/revisions\/640"}],"wp:attachment":[{"href":"https:\/\/blogs.fu-berlin.de\/open-educational-resources\/wp-json\/wp\/v2\/media?parent=110"}],"curies":[{"name":"wp","href":"https:\/\/api.w.org\/{rel}","templated":true}]}}