{"id":203,"date":"2023-09-27T14:53:58","date_gmt":"2023-09-27T12:53:58","guid":{"rendered":"https:\/\/blogs.fu-berlin.de\/open-educational-resources\/?page_id=203"},"modified":"2024-01-29T11:52:44","modified_gmt":"2024-01-29T10:52:44","slug":"oer-veroeffentlichung","status":"publish","type":"page","link":"https:\/\/blogs.fu-berlin.de\/open-educational-resources\/oer-veroeffentlichung\/","title":{"rendered":"OER-Ver\u00f6ffentlichung"},"content":{"rendered":"\n<figure class=\"wp-block-image size-full\"><img loading=\"lazy\" decoding=\"async\" width=\"1024\" height=\"629\" src=\"https:\/\/blogs.fu-berlin.de\/open-educational-resources\/files\/2023\/11\/b4e44ef6-9908-4733-8f5c-36160f61af84-e1700212663114.jpg\" alt=\"\" class=\"wp-image-472\" srcset=\"https:\/\/blogs.fu-berlin.de\/open-educational-resources\/files\/2023\/11\/b4e44ef6-9908-4733-8f5c-36160f61af84-e1700212663114.jpg 1024w, https:\/\/blogs.fu-berlin.de\/open-educational-resources\/files\/2023\/11\/b4e44ef6-9908-4733-8f5c-36160f61af84-e1700212663114-300x184.jpg 300w, https:\/\/blogs.fu-berlin.de\/open-educational-resources\/files\/2023\/11\/b4e44ef6-9908-4733-8f5c-36160f61af84-e1700212663114-768x472.jpg 768w\" sizes=\"auto, (max-width: 709px) 85vw, (max-width: 909px) 67vw, (max-width: 1362px) 62vw, 840px\" \/><\/figure>\n\n\n\n<p>An der Freien Universit\u00e4t Berlin existiert derzeit kein zentraler Speicher f\u00fcr Open Educational Resources. Trotzdem k\u00f6nnen wir Sie bei der Ver\u00f6ffentlichung Ihrer Materialien bei externen Plattformen und Repositorien unterst\u00fctzen. Zudem setzen wir Ihre OER gern direkt hier auf der OER-Plattform der Universit\u00e4tsbibliothek als &#8222;<a href=\"https:\/\/blogs.fu-berlin.de\/open-educational-resources\/showcases\/\" data-type=\"page\" data-id=\"47\">Showcase<\/a>&#8220; in Szene. <\/p>\n\n\n\n<p>Kontaktieren Sie uns: <a href=\"mailto:oer@ub.fu-berlin.de\">oer@ub.fu-berlin.de<\/a><\/p>\n","protected":false},"excerpt":{"rendered":"<p>An der Freien Universit\u00e4t Berlin existiert derzeit kein zentraler Speicher f\u00fcr Open Educational Resources. Trotzdem k\u00f6nnen wir Sie bei der Ver\u00f6ffentlichung Ihrer Materialien bei externen Plattformen und Repositorien unterst\u00fctzen. Zudem setzen wir Ihre OER gern direkt hier auf der OER-Plattform der Universit\u00e4tsbibliothek als &#8222;Showcase&#8220; in Szene. Kontaktieren Sie uns: oer@ub.fu-berlin.de<\/p>\n","protected":false},"author":3873,"featured_media":0,"parent":0,"menu_order":0,"comment_status":"closed","ping_status":"closed","template":"","meta":{"footnotes":""},"class_list":["post-203","page","type-page","status-publish","hentry"],"_links":{"self":[{"href":"https:\/\/blogs.fu-berlin.de\/open-educational-resources\/wp-json\/wp\/v2\/pages\/203","targetHints":{"allow":["GET"]}}],"collection":[{"href":"https:\/\/blogs.fu-berlin.de\/open-educational-resources\/wp-json\/wp\/v2\/pages"}],"about":[{"href":"https:\/\/blogs.fu-berlin.de\/open-educational-resources\/wp-json\/wp\/v2\/types\/page"}],"author":[{"embeddable":true,"href":"https:\/\/blogs.fu-berlin.de\/open-educational-resources\/wp-json\/wp\/v2\/users\/3873"}],"replies":[{"embeddable":true,"href":"https:\/\/blogs.fu-berlin.de\/open-educational-resources\/wp-json\/wp\/v2\/comments?post=203"}],"version-history":[{"count":24,"href":"https:\/\/blogs.fu-berlin.de\/open-educational-resources\/wp-json\/wp\/v2\/pages\/203\/revisions"}],"predecessor-version":[{"id":596,"href":"https:\/\/blogs.fu-berlin.de\/open-educational-resources\/wp-json\/wp\/v2\/pages\/203\/revisions\/596"}],"wp:attachment":[{"href":"https:\/\/blogs.fu-berlin.de\/open-educational-resources\/wp-json\/wp\/v2\/media?parent=203"}],"curies":[{"name":"wp","href":"https:\/\/api.w.org\/{rel}","templated":true}]}}