{"id":206,"date":"2023-10-11T11:43:25","date_gmt":"2023-10-11T09:43:25","guid":{"rendered":"https:\/\/blogs.fu-berlin.de\/open-educational-resources\/?page_id=206"},"modified":"2025-06-24T09:42:10","modified_gmt":"2025-06-24T07:42:10","slug":"workshops","status":"publish","type":"page","link":"https:\/\/blogs.fu-berlin.de\/open-educational-resources\/workshops\/","title":{"rendered":"Workshops"},"content":{"rendered":"\n<p style=\"font-size:24px\">Informationen lesen reicht Ihnen nicht? Kommen Sie in unsere Workshops und lernen Sie ganz praktisch den Umgang mit OER kennen<\/p>\n\n\n\n<p class=\"has-background\" style=\"background-color:#9adffc5e\">Unsere OER-Workshops sind Teil des Fortbildungsprogramms f\u00fcr Forschung und Lehre an der UB und k\u00f6nnen von allen Angeh\u00f6rigen der Freien Universit\u00e4t besucht werden.<br><strong>Externe Interessierte<\/strong> k\u00f6nnen die M\u00f6glichkeit der Teilnahme per Mail an <a href=\"mailto:oer@ub.fu-berlin.de\">oer@ub.fu-berlin.de<\/a> erfragen.<\/p>\n\n\n\n<p class=\"has-background\" style=\"background-color:#e6e6e67a\">Die n\u00e4chsten OER-Workshops finden im Wintersemester 2025\/2026 statt.<\/p>\n\n\n\n<p><\/p>\n","protected":false},"excerpt":{"rendered":"<p>Informationen lesen reicht Ihnen nicht? Kommen Sie in unsere Workshops und lernen Sie ganz praktisch den Umgang mit OER kennen Unsere OER-Workshops sind Teil des Fortbildungsprogramms f\u00fcr Forschung und Lehre an der UB und k\u00f6nnen von allen Angeh\u00f6rigen der Freien Universit\u00e4t besucht werden.Externe Interessierte k\u00f6nnen die M\u00f6glichkeit der Teilnahme per Mail an oer@ub.fu-berlin.de erfragen. Die &hellip; <a href=\"https:\/\/blogs.fu-berlin.de\/open-educational-resources\/workshops\/\" class=\"more-link\"><span class=\"screen-reader-text\">\u201eWorkshops\u201c<\/span> weiterlesen<\/a><\/p>\n","protected":false},"author":3873,"featured_media":0,"parent":0,"menu_order":0,"comment_status":"closed","ping_status":"closed","template":"","meta":{"footnotes":""},"class_list":["post-206","page","type-page","status-publish","hentry"],"_links":{"self":[{"href":"https:\/\/blogs.fu-berlin.de\/open-educational-resources\/wp-json\/wp\/v2\/pages\/206","targetHints":{"allow":["GET"]}}],"collection":[{"href":"https:\/\/blogs.fu-berlin.de\/open-educational-resources\/wp-json\/wp\/v2\/pages"}],"about":[{"href":"https:\/\/blogs.fu-berlin.de\/open-educational-resources\/wp-json\/wp\/v2\/types\/page"}],"author":[{"embeddable":true,"href":"https:\/\/blogs.fu-berlin.de\/open-educational-resources\/wp-json\/wp\/v2\/users\/3873"}],"replies":[{"embeddable":true,"href":"https:\/\/blogs.fu-berlin.de\/open-educational-resources\/wp-json\/wp\/v2\/comments?post=206"}],"version-history":[{"count":25,"href":"https:\/\/blogs.fu-berlin.de\/open-educational-resources\/wp-json\/wp\/v2\/pages\/206\/revisions"}],"predecessor-version":[{"id":680,"href":"https:\/\/blogs.fu-berlin.de\/open-educational-resources\/wp-json\/wp\/v2\/pages\/206\/revisions\/680"}],"wp:attachment":[{"href":"https:\/\/blogs.fu-berlin.de\/open-educational-resources\/wp-json\/wp\/v2\/media?parent=206"}],"curies":[{"name":"wp","href":"https:\/\/api.w.org\/{rel}","templated":true}]}}