{"id":3,"date":"2023-06-14T10:54:33","date_gmt":"2023-06-14T08:54:33","guid":{"rendered":"https:\/\/blogs.fu-berlin.de\/open-educational-resources\/?page_id=2"},"modified":"2024-05-02T10:17:23","modified_gmt":"2024-05-02T08:17:23","slug":"start","status":"publish","type":"page","link":"https:\/\/blogs.fu-berlin.de\/open-educational-resources\/","title":{"rendered":"Lehre \u00f6ffnen und sichtbar machen &#8211; mit OER"},"content":{"rendered":"\n<p style=\"font-size:24px\">Informationen und Services der Universit\u00e4tsbibliothek rund um die Arbeit mit offen lizenzierten Bildungsmaterialien (Open Educational Resources)<\/p>\n\n\n\n<figure class=\"wp-block-image size-full\"><img loading=\"lazy\" decoding=\"async\" width=\"1024\" height=\"430\" src=\"https:\/\/blogs.fu-berlin.de\/open-educational-resources\/files\/2023\/11\/d521fad8-1831-47c7-b4eb-aa4af8569ea1-e1700219780540.jpg\" alt=\"\" class=\"wp-image-516\" srcset=\"https:\/\/blogs.fu-berlin.de\/open-educational-resources\/files\/2023\/11\/d521fad8-1831-47c7-b4eb-aa4af8569ea1-e1700219780540.jpg 1024w, https:\/\/blogs.fu-berlin.de\/open-educational-resources\/files\/2023\/11\/d521fad8-1831-47c7-b4eb-aa4af8569ea1-e1700219780540-300x126.jpg 300w, https:\/\/blogs.fu-berlin.de\/open-educational-resources\/files\/2023\/11\/d521fad8-1831-47c7-b4eb-aa4af8569ea1-e1700219780540-768x323.jpg 768w\" sizes=\"auto, (max-width: 709px) 85vw, (max-width: 909px) 67vw, (max-width: 1362px) 62vw, 840px\" \/><\/figure>\n\n\n\n<p>Open Educational Resources (OER) sind freie Bildungsmaterialien jeglicher Art, welche offen lizenziert und unentgeltlich nutzbar sind. Beispiele f\u00fcr Materialien sind Pr\u00e4sentationen, Grafiken und Arbeitsbl\u00e4tter, aber auch gesamte Kurse oder Lehrb\u00fccher k\u00f6nnen als OER f\u00fcr die Nachnutzung ge\u00f6ffnet werden.<\/p>\n\n\n\n<p>Mit der Ver\u00f6ffentlichung von Lehrinhalten unter freier Lizenz erm\u00f6glichen Sie die Nachnutzbarkeit Ihrer Lehre und machen diese nach au\u00dfen sichtbar. Sie erarbeiten Konzepte, Methoden und Materialien somit nicht nur f\u00fcr den geschlossenen Personenkreis Ihrer Lehrveranstaltungen, sondern weisen Ihre Lehrexpertise \u00f6ffentlich nach. <strong>Es ist an der Zeit, Ihre Lehre ebenso sichtbar zu machen, wie Sie es bei Ihrer Forschung durch wissenschaftliche Ver\u00f6ffentlichungen tun. OER macht es m\u00f6glich.<\/strong><\/p>\n\n\n\n<p><strong>Video: Was sind Open Educational Resources?<\/strong><\/p>\n\n\n<figure class=\"wp-block-embed-youtube wp-block-embed is-type-video is-provider-youtube wp-embed-aspect-16-9 wp-has-aspect-ratio\"><div class=\"lyte-wrapper\" style=\"width:853px;max-width:100%;margin:5px;\"><div class=\"lyMe hidef\" id=\"WYL_1WnZD7E8FKY\"><div id=\"lyte_1WnZD7E8FKY\" data-src=\"\/\/i.ytimg.com\/vi\/1WnZD7E8FKY\/maxresdefault.jpg\" class=\"pL\"><div class=\"tC\"><div class=\"tT\"><\/div><\/div><div class=\"play\"><\/div><div class=\"ctrl\"><div class=\"Lctrl\"><\/div><div class=\"Rctrl\"><\/div><\/div><\/div><noscript><a href=\"https:\/\/youtu.be\/1WnZD7E8FKY\" rel=\"nofollow\"><img loading=\"lazy\" decoding=\"async\" src=\"https:\/\/i.ytimg.com\/vi\/1WnZD7E8FKY\/0.jpg\" alt=\"YouTube-Video-Thumbnail\" width=\"853\" height=\"460\" \/><br \/>Dieses Video auf YouTube ansehen<\/a><\/noscript><\/div><\/div><div class=\"lL\" style=\"max-width:100%;width:853px;margin:5px;\"><\/div><figcaption><a href=\"https:\/\/www.youtube.com\/watch?v=1WnZD7E8FKY\">OER kompakt<\/a> von <a href=\"https:\/\/www.youtube.com\/@loern2125\">LOERn<\/a>, lizenziert unter <a href=\"https:\/\/creativecommons.org\/licenses\/by-sa\/4.0\/\">CC BY-SA 4.0<\/a><\/figcaption><\/figure>\n\n\n<p>Die Universit\u00e4tsbibliothek der Freien Universit\u00e4t Berlin unterst\u00fctzt Sie bei der Suche, dem Einsatz und der Erstellung von OER in Ihrer Lehre und stellt Ihnen Informationen und Ressourcen zum Thema zur Verf\u00fcgung. Zudem setzen wir Ihre OER gern als <a href=\"https:\/\/blogs.fu-berlin.de\/open-educational-resources\/showcases\/\" data-type=\"page\" data-id=\"47\">Showcases<\/a> in Szene. Informationsveranstaltungen und Workshops sind ebenfalls Teil des Angebots. \u00d6ffnen Sie mit unserer Hilfe Ihre Lehre!<\/p>\n","protected":false},"excerpt":{"rendered":"<p>Informationen und Services der Universit\u00e4tsbibliothek rund um die Arbeit mit offen lizenzierten Bildungsmaterialien (Open Educational Resources) Open Educational Resources (OER) sind freie Bildungsmaterialien jeglicher Art, welche offen lizenziert und unentgeltlich nutzbar sind. Beispiele f\u00fcr Materialien sind Pr\u00e4sentationen, Grafiken und Arbeitsbl\u00e4tter, aber auch gesamte Kurse oder Lehrb\u00fccher k\u00f6nnen als OER f\u00fcr die Nachnutzung ge\u00f6ffnet werden. Mit &hellip; <a href=\"https:\/\/blogs.fu-berlin.de\/open-educational-resources\/\" class=\"more-link\"><span class=\"screen-reader-text\">\u201eLehre \u00f6ffnen und sichtbar machen &#8211; mit OER\u201c<\/span> weiterlesen<\/a><\/p>\n","protected":false},"author":3873,"featured_media":0,"parent":0,"menu_order":0,"comment_status":"closed","ping_status":"closed","template":"","meta":{"footnotes":""},"class_list":["post-3","page","type-page","status-publish","hentry"],"_links":{"self":[{"href":"https:\/\/blogs.fu-berlin.de\/open-educational-resources\/wp-json\/wp\/v2\/pages\/3","targetHints":{"allow":["GET"]}}],"collection":[{"href":"https:\/\/blogs.fu-berlin.de\/open-educational-resources\/wp-json\/wp\/v2\/pages"}],"about":[{"href":"https:\/\/blogs.fu-berlin.de\/open-educational-resources\/wp-json\/wp\/v2\/types\/page"}],"author":[{"embeddable":true,"href":"https:\/\/blogs.fu-berlin.de\/open-educational-resources\/wp-json\/wp\/v2\/users\/3873"}],"replies":[{"embeddable":true,"href":"https:\/\/blogs.fu-berlin.de\/open-educational-resources\/wp-json\/wp\/v2\/comments?post=3"}],"version-history":[{"count":97,"href":"https:\/\/blogs.fu-berlin.de\/open-educational-resources\/wp-json\/wp\/v2\/pages\/3\/revisions"}],"predecessor-version":[{"id":638,"href":"https:\/\/blogs.fu-berlin.de\/open-educational-resources\/wp-json\/wp\/v2\/pages\/3\/revisions\/638"}],"wp:attachment":[{"href":"https:\/\/blogs.fu-berlin.de\/open-educational-resources\/wp-json\/wp\/v2\/media?parent=3"}],"curies":[{"name":"wp","href":"https:\/\/api.w.org\/{rel}","templated":true}]}}