{"id":33,"date":"2023-06-14T21:51:02","date_gmt":"2023-06-14T19:51:02","guid":{"rendered":"https:\/\/blogs.fu-berlin.de\/open-educational-resources\/?page_id=33"},"modified":"2024-04-22T16:37:23","modified_gmt":"2024-04-22T14:37:23","slug":"was-ist-das-creative-commons-lizenzmodell","status":"publish","type":"page","link":"https:\/\/blogs.fu-berlin.de\/open-educational-resources\/was-ist-das-creative-commons-lizenzmodell\/","title":{"rendered":"Das Creative-Commons-Lizenzmodell"},"content":{"rendered":"\n<p style=\"font-size:24px\">Damit Lehrmaterialien f\u00fcr die m\u00f6glichst freie Weiternutzung ge\u00f6ffnet werden k\u00f6nnen, muss das klassische Urheberrecht erg\u00e4nzt werden. Bei OER geschieht das mittels Creative Commons, einem rechtssicheren Lizenzmodell.<\/p>\n\n\n\n<figure class=\"wp-block-image size-full\"><img loading=\"lazy\" decoding=\"async\" width=\"1024\" height=\"465\" src=\"https:\/\/blogs.fu-berlin.de\/open-educational-resources\/files\/2023\/11\/fe333d4f-cd4e-4dc5-8fc0-cbaf5ec4171b-e1700679732490.jpg\" alt=\"\" class=\"wp-image-494\" srcset=\"https:\/\/blogs.fu-berlin.de\/open-educational-resources\/files\/2023\/11\/fe333d4f-cd4e-4dc5-8fc0-cbaf5ec4171b-e1700679732490.jpg 1024w, https:\/\/blogs.fu-berlin.de\/open-educational-resources\/files\/2023\/11\/fe333d4f-cd4e-4dc5-8fc0-cbaf5ec4171b-e1700679732490-300x136.jpg 300w, https:\/\/blogs.fu-berlin.de\/open-educational-resources\/files\/2023\/11\/fe333d4f-cd4e-4dc5-8fc0-cbaf5ec4171b-e1700679732490-768x349.jpg 768w\" sizes=\"auto, (max-width: 709px) 85vw, (max-width: 909px) 67vw, (max-width: 1362px) 62vw, 840px\" \/><\/figure>\n\n\n\n<div style=\"height:40px\" aria-hidden=\"true\" class=\"wp-block-spacer\"><\/div>\n\n\n\n<div class=\"wp-block-columns is-layout-flex wp-container-core-columns-is-layout-9d6595d7 wp-block-columns-is-layout-flex\">\n<div class=\"wp-block-column is-layout-flow wp-block-column-is-layout-flow\" style=\"flex-basis:66.66%\">\n<p>Ist man Urheberin oder Urheber einer Ressource, kann man diese mittels Creative Commons mit einer von sechs Lizenzen versehen und somit genau festlegen, welche Arten der Nachnutzung gestattet sein sollen.<\/p>\n<\/div>\n\n\n\n<div class=\"wp-block-column is-layout-flow wp-block-column-is-layout-flow\" style=\"flex-basis:33.33%\"><div class=\"wp-block-image\">\n<figure class=\"aligncenter size-large is-resized\"><img loading=\"lazy\" decoding=\"async\" src=\"https:\/\/blogs.fu-berlin.de\/open-educational-resources\/files\/2023\/11\/1280px-CreativeCommons_logo_trademark.svg_-1024x263.png\" alt=\"\" class=\"wp-image-250\" width=\"374\" height=\"96\" srcset=\"https:\/\/blogs.fu-berlin.de\/open-educational-resources\/files\/2023\/11\/1280px-CreativeCommons_logo_trademark.svg_-1024x263.png 1024w, https:\/\/blogs.fu-berlin.de\/open-educational-resources\/files\/2023\/11\/1280px-CreativeCommons_logo_trademark.svg_-300x77.png 300w, https:\/\/blogs.fu-berlin.de\/open-educational-resources\/files\/2023\/11\/1280px-CreativeCommons_logo_trademark.svg_-768x197.png 768w, https:\/\/blogs.fu-berlin.de\/open-educational-resources\/files\/2023\/11\/1280px-CreativeCommons_logo_trademark.svg_-1200x308.png 1200w, https:\/\/blogs.fu-berlin.de\/open-educational-resources\/files\/2023\/11\/1280px-CreativeCommons_logo_trademark.svg_.png 1280w\" sizes=\"auto, (max-width: 374px) 85vw, 374px\" \/><figcaption>Das Creative-Commons-Logo<\/figcaption><\/figure><\/div><\/div>\n<\/div>\n\n\n\n<h2 class=\"wp-block-heading\">Die sechs Lizenzen &#8230;<\/h2>\n\n\n\n<p><strong>CC BY<\/strong><br>Die Ressource darf beliebig verwendet werden, auch kommerziell. Es muss die\/der Urheber*in genannt werden. Wird die Ressource weiterverwendet, darf sie unter einer anderen der sechs Lizenzen ver\u00f6ffentlicht werden.<\/p>\n\n\n\n<p><strong>CC BY-SA<\/strong><br>Die Ressource darf beliebig verwendet werden, auch kommerziell. Es muss die\/der Urheber*in genannt werden. Wird die Ressource weiterverwendet, darf sie nur unter dieser Lizenz BY-SA ver\u00f6ffentlicht werden. Es wird also eine weitere \u00d6ffnung oder Beschr\u00e4nkung der Lizenz vermieden.<\/p>\n\n\n\n<p><strong>CC BY-ND<\/strong><br>Die Ressource darf weiterverwendet, aber nicht bearbeitet werden. Die kommerzielle Weiterverwendung ist gestattet. Es muss die\/der Urheber*in genannt werden.<\/p>\n\n\n\n<p><strong>CC BY-NC<\/strong><br>Die Ressource darf beliebig verwendet werden, aber nicht kommerziell. Es muss die\/der Urheber*in genannt werden. Wird die Ressource bearbeitet, darf sie unter einer anderen der sechs Lizenzen ver\u00f6ffentlicht werden, also auch unter einer Lizenz, welche die kommerzielle Nutzung gestattet.<\/p>\n\n\n\n<p><strong>CC BY-NC-SA<\/strong><br>Die Ressource darf beliebig verwendet werden, aber nicht kommerziell. Es muss die\/der Urheber*in genannt werden. Wird die Ressource weiterverwendet, darf  sie nur unter dieser Lizenz BY-NC-SA ver\u00f6ffentlicht werden. Eine kommerzielle Nutzung von Adaptionen der Originalressource wird also verhindert.<\/p>\n\n\n\n<p><strong>CC BY-NC-ND<\/strong><br>Die Ressource darf weiterverwendet, aber nicht bearbeitet werden. Die kommerzielle Weiterverwendung ist nicht gestattet. Es muss die\/der Urheber*in genannt werden.<\/p>\n\n\n\n<h2 class=\"wp-block-heading\">&#8230; und zwei Sonderformen<\/h2>\n\n\n\n<p>Neben den oben beschriebenen sechs Standardlizenzen gibt es zwei weitere M\u00f6glichkeiten der \u00d6ffnung von Ressourcen: <strong>CC0<\/strong> und <strong>Gemeinfreiheit<\/strong>.<\/p>\n\n\n\n<p>Wenn eine Ressource mit der Lizenz <strong>CC0<\/strong> versehen wird, kann diese ohne jegliche Nutzungsregeln verwendet werden. Es muss also, anders als bei <strong>CC BY<\/strong>, auch keine Autorin bzw. Autor genannt werden. Im deutschen Recht bleibt jedoch die Urheberschaft generell bestehen. <strong>Gemeinfreiheit<\/strong> wiederum bedeutet das Erl\u00f6schen der Schutzrechte der Urheberin bzw. des Urhebers. Im deutschen Urheberrecht geschieht das maximal 70 Jahre nach dem Tod der Urheberin oder des Urhebers. Ein vorzeitiges Abtreten der Schutzrechte ist in vielen L\u00e4ndern m\u00f6glich, in Deutschland jedoch generell nicht. <\/p>\n\n\n\n<p>Wer also seine Ressourcen so offen wie nur m\u00f6glich bereitstellen m\u00f6chte und mit dem Wegfall der Namensnennung bei Nutzung einverstanden ist, tut dies per <strong>CC0<\/strong>-Lizenz.<\/p>\n\n\n\n<h2 class=\"wp-block-heading\">Welche Lizenzen sind wirklich offen?<\/h2>\n\n\n\n<p>Grunds\u00e4tzlich ist eine Ressource immer offener mit CC-Lizenz als ohne. Dennoch gibt es verschiedene Meinungen dar\u00fcber, bis zu welcher Lizenz \u00fcberhaupt von OER gesprochen werden kann. CC BY, also die offenste Variante, wird oft als OER-Goldstandard bezeichnet. Aber ist z. B. CC BY-NC-ND mit seinen Einschr\u00e4nkungen auch noch f\u00fcr OER zu gebrauchen? An der Universit\u00e4tsbibliothek machen wir keinen harten Schnitt und w\u00fcrden Ressourcen, welche mit CC lizenziert sind, generell als OER bezeichnen. Dennoch empfehlen wir, in den Einschr\u00e4nkungen nicht \u00fcber <strong>CC BY-SA <\/strong>hinauszugehen. Das erleichtert die Nachnutzung und sch\u00fctzt die Urheberin bzw. den Urheber meist ausreichend. <\/p>\n\n\n\n<h2 class=\"wp-block-heading\">Ein Beispiel aus der Praxis<\/h2>\n\n\n\n<p>Das Buch \u201eVerwaltungsrecht in der Klausur\u201c, herausgegeben von Nikolas Eisentraut im Rahmen seiner T\u00e4tigkeit an der Freien Universit\u00e4t. Der Verlag hat das Buch auf dem Cover als \u201eOpen Educational Resource\u201c gekennzeichnet. Im Impressum ist die gew\u00e4hlte Lizenz <strong>CC BY-SA<\/strong> vermerkt.<\/p>\n\n\n\n<div class=\"wp-block-columns is-layout-flex wp-container-core-columns-is-layout-9d6595d7 wp-block-columns-is-layout-flex\">\n<div class=\"wp-block-column is-layout-flow wp-block-column-is-layout-flow\">\n<figure class=\"wp-block-image size-full\"><img loading=\"lazy\" decoding=\"async\" width=\"615\" height=\"915\" src=\"https:\/\/blogs.fu-berlin.de\/open-educational-resources\/files\/2023\/11\/Titelseite-Eisentraut__Verwaltungsrecht_in_der_Klausur__2020.png\" alt=\"\" class=\"wp-image-412\" srcset=\"https:\/\/blogs.fu-berlin.de\/open-educational-resources\/files\/2023\/11\/Titelseite-Eisentraut__Verwaltungsrecht_in_der_Klausur__2020.png 615w, https:\/\/blogs.fu-berlin.de\/open-educational-resources\/files\/2023\/11\/Titelseite-Eisentraut__Verwaltungsrecht_in_der_Klausur__2020-202x300.png 202w\" sizes=\"auto, (max-width: 615px) 85vw, 615px\" \/><figcaption>Cover<\/figcaption><\/figure>\n<\/div>\n\n\n\n<div class=\"wp-block-column is-layout-flow wp-block-column-is-layout-flow\">\n<figure class=\"wp-block-image size-large\"><img loading=\"lazy\" decoding=\"async\" width=\"690\" height=\"1024\" src=\"https:\/\/blogs.fu-berlin.de\/open-educational-resources\/files\/2023\/11\/Impressum-aus-Eisentraut__Verwaltungsrecht_in_der_Klausur__2020-2-690x1024.png\" alt=\"\" class=\"wp-image-413\" srcset=\"https:\/\/blogs.fu-berlin.de\/open-educational-resources\/files\/2023\/11\/Impressum-aus-Eisentraut__Verwaltungsrecht_in_der_Klausur__2020-2-690x1024.png 690w, https:\/\/blogs.fu-berlin.de\/open-educational-resources\/files\/2023\/11\/Impressum-aus-Eisentraut__Verwaltungsrecht_in_der_Klausur__2020-2-202x300.png 202w, https:\/\/blogs.fu-berlin.de\/open-educational-resources\/files\/2023\/11\/Impressum-aus-Eisentraut__Verwaltungsrecht_in_der_Klausur__2020-2-768x1140.png 768w, https:\/\/blogs.fu-berlin.de\/open-educational-resources\/files\/2023\/11\/Impressum-aus-Eisentraut__Verwaltungsrecht_in_der_Klausur__2020-2-1035x1536.png 1035w, https:\/\/blogs.fu-berlin.de\/open-educational-resources\/files\/2023\/11\/Impressum-aus-Eisentraut__Verwaltungsrecht_in_der_Klausur__2020-2-1380x2048.png 1380w, https:\/\/blogs.fu-berlin.de\/open-educational-resources\/files\/2023\/11\/Impressum-aus-Eisentraut__Verwaltungsrecht_in_der_Klausur__2020-2-1200x1781.png 1200w, https:\/\/blogs.fu-berlin.de\/open-educational-resources\/files\/2023\/11\/Impressum-aus-Eisentraut__Verwaltungsrecht_in_der_Klausur__2020-2.png 1837w\" sizes=\"auto, (max-width: 690px) 85vw, 690px\" \/><figcaption>Impressum mit Lizenzangabe (CC BY-SA)<\/figcaption><\/figure>\n<\/div>\n<\/div>\n","protected":false},"excerpt":{"rendered":"<p>Damit Lehrmaterialien f\u00fcr die m\u00f6glichst freie Weiternutzung ge\u00f6ffnet werden k\u00f6nnen, muss das klassische Urheberrecht erg\u00e4nzt werden. Bei OER geschieht das mittels Creative Commons, einem rechtssicheren Lizenzmodell. Ist man Urheberin oder Urheber einer Ressource, kann man diese mittels Creative Commons mit einer von sechs Lizenzen versehen und somit genau festlegen, welche Arten der Nachnutzung gestattet sein &hellip; <a href=\"https:\/\/blogs.fu-berlin.de\/open-educational-resources\/was-ist-das-creative-commons-lizenzmodell\/\" class=\"more-link\"><span class=\"screen-reader-text\">\u201eDas Creative-Commons-Lizenzmodell\u201c<\/span> weiterlesen<\/a><\/p>\n","protected":false},"author":3873,"featured_media":0,"parent":0,"menu_order":0,"comment_status":"closed","ping_status":"closed","template":"","meta":{"footnotes":""},"class_list":["post-33","page","type-page","status-publish","hentry"],"_links":{"self":[{"href":"https:\/\/blogs.fu-berlin.de\/open-educational-resources\/wp-json\/wp\/v2\/pages\/33","targetHints":{"allow":["GET"]}}],"collection":[{"href":"https:\/\/blogs.fu-berlin.de\/open-educational-resources\/wp-json\/wp\/v2\/pages"}],"about":[{"href":"https:\/\/blogs.fu-berlin.de\/open-educational-resources\/wp-json\/wp\/v2\/types\/page"}],"author":[{"embeddable":true,"href":"https:\/\/blogs.fu-berlin.de\/open-educational-resources\/wp-json\/wp\/v2\/users\/3873"}],"replies":[{"embeddable":true,"href":"https:\/\/blogs.fu-berlin.de\/open-educational-resources\/wp-json\/wp\/v2\/comments?post=33"}],"version-history":[{"count":34,"href":"https:\/\/blogs.fu-berlin.de\/open-educational-resources\/wp-json\/wp\/v2\/pages\/33\/revisions"}],"predecessor-version":[{"id":635,"href":"https:\/\/blogs.fu-berlin.de\/open-educational-resources\/wp-json\/wp\/v2\/pages\/33\/revisions\/635"}],"wp:attachment":[{"href":"https:\/\/blogs.fu-berlin.de\/open-educational-resources\/wp-json\/wp\/v2\/media?parent=33"}],"curies":[{"name":"wp","href":"https:\/\/api.w.org\/{rel}","templated":true}]}}