{"id":410,"date":"2023-11-14T21:52:22","date_gmt":"2023-11-14T20:52:22","guid":{"rendered":"https:\/\/blogs.fu-berlin.de\/open-educational-resources\/?page_id=410"},"modified":"2024-05-02T10:37:09","modified_gmt":"2024-05-02T08:37:09","slug":"oer-nutzen","status":"publish","type":"page","link":"https:\/\/blogs.fu-berlin.de\/open-educational-resources\/oer-nutzen\/","title":{"rendered":"OER nutzen"},"content":{"rendered":"\n<p style=\"font-size:24px\">Die Idee von OER ist, dass die offen lizenzierten Materialien je nach Lizenz einfach weitergenutzt werden k\u00f6nnen. Damit das rechtssicher geschehen kann, m\u00fcssen auch bei OER Quellenangaben gemacht werden. <\/p>\n\n\n\n<figure class=\"wp-block-image size-full\"><img loading=\"lazy\" decoding=\"async\" width=\"1024\" height=\"465\" src=\"https:\/\/blogs.fu-berlin.de\/open-educational-resources\/files\/2023\/11\/fee5afbc-1a7c-46ea-8485-ba9c51165d20-e1700679891967.jpg\" alt=\"\" class=\"wp-image-496\" srcset=\"https:\/\/blogs.fu-berlin.de\/open-educational-resources\/files\/2023\/11\/fee5afbc-1a7c-46ea-8485-ba9c51165d20-e1700679891967.jpg 1024w, https:\/\/blogs.fu-berlin.de\/open-educational-resources\/files\/2023\/11\/fee5afbc-1a7c-46ea-8485-ba9c51165d20-e1700679891967-300x136.jpg 300w, https:\/\/blogs.fu-berlin.de\/open-educational-resources\/files\/2023\/11\/fee5afbc-1a7c-46ea-8485-ba9c51165d20-e1700679891967-768x349.jpg 768w\" sizes=\"auto, (max-width: 709px) 85vw, (max-width: 909px) 67vw, (max-width: 1362px) 62vw, 840px\" \/><\/figure>\n\n\n\n<div style=\"height:40px\" aria-hidden=\"true\" class=\"wp-block-spacer\"><\/div>\n\n\n\n<h2 class=\"wp-block-heading\">Quelle bei Nachnutzung angeben<\/h2>\n\n\n\n<p>Wenn Sie OER von anderen Urheberinnen und Urhebern verwenden, m\u00fcssen Sie die Quelle und Lizenz angeben. <strong>Diese Attribuierung sollte m\u00f6glichst nah an der Ressource erfolgen.<\/strong> Wenn Sie z. B. ein Bild mit einer CC-Lizenz in einer PowerPoint-Pr\u00e4sentation verwenden, sollte die Quellenangabe direkt beim Bild stehen und nicht in einer langen Liste am Ende der Pr\u00e4sentation.<\/p>\n\n\n\n<p>Es gibt keine einheitliche Regelung, wie die Quellenangabe aussehen muss. Jedoch sollte Sie folgende Informationen enthalten:<\/p>\n\n\n\n<ul class=\"wp-block-list\"><li>Titel der Ressource (verlinkt auf Herkunftsseite im Internet, falls m\u00f6glich)<\/li><li>Urheberin bzw. Urheber (verlinkt auf Profilseite im Internet, falls m\u00f6glich)<\/li><li>CC-Lizenz (verlinkt auf Lizenztext der jeweiligen Lizenz auf <a rel=\"noreferrer noopener\" href=\"https:\/\/creativecommons.org\/share-your-work\/cclicenses\/\" target=\"_blank\">CC-Website<\/a>, \u201eDeed\u201c genannt)<\/li><\/ul>\n\n\n\n<p>Daraus ergibt sich eine Quellenangabe in dieser Form:<\/p>\n\n\n\n<blockquote class=\"wp-block-quote is-layout-flow wp-block-quote-is-layout-flow\"><p>Beispielressource von <a href=\"\/\" target=\"_blank\" rel=\"noreferrer noopener\">Maxi Mustermensch<\/a> ist lizenziert unter <a rel=\"noreferrer noopener\" href=\"https:\/\/creativecommons.org\/licenses\/by\/4.0\/deed.de\" target=\"_blank\">CC BY 4.0<\/a>*<\/p><\/blockquote>\n\n\n\n<p><em>* wer ausf\u00fchrliche Details \u00fcber die aktuelle Version 4.0 der CC-Lizenzen erfahren m\u00f6chte, <a rel=\"noreferrer noopener\" href=\"https:\/\/creativecommons.org\/version4\/\" target=\"_blank\">kann hier nachlesen<\/a> oder sich an uns wenden<\/em> (<a href=\"mailto:oer@ub.fu-berlin.de\">oer@ub.fu-berlin.de<\/a>)<\/p>\n\n\n\n<p>In einer Pr\u00e4sentation k\u00f6nnte die Quellenangabe dann so aussehen:<\/p>\n\n\n\n<figure class=\"wp-block-image size-large\"><img loading=\"lazy\" decoding=\"async\" width=\"1024\" height=\"576\" src=\"https:\/\/blogs.fu-berlin.de\/open-educational-resources\/files\/2024\/01\/mueggelsee-1024x576.png\" alt=\"\" class=\"wp-image-588\" srcset=\"https:\/\/blogs.fu-berlin.de\/open-educational-resources\/files\/2024\/01\/mueggelsee-1024x576.png 1024w, https:\/\/blogs.fu-berlin.de\/open-educational-resources\/files\/2024\/01\/mueggelsee-300x169.png 300w, https:\/\/blogs.fu-berlin.de\/open-educational-resources\/files\/2024\/01\/mueggelsee-768x432.png 768w, https:\/\/blogs.fu-berlin.de\/open-educational-resources\/files\/2024\/01\/mueggelsee-1536x864.png 1536w, https:\/\/blogs.fu-berlin.de\/open-educational-resources\/files\/2024\/01\/mueggelsee-1200x675.png 1200w, https:\/\/blogs.fu-berlin.de\/open-educational-resources\/files\/2024\/01\/mueggelsee.png 1920w\" sizes=\"auto, (max-width: 709px) 85vw, (max-width: 909px) 67vw, (max-width: 1362px) 62vw, 840px\" \/><\/figure>\n","protected":false},"excerpt":{"rendered":"<p>Die Idee von OER ist, dass die offen lizenzierten Materialien je nach Lizenz einfach weitergenutzt werden k\u00f6nnen. Damit das rechtssicher geschehen kann, m\u00fcssen auch bei OER Quellenangaben gemacht werden. Quelle bei Nachnutzung angeben Wenn Sie OER von anderen Urheberinnen und Urhebern verwenden, m\u00fcssen Sie die Quelle und Lizenz angeben. Diese Attribuierung sollte m\u00f6glichst nah an &hellip; <a href=\"https:\/\/blogs.fu-berlin.de\/open-educational-resources\/oer-nutzen\/\" class=\"more-link\"><span class=\"screen-reader-text\">\u201eOER nutzen\u201c<\/span> weiterlesen<\/a><\/p>\n","protected":false},"author":3873,"featured_media":0,"parent":0,"menu_order":0,"comment_status":"closed","ping_status":"closed","template":"","meta":{"footnotes":""},"class_list":["post-410","page","type-page","status-publish","hentry"],"_links":{"self":[{"href":"https:\/\/blogs.fu-berlin.de\/open-educational-resources\/wp-json\/wp\/v2\/pages\/410","targetHints":{"allow":["GET"]}}],"collection":[{"href":"https:\/\/blogs.fu-berlin.de\/open-educational-resources\/wp-json\/wp\/v2\/pages"}],"about":[{"href":"https:\/\/blogs.fu-berlin.de\/open-educational-resources\/wp-json\/wp\/v2\/types\/page"}],"author":[{"embeddable":true,"href":"https:\/\/blogs.fu-berlin.de\/open-educational-resources\/wp-json\/wp\/v2\/users\/3873"}],"replies":[{"embeddable":true,"href":"https:\/\/blogs.fu-berlin.de\/open-educational-resources\/wp-json\/wp\/v2\/comments?post=410"}],"version-history":[{"count":19,"href":"https:\/\/blogs.fu-berlin.de\/open-educational-resources\/wp-json\/wp\/v2\/pages\/410\/revisions"}],"predecessor-version":[{"id":641,"href":"https:\/\/blogs.fu-berlin.de\/open-educational-resources\/wp-json\/wp\/v2\/pages\/410\/revisions\/641"}],"wp:attachment":[{"href":"https:\/\/blogs.fu-berlin.de\/open-educational-resources\/wp-json\/wp\/v2\/media?parent=410"}],"curies":[{"name":"wp","href":"https:\/\/api.w.org\/{rel}","templated":true}]}}