{"id":2,"date":"2017-01-26T22:24:09","date_gmt":"2017-01-26T21:24:09","guid":{"rendered":""},"modified":"2017-02-23T18:44:15","modified_gmt":"2017-02-23T17:44:15","slug":"impressum","status":"publish","type":"page","link":"https:\/\/blogs.fu-berlin.de\/organized-creativity\/impressum\/","title":{"rendered":"Impressum"},"content":{"rendered":"<h3><strong>Editorial Board<\/strong><\/h3>\n<p>Prof. Dr. J\u00f6rg Sydow, Freie Universit\u00e4t Berlin<br \/>\nProf. Dr. Elke Sch\u00fc\u00dfler, Johannes Keppler Universit\u00e4t Linz<br \/>\nProf. Dr. Gregory Jackson, Freie Universit\u00e4t Berlin<\/p>\n<h3><strong>Contact<\/strong><\/h3>\n<p>Freie Universit\u00e4t Berlin, Department of Management<br \/>\nProf. Dr. J\u00f6rg Sydow<br \/>\nBoltzmannstr. 20 (Raum 225)<br \/>\n14195 Berlin<br \/>\nTel: +49 (030) 838-53783<br \/>\nhttps:\/\/www.wiwiss.fu-berlin.de\/forschung\/organized-creativity<\/p>\n<h3>Dienstanbieter:<\/h3>\n<p>Freie Universit\u00e4t Berlin, vertreten durch den <a href=\"https:\/\/www.fu-berlin.de\/einrichtungen\/organe\/praesidium\/praesident\/index.html\" target=\"_self\">Pr\u00e4sidenten<\/a>.<\/p>\n<h3>Anschrift:<\/h3>\n<p>Freie Universit\u00e4t Berlin<br \/>\nPr\u00e4sidium<br \/>\nKaiserswerther Str. 16\/18<br \/>\n14195 Berlin<\/p>\n<h3><strong>Umsatzsteueridentifikationsnummer:<\/strong><\/h3>\n<p>DE 811304768<\/p>\n<h3>Inhaltliche Verantwortung nach \u00a7 55 RfStV:<\/h3>\n<p>Prof. Dr. J\u00f6rg Sydow<\/p>\n<p>Boltzmannstr. 20<br \/>\nRaum 225<br \/>\n14195 Berlin<br \/>\nTel.: +49 30 838 53782<br \/>\nFax: (030) 838-56808<br \/>\nE-Mail: joerg.sydow@fu-berlin.de<\/p>\n<h2>Rechtsform:<\/h2>\n<p>Die Freie Universit\u00e4t Berlin ist eine K\u00f6rperschaft des \u00f6ffentlichen Rechts gem. \u00a7\u00a7 1 und 2 Berliner Hochschulgesetz (BerlHG). Das Webangebot der Freien Universit\u00e4t Berlin unterliegt dem geltenden <a title=\"Freie Universit\u00e4t Berlin: Urheberrecht\/Copyright\" href=\"https:\/\/www.fu-berlin.de\/redaktion\/copyright\/index.html\">Urheberrecht<\/a>. Beachten Sie bitte auch unseren <a title=\"Haftungsausschluss - Disclaimer, FU Berlin\" href=\"https:\/\/www.fu-berlin.de\/redaktion\/disclaimer\/index.html\">Haftungsausschluss\/Disclaimer.<\/a><\/p>\n<h2>Aufsichtsbeh\u00f6rde<\/h2>\n<p>Aufsichtsbeh\u00f6rde ist die nach \u00a7 89 BerlHG zust\u00e4ndige Berliner Senatsverwaltung f\u00fcr Bildung, Wissenschaft und Forschung.<\/p>\n","protected":false},"excerpt":{"rendered":"<p>Editorial Board Prof. Dr. J\u00f6rg Sydow, Freie Universit\u00e4t Berlin Prof. Dr. Elke Sch\u00fc\u00dfler, Johannes Keppler Universit\u00e4t Linz Prof. Dr. Gregory Jackson, Freie Universit\u00e4t Berlin Contact Freie Universit\u00e4t Berlin, Department of Management Prof. Dr. J\u00f6rg Sydow Boltzmannstr. 20 (Raum 225) 14195 Berlin Tel: +49 (030) 838-53783 https:\/\/www.wiwiss.fu-berlin.de\/forschung\/organized-creativity Dienstanbieter: Freie Universit\u00e4t Berlin, vertreten durch den Pr\u00e4sidenten. Anschrift: [&hellip;]<\/p>\n","protected":false},"author":2938,"featured_media":0,"parent":0,"menu_order":3,"comment_status":"open","ping_status":"closed","template":"","meta":{"footnotes":""},"class_list":["post-2","page","type-page","status-publish","hentry"],"_links":{"self":[{"href":"https:\/\/blogs.fu-berlin.de\/organized-creativity\/wp-json\/wp\/v2\/pages\/2","targetHints":{"allow":["GET"]}}],"collection":[{"href":"https:\/\/blogs.fu-berlin.de\/organized-creativity\/wp-json\/wp\/v2\/pages"}],"about":[{"href":"https:\/\/blogs.fu-berlin.de\/organized-creativity\/wp-json\/wp\/v2\/types\/page"}],"author":[{"embeddable":true,"href":"https:\/\/blogs.fu-berlin.de\/organized-creativity\/wp-json\/wp\/v2\/users\/2938"}],"replies":[{"embeddable":true,"href":"https:\/\/blogs.fu-berlin.de\/organized-creativity\/wp-json\/wp\/v2\/comments?post=2"}],"version-history":[{"count":3,"href":"https:\/\/blogs.fu-berlin.de\/organized-creativity\/wp-json\/wp\/v2\/pages\/2\/revisions"}],"predecessor-version":[{"id":55,"href":"https:\/\/blogs.fu-berlin.de\/organized-creativity\/wp-json\/wp\/v2\/pages\/2\/revisions\/55"}],"wp:attachment":[{"href":"https:\/\/blogs.fu-berlin.de\/organized-creativity\/wp-json\/wp\/v2\/media?parent=2"}],"curies":[{"name":"wp","href":"https:\/\/api.w.org\/{rel}","templated":true}]}}