{"id":53,"date":"2017-09-27T14:37:01","date_gmt":"2017-09-27T12:37:01","guid":{"rendered":"https:\/\/blogs.fu-berlin.de\/performanceartdocumentation\/?page_id=53"},"modified":"2018-10-24T16:34:47","modified_gmt":"2018-10-24T14:34:47","slug":"history-of-performance-art-documentation","status":"publish","type":"page","link":"https:\/\/blogs.fu-berlin.de\/performanceartdocumentation\/","title":{"rendered":"About"},"content":{"rendered":"<pre>Project acronym: HiPArtDoc\r\n\r\nProject ID: 747881<\/pre>\n<p>The Marie Sklodowska-Curie project &#8222;<strong>Between Evidence and Representation: History of Performance Art Documentation from 1970 to 1977<\/strong>\u201d introduces a new historiographical approach that accounts for the dynamic development of performance art and its theories through the history of performance documentation. Focussing on the role of performance documentation in the conservation and presentation of performance-based art from 1970 to 1977, \u201cBetween Evidence and Representation\u201d will examine the different strategies undertaken to provide duration and mediated access to definitionally ephemeral and immaterial events. Through the scrutiny of performance documentation and the variations within its identity as both artwork and document, the project introduces an innovative methodological viewpoint that accounts for the process of containment of performance within the traditional framework of visual arts. Goal of the research is to show how this process actively shaped the history of performance art in the early 1970s, filling a gap in the historiography of performance art and performance documentation.<\/p>\n<p><strong>Tancredi Gusman<\/strong> is a Marie Sk\u0142odowska-Curie Research Fellow at the Institute of Theatre Studies of the Freie Universit\u00e4t Berlin. In 2016 he was a Postdoctoral Fellow at the Universit\u00e0 degli Studi di Milano for the EU-Cooperation Project:<em> Senses: the Sensory Theatre. New Transnational Strategies for Theatre Audience Building<\/em>, co-funded by the Creative Europe Programme. Within this framework he was also responsible for the TEMPO Observation Centre. He studied Philosophy at the Universit\u00e0 di Pavia and in 2012 he obtained his Ph.D in Theatre History Studies at the Universit\u00e0 di Napoli \u201cL\u2019Orientale\u201d with a Dissertation on theatre criticism in Germany between the 19<sup>th<\/sup> and the 20<sup>th<\/sup> century. He is translator of the Italian edition (2014) of Erika Fischer-Lichte\u2019s <em>\u00c4sthetik des Performativen<\/em> and he recently published the monograph: <em>L\u2019arpa e la fionda. Kerr, Ihering e la critica teatrale tedesca tra fine Ottocento e il nazionalsocialismo<\/em> (2016) [<em>The Harp and the Sling. Kerr, Ihering, and the German Theatre Criticism from the End of Nineteenth Century to National Socialism<\/em>]. Between 2013 and 2015 Tancredi worked for Theater Neumarkt in Zurich.<\/p>\n<pre>This project has received funding from the European Union\u2019s Horizon 2020 research and innovation\u00a0programme under the Marie Sklodowska-Curie grant agreement No 747881.<\/pre>\n","protected":false},"excerpt":{"rendered":"<p>Project acronym: HiPArtDoc Project ID: 747881 The Marie Sklodowska-Curie project &#8222;Between Evidence and Representation: History of Performance Art Documentation from 1970 to 1977\u201d introduces a new historiographical approach that accounts for the dynamic development of performance art and its theories through the history of performance documentation. Focussing on the role of performance documentation in the &hellip; <a href=\"https:\/\/blogs.fu-berlin.de\/performanceartdocumentation\/\" class=\"more-link\"><span class=\"screen-reader-text\">\u201eAbout\u201c<\/span> weiterlesen<\/a><\/p>\n","protected":false},"author":3116,"featured_media":0,"parent":0,"menu_order":0,"comment_status":"closed","ping_status":"closed","template":"","meta":{"footnotes":""},"class_list":["post-53","page","type-page","status-publish","hentry"],"_links":{"self":[{"href":"https:\/\/blogs.fu-berlin.de\/performanceartdocumentation\/wp-json\/wp\/v2\/pages\/53","targetHints":{"allow":["GET"]}}],"collection":[{"href":"https:\/\/blogs.fu-berlin.de\/performanceartdocumentation\/wp-json\/wp\/v2\/pages"}],"about":[{"href":"https:\/\/blogs.fu-berlin.de\/performanceartdocumentation\/wp-json\/wp\/v2\/types\/page"}],"author":[{"embeddable":true,"href":"https:\/\/blogs.fu-berlin.de\/performanceartdocumentation\/wp-json\/wp\/v2\/users\/3116"}],"replies":[{"embeddable":true,"href":"https:\/\/blogs.fu-berlin.de\/performanceartdocumentation\/wp-json\/wp\/v2\/comments?post=53"}],"version-history":[{"count":5,"href":"https:\/\/blogs.fu-berlin.de\/performanceartdocumentation\/wp-json\/wp\/v2\/pages\/53\/revisions"}],"predecessor-version":[{"id":130,"href":"https:\/\/blogs.fu-berlin.de\/performanceartdocumentation\/wp-json\/wp\/v2\/pages\/53\/revisions\/130"}],"wp:attachment":[{"href":"https:\/\/blogs.fu-berlin.de\/performanceartdocumentation\/wp-json\/wp\/v2\/media?parent=53"}],"curies":[{"name":"wp","href":"https:\/\/api.w.org\/{rel}","templated":true}]}}