{"id":195,"date":"2021-08-17T09:18:45","date_gmt":"2021-08-17T07:18:45","guid":{"rendered":"https:\/\/blogs.fu-berlin.de\/plattenbau\/?page_id=195"},"modified":"2021-08-17T09:21:24","modified_gmt":"2021-08-17T07:21:24","slug":"die-schlange-die-autobahnueberbauung-in-der-schlangenbader-strasse","status":"publish","type":"page","link":"https:\/\/blogs.fu-berlin.de\/plattenbau\/die-schlange-die-autobahnueberbauung-in-der-schlangenbader-strasse\/","title":{"rendered":"Die \u201eSchlange\u201c. Die Autobahn\u00fcberbauung in der Schlangenbader Stra\u00dfe"},"content":{"rendered":"\n<p>Die Wohnanlage in der Schlangenbader Stra\u00dfe im Berliner Ortsteil Wilmersdorf, die seit 2007 unter Denkmalschutz steht, wird von ihren Bewohnern auch liebevoll als die \u201eSchlange\u201c bezeichnet. Die bis zu 46 Meter hohen sieben Wohnh\u00fcgel umfassen \u00fcber 1200 Wohnungen, in denen ca. 3000 Menschen leben. Zudem verf\u00fcgt die ganze Wohneinheit \u00fcber eine L\u00e4nge von 1,5 km. &nbsp;<\/p>\n\n\n\n<figure class=\"wp-block-image size-large\"><img loading=\"lazy\" decoding=\"async\" width=\"1024\" height=\"768\" src=\"https:\/\/blogs.fu-berlin.de\/plattenbau\/files\/2021\/08\/Titelgrafik-1024x768.jpg\" alt=\"\" class=\"wp-image-196\" srcset=\"https:\/\/blogs.fu-berlin.de\/plattenbau\/files\/2021\/08\/Titelgrafik-1024x768.jpg 1024w, https:\/\/blogs.fu-berlin.de\/plattenbau\/files\/2021\/08\/Titelgrafik-300x225.jpg 300w, https:\/\/blogs.fu-berlin.de\/plattenbau\/files\/2021\/08\/Titelgrafik-768x576.jpg 768w, https:\/\/blogs.fu-berlin.de\/plattenbau\/files\/2021\/08\/Titelgrafik-1536x1152.jpg 1536w, https:\/\/blogs.fu-berlin.de\/plattenbau\/files\/2021\/08\/Titelgrafik-2048x1536.jpg 2048w, https:\/\/blogs.fu-berlin.de\/plattenbau\/files\/2021\/08\/Titelgrafik-1200x900.jpg 1200w\" sizes=\"auto, (max-width: 709px) 85vw, (max-width: 909px) 67vw, (max-width: 1362px) 62vw, 840px\" \/><figcaption>Abbildung 1: Terrassen an der Schlangenbader Stra\u00dfe, Quelle: Anastasia Schneider<\/figcaption><\/figure>\n\n\n\n<figure class=\"wp-block-image size-large\"><img loading=\"lazy\" decoding=\"async\" width=\"1024\" height=\"768\" src=\"https:\/\/blogs.fu-berlin.de\/plattenbau\/files\/2021\/08\/2-1024x768.jpg\" alt=\"\" class=\"wp-image-197\" srcset=\"https:\/\/blogs.fu-berlin.de\/plattenbau\/files\/2021\/08\/2-1024x768.jpg 1024w, https:\/\/blogs.fu-berlin.de\/plattenbau\/files\/2021\/08\/2-300x225.jpg 300w, https:\/\/blogs.fu-berlin.de\/plattenbau\/files\/2021\/08\/2-768x576.jpg 768w, https:\/\/blogs.fu-berlin.de\/plattenbau\/files\/2021\/08\/2-1536x1152.jpg 1536w, https:\/\/blogs.fu-berlin.de\/plattenbau\/files\/2021\/08\/2-2048x1536.jpg 2048w, https:\/\/blogs.fu-berlin.de\/plattenbau\/files\/2021\/08\/2-1200x900.jpg 1200w\" sizes=\"auto, (max-width: 709px) 85vw, (max-width: 909px) 67vw, (max-width: 1362px) 62vw, 840px\" \/><figcaption>Abbildung 2: Seitenansicht Schlangenbader Stra\u00dfe, Quelle: Anastasia Schneider<\/figcaption><\/figure>\n\n\n\n<p>Entstanden ist die Wohnanlage nach keinem bestimmten Typen der Plattenbauweise und unterscheidet sich damit deutlich von anderen Plattenbauten. Hinzukommend gibt es keine einheitlichen Wohnungstypen und das Geb\u00e4ude wirkt auch nicht so \u201estarr\u201c wie ein gew\u00f6hnlicher Plattenbau. Weiterhin wurde es dem Stra\u00dfenverlauf angepasst, was einem aus der Vogelperspektive deutlich wird.<\/p>\n\n\n\n<p>Mein Interesse hat die \u201eSchlange\u201c durch ihre einzigartige Architektur, ihre Ausma\u00dfe, Komplexit\u00e4t und Konzeption mit den durchlaufenden Autobahntunneln geweckt. Schlie\u00dflich ist die architektonisch einzigartige Wohnanlage in der Schlangenbader Stra\u00dfe einer der gr\u00f6\u00dften Wohnkomplexe Europas. Und noch heute \u2013 viele Jahre nach der Fertigstellung \u2013 begeistert das Bauwerk, weshalb die Wohnungsgesellschaft \u201eDegewo\u201c allj\u00e4hrlich zum \u201eTag des offenen Denkmals\u201c F\u00fchrungen durch die \u201eSchlange\u201c anbietet.<\/p>\n\n\n\n<p>Noch bevor ich das erste Mal das Wohnumfeld betrat, schaute ich mir eine Reportage \u00fcber die \u201eSchlange\u201c an, in der die Einzigartigkeit zum Ausdruck gebracht wurde. Dort sprach ein Bewohner davon, dass das Leben in der \u201eSchlange\u201c wie das Leben auf einem Dorf sei. Und als ich das erste Mal die Wohnanlage betrat, wusste ich wovon er sprach: sie stellt eine Art Mikrorajon dar, der Gesch\u00e4fte f\u00fcr die t\u00e4gliche Versorgung, Restaurants, eine Kindertagesst\u00e4tte, einen Treffpunkt, eine gute BVG-Anbindung und vieles mehr bietet. Man muss die Siedlung f\u00fcr allt\u00e4gliche Besorgungen etc. nicht zwingend verlassen. Einige Dienstleistungen und Arztpraxen sind in die Wohnanlage eingebettet. Auch gibt es Kinderspielpl\u00e4tze, Parkb\u00e4nke und insgesamt viele gr\u00fcne Fl\u00e4chen. Bekannterweise leidet auch das nachbarschaftliche Miteinander in Gro\u00dfsiedlungen h\u00e4ufig an der hohen Anonymit\u00e4t. Dem m\u00f6chte man in der Schlangenbader Stra\u00dfe aktiv durch Angebote f\u00fcr die verschiedensten Zielgruppen entgegenwirken. So gibt es einen regelm\u00e4\u00dfigen Stammtisch und ein j\u00e4hrlich stattfindendes Mieterfest, welche der Vernetzung und St\u00e4rkung der Nachbarschaft dienen sollen. Mir wurde schnell deutlich, dass das Miteinander hier im Mittelpunkt stehen. So bin ich w\u00e4hrend meiner Begehung immer wieder Menschen in Gemeinschaft begegnet. Sei es den Menschen vor dem Backshop, die gemeinsamen einen Kaffee tranken oder den Menschen im InternetTreff, die vielleicht schon das n\u00e4chste Nachbarschaftsfest planten.<\/p>\n\n\n\n<figure class=\"wp-block-image size-large\"><img loading=\"lazy\" decoding=\"async\" width=\"1024\" height=\"768\" src=\"https:\/\/blogs.fu-berlin.de\/plattenbau\/files\/2021\/08\/3-1024x768.jpg\" alt=\"\" class=\"wp-image-198\" srcset=\"https:\/\/blogs.fu-berlin.de\/plattenbau\/files\/2021\/08\/3-1024x768.jpg 1024w, https:\/\/blogs.fu-berlin.de\/plattenbau\/files\/2021\/08\/3-300x225.jpg 300w, https:\/\/blogs.fu-berlin.de\/plattenbau\/files\/2021\/08\/3-768x576.jpg 768w, https:\/\/blogs.fu-berlin.de\/plattenbau\/files\/2021\/08\/3-1536x1152.jpg 1536w, https:\/\/blogs.fu-berlin.de\/plattenbau\/files\/2021\/08\/3-2048x1536.jpg 2048w, https:\/\/blogs.fu-berlin.de\/plattenbau\/files\/2021\/08\/3-1200x900.jpg 1200w\" sizes=\"auto, (max-width: 709px) 85vw, (max-width: 909px) 67vw, (max-width: 1362px) 62vw, 840px\" \/><figcaption>Abbildung 3: Gestaltung des Eingangsbereichs, Schlangenbader Stra\u00dfe, Quelle: Anastasia Schneider<\/figcaption><\/figure>\n\n\n\n<figure class=\"wp-block-image size-large\"><img loading=\"lazy\" decoding=\"async\" width=\"1024\" height=\"768\" src=\"https:\/\/blogs.fu-berlin.de\/plattenbau\/files\/2021\/08\/4-1024x768.jpg\" alt=\"\" class=\"wp-image-199\" srcset=\"https:\/\/blogs.fu-berlin.de\/plattenbau\/files\/2021\/08\/4-1024x768.jpg 1024w, https:\/\/blogs.fu-berlin.de\/plattenbau\/files\/2021\/08\/4-300x225.jpg 300w, https:\/\/blogs.fu-berlin.de\/plattenbau\/files\/2021\/08\/4-768x576.jpg 768w, https:\/\/blogs.fu-berlin.de\/plattenbau\/files\/2021\/08\/4-1536x1152.jpg 1536w, https:\/\/blogs.fu-berlin.de\/plattenbau\/files\/2021\/08\/4-2048x1536.jpg 2048w, https:\/\/blogs.fu-berlin.de\/plattenbau\/files\/2021\/08\/4-1200x900.jpg 1200w\" sizes=\"auto, (max-width: 709px) 85vw, (max-width: 909px) 67vw, (max-width: 1362px) 62vw, 840px\" \/><figcaption>Abbildung 4: Gesch\u00e4ftszeile an der Schlangenbader Stra\u00dfe, Quelle: Anastasia Schneider<\/figcaption><\/figure>\n\n\n\n<p class=\"has-text-align-right\"><em>Anastasia Schneider<\/em><\/p>\n\n\n\n<p><strong>Quellen<\/strong>:<\/p>\n\n\n\n<p>degewo AG, \u201eDer Gewerbestandort. Schlangenbader Stra\u00dfe.\u201c.&nbsp; <a href=\"https:\/\/www.degewo.de\/wachstum\/gewerbe\/schlangenbader-strasse\/\">Schlangenbader Stra\u00dfe &#8211; Degewo<\/a>. (letzter Zugriff am 16.08.2021).<\/p>\n\n\n\n<p>degewo AG, \u201eTag des offenen Denkmals: Eine F\u00fchrung durch Berlins liegendes Hochhaus.\u201c. <a href=\"https:\/\/www.blog.degewo.de\/stadtentwicklung\/tag-des-offenen-denkmals-eine-fuehrung-durch-berlins-liegendes-hochhaus\/\">Tag des offenen Denkmals: Eine F\u00fchrung durch Berlins liegendes Hochhaus (degewo.de)<\/a>. (letzter Zugriff am 16.08.2021).<\/p>\n\n\n\n<p>Kabel Eins, \u201eDie Berliner Schlange: Fr\u00fcher kriminell \u2013 heute ein Familienblock\u201c&nbsp;<em>Abenteuer Leben<\/em>, Upload am: 09.04.2019, 30:52, <a href=\"https:\/\/www.youtube.com\/watch?v=tjfYxaMvePA\">https:\/\/www.youtube.com\/watch?v=tjfYxaMvePA<\/a>.<\/p>\n","protected":false},"excerpt":{"rendered":"<p>Die Wohnanlage in der Schlangenbader Stra\u00dfe im Berliner Ortsteil Wilmersdorf, die seit 2007 unter Denkmalschutz steht, wird von ihren Bewohnern auch liebevoll als die \u201eSchlange\u201c bezeichnet. Die bis zu 46 Meter hohen sieben Wohnh\u00fcgel umfassen \u00fcber 1200 Wohnungen, in denen ca. 3000 Menschen leben. Zudem verf\u00fcgt die ganze Wohneinheit \u00fcber eine L\u00e4nge von 1,5 km. &hellip; <a href=\"https:\/\/blogs.fu-berlin.de\/plattenbau\/die-schlange-die-autobahnueberbauung-in-der-schlangenbader-strasse\/\" class=\"more-link\"><span class=\"screen-reader-text\">\u201eDie \u201eSchlange\u201c. Die Autobahn\u00fcberbauung in der Schlangenbader Stra\u00dfe\u201c<\/span> weiterlesen<\/a><\/p>\n","protected":false},"author":6416,"featured_media":0,"parent":0,"menu_order":0,"comment_status":"closed","ping_status":"closed","template":"","meta":{"footnotes":""},"class_list":["post-195","page","type-page","status-publish","hentry"],"_links":{"self":[{"href":"https:\/\/blogs.fu-berlin.de\/plattenbau\/wp-json\/wp\/v2\/pages\/195","targetHints":{"allow":["GET"]}}],"collection":[{"href":"https:\/\/blogs.fu-berlin.de\/plattenbau\/wp-json\/wp\/v2\/pages"}],"about":[{"href":"https:\/\/blogs.fu-berlin.de\/plattenbau\/wp-json\/wp\/v2\/types\/page"}],"author":[{"embeddable":true,"href":"https:\/\/blogs.fu-berlin.de\/plattenbau\/wp-json\/wp\/v2\/users\/6416"}],"replies":[{"embeddable":true,"href":"https:\/\/blogs.fu-berlin.de\/plattenbau\/wp-json\/wp\/v2\/comments?post=195"}],"version-history":[{"count":2,"href":"https:\/\/blogs.fu-berlin.de\/plattenbau\/wp-json\/wp\/v2\/pages\/195\/revisions"}],"predecessor-version":[{"id":202,"href":"https:\/\/blogs.fu-berlin.de\/plattenbau\/wp-json\/wp\/v2\/pages\/195\/revisions\/202"}],"wp:attachment":[{"href":"https:\/\/blogs.fu-berlin.de\/plattenbau\/wp-json\/wp\/v2\/media?parent=195"}],"curies":[{"name":"wp","href":"https:\/\/api.w.org\/{rel}","templated":true}]}}