{"id":87,"date":"2021-07-19T13:30:40","date_gmt":"2021-07-19T11:30:40","guid":{"rendered":"https:\/\/blogs.fu-berlin.de\/plattenbau\/?page_id=87"},"modified":"2021-07-19T13:31:44","modified_gmt":"2021-07-19T11:31:44","slug":"seminarplan","status":"publish","type":"page","link":"https:\/\/blogs.fu-berlin.de\/plattenbau\/seminarplan\/","title":{"rendered":"Seminarplan"},"content":{"rendered":"\n<p>13.04.2021: Einf\u00fchrung<\/p>\n\n\n\n<p><strong>Block 1: Bauen und Planen<\/strong><\/p>\n\n\n\n<p>20.04.2021: Leitbilder und Leitplanken<\/p>\n\n\n\n<ul class=\"wp-block-list\"><li>Chruschtschow, Nikita: Besser, billiger und schneller bauen: Rede auf der Unionskonferenz der Baufachleute der UdSSR in Moskau am 7. Dezember 1954, Berlin 1955<\/li><li>Boeddinghaus, Gerhard: Gesellschaft durch Dichte. Kritische Initiativen zu einem neuen Leitbild f\u00fcr Planung und St\u00e4dtebau 1963\/1964. In Erinnerung gebracht von Gerhard Boeddinghaus, Basel\/Berlin\/Boston: de Gruyter 2000, S. 29-41; 86-103.<\/li><\/ul>\n\n\n\n<p>27.04.2021: Technologien und Tr\u00e4ume<\/p>\n\n\n\n<ul class=\"wp-block-list\"><li>Kurkovsky West, Diana: The cybernetic eye: scientific planning in the Soviet Mikroraion, in: The Journal of Architecture 24:5 (2019), S. 699-717.<\/li><li>Alonso, Pedro Ignacio; Palmarola: Hugo: Chile, in: Panel, London: Architectural Association 2019, S.184-226.<\/li><li>Lepik, Andreas: Strobl, Hilde (Hg.): \u201eWenn sie wollen, k\u00f6nnen Sie bei uns eine ganze Stadt bestellen. Der Traum vom Urbanen und die autonome Grosssiedlung f\u00fcr die Masse, in: Die neue Heimat [1950-1982]. Eine sozialdemokratische Utopie und ihre Bauten, M\u00fcnchen: Architekturmuseum der TUM 2019, S. 167-183.<\/li><\/ul>\n\n\n\n<p>04.05.2021: Neues Bauen, alte Kl\u00e4nge \u2013 \u010cer\u00ebmu\u0161ki in Bild und Ton<\/p>\n\n\n\n<ul class=\"wp-block-list\"><li>Herbert Rappaport: \u010cer\u00ebmu\u0161ki, SU 1962<\/li><\/ul>\n\n\n\n<p>11.05.2021: Zwischen Utopie und Realit\u00e4t \u2013 Der Topos \u201eNeustadt\u201c in der DDR-Literatur<\/p>\n\n\n\n<ul class=\"wp-block-list\"><li>Reimann, Brigitte: Franziska Linkerhand, Berlin: Aufbau 1998 [1977], S. 136-164; 266-280; 336-346.<\/li><\/ul>\n\n\n\n<p>18.05.2021: Architekten in Krisenzeiten<\/p>\n\n\n\n<ul class=\"wp-block-list\"><li>Wellm, Alfred: Morisco, Berlin\/Weimar: Aufbau 1987, S. 89-121, 216-230,<\/li><\/ul>\n\n\n\n<p><strong>Block 2:<\/strong> <strong>Leben und Wohnen<\/strong><\/p>\n\n\n\n<p>25.05.2021: Wirtlichkeit und Wirklichkeit: Debatten um den Plattenbau<\/p>\n\n\n\n<ul class=\"wp-block-list\"><li>Mitscherlich, Alexander: Die Unwirtlichkeit unserer St\u00e4dte. Anstiftung zum Unfrieden, Frankfurt am Main: Suhrkamp 1965, Kap. 3, 4, 8, 10, 12, 21, 222<\/li><li>Mau, Steffen: L\u00fctten Klein. Leben in der ostdeutschen Transformationsgesellschaft, Berlin: Suhrkamp 2019, S.25-42<\/li><\/ul>\n\n\n\n<p>01.06.2021: Wohnen im Plattenbau<\/p>\n\n\n\n<ul class=\"wp-block-list\"><li>Rechercheaufgabe: Recherche einer zeitgen\u00f6ssischen Einrichtung eines Plattenbauzimmers aus einem osteurop\u00e4ischen Land der Wahl<\/li><li>Shlapentokh, Vladimir: Public and Private Life of the Soviet People: Changing Values in Post-Stalin Russia, Oxford: Oxford University Press 1989, S.153-164.<\/li><\/ul>\n\n\n\n<p>08.06.2021: Wohnen und Lieben<\/p>\n\n\n\n<ul class=\"wp-block-list\"><li>Rjazanov, \u0116l\u2019dar: Ironija sud\u2019by, SU 1975<\/li><\/ul>\n\n\n\n<p>15.06.2021: Gastvortrag Jana Rogoff (HU Berlin): Eastern European Animation and the Urban Dystopia Lineage<\/p>\n\n\n\n<p><strong>Block 3: Plattenbau heute<\/strong><\/p>\n\n\n\n<p>22.06.2021: Rap und Hip Hop im Plattenbau:<\/p>\n\n\n\n<ul class=\"wp-block-list\"><li>Rechercheaufgabe: Recherche eines Raptitels aus Osteuropa mit Plattenbaubezug<\/li><\/ul>\n\n\n\n<p>29.06.2021: Leben im Brennpunkt:<\/p>\n\n\n\n<ul class=\"wp-block-list\"><li>Popovic, Edo: Ausfahrt Zagreb-S\u00fcd, Dresden: Voland &amp; Quist 2006, S. 24-40, 72-77, 150-155.<\/li><\/ul>\n\n\n\n<p>06.07.2021: Plattenbauten \u2013 Ein Fall f\u00fcr den Denkmalschutz?<\/p>\n\n\n\n<ul class=\"wp-block-list\"><li>Reid, Susan: \u2018Palaces in Our Hearts\u2019: Caring for Khrushchevki.\u201d, in: Gro\u00dfmann, Till; Nielsen, Philipp (Hg.): Architecture, Democracy and Emotions: The Politics of Feeling since 1945, New York\/London: Routledge 2018.<\/li><li>Kirchner, J\u00f6rg: Alles Platte? Architektur im Norden der DDR als kulturelles Erbe, in: Landesamt f\u00fcr Kultur und Denkmalpflege Mecklenburg-Vorpommern (Hg.): Alles Platte? Architektur im Norden der DDR als kulturelles Erbe, Berlin: Ch. Links 2018, S. 14-26.<\/li><\/ul>\n\n\n\n<p>13.07.2021: Pr\u00e4sentation der Forschungsprojekte<\/p>\n","protected":false},"excerpt":{"rendered":"<p>13.04.2021: Einf\u00fchrung Block 1: Bauen und Planen 20.04.2021: Leitbilder und Leitplanken Chruschtschow, Nikita: Besser, billiger und schneller bauen: Rede auf der Unionskonferenz der Baufachleute der UdSSR in Moskau am 7. Dezember 1954, Berlin 1955 Boeddinghaus, Gerhard: Gesellschaft durch Dichte. Kritische Initiativen zu einem neuen Leitbild f\u00fcr Planung und St\u00e4dtebau 1963\/1964. In Erinnerung gebracht von Gerhard &hellip; <a href=\"https:\/\/blogs.fu-berlin.de\/plattenbau\/seminarplan\/\" class=\"more-link\"><span class=\"screen-reader-text\">\u201eSeminarplan\u201c<\/span> weiterlesen<\/a><\/p>\n","protected":false},"author":6416,"featured_media":0,"parent":0,"menu_order":0,"comment_status":"closed","ping_status":"closed","template":"","meta":{"footnotes":""},"class_list":["post-87","page","type-page","status-publish","hentry"],"_links":{"self":[{"href":"https:\/\/blogs.fu-berlin.de\/plattenbau\/wp-json\/wp\/v2\/pages\/87","targetHints":{"allow":["GET"]}}],"collection":[{"href":"https:\/\/blogs.fu-berlin.de\/plattenbau\/wp-json\/wp\/v2\/pages"}],"about":[{"href":"https:\/\/blogs.fu-berlin.de\/plattenbau\/wp-json\/wp\/v2\/types\/page"}],"author":[{"embeddable":true,"href":"https:\/\/blogs.fu-berlin.de\/plattenbau\/wp-json\/wp\/v2\/users\/6416"}],"replies":[{"embeddable":true,"href":"https:\/\/blogs.fu-berlin.de\/plattenbau\/wp-json\/wp\/v2\/comments?post=87"}],"version-history":[{"count":2,"href":"https:\/\/blogs.fu-berlin.de\/plattenbau\/wp-json\/wp\/v2\/pages\/87\/revisions"}],"predecessor-version":[{"id":90,"href":"https:\/\/blogs.fu-berlin.de\/plattenbau\/wp-json\/wp\/v2\/pages\/87\/revisions\/90"}],"wp:attachment":[{"href":"https:\/\/blogs.fu-berlin.de\/plattenbau\/wp-json\/wp\/v2\/media?parent=87"}],"curies":[{"name":"wp","href":"https:\/\/api.w.org\/{rel}","templated":true}]}}